{"id":95,"date":"2024-08-22T14:08:42","date_gmt":"2024-08-22T14:08:42","guid":{"rendered":"http:\/\/localhost\/wp-multisite\/?page_id=95"},"modified":"2025-02-21T10:15:39","modified_gmt":"2025-02-21T10:15:39","slug":"quy-dinh","status":"publish","type":"page","link":"https:\/\/thewallstreetfan.com\/vi\/quy-dinh\/","title":{"rendered":"Quy \u0111\u1ecbnh"},"content":{"rendered":"\n<p>ORO FINTECH LTD\u0111\u01b0\u1ee3c th\u00e0nh l\u1eadp v\u00e0 \u0111\u0103ng k\u00fd theo lu\u1eadt ph\u00e1p c\u1ee7a Seychelles v\u1edbi s\u1ed1 c\u00f4ng ty 8425077-1. C\u00f4ng ty n\u00e0y \u0111\u01b0\u1ee3c \u1ee7y quy\u1ec1n b\u1edfi C\u01a1 quan D\u1ecbch v\u1ee5 T\u00e0i ch\u00ednh c\u1ee7a Seychelles (FSA) v\u1edbi S\u1ed1 Gi\u1ea5y Ph\u00e9p Giao D\u1ecbch Ch\u1ee9ng Kho\u00e1n SD046, cho vi\u1ec7c cung c\u1ea5p d\u1ecbch v\u1ee5 \u0111\u1ea7u t\u01b0 nh\u01b0 \u0111\u01b0\u1ee3c ph\u00e9p theo Lu\u1eadt Ch\u1ee9ng Kho\u00e1n Seychelles n\u0103m 2007. <\/p>\n            <p>FSA l\u00e0 c\u01a1 quan qu\u1ea3n l\u00fd \u0111\u1ed9c l\u1eadp ch\u1ecbu tr\u00e1ch nhi\u1ec7m v\u1ec1 c\u00e1c d\u1ecbch v\u1ee5 t\u00e0i ch\u00ednh kh\u00f4ng thu\u1ed9c ng\u00e2n h\u00e0ng t\u1ea1i Seychelles. \u0110\u01b0\u1ee3c th\u00e0nh l\u1eadp theo Lu\u1eadt C\u01a1 quan D\u1ecbch v\u1ee5 T\u00e0i ch\u00ednh n\u0103m 2013, c\u01a1 quan n\u00e0y c\u00f3 tr\u00e1ch nhi\u1ec7m c\u1ea5p gi\u1ea5y ph\u00e9p, quy regulatize, th\u1ef1c thi y\u00eau c\u1ea7u quy \u0111\u1ecbnh v\u00e0 tu\u00e2n th\u1ee7, gi\u00e1m s\u00e1t ho\u1ea1t \u0111\u1ed9ng kinh doanh trong l\u0129nh v\u1ef1c d\u1ecbch v\u1ee5 t\u00e0i ch\u00ednh kh\u00f4ng thu\u1ed9c ng\u00e2n h\u00e0ng t\u1ea1i Seychelles.<\/p>\n            <p>C\u00e1c s\u1ea3n ph\u1ea9m \u0111\u00f2n b\u1ea9y giao d\u1ecbch mang m\u1ee9c \u0111\u1ed9 r\u1ee7i ro \u0111\u00e1ng k\u1ec3 v\u00e0 c\u00f3 th\u1ec3 kh\u00f4ng ph\u00f9 h\u1ee3p cho t\u1ea5t c\u1ea3 c\u00e1c nh\u00e0 \u0111\u1ea7u t\u01b0. Hi\u1ec7u su\u1ea5t qu\u00e1 kh\u1ee9 c\u1ee7a m\u1ed9t kho\u1ea3n \u0111\u1ea7u t\u01b0 kh\u00f4ng ph\u1ea3i l\u00e0 m\u1ed9t h\u01b0\u1edbng d\u1eabn cho hi\u1ec7u su\u1ea5t trong t\u01b0\u01a1ng lai.<\/p>\n","protected":false},"excerpt":{"rendered":"<p>ORO FINTECH LTD\u0111\u01b0\u1ee3c th\u00e0nh l\u1eadp v\u00e0 \u0111\u0103ng k\u00fd theo lu\u1eadt ph\u00e1p c\u1ee7a Seychelles v\u1edbi s\u1ed1 c\u00f4ng ty 8425077-1. C\u00f4ng ty n\u00e0y \u0111\u01b0\u1ee3c \u1ee7y quy\u1ec1n b\u1edfi C\u01a1 quan D\u1ecbch v\u1ee5 T\u00e0i ch\u00ednh c\u1ee7a Seychelles (FSA) v\u1edbi S\u1ed1 Gi\u1ea5y Ph\u00e9p Giao D\u1ecbch Ch\u1ee9ng Kho\u00e1n SD046, cho vi\u1ec7c cung c\u1ea5p d\u1ecbch v\u1ee5 \u0111\u1ea7u t\u01b0 nh\u01b0 \u0111\u01b0\u1ee3c ph\u00e9p theo [&hellip;]<\/p>\n","protected":false},"author":1,"featured_media":0,"parent":0,"menu_order":0,"comment_status":"closed","ping_status":"closed","template":"page-templates\/Regulations.php","meta":{"_acf_changed":false,"footnotes":""},"class_list":["post-95","page","type-page","status-publish","hentry"],"aioseo_notices":[],"acf":[],"_links":{"self":[{"href":"https:\/\/thewallstreetfan.com\/vi\/wp-json\/wp\/v2\/pages\/95","targetHints":{"allow":["GET"]}}],"collection":[{"href":"https:\/\/thewallstreetfan.com\/vi\/wp-json\/wp\/v2\/pages"}],"about":[{"href":"https:\/\/thewallstreetfan.com\/vi\/wp-json\/wp\/v2\/types\/page"}],"author":[{"embeddable":true,"href":"https:\/\/thewallstreetfan.com\/vi\/wp-json\/wp\/v2\/users\/1"}],"replies":[{"embeddable":true,"href":"https:\/\/thewallstreetfan.com\/vi\/wp-json\/wp\/v2\/comments?post=95"}],"version-history":[{"count":2,"href":"https:\/\/thewallstreetfan.com\/vi\/wp-json\/wp\/v2\/pages\/95\/revisions"}],"predecessor-version":[{"id":6849,"href":"https:\/\/thewallstreetfan.com\/vi\/wp-json\/wp\/v2\/pages\/95\/revisions\/6849"}],"wp:attachment":[{"href":"https:\/\/thewallstreetfan.com\/vi\/wp-json\/wp\/v2\/media?parent=95"}],"curies":[{"name":"wp","href":"https:\/\/api.w.org\/{rel}","templated":true}]}}