{"id":89,"date":"2024-08-22T14:08:12","date_gmt":"2024-08-22T14:08:12","guid":{"rendered":"http:\/\/localhost\/wp-multisite\/?page_id=89"},"modified":"2025-02-05T08:26:29","modified_gmt":"2025-02-05T08:26:29","slug":"quyen-rieng-tu-va-bao-mat","status":"publish","type":"page","link":"https:\/\/thewallstreetfan.com\/vi\/quyen-rieng-tu-va-bao-mat\/","title":{"rendered":"Quy\u1ec1n ri\u00eang t\u01b0 v\u00e0 b\u1ea3o m\u1eadt"},"content":{"rendered":"\n<p>ORO FINTECH LTD (&#8216;C\u00f4ng ty&#8217;) cam k\u1ebft b\u1ea3o v\u1ec7 quy\u1ec1n ri\u00eang t\u01b0 v\u00e0 b\u1ea3o m\u1eadt d\u1eef li\u1ec7u c\u00e1 nh\u00e2n thu th\u1eadp t\u1eeb Kh\u00e1ch h\u00e0ng, tu\u00e2n th\u1ee7 c\u00e1c y\u00eau c\u1ea7u ph\u00e1p l\u00fd hi\u1ec7n h\u00e0nh. C\u00f4ng ty ch\u1ec9 thu th\u1eadp d\u1eef li\u1ec7u trong m\u1ee9c c\u1ea7n thi\u1ebft \u0111\u1ec3 thi\u1ebft l\u1eadp m\u1ed1i quan h\u1ec7 kinh doanh v\u1edbi Kh\u00e1ch h\u00e0ng.<\/p>\n<p>Ch\u00ednh s\u00e1ch B\u1ea3o m\u1eadt v\u00e0 An ninh n\u00e0y gi\u1ea3i th\u00edch c\u00e1ch C\u00f4ng ty thu th\u1eadp, duy tr\u00ec, s\u1eed d\u1ee5ng v\u00e0 truy\u1ec1n d\u1eef li\u1ec7u c\u00e1 nh\u00e2n v\u1ec1 Kh\u00e1ch h\u00e0ng, bao g\u1ed3m d\u1eef li\u1ec7u thu th\u1eadp trong qu\u00e1 tr\u00ecnh Kh\u00e1ch h\u00e0ng truy c\u1eadp v\u00e0o trang web c\u1ee7a ch\u00fang t\u00f4i.<\/p>\n<h4>Thu th\u1eadp v\u00e0 S\u1eed d\u1ee5ng D\u1eef li\u1ec7u C\u00e1 nh\u00e2n c\u1ee7a Kh\u00e1ch h\u00e0ng<\/h4>\n<p>Kh\u00e1ch h\u00e0ng \u0111\u01b0\u1ee3c y\u00eau c\u1ea7u cung c\u1ea5p cho C\u00f4ng ty d\u1eef li\u1ec7u c\u00e1 nh\u00e2n c\u1ea7n thi\u1ebft \u0111\u1ec3 thi\u1ebft l\u1eadp m\u1ed1i quan h\u1ec7 kinh doanh, cung c\u1ea5p d\u1ecbch v\u1ee5 v\u00e0 truy c\u1eadp v\u00e0o t\u00e0i kho\u1ea3n giao d\u1ecbch v\u00e0 ho\u1ea1t \u0111\u1ed9ng. D\u1eef li\u1ec7u cung c\u1ea5p trong qu\u00e1 tr\u00ecnh \u0111\u0103ng k\u00fd c\u00f3 th\u1ec3 bao g\u1ed3m, trong s\u1ed1 kh\u00e1c; ng\u00e0y sinh c\u1ee7a Kh\u00e1ch h\u00e0ng, t\u00ean \u0111\u1ea7y \u0111\u1ee7, \u0111\u1ecba ch\u1ec9 c\u01b0 tr\u00fa v\u00e0\/ho\u1eb7c kinh doanh \u0111\u1ea7y \u0111\u1ee7, th\u00f4ng tin c\u00f3 s\u1eb5n tr\u00ean c\u00e1c t\u00e0i li\u1ec7u x\u00e1c th\u1ef1c c\u1ee7a Kh\u00e1ch h\u00e0ng (v\u00ed d\u1ee5: H\u1ed9 chi\u1ebfu\/Th\u1ebb c\u0103n c\u01b0\u1edbc), th\u00f4ng tin li\u00ean h\u1ec7 (s\u1ed1 \u0111i\u1ec7n tho\u1ea1i di \u0111\u1ed9ng, \u0111\u1ecba ch\u1ec9 email). Th\u00f4ng tin n\u00e0y gi\u00fap C\u00f4ng ty x\u00e1c \u0111\u1ecbnh v\u00e0 x\u00e1c minh Kh\u00e1ch h\u00e0ng, k\u00edch ho\u1ea1t v\u00e0 cung c\u1ea5p t\u00e0i kho\u1ea3n giao d\u1ecbch v\u00e0 m\u00e3 truy c\u1eadp\/m\u1eadt kh\u1ea9u cho Kh\u00e1ch h\u00e0ng v\u00e0 li\u00ean h\u1ec7 v\u1edbi Kh\u00e1ch h\u00e0ng \u0111\u1ec3 cung c\u1ea5p th\u00f4ng tin v\u1ec1 c\u00e1c d\u1ecbch v\u1ee5, s\u1ea3n ph\u1ea9m v\u00e0 khuy\u1ebfn m\u00e3i c\u00f3 s\u1eb5n.<\/p>\n<p>C\u00f4ng ty c\u0169ng thu th\u1eadp th\u00f4ng tin t\u1eeb vi\u1ec7c Kh\u00e1ch h\u00e0ng s\u1eed d\u1ee5ng trang web c\u1ee7a C\u00f4ng ty, c\u00e1c giao di\u1ec7n ho\u1eb7c k\u00eanh truy\u1ec1n th\u00f4ng d\u00e0nh ri\u00eang, ph\u1ea7n m\u1ec1m giao d\u1ecbch ho\u1eb7c n\u1ec1n t\u1ea3ng \u0111\u01b0\u1ee3c cung c\u1ea5p. Th\u00f4ng tin n\u00e0y c\u00f3 th\u1ec3 bao g\u1ed3m c\u00e1c khu v\u1ef1c trang web \u0111\u00e3 truy c\u1eadp, trang \u0111\u00e3 xem, t\u1ea7n su\u1ea5t v\u00e0 th\u1eddi l\u01b0\u1ee3ng truy c\u1eadp, \u0111\u1ecba ch\u1ec9 Protocol Internet (IP), th\u00f4ng s\u1ed1 nh\u1eadn d\u1ea1ng m\u00e1y t\u00ednh, lo\u1ea1i giao d\u1ecbch \u0111\u00e3 th\u1ef1c hi\u1ec7n, t\u00e0i li\u1ec7u \u0111\u01b0\u1ee3c t\u1ea3i xu\u1ed1ng, chu\u1ed9t nh\u1ea5p, ho\u1ea1t \u0111\u1ed9ng di chu\u1ed9t v\u00e0 cu\u1ed9n trang.<\/p>\n<p>C\u00f4ng ty thu th\u1eadp th\u00f4ng tin th\u1ed1ng k\u00ea \u1ea9n danh \u0111\u1ec3 \u0111\u1ea3m b\u1ea3o \u0111\u00e1p \u1ee9ng nhu c\u1ea7u c\u1ee7a kh\u00e1ch h\u00e0ng. B\u1eb1ng c\u00e1ch thu th\u1eadp d\u1eef li\u1ec7u nh\u01b0 v\u1eady, C\u00f4ng ty c\u00f3 th\u1ec3 gi\u00e1m s\u00e1t v\u00e0 c\u1ea3i thi\u1ec7n c\u00e1c d\u1ecbch v\u1ee5 cung c\u1ea5p cho kh\u00e1ch h\u00e0ng hi\u1ec7n c\u00f3 v\u00e0 ti\u1ec1m n\u0103ng. C\u00f4ng ty c\u00f3 th\u1ec3 chia s\u1ebb th\u00f4ng tin nh\u01b0 v\u1eady v\u1edbi b\u00ean th\u1ee9 ba.<\/p>\n<h4>C\u1eadp nh\u1eadt th\u00f4ng tin c\u1ee7a Kh\u00e1ch h\u00e0ng<\/h4>\n<p>Trong qu\u00e1 tr\u00ecnh m\u1ed1i quan h\u1ec7 kinh doanh v\u1edbi C\u00f4ng ty, Kh\u00e1ch h\u00e0ng c\u00f3 th\u1ec3 \u0111\u01b0\u1ee3c y\u00eau c\u1ea7u cung c\u1ea5p d\u1eef li\u1ec7u c\u00e1 nh\u00e2n c\u1ea7n thi\u1ebft \u0111\u1ec3 duy tr\u00ec m\u1ed1i quan h\u1ec7 \u0111\u00f3, bao g\u1ed3m b\u1ea5t k\u1ef3 t\u00e0i li\u1ec7u x\u00e1c th\u1ef1c m\u1edbi n\u00e0o, th\u00f4ng tin li\u00ean h\u1ec7 c\u1eadp nh\u1eadt.<\/p>\n<p>H\u01a1n n\u1eefa, Kh\u00e1ch h\u00e0ng c\u00f3 th\u1ec3 th\u00f4ng b\u00e1o cho C\u00f4ng ty v\u1ec1 b\u1ea5t k\u1ef3 thay \u0111\u1ed5i n\u00e0o v\u1ec1 chi ti\u1ebft c\u00e1 nh\u00e2n. C\u00f4ng ty s\u1ebd thay \u0111\u1ed5i th\u00f4ng tin c\u00e1 nh\u00e2n c\u1ee7a Kh\u00e1ch h\u00e0ng theo h\u01b0\u1edbng d\u1eabn c\u1ee7a Kh\u00e1ch h\u00e0ng v\u00e0 x\u00f3a th\u00f4ng tin \u0111\u00e3 thu th\u1eadp tr\u01b0\u1edbc \u0111\u00f3, tr\u1eeb tr\u01b0\u1eddng h\u1ee3p C\u00f4ng ty c\u1ea7n gi\u1eef l\u1ea1i d\u1eef li\u1ec7u c\u00e1 nh\u00e2n li\u00ean quan cho m\u1ee5c \u0111\u00edch quy \u0111\u1ecbnh ho\u1eb7c ph\u00e1p l\u00fd v\u00e0\/ho\u1eb7c cung c\u1ea5p d\u1ecbch v\u1ee5 cho Kh\u00e1ch h\u00e0ng ho\u1eb7c gi\u1eef h\u1ed3 s\u01a1 kinh doanh.<\/p>\n<h4>Chuy\u1ec3n D\u1eef li\u1ec7u cho B\u00ean Th\u1ee9 Ba<\/h4>\n<p>D\u1eef li\u1ec7u c\u00e1 nh\u00e2n c\u00f3 th\u1ec3 \u0111\u01b0\u1ee3c C\u00f4ng ty chuy\u1ec3n cho b\u00ean th\u1ee9 ba n\u1eb1m \u1edf Khu v\u1ef1c Kinh t\u1ebf Ch\u00e2u \u00c2u c\u0169ng nh\u01b0 Khu v\u1ef1c Kinh t\u1ebf kh\u00f4ng thu\u1ed9c Ch\u00e2u \u00c2u ch\u1ec9 cho c\u00e1c m\u1ee5c \u0111\u00edch \u0111\u01b0\u1ee3c m\u00f4 t\u1ea3 trong Ch\u00ednh s\u00e1ch n\u00e0y.<\/p>\n<p>B\u00ean th\u1ee9 ba c\u00f3 th\u1ec3 bao g\u1ed3m c\u00e1c K\u1ebf to\u00e1n vi\u00ean, Ki\u1ec3m to\u00e1n vi\u00ean, T\u01b0 v\u1ea5n Lu\u1eadt ph\u00e1p, Ng\u00e2n h\u00e0ng v\u00e0 c\u00e1c T\u1ed5 ch\u1ee9c T\u00edn d\u1ee5ng kh\u00e1c, H\u1ec7 th\u1ed1ng Thanh to\u00e1n v\u00e0 Nh\u00e0 cung c\u1ea5p D\u1ecbch v\u1ee5 Thanh to\u00e1n, C\u00e1c c\u00f4ng ty H\u1ed7 tr\u1ee3 Kh\u00e1ch h\u00e0ng v\u00e0 Ti\u1ebfp th\u1ecb, C\u00e1c Nh\u00e0 cung c\u1ea5p D\u1ecbch v\u1ee5 v\u1edbi C\u00f4ng ty duy tr\u00ec m\u1ed1i quan h\u1ec7 h\u1ee3p \u0111\u1ed3ng v\u00e0 c\u00e1c \u0111\u01a1n v\u1ecb trong c\u00f9ng m\u1ed9t nh\u00f3m C\u00f4ng ty nh\u01b0 C\u00f4ng ty.<\/p>\n<p>\u0110\u1ec3 m\u1ee5c \u0111\u00edch x\u00e1c \u0111\u1ecbnh v\u00e0 x\u00e1c minh danh t\u00ednh Kh\u00e1ch h\u00e0ng, C\u00f4ng ty s\u1ebd chuy\u1ec3n d\u1eef li\u1ec7u c\u1ee7a Kh\u00e1ch h\u00e0ng cho nh\u00e0 cung c\u1ea5p d\u1ecbch v\u1ee5 b\u00ean th\u1ee9 ba \u0111\u01b0\u1ee3c \u1ee7y quy\u1ec1n \u0111\u1ec3 th\u1ef1c hi\u1ec7n vi\u1ec7c x\u00e1c \u0111\u1ecbnh \u0111\u00f3, tu\u00e2n th\u1ee7 c\u00e1c y\u00eau c\u1ea7u quy \u0111\u1ecbnh ph\u00e1p l\u00fd li\u00ean quan. C\u00f4ng ty cam k\u1ebft b\u1ea3o m\u1eadt v\u00e0 b\u1ea3o m\u1eadt d\u1eef li\u1ec7u \u0111\u01b0\u1ee3c chuy\u1ec3n giao.<\/p>\n<p>C\u00f4ng ty gi\u1eef quy\u1ec1n chuy\u1ec3n d\u1eef li\u1ec7u c\u00e1 nh\u00e2n c\u1ee7a Kh\u00e1ch h\u00e0ng cho b\u00ean th\u1ee9 ba n\u1ebfu \u0111\u01b0\u1ee3c h\u01b0\u1edbng d\u1eabn b\u1edfi b\u1ea5t k\u1ef3 c\u01a1 quan qu\u1ea3n l\u00fd, c\u01a1 quan c\u00f4ng c\u1ed9ng, \u0111\u01a1n v\u1ecb t\u00ecnh b\u00e1o t\u00e0i ch\u00ednh, c\u01a1 quan c\u1ea3nh s\u00e1t, c\u01a1 quan ch\u00ednh ph\u1ee7, c\u01a1 quan thu\u1ebf, c\u00e1c c\u01a1 quan thi h\u00e0nh lu\u1eadt, ho\u1eb7c n\u1ebfu y\u00eau c\u1ea7u theo lu\u1eadt ph\u00e1p, ho\u1eb7c trong tr\u01b0\u1eddng h\u1ee3p C\u00f4ng ty xem x\u00e9t chia s\u1ebb th\u00f4ng tin l\u00e0 c\u1ea7n thi\u1ebft \u0111\u1ec3 ng\u0103n ng\u1eeba thi\u1ec7t h\u1ea1i v\u1eadt ch\u1ea5t s\u1eafp x\u1ea3y ra ho\u1eb7c t\u1ed5n h\u1ea1i \u0111\u1ed1i v\u1edbi t\u00e0i s\u1ea3n v\u00e0\/ho\u1eb7c c\u00e1 nh\u00e2n.<\/p>\n<p>Vi\u1ec7c chuy\u1ec3n d\u1eef li\u1ec7u cho c\u00e1c \u0111\u01a1n v\u1ecb trong c\u00f9ng m\u1ed9t nh\u00f3m C\u00f4ng ty nh\u01b0 C\u00f4ng ty s\u1ebd \u0111\u01b0\u1ee3c h\u1ea1n ch\u1ebf v\u00e0 ch\u1ec9 khi c\u1ea7n thi\u1ebft, \u0111\u1ec3 cung c\u1ea5p d\u1ecbch v\u1ee5 cho Kh\u00e1ch h\u00e0ng.<\/p>\n<p>B\u1eb1ng c\u00e1ch ti\u1ebfn h\u00e0nh thi\u1ebft l\u1eadp m\u1ed1i quan h\u1ec7 kinh doanh, Kh\u00e1ch h\u00e0ng \u0111\u1ed3ng \u00fd v\u00e0 ch\u1ea5p nh\u1eadn m\u1ed9t c\u00e1ch r\u00f5 r\u00e0ng vi\u1ec7c chuy\u1ec3n giao nh\u01b0 v\u1eady.<\/p>\n<h4>Cookies<\/h4>\n<p>Cookies l\u00e0 c\u00e1c t\u1ec7p tin th\u00f4ng tin nh\u1ecf, th\u01b0\u1eddng bao g\u1ed3m s\u1ed1 nh\u1eadn d\u1ea1ng duy nh\u1ea5t ho\u1eb7c gi\u00e1 tr\u1ecb, \u0111\u01b0\u1ee3c l\u01b0u tr\u1eef tr\u00ean \u1ed5 c\u1ee9ng m\u00e1y t\u00ednh k\u1ebft qu\u1ea3 t\u1eeb vi\u1ec7c Kh\u00e1ch h\u00e0ng s\u1eed d\u1ee5ng trang web v\u00e0\/ho\u1eb7c ph\u1ea7n m\u1ec1m giao d\u1ecbch c\u1ee7a C\u00f4ng ty. C\u00f4ng ty s\u1eed d\u1ee5ng cookies \u0111\u1ec3 ho\u1ea1t \u0111\u1ed9ng v\u00e0 duy tr\u00ec hi\u1ec7u qu\u1ea3 c\u1ee7a trang web c\u1ee7a m\u00ecnh.<\/p>\n<p>C\u00f4ng ty c\u00f3 th\u1ec3 s\u1eed d\u1ee5ng c\u1ea3 cookies ID phi\u00ean v\u00e0 cookies l\u00e2u d\u00e0i. Cookie ID phi\u00ean h\u1ebft h\u1ea1n khi Kh\u00e1ch h\u00e0ng \u0111\u00f3ng tr\u00ecnh duy\u1ec7t. Cookie l\u00e2u d\u00e0i t\u1ed3n t\u1ea1i tr\u00ean \u1ed5 c\u1ee9ng m\u00e1y t\u00ednh c\u1ee7a Kh\u00e1ch h\u00e0ng trong kho\u1ea3ng th\u1eddi gian k\u00e9o d\u00e0i. Cookie l\u00e2u d\u00e0i cho ph\u00e9p C\u00f4ng ty theo d\u00f5i v\u00e0 \u0111\u1ecbnh v\u1ecb v\u1ecb tr\u00ed v\u00e0 s\u1edf th\u00edch c\u1ee7a kh\u00e1ch truy c\u1eadp trang web v\u00e0 c\u1ea3i thi\u1ec7n tr\u1ea3i nghi\u1ec7m khi gh\u00e9 th\u0103m trang web c\u1ee7a C\u00f4ng ty. B\u00ean th\u1ee9 ba c\u00f3 th\u1ec3 truy c\u1eadp v\u00e0o trang web c\u1ee7a C\u00f4ng ty \u0111\u1ec3 h\u1ed7 tr\u1ee3 v\u1ec1 c\u00f4ng ngh\u1ec7, c\u00f3 th\u1ec3 s\u1eed d\u1ee5ng cookie c\u1ee7a ri\u00eang h\u1ecd.<\/p>\n<h4>An ninh<\/h4>\n<p>C\u00f4ng ty n\u1ed7 l\u1ef1c duy tr\u00ec c\u00e1c bi\u1ec7n ph\u00e1p b\u1ea3o v\u1ec7 th\u00edch h\u1ee3p \u0111\u1ec3 \u0111\u1ea3m b\u1ea3o r\u1eb1ng d\u1eef li\u1ec7u v\u00e0 th\u00f4ng tin c\u00e1 nh\u00e2n m\u00e0 Kh\u00e1ch h\u00e0ng \u0111\u00e3 cung c\u1ea5p kh\u00f4ng b\u1ecb l\u1ea1m d\u1ee5ng. M\u1eb7c d\u00f9 c\u00e1c h\u1ec7 th\u1ed1ng v\u00e0 th\u1ee7 t\u1ee5c n\u00e0y gi\u1ea3m thi\u1ec3u nguy c\u01a1 x\u00e2m nh\u1eadp b\u1ea3o m\u1eadt, ch\u00fang kh\u00f4ng \u0111\u1ea3m b\u1ea3o an to\u00e0n tuy\u1ec7t \u0111\u1ed1i. Do \u0111\u00f3, C\u00f4ng ty kh\u00f4ng th\u1ec3 \u0111\u1ea3m b\u1ea3o r\u1eb1ng d\u1ecbch v\u1ee5 s\u1ebd mi\u1ec5n nhi\u1ec5m kh\u1ecfi b\u1ea5t k\u1ef3 vi\u1ec7c l\u00e0m sai tr\u00e1i, s\u1ef1 c\u1ed1, nh\u1eefng cu\u1ed9c nghe l\u00e9n tr\u00e1i ph\u00e9p ho\u1eb7c truy c\u1eadp tr\u00e1i ph\u00e9p v\u00e0o th\u00f4ng tin \u0111\u01b0\u1ee3c l\u01b0u tr\u1eef trong \u0111\u00f3 v\u00e0 c\u00e1c r\u1ee7i ro an ninh th\u00f4ng tin kh\u00e1c, ho\u1eb7c r\u1eb1ng c\u00e1c cu\u1ed9c trao \u0111\u1ed5i ri\u00eang t\u01b0 c\u1ee7a Kh\u00e1ch h\u00e0ng tr\u00ean trang web c\u1ee7a C\u00f4ng ty (bao g\u1ed3m c\u00e1c giao di\u1ec7n truy\u1ec1n th\u00f4ng) s\u1ebd \u0111\u01b0\u1ee3c gi\u1eef ri\u00eang t\u01b0.<\/p>\n<h4>C\u1eadp nh\u1eadt th\u00f4ng tin c\u1ee7a Kh\u00e1ch h\u00e0ng<\/h4>\n<p>Kh\u00e1ch h\u00e0ng c\u00f3 th\u1ec3 th\u00f4ng b\u00e1o cho C\u00f4ng ty v\u1ec1 b\u1ea5t k\u1ef3 thay \u0111\u1ed5i n\u00e0o v\u1ec1 chi ti\u1ebft c\u00e1 nh\u00e2n. C\u00f4ng ty s\u1ebd thay \u0111\u1ed5i th\u00f4ng tin c\u00e1 nh\u00e2n c\u1ee7a Kh\u00e1ch h\u00e0ng theo h\u01b0\u1edbng d\u1eabn c\u1ee7a Kh\u00e1ch h\u00e0ng v\u00e0 x\u00f3a th\u00f4ng tin \u0111\u00e3 thu th\u1eadp tr\u01b0\u1edbc \u0111\u00f3, tr\u1eeb tr\u01b0\u1eddng h\u1ee3p C\u00f4ng ty c\u1ea7n gi\u1eef l\u1ea1i d\u1eef li\u1ec7u c\u00e1 nh\u00e2n li\u00ean quan cho m\u1ee5c \u0111\u00edch quy \u0111\u1ecbnh ho\u1eb7c ph\u00e1p l\u00fd v\u00e0\/ho\u1eb7c cung c\u1ea5p d\u1ecbch v\u1ee5 cho Kh\u00e1ch h\u00e0ng ho\u1eb7c gi\u1eef h\u1ed3 s\u01a1 kinh doanh.<\/p>\n<h4>Li\u00ean k\u1ebft<\/h4>\n<p>Khi Kh\u00e1ch h\u00e0ng s\u1eed d\u1ee5ng trang web c\u1ee7a C\u00f4ng ty, Kh\u00e1ch h\u00e0ng c\u00f3 th\u1ec3 k\u1ebft n\u1ed1i \u0111\u1ebfn c\u00e1c trang web kh\u00e1c. Ch\u00ednh s\u00e1ch B\u1ea3o m\u1eadt v\u00e0 An ninh n\u00e0y kh\u00f4ng \u00e1p d\u1ee5ng cho c\u00e1c trang web kh\u00e1c \u0111\u00f3. C\u00f4ng ty kh\u00f4ng ch\u1ecbu tr\u00e1ch nhi\u1ec7m v\u1ec1 b\u1ea5t k\u1ef3 th\u00f4ng tin c\u00e1 nh\u00e2n n\u00e0o m\u00e0 b\u00ean th\u1ee9 ba thu th\u1eadp th\u00f4ng qua c\u00e1c trang web kh\u00e1c \u0111\u00f3.<\/p>\n<h4>Th\u1ef1c hi\u1ec7n v\u00e0 S\u1eeda \u0111\u1ed5i<\/h4>\n<p>Khi Kh\u00e1ch h\u00e0ng ti\u1ebfn h\u00e0nh quy tr\u00ecnh \u0111\u0103ng k\u00fd, Kh\u00e1ch h\u00e0ng \u0111\u1ed3ng \u00fd v\u00e0 ch\u1ea5p nh\u1eadn t\u1ea5t c\u1ea3 c\u00e1c quy \u0111\u1ecbnh \u0111\u01b0\u1ee3c n\u00eau trong Ch\u00ednh s\u00e1ch n\u00e0y, bao g\u1ed3m vi\u1ec7c thu th\u1eadp, l\u01b0u gi\u1eef v\u00e0 s\u1eed d\u1ee5ng d\u1eef li\u1ec7u c\u00e1 nh\u00e2n v\u00e0 chuy\u1ec3n giao cho b\u00ean th\u1ee9 ba.<\/p>\n<p>C\u00f4ng ty c\u00f3 th\u1ec3 thay \u0111\u1ed5i v\u00e0 c\u1eadp nh\u1eadt c\u00e1c \u0111i\u1ec1u kho\u1ea3n trong Ch\u00ednh s\u00e1ch n\u00e0y t\u1eeb th\u1eddi \u0111i\u1ec3m n\u00e0y \u0111\u1ebfn th\u1eddi \u0111i\u1ec3m kh\u00e1c. Phi\u00ean b\u1ea3n m\u1edbi nh\u1ea5t s\u1ebd \u0111\u01b0\u1ee3c hi\u1ec3n th\u1ecb tr\u00ean trang web c\u1ee7a C\u00f4ng ty. Kh\u00e1ch h\u00e0ng \u0111\u01b0\u1ee3c khuy\u1ebfn ngh\u1ecb gh\u00e9 th\u0103m trang web th\u01b0\u1eddng xuy\u00ean \u0111\u1ec3 t\u00ecm hi\u1ec3u th\u00f4ng tin c\u1eadp nh\u1eadt v\u1ec1 d\u1eef li\u1ec7u c\u00e1 nh\u00e2n.<\/p>\n<p>N\u1ebfu Kh\u00e1ch h\u00e0ng c\u00f3 b\u1ea5t k\u1ef3 c\u00e2u h\u1ecfi ho\u1eb7c quan ng\u1ea1i n\u00e0o li\u00ean quan \u0111\u1ebfn Ch\u00ednh s\u00e1ch B\u1ea3o m\u1eadt v\u00e0 An ninh n\u00e0y v\u00e0 vi\u1ec7c th\u1ef1c hi\u1ec7n, Kh\u00e1ch h\u00e0ng c\u00f3 th\u1ec3 \u0111\u1ec1 c\u1eadp ch\u00fang \u0111\u1ebfn: <a href=\"mailto:compliance@fxoroglobal.com\">compliance@fxoroglobal.com<\/a><\/p>\n","protected":false},"excerpt":{"rendered":"<p>ORO FINTECH LTD (&#8216;C\u00f4ng ty&#8217;) cam k\u1ebft b\u1ea3o v\u1ec7 quy\u1ec1n ri\u00eang t\u01b0 v\u00e0 b\u1ea3o m\u1eadt d\u1eef li\u1ec7u c\u00e1 nh\u00e2n thu th\u1eadp t\u1eeb Kh\u00e1ch h\u00e0ng, tu\u00e2n th\u1ee7 c\u00e1c y\u00eau c\u1ea7u ph\u00e1p l\u00fd hi\u1ec7n h\u00e0nh. C\u00f4ng ty ch\u1ec9 thu th\u1eadp d\u1eef li\u1ec7u trong m\u1ee9c c\u1ea7n thi\u1ebft \u0111\u1ec3 thi\u1ebft l\u1eadp m\u1ed1i quan h\u1ec7 kinh doanh v\u1edbi Kh\u00e1ch h\u00e0ng. [&hellip;]<\/p>\n","protected":false},"author":1,"featured_media":0,"parent":0,"menu_order":0,"comment_status":"closed","ping_status":"closed","template":"page-templates\/StandardPage.php","meta":{"_acf_changed":false,"footnotes":""},"class_list":["post-89","page","type-page","status-publish","hentry"],"aioseo_notices":[],"acf":[],"_links":{"self":[{"href":"https:\/\/thewallstreetfan.com\/vi\/wp-json\/wp\/v2\/pages\/89","targetHints":{"allow":["GET"]}}],"collection":[{"href":"https:\/\/thewallstreetfan.com\/vi\/wp-json\/wp\/v2\/pages"}],"about":[{"href":"https:\/\/thewallstreetfan.com\/vi\/wp-json\/wp\/v2\/types\/page"}],"author":[{"embeddable":true,"href":"https:\/\/thewallstreetfan.com\/vi\/wp-json\/wp\/v2\/users\/1"}],"replies":[{"embeddable":true,"href":"https:\/\/thewallstreetfan.com\/vi\/wp-json\/wp\/v2\/comments?post=89"}],"version-history":[{"count":2,"href":"https:\/\/thewallstreetfan.com\/vi\/wp-json\/wp\/v2\/pages\/89\/revisions"}],"predecessor-version":[{"id":6605,"href":"https:\/\/thewallstreetfan.com\/vi\/wp-json\/wp\/v2\/pages\/89\/revisions\/6605"}],"wp:attachment":[{"href":"https:\/\/thewallstreetfan.com\/vi\/wp-json\/wp\/v2\/media?parent=89"}],"curies":[{"name":"wp","href":"https:\/\/api.w.org\/{rel}","templated":true}]}}