{"id":67,"date":"2024-08-22T14:06:09","date_gmt":"2024-08-22T14:06:09","guid":{"rendered":"http:\/\/localhost\/wp-multisite\/?page_id=67"},"modified":"2025-03-14T14:15:44","modified_gmt":"2025-03-14T14:15:44","slug":"trading-central","status":"publish","type":"page","link":"https:\/\/thewallstreetfan.com\/vi\/trading-central\/","title":{"rendered":"Trading central"},"content":{"rendered":"<section>\n<div class=\"normal-container\">\n<div class=\"container row\">\n<div class=\"xxl-box\">\n<p class=\"mt-0\"><strong>FXORO<\/strong> Global r\u1ea5t vui m\u1eebng th\u00f4ng b\u00e1o s\u1ef1 h\u1ee3p t\u00e1c c\u1ee7a ch\u00fang t\u00f4i v\u1edbi Trading Central, m\u1ed9t c\u00f4ng ty \u0111\u01b0\u1ee3c c\u00f4ng nh\u1eadn v\u00e0 \u0111o\u1ea1t gi\u1ea3i th\u01b0\u1edfng tr\u00ean to\u00e0n c\u1ea7u, \u0111\u1ec3 cung c\u1ea5p cho b\u1ea1n <strong>c\u00e1c c\u00f4ng c\u1ee5 giao d\u1ecbch tinh vi v\u00e0 hi\u1ec7u qu\u1ea3<\/strong> \u0111\u01b0\u1ee3c t\u00f9y ch\u1ec9nh \u0111\u1ec3 t\u1ed1i \u01b0u h\u00f3a chi\u1ebfn l\u01b0\u1ee3c giao d\u1ecbch c\u1ee7a b\u1ea1n.<\/p>\n<p>Trading Central trong nh\u1eefng n\u0103m qua \u0111\u00e3 tr\u1edf th\u00e0nh n\u1ec1n t\u1ea3ng \u01b0a th\u00edch c\u1ee7a nhi\u1ec1u nh\u00e0 giao d\u1ecbch tr\u00ean to\u00e0n c\u1ea7u. S\u1ee9c h\u1ea5p d\u1eabn c\u1ee7a n\u1ec1n t\u1ea3ng n\u00e0y n\u1eb1m \u1edf kho t\u00e0i nguy\u00ean v\u00e0 c\u00f4ng c\u1ee5 giao d\u1ecbch phong ph\u00fa c\u1ee7a n\u00f3, bao g\u1ed3m <strong>ph\u00e2n t\u00edch s\u00e2u s\u1eafc, b\u00e0i vi\u1ebft th\u00f4ng tin, h\u1ed9i th\u1ea3o tr\u1ef1c tuy\u1ebfn v\u00e0 m\u1ed9t c\u1ed9ng \u0111\u1ed3ng s\u1ed1ng \u0111\u1ed9ng<\/strong> c\u1ee7a c\u00e1c nh\u00e0 giao d\u1ecbch v\u00e0 nh\u00e0 \u0111\u1ea7u t\u01b0.<\/p>\n<p><strong>Kh\u00e1m ph\u00e1 d\u00e3y d\u1ecbch v\u1ee5 Trading Central m\u00e0 FXORO Global cung c\u1ea5p b\u1eb1ng c\u00e1ch nh\u1ea5p v\u00e0o c\u00e1c bi\u1ec3u t\u01b0\u1ee3ng d\u01b0\u1edbi \u0111\u00e2y.<\/strong><\/p>\n<\/p><\/div>\n<\/p><\/div>\n<\/p><\/div>\n<\/section>\n<section>\n<div class=\"normal-container\">\n<div class=\"container row flex\">\n<div class=\"round-buttons-wrap\">\n<div class=\"round-dots-button\">\n          <a class=\"round-button\" href=\"https:\/\/thewallstreetfan.com\/vi\/technical-view\/\"><\/p>\n<p class=\"title text-dark-blue\">C\u00c1I NH\u00ccN<br \/>K\u1ef8 THU\u1eacT<\/p>\n<p class=\"number text-orange\">1<\/p>\n<p>          <\/a><br \/>\n          <img decoding=\"async\" loading=\"lazy\" class=\"orange-arrow\" src=\"\/wp-content\/themes\/Fxoro-2023\/assets\/imgs\/orange arrow.svg\" alt=\"orange-arrow\">\n        <\/div>\n<\/p><\/div>\n<div class=\"round-buttons-wrap\">\n<div class=\"round-dots-button\">\n          <img decoding=\"async\" loading=\"lazy\" class=\"yellow-arrow\" src=\"\/wp-content\/themes\/Fxoro-2023\/assets\/imgs\/yellow arrow.svg\" alt=\"yellow-arrow\"><br \/>\n          <a class=\"round-button\" href=\"https:\/\/thewallstreetfan.com\/vi\/alpha-generation\/\"><\/p>\n<p class=\"title text-dark-blue\">ALPHA<br \/>GENERATION<\/p>\n<p class=\"number text-yellow\">2<\/p>\n<p>          <\/a>\n        <\/div>\n<\/p><\/div>\n<div class=\"round-buttons-wrap\">\n<div class=\"round-dots-button\">\n          <a class=\"round-button\" href=\"https:\/\/thewallstreetfan.com\/vi\/tc-market-buzz\/\"><\/p>\n<p class=\"title text-dark-blue\">TC MARKET<br \/>BUZZ<\/p>\n<p class=\"number text-black\">3<\/p>\n<p>          <\/a><br \/>\n          <img decoding=\"async\" loading=\"lazy\" class=\"black-arrow\" src=\"\/wp-content\/themes\/Fxoro-2023\/assets\/imgs\/black arrow.svg\" alt=\"black-arrow\">\n        <\/div>\n<\/p><\/div>\n<div class=\"round-buttons-wrap\">\n<div class=\"round-dots-button\">\n          <img decoding=\"async\" loading=\"lazy\" class=\"blue-arrow\" src=\"\/wp-content\/themes\/Fxoro-2023\/assets\/imgs\/blue arrow.svg\" alt=\"blue-arrow\"><br \/>\n          <a class=\"round-button\" href=\"https:\/\/thewallstreetfan.com\/vi\/tc-newsletter\/\"><\/p>\n<p class=\"title text-dark-blue\">TC<br \/>NEWSLETTER<\/p>\n<p class=\"number text-dark-blue\">4<\/p>\n<p>          <\/a>\n        <\/div>\n<\/p><\/div>\n<div class=\"round-buttons-wrap\">\n<div class=\"round-dots-button\">\n          <a class=\"round-button\" href=\"https:\/\/thewallstreetfan.com\/vi\/web-tv\/\"><\/p>\n<p class=\"title text-dark-blue\">WEB<br \/>TV<\/p>\n<p class=\"number text-black\">5<\/p>\n<p>          <\/a><br \/>\n          <img decoding=\"async\" loading=\"lazy\" class=\"black-line\" src=\"\/wp-content\/themes\/Fxoro-2023\/assets\/imgs\/black closed line.svg\" alt=\"black-line\">\n        <\/div>\n<\/p><\/div>\n<\/p><\/div>\n<\/p><\/div>\n<\/section>\n<section>\n<div class=\"normal-container\">\n<div class=\"container\">\n<div class=\"xxl-box\">\n<p class=\"mt-0 text-italic\"><strong>C\u1ea3nh b\u00e1o r\u1ee7i ro:<\/strong> D\u1eef li\u1ec7u, t\u00ednh n\u0103ng, hi\u1ec7u su\u1ea5t \u0111\u01b0\u1ee3c cung c\u1ea5p \u1edf \u0111\u00e2y ch\u1ec9 nh\u1eb1m m\u1ee5c \u0111\u00edch th\u00f4ng tin v\u00e0 FXORO Global kh\u00f4ng cung c\u1ea5p v\u00e0\/ho\u1eb7c kh\u00f4ng c\u00f3 \u00fd \u0111\u1ecbnh cung c\u1ea5p l\u1eddi khuy\u00ean v\u1ec1 \u0111\u1ea7u t\u01b0 v\u00e0\/ho\u1eb7c giao d\u1ecbch v\u00e0 kh\u00f4ng khuy\u1ebfn kh\u00edch v\u00e0\/ho\u1eb7c y\u00eau c\u1ea7u kh\u00e1ch h\u00e0ng ti\u1ec1m n\u0103ng ho\u1eb7c hi\u1ec7n t\u1ea1i s\u1eed d\u1ee5ng v\u00e0\/ho\u1eb7c \u0111\u0103ng k\u00fd b\u1ea5t k\u1ef3 d\u1ecbch v\u1ee5\/ t\u00ednh n\u0103ng n\u00e0o \u0111\u01b0\u1ee3c m\u00f4 t\u1ea3 \u1edf \u0111\u00e2y. Kh\u00e1ch h\u00e0ng l\u00e0 ng\u01b0\u1eddi ch\u1ecbu tr\u00e1ch nhi\u1ec7m duy nh\u1ea5t \u0111\u1ed1i v\u1edbi ho\u1ea1t \u0111\u1ed9ng giao d\u1ecbch c\u1ee7a m\u00ecnh, bao g\u1ed3m l\u1ef1a ch\u1ecdn c\u00f4ng c\u1ee5 t\u00e0i ch\u00ednh, nh\u00e0 cung c\u1ea5p t\u00edn hi\u1ec7u v\u00e0 chi\u1ebfn l\u01b0\u1ee3c giao d\u1ecbch. Th\u00e0nh t\u00edch trong qu\u00e1 kh\u1ee9 kh\u00f4ng ph\u1ea3i l\u00e0 ch\u1ec9 s\u1ed1 c\u1ee7a k\u1ebft qu\u1ea3 trong t\u01b0\u01a1ng lai.<\/p>\n<\/p><\/div>\n<\/p><\/div>\n<\/p><\/div>\n<\/section>\n","protected":false},"excerpt":{"rendered":"<p>FXORO Global r\u1ea5t vui m\u1eebng th\u00f4ng b\u00e1o s\u1ef1 h\u1ee3p t\u00e1c c\u1ee7a ch\u00fang t\u00f4i v\u1edbi Trading Central, m\u1ed9t c\u00f4ng ty \u0111\u01b0\u1ee3c c\u00f4ng nh\u1eadn v\u00e0 \u0111o\u1ea1t gi\u1ea3i th\u01b0\u1edfng tr\u00ean to\u00e0n c\u1ea7u, \u0111\u1ec3 cung c\u1ea5p cho b\u1ea1n c\u00e1c c\u00f4ng c\u1ee5 giao d\u1ecbch tinh vi v\u00e0 hi\u1ec7u qu\u1ea3 \u0111\u01b0\u1ee3c t\u00f9y ch\u1ec9nh \u0111\u1ec3 t\u1ed1i \u01b0u h\u00f3a chi\u1ebfn l\u01b0\u1ee3c giao d\u1ecbch [&hellip;]<\/p>\n","protected":false},"author":1,"featured_media":0,"parent":0,"menu_order":0,"comment_status":"closed","ping_status":"closed","template":"page-templates\/TradingCentral.php","meta":{"_acf_changed":false,"footnotes":""},"class_list":["post-67","page","type-page","status-publish","hentry"],"aioseo_notices":[],"acf":[],"_links":{"self":[{"href":"https:\/\/thewallstreetfan.com\/vi\/wp-json\/wp\/v2\/pages\/67","targetHints":{"allow":["GET"]}}],"collection":[{"href":"https:\/\/thewallstreetfan.com\/vi\/wp-json\/wp\/v2\/pages"}],"about":[{"href":"https:\/\/thewallstreetfan.com\/vi\/wp-json\/wp\/v2\/types\/page"}],"author":[{"embeddable":true,"href":"https:\/\/thewallstreetfan.com\/vi\/wp-json\/wp\/v2\/users\/1"}],"replies":[{"embeddable":true,"href":"https:\/\/thewallstreetfan.com\/vi\/wp-json\/wp\/v2\/comments?post=67"}],"version-history":[{"count":3,"href":"https:\/\/thewallstreetfan.com\/vi\/wp-json\/wp\/v2\/pages\/67\/revisions"}],"predecessor-version":[{"id":6895,"href":"https:\/\/thewallstreetfan.com\/vi\/wp-json\/wp\/v2\/pages\/67\/revisions\/6895"}],"wp:attachment":[{"href":"https:\/\/thewallstreetfan.com\/vi\/wp-json\/wp\/v2\/media?parent=67"}],"curies":[{"name":"wp","href":"https:\/\/api.w.org\/{rel}","templated":true}]}}