{"id":6664,"date":"2025-02-05T12:58:07","date_gmt":"2025-02-05T12:58:07","guid":{"rendered":"https:\/\/thewallstreetfan.com\/vi\/?page_id=6664"},"modified":"2025-02-21T07:52:20","modified_gmt":"2025-02-21T07:52:20","slug":"web-tv-mot-dich-vu-doc-dao-trong-the-gioi-giao-dich","status":"publish","type":"page","link":"https:\/\/thewallstreetfan.com\/vi\/web-tv-mot-dich-vu-doc-dao-trong-the-gioi-giao-dich\/","title":{"rendered":"Web TV: M\u1ed9t d\u1ecbch v\u1ee5 \u0111\u1ed9c \u0111\u00e1o trong th\u1ebf gi\u1edbi giao d\u1ecbch!"},"content":{"rendered":"\n        <section>\n          <div class=\"normal-container\">\n            <div class=\"container row\">\n              <div class=\"xxl-box\">\n                <p class=\"mt-0\">N\u1ebfu n\u00f3 \u0111\u00e1ng tin c\u1eady, th\u00ec b\u1ea1n c\u00f3 th\u1ec3 s\u1ebd t\u00ecm th\u1ea5y n\u00f3 tr\u00ean <strong>TC Web TV.<\/strong>\n                  C\u00e1c ph\u00f3ng vi\u00ean chuy\u00ean nghi\u1ec7p ghi l\u1ea1i tr\u1ef1c ti\u1ebfp t\u1eeb s\u00e0n giao d\u1ecbch ho\u1eb7c S\u1edf Giao d\u1ecbch Ch\u1ee9ng kho\u00e1n New York v\u00e0 cung c\u1ea5p cho b\u1ea1n s\u1ef1 bi\u1ebfn \u0111\u1ed9ng c\u1ee7a th\u1ecb tr\u01b0\u1eddng theo th\u1eddi gian th\u1ef1c, c\u00e1c t\u00ecnh hu\u1ed1ng giao d\u1ecbch v\u00e0 \u0111\u01b0a ra b\u00ecnh lu\u1eadn t\u00e0i ch\u00ednh chuy\u00ean nghi\u1ec7p v\u00e0 ph\u00f9 h\u1ee3p. T\u1ea5t c\u1ea3 c\u00e1c t\u00e0i s\u1ea3n giao d\u1ecbch ph\u1ed5 bi\u1ebfn \u0111\u1ec1u \u0111\u01b0\u1ee3c ph\u00e2n t\u00edch, \u0111\u1eb7t trong b\u1ed1i c\u1ea3nh v\u00e0 theo d\u00f5i \u0111\u1ec3 b\u1ea1n c\u00f3 th\u1ec3 n\u1eafm b\u1eaft \u0111\u01b0\u1ee3c c\u00e1c b\u1ea3n c\u1eadp nh\u1eadt m\u1edbi nh\u1ea5t v\u00e0 s\u1eed d\u1ee5ng ch\u00fang m\u1ed9t c\u00e1ch th\u00edch h\u1ee3p.<\/p>\n                <p>\u0110\u0103ng k\u00fd v\u1edbi <span class=\"text-bold\">FXORO<\/span> Global h\u00f4m nay ho\u1eb7c \u0111\u0103ng nh\u1eadp v\u00e0o t\u00e0i kho\u1ea3n c\u1ee7a b\u1ea1n \u0111\u1ec3 truy c\u1eadp t\u00ednh n\u0103ng n\u00e0y!<\/p>\n              <\/div>\n            <\/div>\n          <\/div>\n        <\/section>\n\n        <section>\n          <div class=\"normal-container py-0\">\n            <div class=\"container row\">\n              <div class=\"xxl-box\">\n                <div class=\"second-btn text-center\">\n            <a href=\"https:\/\/my.thewallstreetfan.com\/vi\/register\" target=\"_blank\" class=\"btn\">Register<\/a>\n            <p>Giao d\u1ecbch c\u00f3 r\u1ee7i ro.<\/p>\n        <\/div>\n              <\/div>\n            <\/div>\n          <\/div>\n        <\/section>\n\n        <section>\n          <div class=\"normal-container\">\n            <div class=\"container row\">\n              <div class=\"xxl-box\">\n                <p class=\"mt-0 text-italic\"><strong>Th\u00f4ng B\u00e1o R\u1ee7i Ro:<\/strong> M\u1ecdi d\u1eef li\u1ec7u, t\u00ednh n\u0103ng ho\u1eb7c hi\u1ec7u su\u1ea5t \u0111\u01b0\u1ee3c cung c\u1ea5p\n                  \u1edf \u0111\u00e2y ch\u1ec9 nh\u1eb1m m\u1ee5c \u0111\u00edch th\u00f4ng tin v\u00e0 FXORO Global kh\u00f4ng cung c\u1ea5p c\u0169ng kh\u00f4ng c\u00f3 \u00fd \u0111\u1ecbnh cung c\u1ea5p l\u1eddi khuy\u00ean \u0111\u1ea7u t\u01b0\n                  v\u00e0\/ho\u1eb7c giao d\u1ecbch hay khuy\u1ebfn kh\u00edch v\u00e0\/ho\u1eb7c y\u00eau c\u1ea7u kh\u00e1ch h\u00e0ng ti\u1ec1m n\u0103ng ho\u1eb7c hi\u1ec7n t\u1ea1i s\u1eed d\u1ee5ng v\u00e0\/ho\u1eb7c \u0111\u0103ng k\u00fd\n                  b\u1ea5t k\u1ef3 d\u1ecbch v\u1ee5\/t\u00ednh n\u0103ng n\u00e0o \u0111\u01b0\u1ee3c m\u00f4 t\u1ea3 \u1edf \u0111\u00e2y. Kh\u00e1ch h\u00e0ng l\u00e0 ng\u01b0\u1eddi duy nh\u1ea5t ch\u1ecbu tr\u00e1ch nhi\u1ec7m v\u1ec1 ho\u1ea1t \u0111\u1ed9ng\n                  giao d\u1ecbch c\u1ee7a m\u00ecnh, bao g\u1ed3m vi\u1ec7c l\u1ef1a ch\u1ecdn c\u00f4ng c\u1ee5 t\u00e0i ch\u00ednh, nh\u00e0 cung c\u1ea5p t\u00edn hi\u1ec7u v\u00e0 chi\u1ebfn l\u01b0\u1ee3c giao d\u1ecbch.\n                  Hi\u1ec7u su\u1ea5t trong qu\u00e1 kh\u1ee9 kh\u00f4ng ph\u1ea3i l\u00e0 ch\u1ec9 b\u00e1o c\u1ee7a k\u1ebft qu\u1ea3 trong t\u01b0\u01a1ng lai.<\/p>\n              <\/div>\n            <\/div>\n          <\/div>\n        <\/section>\n\n","protected":false},"excerpt":{"rendered":"<p>N\u1ebfu n\u00f3 \u0111\u00e1ng tin c\u1eady, th\u00ec b\u1ea1n c\u00f3 th\u1ec3 s\u1ebd t\u00ecm th\u1ea5y n\u00f3 tr\u00ean TC Web TV. C\u00e1c ph\u00f3ng vi\u00ean chuy\u00ean nghi\u1ec7p ghi l\u1ea1i tr\u1ef1c ti\u1ebfp t\u1eeb s\u00e0n giao d\u1ecbch ho\u1eb7c S\u1edf Giao d\u1ecbch Ch\u1ee9ng kho\u00e1n New York v\u00e0 cung c\u1ea5p cho b\u1ea1n s\u1ef1 bi\u1ebfn \u0111\u1ed9ng c\u1ee7a th\u1ecb tr\u01b0\u1eddng theo th\u1eddi gian th\u1ef1c, c\u00e1c t\u00ecnh [&hellip;]<\/p>\n","protected":false},"author":1,"featured_media":0,"parent":0,"menu_order":0,"comment_status":"closed","ping_status":"closed","template":"page-templates\/WebTV.php","meta":{"_acf_changed":false,"footnotes":""},"class_list":["post-6664","page","type-page","status-publish","hentry"],"aioseo_notices":[],"acf":[],"_links":{"self":[{"href":"https:\/\/thewallstreetfan.com\/vi\/wp-json\/wp\/v2\/pages\/6664","targetHints":{"allow":["GET"]}}],"collection":[{"href":"https:\/\/thewallstreetfan.com\/vi\/wp-json\/wp\/v2\/pages"}],"about":[{"href":"https:\/\/thewallstreetfan.com\/vi\/wp-json\/wp\/v2\/types\/page"}],"author":[{"embeddable":true,"href":"https:\/\/thewallstreetfan.com\/vi\/wp-json\/wp\/v2\/users\/1"}],"replies":[{"embeddable":true,"href":"https:\/\/thewallstreetfan.com\/vi\/wp-json\/wp\/v2\/comments?post=6664"}],"version-history":[{"count":2,"href":"https:\/\/thewallstreetfan.com\/vi\/wp-json\/wp\/v2\/pages\/6664\/revisions"}],"predecessor-version":[{"id":6842,"href":"https:\/\/thewallstreetfan.com\/vi\/wp-json\/wp\/v2\/pages\/6664\/revisions\/6842"}],"wp:attachment":[{"href":"https:\/\/thewallstreetfan.com\/vi\/wp-json\/wp\/v2\/media?parent=6664"}],"curies":[{"name":"wp","href":"https:\/\/api.w.org\/{rel}","templated":true}]}}