{"id":6640,"date":"2025-02-05T12:02:18","date_gmt":"2025-02-05T12:02:18","guid":{"rendered":"https:\/\/thewallstreetfan.com\/vi\/?page_id=6640"},"modified":"2025-02-21T07:51:24","modified_gmt":"2025-02-21T07:51:24","slug":"technical-view-nhung-cai-nhin-sau-sac-ve-su-phuc-tap-cua-giao-dich-cua-ban","status":"publish","type":"page","link":"https:\/\/thewallstreetfan.com\/vi\/technical-view-nhung-cai-nhin-sau-sac-ve-su-phuc-tap-cua-giao-dich-cua-ban\/","title":{"rendered":"TECHNICAL VIEW:\u00a0|NH\u1eeeNG C\u00c1I NH\u00ccN S\u00c2U S\u1eaeC V\u1ec0 S\u1ef0 PH\u1ee8C T\u1ea0P C\u1ee6A GIAO D\u1ecaCH C\u1ee6A B\u1ea0N"},"content":{"rendered":"\n<section>\n  <div class=\"normal-container\">\n    <div class=\"container row\">\n      <div class=\"xxl-box\">\n        <p class=\"mt-0\"><strong>TC Technical View k\u1ebft h\u1ee3p chuy\u00ean m\u00f4n c\u1ee7a c\u00e1c nh\u00e0 ph\u00e2n t\u00edch gi\u00e0u kinh nghi\u1ec7m v\u1edbi c\u00e1c thu\u1eadt to\u00e1n t\u1ef1 \u0111\u1ed9ng ti\u00ean ti\u1ebfn<\/strong>, \n        khi\u1ebfn n\u00f3 tr\u1edf th\u00e0nh gi\u1ea3i ph\u00e1p nghi\u00ean c\u1ee9u th\u1ecb tr\u01b0\u1eddng t\u00e0i ch\u00ednh to\u00e0n c\u1ea7u duy nh\u1ea5t thu\u1ed9c lo\u1ea1i n\u00e0y. C\u00f4ng ngh\u1ec7 nh\u1eadn d\u1ea1ng m\u00f4 h\u00ecnh \u0111\u1ed9c quy\u1ec1n c\u1ee7a n\u00f3 \n        li\u00ean t\u1ee5c qu\u00e9t th\u1ecb tr\u01b0\u1eddng \u0111\u1ec3 x\u00e2y d\u1ef1ng c\u00e1c k\u1ebf ho\u1ea1ch giao d\u1ecbch d\u1ef1a tr\u00ean c\u00e1c ph\u01b0\u01a1ng ph\u00e1p \u0111\u00e3 gi\u00e0nh gi\u1ea3i th\u01b0\u1edfng. \n        C\u00e1c chuy\u00ean gia th\u1ecb tr\u01b0\u1eddng c\u1ee7a Trading Central x\u00e1c th\u1ef1c ph\u00e2n t\u00edch, \u0111\u1ea3m b\u1ea3o ch\u1ec9 c\u00f4ng b\u1ed1 th\u00f4ng tin c\u00f3 ch\u1ea5t l\u01b0\u1ee3ng cao nh\u1ea5t.<\/p>\n        <p>Technical View cung c\u1ea5p m\u1ed9t c\u00e1i nh\u00ecn t\u1ed5ng quan r\u00f5 r\u00e0ng v\u1ec1 b\u1ed1i c\u1ea3nh k\u1ef9 thu\u1eadt, gi\u00fap b\u1ea1n d\u1ef1 \u0111o\u00e1n xu h\u01b0\u1edbng th\u1ecb tr\u01b0\u1eddng trong t\u01b0\u01a1ng lai. \n        C\u00f4ng ngh\u1ec7 nh\u1eadn d\u1ea1ng m\u00f4 h\u00ecnh \u0111\u00e3 \u0111\u01b0\u1ee3c c\u1ea5p b\u1eb1ng s\u00e1ng ch\u1ebf c\u1ee7a n\u00f3 li\u00ean t\u1ee5c qu\u00e9t th\u1ecb tr\u01b0\u1eddng, cung c\u1ea5p <strong>qu\u1ea3n l\u00fd v\u1ecb th\u1ebf to\u00e0n di\u1ec7n tr\u00ean h\u01a1n 8.000 c\u00f4ng c\u1ee5 t\u00e0i ch\u00ednh.<\/strong><\/p>\n        <p>\u0110\u0103ng k\u00fd ngay h\u00f4m nay v\u1edbi <span class=\"text-bold\">FXORO<\/span> Global ho\u1eb7c \u0111\u0103ng nh\u1eadp v\u00e0o t\u00e0i kho\u1ea3n c\u1ee7a b\u1ea1n \u0111\u1ec3 truy c\u1eadp t\u00ednh n\u0103ng n\u00e0y!<\/p>\n      <\/div>\n    <\/div>\n  <\/div>\n<\/section>\n\n<section>\n  <div class=\"normal-container py-0\">\n    <div class=\"container row\">\n      <div class=\"xxl-box\">\n        <div class=\"second-btn text-center\">\n            <a href=\"https:\/\/my.thewallstreetfan.com\/vi\/register\" target=\"_blank\" class=\"btn\">Register<\/a>\n            <p>Giao d\u1ecbch c\u00f3 r\u1ee7i ro.<\/p>\n        <\/div>\n      <\/div>\n    <\/div>\n  <\/div>\n<\/section>\n\n<section>\n  <div class=\"normal-container\">\n    <div class=\"container row\">\n      <div class=\"xxl-box\">\n      <p class=\"mt-0 text-italic\"><strong>C\u1ea3nh b\u00e1o R\u1ee7i ro:<\/strong> M\u1ecdi d\u1eef li\u1ec7u, t\u00ednh n\u0103ng ho\u1eb7c hi\u1ec7u su\u1ea5t \u0111\u01b0\u1ee3c cung c\u1ea5p \u1edf \u0111\u00e2y ch\u1ec9 nh\u1eb1m m\u1ee5c \u0111\u00edch th\u00f4ng tin. \n      <span class=\"text-bold\">FXORO<\/span> Global kh\u00f4ng cung c\u1ea5p ho\u1eb7c c\u00f3 \u00fd \u0111\u1ecbnh cung c\u1ea5p t\u01b0 v\u1ea5n \u0111\u1ea7u t\u01b0 v\u00e0\/ho\u1eb7c giao d\u1ecbch, c\u0169ng nh\u01b0 kh\u00f4ng khuy\u1ebfn kh\u00edch ho\u1eb7c m\u1eddi g\u1ecdi \n      kh\u00e1ch h\u00e0ng ti\u1ec1m n\u0103ng ho\u1eb7c hi\u1ec7n t\u1ea1i s\u1eed d\u1ee5ng v\u00e0\/ho\u1eb7c \u0111\u0103ng k\u00fd b\u1ea5t k\u1ef3 d\u1ecbch v\u1ee5\/t\u00ednh n\u0103ng n\u00e0o \u0111\u01b0\u1ee3c m\u00f4 t\u1ea3 \u1edf \u0111\u00e2y. \n      Kh\u00e1ch h\u00e0ng ho\u00e0n to\u00e0n ch\u1ecbu tr\u00e1ch nhi\u1ec7m cho ho\u1ea1t \u0111\u1ed9ng giao d\u1ecbch c\u1ee7a m\u00ecnh, bao g\u1ed3m l\u1ef1a ch\u1ecdn c\u00f4ng c\u1ee5 t\u00e0i ch\u00ednh, nh\u00e0 cung c\u1ea5p t\u00edn hi\u1ec7u v\u00e0 chi\u1ebfn l\u01b0\u1ee3c giao d\u1ecbch. \n      Hi\u1ec7u su\u1ea5t trong qu\u00e1 kh\u1ee9 kh\u00f4ng ph\u1ea3i l\u00e0 ch\u1ec9 b\u00e1o c\u1ee7a k\u1ebft qu\u1ea3 trong t\u01b0\u01a1ng lai.<\/p>\n      <\/div>\n    <\/div>\n  <\/div>\n<\/section>\n\n","protected":false},"excerpt":{"rendered":"<p>TC Technical View k\u1ebft h\u1ee3p chuy\u00ean m\u00f4n c\u1ee7a c\u00e1c nh\u00e0 ph\u00e2n t\u00edch gi\u00e0u kinh nghi\u1ec7m v\u1edbi c\u00e1c thu\u1eadt to\u00e1n t\u1ef1 \u0111\u1ed9ng ti\u00ean ti\u1ebfn, khi\u1ebfn n\u00f3 tr\u1edf th\u00e0nh gi\u1ea3i ph\u00e1p nghi\u00ean c\u1ee9u th\u1ecb tr\u01b0\u1eddng t\u00e0i ch\u00ednh to\u00e0n c\u1ea7u duy nh\u1ea5t thu\u1ed9c lo\u1ea1i n\u00e0y. C\u00f4ng ngh\u1ec7 nh\u1eadn d\u1ea1ng m\u00f4 h\u00ecnh \u0111\u1ed9c quy\u1ec1n c\u1ee7a n\u00f3 li\u00ean t\u1ee5c qu\u00e9t [&hellip;]<\/p>\n","protected":false},"author":1,"featured_media":0,"parent":0,"menu_order":0,"comment_status":"closed","ping_status":"closed","template":"page-templates\/TehnicalView.php","meta":{"_acf_changed":false,"footnotes":""},"class_list":["post-6640","page","type-page","status-publish","hentry"],"aioseo_notices":[],"acf":[],"_links":{"self":[{"href":"https:\/\/thewallstreetfan.com\/vi\/wp-json\/wp\/v2\/pages\/6640","targetHints":{"allow":["GET"]}}],"collection":[{"href":"https:\/\/thewallstreetfan.com\/vi\/wp-json\/wp\/v2\/pages"}],"about":[{"href":"https:\/\/thewallstreetfan.com\/vi\/wp-json\/wp\/v2\/types\/page"}],"author":[{"embeddable":true,"href":"https:\/\/thewallstreetfan.com\/vi\/wp-json\/wp\/v2\/users\/1"}],"replies":[{"embeddable":true,"href":"https:\/\/thewallstreetfan.com\/vi\/wp-json\/wp\/v2\/comments?post=6640"}],"version-history":[{"count":2,"href":"https:\/\/thewallstreetfan.com\/vi\/wp-json\/wp\/v2\/pages\/6640\/revisions"}],"predecessor-version":[{"id":6839,"href":"https:\/\/thewallstreetfan.com\/vi\/wp-json\/wp\/v2\/pages\/6640\/revisions\/6839"}],"wp:attachment":[{"href":"https:\/\/thewallstreetfan.com\/vi\/wp-json\/wp\/v2\/media?parent=6640"}],"curies":[{"name":"wp","href":"https:\/\/api.w.org\/{rel}","templated":true}]}}