{"id":6637,"date":"2025-02-05T11:58:41","date_gmt":"2025-02-05T11:58:41","guid":{"rendered":"https:\/\/thewallstreetfan.com\/vi\/?page_id=6637"},"modified":"2025-02-21T07:52:06","modified_gmt":"2025-02-21T07:52:06","slug":"tc-newsletter-tin-tuc-moi-nhat-va-quan-trong-ban-can-biet","status":"publish","type":"page","link":"https:\/\/thewallstreetfan.com\/vi\/tc-newsletter-tin-tuc-moi-nhat-va-quan-trong-ban-can-biet\/","title":{"rendered":"TC NEWSLETTER:\u00a0|TIN T\u1ee8C M\u1edaI NH\u1ea4T V\u00c0 QUAN TR\u1eccNG B\u1ea0N C\u1ea6N BI\u1ebeT"},"content":{"rendered":"\n<section>\n  <div class=\"normal-container\">\n    <div class=\"container row\">\n      <div class=\"xxl-box\">\n        <p class=\"mt-0\">Kh\u00e1m ph\u00e1 th\u1ebf gi\u1edbi th\u1ecb tr\u01b0\u1eddng t\u00e0i ch\u00ednh v\u00e0 t\u00f9y ch\u1ec9nh tr\u1ea3i nghi\u1ec7m \u0111\u1ecdc c\u1ee7a b\u1ea1n theo s\u1edf th\u00edch c\u00e1 nh\u00e2n.\n        Lu\u00f4n \u0111i tr\u01b0\u1edbc m\u1ed9t b\u01b0\u1edbc v\u1edbi nh\u1eefng s\u1ef1 ki\u1ec7n c\u1eadp nh\u1eadt nh\u1ea5t, \u0111\u01b0\u1ee3c g\u1eedi th\u1eb3ng \u0111\u1ebfn h\u1ed9p th\u01b0 \u0111\u1ebfn, m\u00e1y t\u00ednh ho\u1eb7c thi\u1ebft b\u1ecb di \u0111\u1ed9ng c\u1ee7a b\u1ea1n.\n        S\u1eed d\u1ee5ng TC Newsletter \u0111\u1ec3 t\u00ecm hi\u1ec3u <strong>tin t\u1ee9c t\u00e0i ch\u00ednh m\u1edbi nh\u1ea5t, k\u1ebf ho\u1ea1ch giao d\u1ecbch c\u00f3 th\u1ec3 h\u00e0nh \u0111\u1ed9ng v\u00e0 nh\u1eadn ph\u00e2n t\u00edch th\u1ecb tr\u01b0\u1eddng chuy\u00ean s\u00e2u.<\/strong><\/p>\n        <p>\u0110\u0103ng k\u00fd ngay h\u00f4m nay v\u1edbi <span class=\"text-bold\">FXORO<\/span> Global ho\u1eb7c \u0111\u0103ng nh\u1eadp v\u00e0o t\u00e0i kho\u1ea3n c\u1ee7a b\u1ea1n \u0111\u1ec3 truy c\u1eadp t\u00ednh n\u0103ng n\u00e0y!<\/p>\n      <\/div>\n    <\/div>\n  <\/div>\n<\/section>\n\n<section>\n  <div class=\"normal-container py-0\">\n    <div class=\"container row\">\n      <div class=\"xxl-box\">\n      <div class=\"second-btn text-center\">\n            <a href=\"https:\/\/my.thewallstreetfan.com\/vi\/register\" target=\"_blank\" class=\"btn\">Register<\/a>\n            <p>Giao d\u1ecbch c\u00f3 r\u1ee7i ro.<\/p>\n        <\/div>\n      <\/div>\n    <\/div>\n  <\/div>\n<\/section>\n\n<section>\n  <div class=\"normal-container\">\n    <div class=\"container row\">\n      <div class=\"xxl-box\">\n      <p class=\"mt-0 text-italic\"><strong>Tuy\u00ean b\u1ed1 R\u1ee7i ro:<\/strong> D\u1eef li\u1ec7u, t\u00ednh n\u0103ng ho\u1eb7c hi\u1ec7u su\u1ea5t \u0111\u01b0\u1ee3c cung c\u1ea5p \u1edf \u0111\u00e2y ch\u1ec9 mang t\u00ednh ch\u1ea5t th\u00f4ng tin v\u00e0 kh\u00f4ng c\u00f3 ngh\u0129a \n      <span class=\"text-bold\">FXORO<\/span> Global cung c\u1ea5p ho\u1eb7c d\u1ef1 \u0111\u1ecbnh cung c\u1ea5p l\u1eddi khuy\u00ean \u0111\u1ea7u t\u01b0 v\u00e0\/ho\u1eb7c giao d\u1ecbch. \n      Kh\u00e1ch h\u00e0ng ho\u00e0n to\u00e0n ch\u1ecbu tr\u00e1ch nhi\u1ec7m v\u1ec1 ho\u1ea1t \u0111\u1ed9ng giao d\u1ecbch c\u1ee7a m\u00ecnh, bao g\u1ed3m vi\u1ec7c l\u1ef1a ch\u1ecdn c\u00f4ng c\u1ee5 t\u00e0i ch\u00ednh, nh\u00e0 cung c\u1ea5p t\u00edn hi\u1ec7u v\u00e0 chi\u1ebfn l\u01b0\u1ee3c giao d\u1ecbch. \n      Hi\u1ec7u su\u1ea5t trong qu\u00e1 kh\u1ee9 kh\u00f4ng ph\u1ea3i l\u00e0 ch\u1ec9 b\u00e1o cho k\u1ebft qu\u1ea3 t\u01b0\u01a1ng lai.<\/p>\n      <\/div>\n    <\/div>\n  <\/div>\n<\/section>\n\n","protected":false},"excerpt":{"rendered":"<p>Kh\u00e1m ph\u00e1 th\u1ebf gi\u1edbi th\u1ecb tr\u01b0\u1eddng t\u00e0i ch\u00ednh v\u00e0 t\u00f9y ch\u1ec9nh tr\u1ea3i nghi\u1ec7m \u0111\u1ecdc c\u1ee7a b\u1ea1n theo s\u1edf th\u00edch c\u00e1 nh\u00e2n. Lu\u00f4n \u0111i tr\u01b0\u1edbc m\u1ed9t b\u01b0\u1edbc v\u1edbi nh\u1eefng s\u1ef1 ki\u1ec7n c\u1eadp nh\u1eadt nh\u1ea5t, \u0111\u01b0\u1ee3c g\u1eedi th\u1eb3ng \u0111\u1ebfn h\u1ed9p th\u01b0 \u0111\u1ebfn, m\u00e1y t\u00ednh ho\u1eb7c thi\u1ebft b\u1ecb di \u0111\u1ed9ng c\u1ee7a b\u1ea1n. S\u1eed d\u1ee5ng TC Newsletter \u0111\u1ec3 t\u00ecm [&hellip;]<\/p>\n","protected":false},"author":1,"featured_media":0,"parent":0,"menu_order":0,"comment_status":"closed","ping_status":"closed","template":"page-templates\/TCNewsletter.php","meta":{"_acf_changed":false,"footnotes":""},"class_list":["post-6637","page","type-page","status-publish","hentry"],"aioseo_notices":[],"acf":[],"_links":{"self":[{"href":"https:\/\/thewallstreetfan.com\/vi\/wp-json\/wp\/v2\/pages\/6637","targetHints":{"allow":["GET"]}}],"collection":[{"href":"https:\/\/thewallstreetfan.com\/vi\/wp-json\/wp\/v2\/pages"}],"about":[{"href":"https:\/\/thewallstreetfan.com\/vi\/wp-json\/wp\/v2\/types\/page"}],"author":[{"embeddable":true,"href":"https:\/\/thewallstreetfan.com\/vi\/wp-json\/wp\/v2\/users\/1"}],"replies":[{"embeddable":true,"href":"https:\/\/thewallstreetfan.com\/vi\/wp-json\/wp\/v2\/comments?post=6637"}],"version-history":[{"count":2,"href":"https:\/\/thewallstreetfan.com\/vi\/wp-json\/wp\/v2\/pages\/6637\/revisions"}],"predecessor-version":[{"id":6841,"href":"https:\/\/thewallstreetfan.com\/vi\/wp-json\/wp\/v2\/pages\/6637\/revisions\/6841"}],"wp:attachment":[{"href":"https:\/\/thewallstreetfan.com\/vi\/wp-json\/wp\/v2\/media?parent=6637"}],"curies":[{"name":"wp","href":"https:\/\/api.w.org\/{rel}","templated":true}]}}