{"id":6634,"date":"2025-02-05T11:54:20","date_gmt":"2025-02-05T11:54:20","guid":{"rendered":"https:\/\/thewallstreetfan.com\/vi\/?page_id=6634"},"modified":"2025-02-05T11:54:20","modified_gmt":"2025-02-05T11:54:20","slug":"tc-market-buzz-kiem-tra-co-phieu-va-chu-de-nao-dang-hot","status":"publish","type":"page","link":"https:\/\/thewallstreetfan.com\/vi\/tc-market-buzz-kiem-tra-co-phieu-va-chu-de-nao-dang-hot\/","title":{"rendered":"TC MARKET BUZZ:\u00a0|KI\u1ec2M TRA C\u1ed4 PHI\u1ebeU V\u00c0 CH\u1ee6 \u0110\u1ec0 N\u00c0O \u0110ANG \u201cHOT\u201d"},"content":{"rendered":"\n<section>\n  <div class=\"normal-container\">\n    <div class=\"container row\">\n      <div class=\"xxl-box\">\n        <p class=\"mt-0\">Hi\u1ec3u r\u1eb1ng c\u00e1c nh\u00e0 \u0111\u1ea7u t\u01b0 th\u01b0\u1eddng xuy\u00ean ph\u1ea3i c\u00e2n b\u1eb1ng l\u1ecbch tr\u00ecnh b\u1eadn r\u1ed9n v\u1edbi th\u1eddi gian \u0111\u1ecdc h\u1ea1n ch\u1ebf, ch\u00fang t\u00f4i \u0111\u00e3 thi\u1ebft k\u1ebf <strong>TC Market Buzz<\/strong> \u0111\u1ec3 t\u1eadp trung s\u1ef1 ch\u00fa \u00fd c\u1ee7a b\u1ea1n v\u00e0o nh\u1eefng tin t\u1ee9c ph\u00f9 h\u1ee3p v\u1edbi m\u1ee5c ti\u00eau \u0111\u1ea7u t\u01b0 c\u1ee7a m\u00ecnh.<\/p>\n        <p>TC Market Buzz ph\u00e2n t\u00edch h\u00e0ng ch\u1ee5c ngh\u00ecn k\u00eanh m\u1ea1ng x\u00e3 h\u1ed9i uy t\u00edn, blog v\u00e0 trang tin t\u1ee9c m\u1ed7i ng\u00e0y, cung c\u1ea5p m\u1ed9t c\u00e1i nh\u00ecn t\u1ed5ng quan ng\u1eafn g\u1ecdn v\u1ec1 c\u00e1c cu\u1ed9c th\u1ea3o lu\u1eadn th\u1ecb tr\u01b0\u1eddng m\u1edbi nh\u1ea5t li\u00ean quan \u0111\u1ebfn b\u1ea5t k\u1ef3 c\u1ed5 phi\u1ebfu, c\u1eb7p ti\u1ec1n t\u1ec7 ho\u1eb7c h\u00e0ng h\u00f3a n\u00e0o.<\/p>\n        <p>Ch\u1ec9 trong v\u00e0i gi\u00e2y, b\u1ea1n c\u00f3 th\u1ec3 <strong>hi\u1ec3u r\u00f5 t\u00e1c \u0111\u1ed9ng ti\u1ec1m n\u0103ng c\u1ee7a t\u00e2m l\u00fd \u0111\u00e1m \u0111\u00f4ng \u0111\u1ed1i v\u1edbi m\u1ed9t \u00fd t\u01b0\u1edfng \u0111\u1ea7u t\u01b0<\/strong>, lu\u00f4n c\u1eadp nh\u1eadt th\u00f4ng tin v\u00e0 \u0111i tr\u01b0\u1edbc xu h\u01b0\u1edbng.<\/p>\n        <p>\u0110\u0103ng k\u00fd ngay h\u00f4m nay v\u1edbi <span class=\"text-bold\">FXORO<\/span> Global ho\u1eb7c \u0111\u0103ng nh\u1eadp v\u00e0o t\u00e0i kho\u1ea3n c\u1ee7a b\u1ea1n \u0111\u1ec3 truy c\u1eadp t\u00ednh n\u0103ng n\u00e0y!<\/p>\n      <\/div>\n    <\/div>\n  <\/div>\n<\/section>\n\n<section>\n  <div class=\"normal-container py-0\">\n    <div class=\"container row\">\n      <div class=\"xxl-box\">\n      <div class=\"second-btn text-center\">\n            <a href=\"https:\/\/my.thewallstreetfan.com\/vi\/register\" target=\"_blank\" class=\"btn\">Register<\/a>\n            <p>Giao d\u1ecbch c\u00f3 r\u1ee7i ro.<\/p>\n        <\/div>\n      <\/div>\n    <\/div>\n  <\/div>\n<\/section>\n\n","protected":false},"excerpt":{"rendered":"<p>Hi\u1ec3u r\u1eb1ng c\u00e1c nh\u00e0 \u0111\u1ea7u t\u01b0 th\u01b0\u1eddng xuy\u00ean ph\u1ea3i c\u00e2n b\u1eb1ng l\u1ecbch tr\u00ecnh b\u1eadn r\u1ed9n v\u1edbi th\u1eddi gian \u0111\u1ecdc h\u1ea1n ch\u1ebf, ch\u00fang t\u00f4i \u0111\u00e3 thi\u1ebft k\u1ebf TC Market Buzz \u0111\u1ec3 t\u1eadp trung s\u1ef1 ch\u00fa \u00fd c\u1ee7a b\u1ea1n v\u00e0o nh\u1eefng tin t\u1ee9c ph\u00f9 h\u1ee3p v\u1edbi m\u1ee5c ti\u00eau \u0111\u1ea7u t\u01b0 c\u1ee7a m\u00ecnh. TC Market Buzz ph\u00e2n t\u00edch [&hellip;]<\/p>\n","protected":false},"author":1,"featured_media":0,"parent":0,"menu_order":0,"comment_status":"closed","ping_status":"closed","template":"page-templates\/TCMarketBuzz.php","meta":{"_acf_changed":false,"footnotes":""},"class_list":["post-6634","page","type-page","status-publish","hentry"],"aioseo_notices":[],"acf":[],"_links":{"self":[{"href":"https:\/\/thewallstreetfan.com\/vi\/wp-json\/wp\/v2\/pages\/6634","targetHints":{"allow":["GET"]}}],"collection":[{"href":"https:\/\/thewallstreetfan.com\/vi\/wp-json\/wp\/v2\/pages"}],"about":[{"href":"https:\/\/thewallstreetfan.com\/vi\/wp-json\/wp\/v2\/types\/page"}],"author":[{"embeddable":true,"href":"https:\/\/thewallstreetfan.com\/vi\/wp-json\/wp\/v2\/users\/1"}],"replies":[{"embeddable":true,"href":"https:\/\/thewallstreetfan.com\/vi\/wp-json\/wp\/v2\/comments?post=6634"}],"version-history":[{"count":1,"href":"https:\/\/thewallstreetfan.com\/vi\/wp-json\/wp\/v2\/pages\/6634\/revisions"}],"predecessor-version":[{"id":6635,"href":"https:\/\/thewallstreetfan.com\/vi\/wp-json\/wp\/v2\/pages\/6634\/revisions\/6635"}],"wp:attachment":[{"href":"https:\/\/thewallstreetfan.com\/vi\/wp-json\/wp\/v2\/media?parent=6634"}],"curies":[{"name":"wp","href":"https:\/\/api.w.org\/{rel}","templated":true}]}}