{"id":6584,"date":"2025-02-04T14:53:57","date_gmt":"2025-02-04T14:53:57","guid":{"rendered":"https:\/\/thewallstreetfan.com\/vi\/?page_id=6584"},"modified":"2025-02-10T13:51:29","modified_gmt":"2025-02-10T13:51:29","slug":"tai-khoan-hoi-giao","status":"publish","type":"page","link":"https:\/\/thewallstreetfan.com\/vi\/tai-khoan-hoi-giao\/","title":{"rendered":"T\u00e0i kho\u1ea3n H\u1ed3i gi\u00e1o"},"content":{"rendered":"\n<div class=\"xxl-box\">\n                <p class=\"mt-0\">T\u00e0i kho\u1ea3n Forex H\u1ed3i gi\u00e1o c\u00f2n \u0111\u01b0\u1ee3c g\u1ecdi l\u00e0 t\u00e0i kho\u1ea3n kh\u00f4ng swap v\u00ec ch\u00fang kh\u00f4ng c\u00f3 ph\u00ed swap ho\u1eb7c l\u00e3i su\u1ea5t chuy\u1ec3n giao \u0111\u1ed1i v\u1edbi c\u00e1c v\u1ecb tr\u00ed qua \u0111\u00eam, \u0111i\u1ec1u n\u00e0y tr\u00e1i v\u1edbi t\u00edn ng\u01b0\u1ee1ng H\u1ed3i gi\u00e1o. T\u00e0i kho\u1ea3n giao d\u1ecbch tu\u00e2n th\u1ee7 lu\u1eadt Sharia, cho ph\u00e9p c\u00e1c nh\u00e0 giao d\u1ecbch t\u1eadn d\u1ee5ng c\u00f4ng ngh\u1ec7 giao d\u1ecbch ti\u00ean ti\u1ebfn v\u00e0 thanh kho\u1ea3n s\u00e2u c\u1ee7a <span class=\"text-bold\">FXORO<\/span> Global.<\/p>\n                <h3>C\u00e1ch M\u1edf T\u00e0i Kho\u1ea3n Forex H\u1ed3i Gi\u00e1o:<\/h3>\n                <ul class=\"list-style-big-bullets\">\n                  <li>M\u1edf m\u1ed9t t\u00e0i kho\u1ea3n giao d\u1ecbch v\u1edbi ch\u00fang t\u00f4i.<\/li>\n                  <li>Y\u00eau c\u1ea7u m\u1ed9t T\u00e0i Kho\u1ea3n H\u1ed3i Gi\u00e1o.<\/li>\n                  <li>\u0110\u0103ng nh\u1eadp v\u00e0o Khu V\u1ef1c Th\u00e0nh Vi\u00ean v\u00e0 x\u00e1c th\u1ef1c t\u00e0i kho\u1ea3n c\u1ee7a b\u1ea1n.<\/li>\n                  <li>Ngay khi b\u1ed9 ph\u1eadn li\u00ean quan c\u1ee7a ch\u00fang t\u00f4i nh\u1eadn \u0111\u01b0\u1ee3c y\u00eau c\u1ea7u c\u1ee7a b\u1ea1n, t\u00e0i kho\u1ea3n giao d\u1ecbch c\u1ee7a b\u1ea1n s\u1ebd \u0111\u01b0\u1ee3c c\u1ea5p tr\u1ea1ng th\u00e1i kh\u00f4ng swap v\u00e0 b\u1ea1n s\u1ebd nh\u1eadn \u0111\u01b0\u1ee3c th\u00f4ng b\u00e1o qua email.<\/li>\n                <\/ul>\n                  <h3>Nh\u1eefng \u0110i\u1ec1u B\u1ea1n C\u1ea7n Bi\u1ebft<\/h3>\n                <ul class=\"list-style-big-bullets\">\n                  <li>T\u00e0i kho\u1ea3n H\u1ed3i gi\u00e1o ch\u1ec9 c\u00f3 s\u1eb5n cho \u0111\u01a1n v\u1ecb ti\u1ec1n t\u1ec7 c\u01a1 s\u1edf l\u00e0 USD.<\/li>\n                  <li>Khi b\u1ea1n thay \u0111\u1ed5i lo\u1ea1i t\u00e0i kho\u1ea3n sang Swap-Free, Ph\u00ed Qu\u1ea3n L\u00fd ch\u1ec9 ph\u1ee5 thu\u1ed9c v\u00e0o c\u00f4ng c\u1ee5 v\u00e0 s\u1ed1 l\u01b0\u1ee3ng lot m\u1edf.<\/li>\n                  <li>Kh\u00f4ng c\u00f3 ph\u00ed l\u00e3i su\u1ea5t\/swap cho c\u00e1c v\u1ecb tr\u00ed qua \u0111\u00eam.<\/li>\n                  <li>Kh\u00f4ng c\u00f3 s\u1ef1 gia t\u0103ng spread.<\/li>\n                  <li>Khi b\u1ea1n thay \u0111\u1ed5i lo\u1ea1i t\u00e0i kho\u1ea3n sang Swap-Free, b\u1ea1n s\u1ebd kh\u00f4ng b\u1ecb t\u00ednh ph\u00ed swap; tuy nhi\u00ean, b\u1ea1n s\u1ebd tr\u1ea3 m\u1ed9t Ph\u00ed Qu\u1ea3n L\u00fd c\u1ed1 \u0111\u1ecbnh qua \u0111\u00eam cho c\u00e1c v\u1ecb tr\u00ed m\u1edf.<\/li>\n                  <li><span class=\"text-bold\">FXORO<\/span> Global c\u00f3 quy\u1ec1n h\u1ee7y b\u1ecf tr\u1ea1ng th\u00e1i kh\u00f4ng swap c\u1ee7a b\u1ea5t k\u1ef3 t\u00e0i kho\u1ea3n giao d\u1ecbch th\u1ef1c n\u00e0o v\u00e0o b\u1ea5t k\u1ef3 l\u00fac n\u00e0o m\u00e0 kh\u00f4ng c\u1ea7n l\u00fd do v\u00e0\/ho\u1eb7c th\u00f4ng b\u00e1o tr\u01b0\u1edbc. Trong tr\u01b0\u1eddng h\u1ee3p d\u1ecbch v\u1ee5 b\u1ecb t\u1eaft b\u1edfi C\u00f4ng ty, b\u1ea1n s\u1ebd b\u1ecb t\u00ednh ph\u00ed swap theo c\u00e1c \u0111i\u1ec1u ki\u1ec7n \u0111\u01b0\u1ee3c ch\u1ec9 \u0111\u1ecbnh tr\u00ean trang web ch\u00ednh th\u1ee9c c\u1ee7a ch\u00fang t\u00f4i.<\/li>\n                <\/ul>\n              <\/div>\n              <h3 class=\"mt-1\">\u0110\u1eb6C T\u00cdNH C\u1ee6A T\u00c0I KHO\u1ea2N H\u1ed2I GI\u00c1O<\/h3>\n              <div>\n                <div class=\"table-wrap table-custom-col-wrap\">\n                  <table class=\"lg-box\">\n                    <tr>\n                      <th>C\u00f4ng C\u1ee5<\/th>\n                      <th>Ph\u00ed Qu\u1ea3n L\u00fd m\u1ed7i lot (USD)<\/th>\n                    <\/tr>\n                    <tr>\n                      <td>AUDNZD, CADCHF, CADJPY, CHFJPY, EURCAD, EURCHF, EURGBP, EURJPY, EURUSD, GBPCAD, GBPCHF, GBPJPY, GBPUSD, NZDCAD, USDCAD,\n                      USDCHF, USDJPY<\/td>\n                      <td>10<\/td>\n                    <\/tr>\n                        <tr>\n                          <td>C\u00c0 PH\u00ca, \u0110\u01af\u1edcNG, L\u00daA M\u00cc, \u0110\u1eacU N\u00c0NH, NG\u00d4, C\u00c0O C\u00d4, B\u00d4NG<\/td>\n                          <td>15<\/td>\n                        <\/tr>\n                      <tr>\n                        <td>AUDCAD, AUDCHF, AUDJPY, AUDUSD, EURAUD, EURNZD, GBPNZD, NZDCHF, NZDJPY, NZDUSD, USDDKK, NGAS<\/td>\n                        <td>20<\/td>\n                      <\/tr>\n                      <tr>\n                        <td>EURNOK, EURPLN, GBPAUD, USDNOK, USDPLN, USDSGD, V\u00c0NG, B\u1ea0C, PLATINUM, \u0110\u1ed2NG<\/td>\n                        <td>30<\/td>\n                      <\/tr>\n                      <tr>\n                        <td>EURHUF, EURSEK, USDHUF, USDSEK, EURZAR, USDZAR, EURILS, USDILS, USDMXN, USDRUB, D\u1ea6U, BRENT<\/td>\n                        <td>40<\/td>\n                      <\/tr>\n                      <tr>\n                        <td>POL20, FRA40, GER40, US30, EUR50, UK100, IT40, SPA35, NAS100, JPN225, US2000, US500, SWI20, USDX, AUS200, C\u1ed4 PHI\u1ebeU M\u1ef8,\n                        C\u1ed4 PHI\u1ebeU CH\u00c2U \u00c2U, CANNABISDX, GAMINGDX, AIIDX, MAGSIDX, LATAMIDX<\/td>\n                        <td>50<\/td>\n                      <\/tr>\n                        <tr>\n                          <td>EURTRY, USDTRY<\/td>\n                          <td>100<\/td>\n                        <\/tr>\n            \n                  <\/table>\n                <\/div>\n              <\/div>\n\n","protected":false},"excerpt":{"rendered":"<p>T\u00e0i kho\u1ea3n Forex H\u1ed3i gi\u00e1o c\u00f2n \u0111\u01b0\u1ee3c g\u1ecdi l\u00e0 t\u00e0i kho\u1ea3n kh\u00f4ng swap v\u00ec ch\u00fang kh\u00f4ng c\u00f3 ph\u00ed swap ho\u1eb7c l\u00e3i su\u1ea5t chuy\u1ec3n giao \u0111\u1ed1i v\u1edbi c\u00e1c v\u1ecb tr\u00ed qua \u0111\u00eam, \u0111i\u1ec1u n\u00e0y tr\u00e1i v\u1edbi t\u00edn ng\u01b0\u1ee1ng H\u1ed3i gi\u00e1o. T\u00e0i kho\u1ea3n giao d\u1ecbch tu\u00e2n th\u1ee7 lu\u1eadt Sharia, cho ph\u00e9p c\u00e1c nh\u00e0 giao d\u1ecbch t\u1eadn d\u1ee5ng [&hellip;]<\/p>\n","protected":false},"author":1,"featured_media":0,"parent":0,"menu_order":0,"comment_status":"closed","ping_status":"closed","template":"page-templates\/IslamicAccount.php","meta":{"_acf_changed":false,"footnotes":""},"class_list":["post-6584","page","type-page","status-publish","hentry"],"aioseo_notices":[],"acf":[],"_links":{"self":[{"href":"https:\/\/thewallstreetfan.com\/vi\/wp-json\/wp\/v2\/pages\/6584","targetHints":{"allow":["GET"]}}],"collection":[{"href":"https:\/\/thewallstreetfan.com\/vi\/wp-json\/wp\/v2\/pages"}],"about":[{"href":"https:\/\/thewallstreetfan.com\/vi\/wp-json\/wp\/v2\/types\/page"}],"author":[{"embeddable":true,"href":"https:\/\/thewallstreetfan.com\/vi\/wp-json\/wp\/v2\/users\/1"}],"replies":[{"embeddable":true,"href":"https:\/\/thewallstreetfan.com\/vi\/wp-json\/wp\/v2\/comments?post=6584"}],"version-history":[{"count":2,"href":"https:\/\/thewallstreetfan.com\/vi\/wp-json\/wp\/v2\/pages\/6584\/revisions"}],"predecessor-version":[{"id":6586,"href":"https:\/\/thewallstreetfan.com\/vi\/wp-json\/wp\/v2\/pages\/6584\/revisions\/6586"}],"wp:attachment":[{"href":"https:\/\/thewallstreetfan.com\/vi\/wp-json\/wp\/v2\/media?parent=6584"}],"curies":[{"name":"wp","href":"https:\/\/api.w.org\/{rel}","templated":true}]}}