{"id":6580,"date":"2025-02-04T14:47:24","date_gmt":"2025-02-04T14:47:24","guid":{"rendered":"https:\/\/thewallstreetfan.com\/vi\/?page_id=6580"},"modified":"2025-03-14T13:44:32","modified_gmt":"2025-03-14T13:44:32","slug":"ban-co-muon-bien-khoi-luong-cua-minh-thanh-vang-khong","status":"publish","type":"page","link":"https:\/\/thewallstreetfan.com\/vi\/ban-co-muon-bien-khoi-luong-cua-minh-thanh-vang-khong\/","title":{"rendered":"B\u1ea0N C\u00d3 MU\u1ed0N BI\u1ebeN KH\u1ed0I L\u01af\u1ee2NG C\u1ee6A M\u00ccNH TH\u00c0NH V\u00c0NG KH\u00d4NG?"},"content":{"rendered":"","protected":false},"excerpt":{"rendered":"","protected":false},"author":1,"featured_media":0,"parent":0,"menu_order":0,"comment_status":"closed","ping_status":"closed","template":"page-templates\/TurningVolumeInGold.php","meta":{"_acf_changed":false,"footnotes":""},"class_list":["post-6580","page","type-page","status-publish","hentry"],"aioseo_notices":[],"acf":[],"_links":{"self":[{"href":"https:\/\/thewallstreetfan.com\/vi\/wp-json\/wp\/v2\/pages\/6580","targetHints":{"allow":["GET"]}}],"collection":[{"href":"https:\/\/thewallstreetfan.com\/vi\/wp-json\/wp\/v2\/pages"}],"about":[{"href":"https:\/\/thewallstreetfan.com\/vi\/wp-json\/wp\/v2\/types\/page"}],"author":[{"embeddable":true,"href":"https:\/\/thewallstreetfan.com\/vi\/wp-json\/wp\/v2\/users\/1"}],"replies":[{"embeddable":true,"href":"https:\/\/thewallstreetfan.com\/vi\/wp-json\/wp\/v2\/comments?post=6580"}],"version-history":[{"count":3,"href":"https:\/\/thewallstreetfan.com\/vi\/wp-json\/wp\/v2\/pages\/6580\/revisions"}],"predecessor-version":[{"id":6894,"href":"https:\/\/thewallstreetfan.com\/vi\/wp-json\/wp\/v2\/pages\/6580\/revisions\/6894"}],"wp:attachment":[{"href":"https:\/\/thewallstreetfan.com\/vi\/wp-json\/wp\/v2\/media?parent=6580"}],"curies":[{"name":"wp","href":"https:\/\/api.w.org\/{rel}","templated":true}]}}