{"id":6557,"date":"2025-02-04T11:34:33","date_gmt":"2025-02-04T11:34:33","guid":{"rendered":"https:\/\/thewallstreetfan.com\/vi\/?page_id=6557"},"modified":"2025-02-04T11:34:33","modified_gmt":"2025-02-04T11:34:33","slug":"sach-dien-tu","status":"publish","type":"page","link":"https:\/\/thewallstreetfan.com\/vi\/sach-dien-tu\/","title":{"rendered":"S\u00e1ch \u0111i\u1ec7n t\u1eed"},"content":{"rendered":"\n<div class=\"xxl-box\">\n  <h3>H\u01af\u1edaNG D\u1eaaN GI\u1edaI THI\u1ec6U V\u1ec0 KINH DOANH GIAO D\u1ecaCH ONLINE<\/h3>\n  <p class=\"mt-0\">M\u1ed7i nh\u00e0 giao d\u1ecbch khi b\u01b0\u1edbc v\u00e0o th\u1ebf gi\u1edbi giao d\u1ecbch \u0111\u1ec1u h\u1ecdc h\u1ecfi v\u00e0 x\u00e2y d\u1ef1ng chi\u1ebfn l\u01b0\u1ee3c giao d\u1ecbch c\u1ee7a ri\u00eang m\u00ecnh. \u0110\u1ec3 l\u00e0m \u0111i\u1ec1u \u0111\u00f3\n    m\u1ed9t c\u00e1ch nh\u1eadn th\u1ee9c \u0111\u1ea7y \u0111\u1ee7, h\u1ecd ph\u1ea3i hi\u1ec3u r\u00f5 c\u00e1c \u0111\u1ed9ng l\u1ef1c, kh\u00e1i ni\u1ec7m v\u00e0 c\u00f4ng c\u1ee5 giao d\u1ecbch. N\u1ebfu thi\u1ebfu ki\u1ebfn th\u1ee9c v\u00e0 k\u1ef9 n\u0103ng\n    \u0111\u00fang \u0111\u1eafn, r\u1ea5t kh\u00f3 \u0111\u1ec3 tri\u1ec3n khai m\u1ed9t chi\u1ebfn l\u01b0\u1ee3c th\u00e0nh c\u00f4ng. Ch\u00ednh v\u00ec v\u1eady, <span class=\"text-bold\">FXORO<\/span> Global \u0111\u00e3 ch\u1ecdn\n    cung c\u1ea5p cho kh\u00e1ch h\u00e0ng m\u1ed9t h\u01b0\u1edbng d\u1eabn chi ti\u1ebft, n\u01a1i h\u1ecd c\u00f3 th\u1ec3 h\u1ecdc h\u1ecfi c\u00e1c quy t\u1eafc ch\u00ednh v\u00e0 nh\u1eefng \u00fd t\u01b0\u1edfng quan tr\u1ecdng nh\u1ea5t v\u1ec1\n    \u0111\u1ea7u t\u01b0 v\u00e0o th\u1ecb tr\u01b0\u1eddng.<\/p>\n<\/div>\n<div class=\"accordion-wrap\">\n  <div class=\"accordion\">\n    <span class=\"icon\"><\/span><h4>H\u01af\u1edaNG D\u1eaaN GIAO D\u1ecaCH FXORO GLOBAL: N\u00d3 L\u00c0 G\u00cc?<\/h4>\n  <\/div>\n  <div class=\"panel\">\n    <p><strong>H\u01b0\u1edbng D\u1eabn Giao D\u1ecbch FXORO Global<\/strong> nh\u1eb1m m\u1ee5c \u0111\u00edch \u0111\u1ed3ng h\u00e0nh c\u00f9ng nh\u00e0 giao d\u1ecbch \u0111\u1ec3 \u0111\u1ea1t \u0111\u01b0\u1ee3c tr\u00ecnh \u0111\u1ed9 <strong>th\u00e0nh th\u1ea1o v\u00e0 hi\u1ec3u bi\u1ebft v\u1ec1 c\u00e1c \u0111\u1ed9ng l\u1ef1c giao d\u1ecbch<\/strong>. Chi ti\u1ebft h\u01a1n, h\u01b0\u1edbng d\u1eabn n\u00e0y gi\u00fap nh\u00e0 \u0111\u1ea7u t\u01b0 hi\u1ec3u r\u00f5 c\u00e1c kh\u00e1i ni\u1ec7m c\u01a1 b\u1ea3n v\u1ec1 th\u1ecb tr\u01b0\u1eddng v\u00e0 nh\u1eefng\n    r\u1ee7i ro c\u1ea7n tr\u00e1nh tuy\u1ec7t \u0111\u1ed1i.<\/p>\n  <\/div>\n  <div class=\"accordion\">\n    <span class=\"icon\"><\/span><h4>C\u00c1C N\u1ed8I DUNG C\u00d3 TRONG H\u01af\u1edaNG D\u1eaaN GIAO D\u1ecaCH FXORO GLOBAL?<\/h4>\n  <\/div>\n  <div class=\"panel\">\n    <p><strong>H\u01b0\u1edbng D\u1eabn Giao D\u1ecbch FXORO Global<\/strong> c\u00f3 11 ph\u1ea7n kh\u00e1c nhau. Ba ph\u1ea7n \u0111\u1ea7u ti\u00ean d\u00e0nh cho gi\u1edbi thi\u1ec7u t\u1ed5ng quan v\u1ec1 th\u1ecb tr\u01b0\u1eddng ngo\u1ea1i h\u1ed1i, <strong>s\u1ef1 kh\u00e1c bi\u1ec7t gi\u1eefa giao d\u1ecbch c\u01a1 b\u1ea3n v\u00e0 k\u1ef9 thu\u1eadt<\/strong>, v\u00e0 gi\u1ea3i th\u00edch bi\u1ec3u \u0111\u1ed3 n\u1ebfn, m\u1ed9t c\u00f4ng c\u1ee5 quan tr\u1ecdng\n    \u0111\u1ec3 h\u1ecdc c\u00e1ch giao d\u1ecbch \u0111\u00fang c\u00e1ch.<\/p>\n    <p>Sau \u0111\u00f3, m\u1ed9t s\u1ed1 kh\u00e1i ni\u1ec7m r\u1ea5t quan tr\u1ecdng \u0111\u01b0\u1ee3c gi\u1ea3i th\u00edch, ch\u1eb3ng h\u1ea1n nh\u01b0 xu h\u01b0\u1edbng, h\u1ed7 tr\u1ee3, kh\u00e1ng c\u1ef1, khung th\u1eddi gian v\u00e0 ch\u1ec9 s\u1ed1\n    k\u1ef9 thu\u1eadt. \u0110\u1eb7c bi\u1ec7t ch\u00fa tr\u1ecdng \u0111\u1ebfn c\u00e1c <strong>chi\u1ebfn l\u01b0\u1ee3c giao d\u1ecbch kh\u00e1c nhau<\/strong> v\u00e0 c\u00e1c y\u1ebfu t\u1ed1 <strong>t\u00e2m l\u00fd<\/strong>  <div class=\"accordion\">\n    <span class=\"icon\"><\/span><h4>C\u00c1CH T\u1ea2I XU\u1ed0NG H\u01af\u1edaNG D\u1eaaN FXORO GLOBAL D\u01af\u1edaI D\u1ea0NG E-BOOK<\/h4>\n  <\/div>\n  <div class=\"panel\">\n    <p><strong>T\u1ea3i xu\u1ed1ng e-book H\u01b0\u1edbng D\u1eabn Giao D\u1ecbch FXORO Global<\/strong> th\u1ef1c s\u1ef1 r\u1ea5t \u0111\u01a1n gi\u1ea3n, b\u1ea1n ch\u1ec9 c\u1ea7n nh\u1ea5p v\u00e0o h\u00ecnh \u1ea3nh c\u00f3 ti\u00eau \u0111\u1ec1 \u201cH\u01b0\u1edbng D\u1eabn Gi\u1edbi Thi\u1ec7u V\u1ec1 Kinh Doanh Giao D\u1ecbch Online\u201d. <strong>T\u1ec7p PDF e-book<\/strong> s\u1ebd ngay l\u1eadp t\u1ee9c tr\u1edf th\u00e0nh m\u1ed9t t\u00e0i li\u1ec7u h\u1ed7 tr\u1ee3 quan tr\u1ecdng d\u00e0nh cho nh\u1eefng nh\u00e0 giao d\u1ecbch mu\u1ed1n c\u00f3 th\u00f4ng tin chi ti\u1ebft v\u1ec1 ho\u1ea1t \u0111\u1ed9ng giao d\u1ecbch.<\/p>\n  <\/div>\n<\/div>\n\n\n","protected":false},"excerpt":{"rendered":"<p>H\u01af\u1edaNG D\u1eaaN GI\u1edaI THI\u1ec6U V\u1ec0 KINH DOANH GIAO D\u1ecaCH ONLINE M\u1ed7i nh\u00e0 giao d\u1ecbch khi b\u01b0\u1edbc v\u00e0o th\u1ebf gi\u1edbi giao d\u1ecbch \u0111\u1ec1u h\u1ecdc h\u1ecfi v\u00e0 x\u00e2y d\u1ef1ng chi\u1ebfn l\u01b0\u1ee3c giao d\u1ecbch c\u1ee7a ri\u00eang m\u00ecnh. \u0110\u1ec3 l\u00e0m \u0111i\u1ec1u \u0111\u00f3 m\u1ed9t c\u00e1ch nh\u1eadn th\u1ee9c \u0111\u1ea7y \u0111\u1ee7, h\u1ecd ph\u1ea3i hi\u1ec3u r\u00f5 c\u00e1c \u0111\u1ed9ng l\u1ef1c, kh\u00e1i ni\u1ec7m v\u00e0 c\u00f4ng [&hellip;]<\/p>\n","protected":false},"author":1,"featured_media":0,"parent":0,"menu_order":0,"comment_status":"closed","ping_status":"closed","template":"E-book.php","meta":{"_acf_changed":false,"footnotes":""},"class_list":["post-6557","page","type-page","status-publish","hentry"],"aioseo_notices":[],"acf":[],"_links":{"self":[{"href":"https:\/\/thewallstreetfan.com\/vi\/wp-json\/wp\/v2\/pages\/6557","targetHints":{"allow":["GET"]}}],"collection":[{"href":"https:\/\/thewallstreetfan.com\/vi\/wp-json\/wp\/v2\/pages"}],"about":[{"href":"https:\/\/thewallstreetfan.com\/vi\/wp-json\/wp\/v2\/types\/page"}],"author":[{"embeddable":true,"href":"https:\/\/thewallstreetfan.com\/vi\/wp-json\/wp\/v2\/users\/1"}],"replies":[{"embeddable":true,"href":"https:\/\/thewallstreetfan.com\/vi\/wp-json\/wp\/v2\/comments?post=6557"}],"version-history":[{"count":1,"href":"https:\/\/thewallstreetfan.com\/vi\/wp-json\/wp\/v2\/pages\/6557\/revisions"}],"predecessor-version":[{"id":6558,"href":"https:\/\/thewallstreetfan.com\/vi\/wp-json\/wp\/v2\/pages\/6557\/revisions\/6558"}],"wp:attachment":[{"href":"https:\/\/thewallstreetfan.com\/vi\/wp-json\/wp\/v2\/media?parent=6557"}],"curies":[{"name":"wp","href":"https:\/\/api.w.org\/{rel}","templated":true}]}}