{"id":6363,"date":"2025-01-23T07:59:27","date_gmt":"2025-01-23T07:59:27","guid":{"rendered":"https:\/\/thewallstreetfan.com\/?page_id=6363"},"modified":"2025-02-21T10:18:26","modified_gmt":"2025-02-21T10:18:26","slug":"canh-bao-rui-ro","status":"publish","type":"page","link":"https:\/\/thewallstreetfan.com\/vi\/canh-bao-rui-ro\/","title":{"rendered":"C\u1ea3nh b\u00e1o r\u1ee7i ro"},"content":{"rendered":"<p>ORO Fintech Limited l\u00e0 m\u1ed9t c\u00f4ng ty tr\u00e1ch nhi\u1ec7m h\u1eefu h\u1ea1n \u0111\u01b0\u1ee3c th\u00e0nh l\u1eadp v\u00e0 \u0111\u0103ng k\u00fd theo lu\u1eadt ph\u00e1p c\u1ee7a Seychelles v\u1edbi s\u1ed1 doanh nghi\u1ec7p 8425077-1. V\u0103n ph\u00f2ng \u0111\u0103ng k\u00fd c\u1ee7a c\u00f4ng ty n\u1eb1m t\u1ea1i Suite 3, Global Village, Jivan\u2019s Complex Mont Fleuri, Mahe, Seychelles. C\u00f4ng ty \u0111\u01b0\u1ee3c \u1ee7y quy\u1ec1n b\u1edfi C\u01a1 quan D\u1ecbch v\u1ee5 T\u00e0i ch\u00ednh c\u1ee7a Seychelles v\u1edbi S\u1ed1 Gi\u1ea5y ph\u00e9p Giao d\u1ecbch Ch\u1ee9ng kho\u00e1n SD046.<\/p>\n<ol>\n<li>\n        <strong>C\u1ea2NH B\u00c1O R\u1ee6I RO<\/strong><\/p>\n<p>Kh\u00e1ch h\u00e0ng \u0111\u1ed3ng \u00fd s\u1eed d\u1ee5ng Trang web n\u00e0y tr\u00ean tr\u00e1ch nhi\u1ec7m c\u1ee7a ri\u00eang m\u00ecnh.<\/p>\n<p>Kh\u1ea3 n\u0103ng c\u00f3 th\u1ec3 x\u1ea3y ra l\u00e0 kh\u00e1ch h\u00e0ng c\u00f3 th\u1ec3 m\u1ea5t to\u00e0n b\u1ed9 ho\u1eb7c m\u1ed9t ph\u1ea7n c\u1ee7a s\u1ed1 ti\u1ec1n \u0111\u1ea7u t\u01b0 ban \u0111\u1ea7u v\u00e0 do \u0111\u00f3 kh\u00e1ch h\u00e0ng kh\u00f4ng n\u00ean \u0111\u1ea7u t\u01b0 ti\u1ec1n m\u00e0 kh\u00f4ng th\u1ec3 \u0111\u00e1nh m\u1ea5t. Kh\u00e1ch h\u00e0ng n\u00ean nh\u1eadn th\u1ee9c v\u1ec1 c\u00e1c r\u1ee7i ro li\u00ean quan \u0111\u1ebfn giao d\u1ecbch t\u00f9y ch\u1ecdn k\u1ef9 thu\u1eadt s\u1ed1 v\u00e0 n\u00ean t\u00ecm ki\u1ebfm l\u1eddi khuy\u00ean t\u1eeb c\u1ed1 v\u1ea5n t\u00e0i ch\u00ednh \u0111\u1ed9c l\u1eadp n\u1ebfu c\u00f3 b\u1ea5t k\u1ef3 th\u1eafc m\u1eafc ho\u1eb7c c\u00e2u h\u1ecfi n\u00e0o.<\/p>\n<ol type=\"a\">\n<li>\n<p>L\u01b0u \u00fd n\u00e0y d\u00e0nh cho t\u1ea5t c\u1ea3 Kh\u00e1ch h\u00e0ng ti\u1ec1m n\u0103ng v\u00e0 n\u00ean \u0111\u01b0\u1ee3c \u0111\u1ecdc k\u1ef9 b\u1edfi t\u1ea5t c\u1ea3 b\u00ean li\u00ean quan. M\u1ee5c \u0111\u00edch c\u1ee7a c\u1ea3nh b\u00e1o l\u00e0 \u0111\u1ec3 gi\u1ea3i th\u00edch m\u1ed9t c\u00e1ch c\u00f4ng b\u1eb1ng, r\u00f5 r\u00e0ng v\u00e0 t\u1ed5ng qu\u00e1t b\u1ea3n ch\u1ea5t c\u00e1c r\u1ee7i ro li\u00ean quan khi giao d\u1ecbch C\u00f4ng c\u1ee5 T\u00e0i ch\u00ednh. Kh\u00e1ch h\u00e0ng ph\u1ea3i hi\u1ec3u r\u1eb1ng c\u00e1c r\u1ee7i ro \u0111\u00f3 bao g\u1ed3m c\u01a1 h\u1ed9i m\u1ea5t ti\u1ec1n khi giao d\u1ecbch. Th\u00f4ng tin n\u00e0y ch\u1ec9 mang t\u00ednh ch\u1ea5t th\u00f4ng tin v\u00e0 kh\u00f4ng n\u00ean coi l\u00e0 m\u1ed9t danh s\u00e1ch t\u1ea5t c\u1ea3 c\u00e1c r\u1ee7i ro c\u00f3 th\u1ec3 x\u1ea3y ra.<\/p>\n<\/li>\n<\/ol>\n<\/li>\n<li>\n        <strong>R\u1ee6I RO T\u1ed4NG QU\u00c1T<\/strong><\/p>\n<p>ORO FINTECH LTD. c\u00f4ng b\u1ed1 v\u00e0 c\u1ea3nh b\u00e1o kh\u00e1ch h\u00e0ng v\u1ec1 danh s\u00e1ch kh\u00f4ng \u0111\u1ea7y \u0111\u1ee7 nh\u1eefng r\u1ee7i ro sau \u0111\u00e2y:<\/p>\n<ol type=\"a\">\n<li>\n<p>V\u1ed1n ban \u0111\u1ea7u trong danh m\u1ee5c c\u1ee7a kh\u00e1ch h\u00e0ng v\u00e0\/ho\u1eb7c gi\u00e1 tr\u1ecb c\u1ee7a n\u00f3 c\u0169ng nh\u01b0 b\u1ea5t k\u1ef3 ti\u1ec1n \u0111\u1ea7u t\u01b0 n\u00e0o c\u1ee7a kh\u00e1ch h\u00e0ng v\u00e0o b\u1ea5t k\u1ef3 C\u00f4ng c\u1ee5 T\u00e0i ch\u00ednh n\u00e0o \u0111\u1ec1u kh\u00f4ng \u0111\u01b0\u1ee3c b\u1ea3o \u0111\u1ea3m b\u1edfi ORO FINTECH LTD.<\/p>\n<\/li>\n<li>\n<p>Kh\u00e1ch h\u00e0ng ch\u1ea5p nh\u1eadn r\u1eb1ng gi\u00e1 tr\u1ecb b\u1ea5t k\u1ef3 kho\u1ea3n \u0111\u1ea7u t\u01b0 n\u00e0o trong C\u00f4ng c\u1ee5 T\u00e0i ch\u00ednh c\u00f3 th\u1ec3 bi\u1ebfn \u0111\u1ed5i xu\u1ed1ng ho\u1eb7c l\u00ean v\u00e0 c\u0169ng ch\u1ea5p nh\u1eadn kh\u1ea3 n\u0103ng b\u1ea5t k\u1ef3 kho\u1ea3n \u0111\u1ea7u t\u01b0 n\u00e0o c\u00f3 th\u1ec3 tr\u1edf th\u00e0nh v\u00f4 gi\u00e1 tr\u1ecb v\u00e0o b\u1ea5t k\u1ef3 th\u1eddi \u0111i\u1ec3m n\u00e0o m\u1eb7c d\u00f9 c\u00f3 b\u1ea5t k\u1ef3 th\u00f4ng tin (tr\u00e1i l\u1ea1i ho\u1eb7c kh\u00f4ng) n\u00e0o do ORO FINTECH LTD. cung c\u1ea5p v\u00e0o b\u1ea5t k\u1ef3 th\u1eddi \u0111i\u1ec3m n\u00e0o.<\/p>\n<\/li>\n<li>\n<p>Kh\u00e1ch h\u00e0ng th\u1eeba nh\u1eadn r\u1eb1ng th\u00f4ng tin v\u1ec1 hi\u1ec7u su\u1ea5t tr\u01b0\u1edbc \u0111\u00f3 c\u1ee7a C\u00f4ng c\u1ee5 T\u00e0i ch\u00ednh kh\u00f4ng \u0111\u1ea3m b\u1ea3o hi\u1ec7u su\u1ea5t hi\u1ec7n t\u1ea1i v\u00e0\/ho\u1eb7c t\u01b0\u01a1ng lai c\u1ee7a n\u00f3. S\u1eed d\u1ee5ng d\u1eef li\u1ec7u l\u1ecbch s\u1eed kh\u00f4ng t\u1ea1o th\u00e0nh d\u1ef1 b\u00e1o r\u00e0ng bu\u1ed9c ho\u1eb7c an to\u00e0n li\u00ean quan \u0111\u1ebfn hi\u1ec7u su\u1ea5t hi\u1ec7n t\u1ea1i v\u00e0\/ho\u1eb7c t\u01b0\u01a1ng lai c\u1ee7a C\u00f4ng c\u1ee5 T\u00e0i ch\u00ednh m\u00e0 th\u00f4ng tin \u0111\u00f3 tham chi\u1ebfu.<\/p>\n<\/li>\n<li>\n<p>ORO FINTECH LTD. khuy\u1ebfn ngh\u1ecb kh\u00e1ch h\u00e0ng r\u1eb1ng b\u1ea5t k\u1ef3 giao d\u1ecbch n\u00e0o c\u00f3 th\u1ec3 \u0111\u01b0\u1ee3c th\u1ef1c hi\u1ec7n qua d\u1ecbch v\u1ee5 giao d\u1ecbch c\u1ee7a c\u00f4ng ty c\u00f3 th\u1ec3 c\u00f3 t\u00ednh ch\u1ea5t \u0111\u1ea7u c\u01a1. Kh\u00e1ch h\u00e0ng n\u00ean l\u01b0u \u00fd r\u1eb1ng c\u00f3 th\u1ec3 x\u1ea3y ra nh\u1eefng t\u1ed5n th\u1ea5t l\u1edbn trong m\u1ed9t kho\u1ea3ng th\u1eddi gian ng\u1eafn.<\/p>\n<\/li>\n<li>\n<p>Kh\u00e1ch h\u00e0ng th\u1eeba nh\u1eadn r\u1eb1ng c\u00f3 tr\u01b0\u1eddng h\u1ee3p c\u00e1c C\u00f4ng c\u1ee5 T\u00e0i ch\u00ednh c\u00f3 th\u1ec3 kh\u00f4ng tr\u1edf n\u00ean thanh kho\u1ea3n ngay l\u1eadp t\u1ee9c (v\u00ed d\u1ee5, do nhu c\u1ea7u gi\u1ea3m). Kh\u00e1ch h\u00e0ng c\u0169ng nh\u1eadn th\u1ee9c r\u1eb1ng trong nh\u1eefng tr\u01b0\u1eddng h\u1ee3p n\u00e0y, kh\u00e1ch h\u00e0ng c\u00f3 th\u1ec3 kh\u00f4ng c\u00f3 kh\u1ea3 n\u0103ng b\u00e1n C\u00f4ng c\u1ee5 T\u00e0i ch\u00ednh \u0111\u00f3 ho\u1eb7c d\u1ec5 d\u00e0ng c\u00f3 th\u00f4ng tin v\u1ec1 gi\u00e1 tr\u1ecb c\u1ee7a ch\u00fang v\u00e0\/ho\u1eb7c m\u1ee9c \u0111\u1ed9 r\u1ee7i ro li\u00ean quan \u0111\u1ebfn ch\u00fang.<\/p>\n<\/li>\n<li>\n<p>Khi C\u00f4ng c\u1ee5 T\u00e0i ch\u00ednh \u0111\u01b0\u1ee3c giao d\u1ecbch b\u1eb1ng m\u1ed9t lo\u1ea1i ti\u1ec1n t\u1ec7 kh\u00e1c v\u1edbi lo\u1ea1i ti\u1ec1n t\u1ec7 c\u1ee7a qu\u1ed1c gia c\u01b0 tr\u00fa c\u1ee7a kh\u00e1ch h\u00e0ng, b\u1ea5t k\u1ef3 thay \u0111\u1ed5i n\u00e0o v\u1ec1 t\u1ef7 gi\u00e1 h\u1ed1i \u0111o\u00e1i c\u00f3 th\u1ec3 \u1ea3nh h\u01b0\u1edfng ti\u00eau c\u1ef1c \u0111\u1ebfn gi\u00e1 tr\u1ecb, gi\u00e1 c\u1ea3 v\u00e0 hi\u1ec7u su\u1ea5t c\u1ee7a C\u00f4ng c\u1ee5 T\u00e0i ch\u00ednh.<\/p>\n<\/li>\n<li>\n<p>Kh\u00e1ch h\u00e0ng \u0111\u01b0\u1ee3c khuy\u1ebfn ngh\u1ecb r\u1eb1ng vi\u1ec7c th\u1ef1c hi\u1ec7n m\u1ed9t l\u1ec7nh c\u00f3 th\u1ec3 kh\u00f3 kh\u0103n ho\u1eb7c kh\u00f4ng th\u1ec3 th\u1ef1c hi\u1ec7n d\u01b0\u1edbi m\u1ed9t s\u1ed1 \u0111i\u1ec1u ki\u1ec7n th\u1ecb tr\u01b0\u1eddng. H\u01a1n n\u1eefa, ORO FINTECH LTD. khuy\u1ebfn ngh\u1ecb kh\u00e1ch h\u00e0ng r\u1eb1ng c\u00f4ng ty c\u00f3 th\u1ec3 th\u1ef1c hi\u1ec7n giao d\u1ecbch th\u00f4ng qua c\u00e1c Ng\u00e2n h\u00e0ng v\u00e0 S\u00e0n giao d\u1ecbch c\u00f3 th\u1ec3 c\u00f3 l\u1ee3i \u00edch tr\u00e1i ng\u01b0\u1ee3c v\u1edbi l\u1ee3i \u00edch c\u1ee7a kh\u00e1ch h\u00e0ng.<\/p>\n<\/li>\n<\/ol>\n<\/li>\n<li>\n        <strong>CHI PH\u00cd V\u00c0 THU\u1ebe<\/strong><\/p>\n<ol type=\"a\">\n<li>\n<p>Kh\u00e1ch h\u00e0ng \u0111\u01b0\u1ee3c khuy\u1ebfn ngh\u1ecb r\u1eb1ng c\u00e1c thay \u0111\u1ed5i trong ho\u00e0n c\u1ea3nh c\u00e1 nh\u00e2n c\u1ee7a m\u00ecnh, c\u00e1c thay \u0111\u1ed5i trong ph\u00e1p lu\u1eadt v\u00e0 b\u1ea5t k\u1ef3 y\u1ebfu t\u1ed1 n\u00e0o kh\u00e1c c\u00f3 th\u1ec3 t\u1ea1o ra r\u1ee7i ro l\u00e0 giao d\u1ecbch C\u00f4ng c\u1ee5 T\u00e0i ch\u00ednh c\u1ee7a Kh\u00e1ch h\u00e0ng c\u00f3 th\u1ec3 b\u1ecb ho\u1eb7c tr\u1edf th\u00e0nh ch\u1ecbu thu\u1ebf v\u00e0\/ho\u1eb7c b\u1ecb \u00e1p \u0111\u1eb7t b\u1ea5t k\u1ef3 l\u1ec7 ph\u00ed v\u00e0\/ho\u1eb7c thu\u1ebf n\u00e0o kh\u00e1c. ORO FINTECH LTD. kh\u00f4ng th\u1ec3 v\u00e0 kh\u00f4ng \u0111\u1ea3m b\u1ea3o r\u1eb1ng Kh\u00e1ch h\u00e0ng s\u1ebd kh\u00f4ng ph\u1ea3i ch\u1ecbu thu\u1ebf v\u00e0\/ho\u1eb7c b\u1ea5t k\u1ef3 l\u1ec7 ph\u00ed v\u00e0\/ho\u1eb7c thu\u1ebf n\u00e0o kh\u00e1c. Kh\u00e1ch h\u00e0ng \u0111\u01b0\u1ee3c khuy\u1ebfn ngh\u1ecb r\u1eb1ng b\u1ea5t k\u1ef3 thu\u1ebf v\u00e0\/ho\u1eb7c b\u1ea5t k\u1ef3 l\u1ec7 ph\u00ed v\u00e0\/ho\u1eb7c thu\u1ebf n\u00e0o kh\u00e1c c\u00f3 th\u1ec3 ph\u00e1t sinh li\u00ean quan \u0111\u1ebfn c\u00e1c giao d\u1ecbch c\u1ee7a m\u00ecnh l\u00e0 tr\u00e1ch nhi\u1ec7m c\u1ee7a Kh\u00e1ch h\u00e0ng.<\/p>\n<\/li>\n<li>\n<p>ORO FINTECH LTD. khuy\u1ebfn ngh\u1ecb m\u1ea1nh m\u1ebd \u0111\u1ed1i v\u1edbi Kh\u00e1ch h\u00e0ng r\u1eb1ng n\u00ean thu th\u1eadp th\u00f4ng tin chi ti\u1ebft v\u1ec1 t\u1ea5t c\u1ea3 c\u00e1c hoa h\u1ed3ng v\u00e0 c\u00e1c kho\u1ea3n ph\u00ed kh\u00e1c m\u00e0 Kh\u00e1ch h\u00e0ng ph\u1ea3i ch\u1ecbu tr\u01b0\u1edbc khi b\u1eaft \u0111\u1ea7u giao d\u1ecbch. Trong tr\u01b0\u1eddng h\u1ee3p c\u00f3 c\u00e1c kho\u1ea3n ph\u00ed kh\u00f4ng \u0111\u01b0\u1ee3c th\u1ec3 hi\u1ec7n b\u1eb1ng ti\u1ec1n m\u1eb7t (v\u00ed d\u1ee5, \u0111\u01b0\u1ee3c th\u1ec3 hi\u1ec7n d\u01b0\u1edbi d\u1ea1ng spread giao d\u1ecbch), Kh\u00e1ch h\u00e0ng ph\u1ea3i y\u00eau c\u1ea7u l\u1eddi gi\u1ea3i th\u00edch b\u1eb1ng v\u0103n b\u1ea3n, k\u00e8m theo c\u00e1c v\u00ed d\u1ee5 ph\u00f9 h\u1ee3p, \u0111\u1ec3 \u0111\u1ea3m b\u1ea3o r\u1eb1ng Kh\u00e1ch h\u00e0ng \u0111\u01b0\u1ee3c th\u00f4ng b\u00e1o \u0111\u1ea7y \u0111\u1ee7 v\u1ec1 \u00fd ngh\u0129a ti\u1ec1n m\u1eb7t c\u1ee5 th\u1ec3 c\u1ee7a c\u00e1c kho\u1ea3n ph\u00ed \u0111\u00f3.<\/p>\n<\/li>\n<\/ol>\n<p>Theo quy \u0111\u1ecbnh hi\u1ec7n h\u00e0nh, ORO FINTECH LTD. c\u00f3 th\u1ec3 \u0111\u01b0\u1ee3c y\u00eau c\u1ea7u gi\u1eef ti\u1ec1n c\u1ee7a Kh\u00e1ch h\u00e0ng trong t\u00e0i kho\u1ea3n ri\u00eang bi\u1ec7t so v\u1edbi c\u00e1c Kh\u00e1ch h\u00e0ng kh\u00e1c c\u0169ng nh\u01b0 c\u00e1c t\u00e0i kho\u1ea3n c\u1ee7a ORO FINTECH LTD. Kh\u00e1ch h\u00e0ng \u0111\u01b0\u1ee3c c\u1ea3nh b\u00e1o r\u00f5 r\u00e0ng r\u1eb1ng \u0111i\u1ec1u n\u00e0y c\u00f3 th\u1ec3 kh\u00f4ng cung c\u1ea5p \u0111\u1ea7y \u0111\u1ee7 b\u1ea3o v\u1ec7 cho Kh\u00e1ch h\u00e0ng.<\/p>\n<\/li>\n<li>\n        <strong>R\u1ee6I RO K\u1ef8 THU\u1eacT<\/strong><\/p>\n<ol type=\"a\">\n<li>\n<p>Khi Kh\u00e1ch h\u00e0ng th\u1ef1c hi\u1ec7n c\u00e1c giao d\u1ecbch tr\u00ean h\u1ec7 th\u1ed1ng \u0111i\u1ec7n t\u1eed, Kh\u00e1ch h\u00e0ng c\u00f3 th\u1ec3 ph\u1ea3i ch\u1ecbu c\u00e1c r\u1ee7i ro c\u00f3 th\u1ec3 li\u00ean quan \u0111\u1ebfn h\u1ec7 th\u1ed1ng \u0111\u00f3 (bao g\u1ed3m c\u1ea3 s\u1ef1 c\u1ed1 v\u1ec1 ph\u1ea7n c\u1ee9ng v\u00e0 ph\u1ea7n m\u1ec1m (Internet\/Server)). K\u1ebft qu\u1ea3 c\u1ee7a b\u1ea5t k\u1ef3 s\u1ef1 c\u1ed1 n\u00e0o v\u1ec1 h\u1ec7 th\u1ed1ng c\u00f3 th\u1ec3 l\u00e0 l\u1ec7nh c\u1ee7a Kh\u00e1ch h\u00e0ng kh\u00f4ng \u0111\u01b0\u1ee3c th\u1ef1c hi\u1ec7n theo h\u01b0\u1edbng d\u1eabn c\u1ee7a Kh\u00e1ch h\u00e0ng ho\u1eb7c kh\u00f4ng \u0111\u01b0\u1ee3c th\u1ef1c hi\u1ec7n ho\u00e0n to\u00e0n. ORO FINTECH LTD. kh\u00f4ng th\u1ec3 v\u00e0 s\u1ebd kh\u00f4ng ch\u1ecbu b\u1ea5t k\u1ef3 tr\u00e1ch nhi\u1ec7m n\u00e0o trong tr\u01b0\u1eddng h\u1ee3p g\u1eb7p s\u1ef1 c\u1ed1 nh\u01b0 v\u1eady.<\/p>\n<\/li>\n<li>\n<p>Kh\u00e1ch h\u00e0ng \u0111\u01b0\u1ee3c khuy\u1ebfn ngh\u1ecb r\u1eb1ng anh ta ch\u1ecbu tr\u00e1ch nhi\u1ec7m v\u1ec1 r\u1ee7i ro m\u1ea5t ti\u1ec1n do s\u1ef1 c\u1ed1 v\u1ec1 th\u00f4ng tin, giao ti\u1ebfp, \u0111i\u1ec7n t\u1eed ho\u1eb7c c\u00e1c h\u1ec7 th\u1ed1ng kh\u00e1c.<\/p>\n<\/li>\n<li>\n<p>Khi c\u00e1c b\u00ean th\u1ee9 ba \u0111\u01b0\u1ee3c \u1ee7y quy\u1ec1n truy c\u1eadp th\u00f4ng tin, ch\u1eb3ng h\u1ea1n nh\u01b0 \u0111\u1ecba ch\u1ec9 \u0111i\u1ec7n t\u1eed, truy\u1ec1n th\u00f4ng \u0111i\u1ec7n t\u1eed v\u00e0 d\u1eef li\u1ec7u c\u00e1 nh\u00e2n, ORO FINTECH LTD. kh\u00f4ng c\u00f3 tr\u00e1ch nhi\u1ec7m khi c\u00e1c th\u00f4ng tin tr\u00ean \u0111\u01b0\u1ee3c truy\u1ec1n gi\u1eefa ORO FINTECH LTD. ho\u1eb7c b\u1ea5t k\u1ef3 b\u00ean th\u1ee9 ba n\u00e0o kh\u00e1c, s\u1eed d\u1ee5ng Internet ho\u1eb7c c\u00e1c thi\u1ebft b\u1ecb truy\u1ec1n th\u00f4ng m\u1ea1ng kh\u00e1c, \u0111i\u1ec7n tho\u1ea1i ho\u1eb7c b\u1ea5t k\u1ef3 ph\u01b0\u01a1ng ti\u1ec7n \u0111i\u1ec7n t\u1eed n\u00e0o kh\u00e1c.<\/p>\n<\/li>\n<li>\n<p>Kh\u00e1ch h\u00e0ng th\u1eeba nh\u1eadn r\u1eb1ng th\u00f4ng tin \u0111\u01b0\u1ee3c truy\u1ec1n qua e-mail kh\u00f4ng \u0111\u01b0\u1ee3c m\u00e3 h\u00f3a v\u00e0 kh\u00f4ng \u0111\u01b0\u1ee3c b\u1ea3o v\u1ec7 kh\u1ecfi b\u1ea5t k\u1ef3 truy c\u1eadp tr\u00e1i ph\u00e9p n\u00e0o.<\/p>\n<\/li>\n<li>\n<p>Kh\u00e1ch h\u00e0ng l\u01b0u \u00fd \u0111\u1ebfn th\u1eddi \u0111i\u1ec3m d\u00f2ng giao d\u1ecbch qu\u00e1 m\u1ee9c, khi \u0111\u00f3 Kh\u00e1ch h\u00e0ng c\u00f3 th\u1ec3 g\u1eb7p kh\u00f3 kh\u0103n trong vi\u1ec7c k\u1ebft n\u1ed1i qua \u0111i\u1ec7n tho\u1ea1i ho\u1eb7c N\u1ec1n t\u1ea3ng Giao d\u1ecbch.<\/p>\n<\/li>\n<li>\n<p>Kh\u00e1ch h\u00e0ng th\u1eeba nh\u1eadn r\u1eb1ng Internet c\u00f3 th\u1ec3 b\u1ecb \u1ea3nh h\u01b0\u1edfng b\u1edfi c\u00e1c s\u1ef1 ki\u1ec7n c\u00f3 th\u1ec3 \u1ea3nh h\u01b0\u1edfng \u0111\u1ebfn quy\u1ec1n truy c\u1eadp v\u00e0o Trang web v\u00e0\/ho\u1eb7c H\u1ec7 th\u1ed1ng Giao d\u1ecbch c\u1ee7a ORO FINTECH LTD., bao g\u1ed3m nh\u01b0ng kh\u00f4ng gi\u1edbi h\u1ea1n v\u00e0o s\u1ef1 gi\u00e1n \u0111o\u1ea1n ho\u1eb7c m\u1ea5t truy\u1ec1n th\u00f4ng, s\u1ef1 c\u1ed1 ph\u1ea7n m\u1ec1m v\u00e0 ph\u1ea7n c\u1ee9ng v\u00e0 m\u1ea5t k\u1ebft n\u1ed1i Internet. ORO FINTECH LTD. kh\u00f4ng ch\u1ecbu tr\u00e1ch nhi\u1ec7m cho b\u1ea5t k\u1ef3 thi\u1ec7t h\u1ea1i ho\u1eb7c t\u1ed5n th\u1ea5t n\u00e0o ph\u00e1t sinh t\u1eeb nh\u1eefng s\u1ef1 ki\u1ec7n v\u01b0\u1ee3t ra kh\u1ecfi s\u1ef1 ki\u1ec3m so\u00e1t c\u1ee7a c\u00f4ng ty ho\u1eb7c b\u1ea5t k\u1ef3 t\u1ed5n th\u1ea5t, chi ph\u00ed, tr\u00e1ch nhi\u1ec7m ho\u1eb7c chi ph\u00ed (bao g\u1ed3m, nh\u01b0ng kh\u00f4ng gi\u1edbi h\u1ea1n, m\u1ea5t l\u1ee3i nhu\u1eadn) c\u00f3 th\u1ec3 ph\u00e1t sinh do Kh\u00e1ch h\u00e0ng kh\u00f4ng th\u1ec3 truy c\u1eadp Trang web v\u00e0\/ho\u1eb7c H\u1ec7 th\u1ed1ng Giao d\u1ecbch c\u1ee7a ORO FINTECH LTD. ho\u1eb7c do vi\u1ec7c g\u1eedi L\u1ec7nh ho\u1eb7c Giao d\u1ecbch b\u1ecb tr\u1ec5 ho\u1eb7c th\u1ea5t b\u1ea1i.<\/p>\n<\/li>\n<li>\n<p>ORO FINTECH LTD. kh\u00f4ng ph\u1ea3i l\u00e0 Nh\u00e0 cung c\u1ea5p D\u1ecbch v\u1ee5 Internet v\u00e0 kh\u00f4ng th\u1ec3 ch\u1ecbu tr\u00e1ch nhi\u1ec7m v\u00ec vi\u1ec7c kh\u00f4ng th\u1ef1c hi\u1ec7n b\u1ea5t k\u1ef3 ngh\u0129a v\u1ee5 n\u00e0o v\u1edbi Kh\u00e1ch h\u00e0ng v\u00ec s\u1ef1 c\u1ed1 v\u1ec1 k\u1ebft n\u1ed1i Internet ho\u1eb7c s\u1ef1 c\u1ed1 v\u1ec1 m\u1ea1ng \u0111i\u1ec7n c\u00f4ng c\u1ed9ng ho\u1eb7c c\u00e1c cu\u1ed9c t\u1ea5n c\u00f4ng hacker.<\/p>\n<\/li>\n<li>\n<p>Kh\u00e1ch h\u00e0ng \u0111\u01b0\u1ee3c c\u1ea3nh b\u00e1o r\u1eb1ng khi giao d\u1ecbch tr\u00ean m\u1ed9t n\u1ec1n t\u1ea3ng \u0111i\u1ec7n t\u1eed, anh ta ch\u1ecbu r\u1ee7i ro m\u1ea5t ti\u1ec1n c\u00f3 th\u1ec3 l\u00e0 k\u1ebft qu\u1ea3 c\u1ee7a, trong s\u1ed1 nh\u1eefng y\u1ebfu t\u1ed1 kh\u00e1c:<\/p>\n<ul>\n<li>\n<p>S\u1ef1 c\u1ed1 v\u1ec1 thi\u1ebft b\u1ecb c\u1ee7a Kh\u00e1ch h\u00e0ng, ph\u1ea7n m\u1ec1m v\u00e0 ch\u1ea5t l\u01b0\u1ee3ng k\u1ebft n\u1ed1i k\u00e9m;<\/p>\n<\/li>\n<li>\n<p>S\u1ef1 c\u1ed1 v\u1ec1 ph\u1ea7n c\u1ee9ng ho\u1eb7c ph\u1ea7n m\u1ec1m c\u1ee7a ORO FINTECH LTD. ho\u1eb7c Kh\u00e1ch h\u00e0ng, ho\u1ea1t \u0111\u1ed9ng kh\u00f4ng \u0111\u00fang c\u00e1ch ho\u1eb7c vi ph\u1ea1m quy \u0111\u1ecbnh;<\/p>\n<\/li>\n<li>\n<p>V\u1eadn h\u00e0nh kh\u00f4ng \u0111\u00fang c\u1ee7a thi\u1ebft b\u1ecb c\u1ee7a Kh\u00e1ch h\u00e0ng;<\/p>\n<\/li>\n<li>\n<p>C\u00e0i \u0111\u1eb7t sai c\u1ee7a terminal c\u1ee7a Kh\u00e1ch h\u00e0ng;<\/p>\n<\/li>\n<li>\n<p>C\u1eadp nh\u1eadt ch\u1eadm c\u1ee7a terminal c\u1ee7a Kh\u00e1ch h\u00e0ng.<\/p>\n<\/li>\n<\/ul>\n<\/li>\n<\/ol>\n<\/li>\n<li>\n        <strong>\u0110\u00d2N B\u1ea8Y<\/strong><\/p>\n<p>Kh\u00e1ch h\u00e0ng ph\u1ea3i hi\u1ec3u r\u1eb1ng \u0111\u00f2n b\u1ea9y trong giao d\u1ecbch k\u00fd qu\u1ef9 c\u00f3 th\u1ec3 \u1ea3nh h\u01b0\u1edfng \u0111\u00e1ng k\u1ec3 \u0111\u1ebfn t\u00e0i kho\u1ea3n giao d\u1ecbch c\u1ee7a anh ta. Ngay c\u1ea3 v\u1edbi nh\u1eefng thay \u0111\u1ed5i nh\u1ecf v\u1ec1 t\u1ef7 gi\u00e1 h\u1ed1i \u0111o\u00e1i v\u00e0 gi\u00e1 c\u00f4ng c\u1ee5, c\u00f3 th\u1ec3 c\u00f3 kh\u1ea3 n\u0103ng Kh\u00e1ch h\u00e0ng m\u1ea5t ti\u1ec1n g\u1eedi ban \u0111\u1ea7u c\u1ee7a m\u00ecnh. Kh\u00e1ch h\u00e0ng hi\u1ec3u r\u00f5 r\u1eb1ng anh ta ho\u00e0n to\u00e0n ch\u1ecbu tr\u00e1ch nhi\u1ec7m v\u1ec1 vi\u1ec7c s\u1eed d\u1ee5ng v\u1ed1n c\u1ee7a m\u00ecnh v\u00e0 t\u00ednh to\u00e1n c\u00e1c r\u1ee7i ro li\u00ean quan.<\/p>\n<\/li>\n<li>\n        <strong>TR\u01af\u1ee2T GI\u00c1<\/strong><\/p>\n<p>S\u1ef1 bi\u1ebfn \u0111\u1ed9ng tr\u00ean th\u1ecb tr\u01b0\u1eddng c\u00f3 th\u1ec3 t\u1ea1o ra \u0111i\u1ec1u ki\u1ec7n m\u00e0 c\u00e1c l\u1ec7nh kh\u00f3 th\u1ef1c hi\u1ec7n, v\u00ec gi\u00e1 c\u00f3 th\u1ec3 c\u00e1ch nhau nhi\u1ec1u pip do s\u1ef1 di chuy\u1ec3n m\u1ea1nh m\u1ebd c\u1ee7a th\u1ecb tr\u01b0\u1eddng. M\u1eb7c d\u00f9 ng\u01b0\u1eddi giao d\u1ecbch mu\u1ed1n th\u1ef1c hi\u1ec7n v\u1edbi m\u1ed9t m\u1ee9c gi\u00e1 nh\u1ea5t \u0111\u1ecbnh, th\u1ecb tr\u01b0\u1eddng c\u00f3 th\u1ec3 \u0111\u00e3 di chuy\u1ec3n \u0111\u00e1ng k\u1ec3 v\u00e0 l\u1ec7nh s\u1ebd \u0111\u01b0\u1ee3c th\u1ef1c hi\u1ec7n \u1edf m\u1ee9c gi\u00e1 ti\u1ebfp theo t\u1ed1t nh\u1ea5t ho\u1eb7c gi\u00e1 tr\u1ecb th\u1ecb tr\u01b0\u1eddng h\u1ee3p l\u00fd. T\u01b0\u01a1ng t\u1ef1, kh\u1ed1i l\u01b0\u1ee3ng giao d\u1ecbch t\u0103ng c\u00f3 th\u1ec3 d\u1eabn \u0111\u1ebfn tr\u01b0\u1ee3t gi\u00e1 n\u1ebfu kh\u00f4ng \u0111\u1ee7 thanh kho\u1ea3n t\u1ed3n t\u1ea1i \u0111\u1ec3 th\u1ef1c hi\u1ec7n t\u1ea5t c\u1ea3 c\u00e1c giao d\u1ecbch v\u1edbi m\u1ee9c gi\u00e1 y\u00eau c\u1ea7u.<\/p>\n<p>Khi m\u1ed9t l\u1ec7nh d\u1eebng \u0111\u01b0\u1ee3c k\u00edch ho\u1ea1t, n\u00f3 tr\u1edf th\u00e0nh l\u1ec7nh th\u1ecb tr\u01b0\u1eddng T\u1ed1t nh\u1ea5t v\u00e0 kh\u00f4ng \u0111\u1ea3m b\u1ea3o r\u1eb1ng n\u00f3 s\u1ebd \u0111\u01b0\u1ee3c th\u1ef1c hi\u1ec7n \u1edf b\u1ea5t k\u1ef3 m\u1ee9c gi\u00e1 c\u1ee5 th\u1ec3 n\u00e0o. Do \u0111\u00f3, c\u00e1c l\u1ec7nh d\u1eebng c\u00f3 th\u1ec3 g\u00e2y ra tr\u01b0\u1ee3t gi\u00e1 t\u00f9y thu\u1ed9c v\u00e0o \u0111i\u1ec1u ki\u1ec7n th\u1ecb tr\u01b0\u1eddng.<\/p>\n<\/li>\n<li>\n        <strong>N\u1ec0N T\u1ea2NG GIAO D\u1ecaCH<\/strong><\/p>\n<p>Kh\u00e1ch h\u00e0ng th\u1eeba nh\u1eadn r\u1eb1ng ngu\u1ed3n cung c\u1ea5p B\u00e1o gi\u00e1 \u0111\u00e1ng tin c\u1eady duy nh\u1ea5t l\u00e0 ngu\u1ed3n cung c\u1ea5p tr\u1ef1c ti\u1ebfp t\u1eeb M\u00e1y ch\u1ee7. Kh\u00e1ch h\u00e0ng \u0111\u01b0\u1ee3c c\u1ea3nh b\u00e1o r\u1eb1ng c\u00e1c b\u00e1o gi\u00e1 tr\u00ean terminal c\u1ee7a Kh\u00e1ch h\u00e0ng kh\u00f4ng ph\u1ea3i l\u00e0 ngu\u1ed3n cung c\u1ea5p th\u00f4ng tin \u0111\u00e1ng tin c\u1eady, v\u00ec k\u1ebft n\u1ed1i gi\u1eefa terminal c\u1ee7a Kh\u00e1ch h\u00e0ng v\u00e0 m\u00e1y ch\u1ee7 c\u00f3 th\u1ec3 b\u1ecb gi\u00e1n \u0111o\u1ea1n v\u00e0 m\u1ed9t s\u1ed1 b\u00e1o gi\u00e1 c\u00f3 th\u1ec3 kh\u00f4ng \u0111\u1ebfn \u0111\u01b0\u1ee3c terminal c\u1ee7a Kh\u00e1ch h\u00e0ng.<\/p>\n<p>Kh\u00e1ch h\u00e0ng th\u1eeba nh\u1eadn r\u1eb1ng khi Kh\u00e1ch h\u00e0ng \u0111\u00f3ng c\u1eeda c\u1eeda s\u1ed5 \u0111\u1eb7t l\u1ec7nh\/s\u1eeda \u0111\u1ed5i\/x\u00f3a ho\u1eb7c c\u1eeda s\u1ed5 m\u1edf\/c\u1eeda s\u1ed5 \u0111\u00f3ng v\u1ecb tr\u00ed, c\u00e1c ch\u1ec9 th\u1ecb \u0111\u00e3 \u0111\u01b0\u1ee3c g\u1eedi \u0111\u1ebfn M\u00e1y ch\u1ee7 s\u1ebd kh\u00f4ng b\u1ecb h\u1ee7y b\u1ecf.<\/p>\n<\/li>\n<\/ol>\n","protected":false},"excerpt":{"rendered":"<p>ORO Fintech Limited l\u00e0 m\u1ed9t c\u00f4ng ty tr\u00e1ch nhi\u1ec7m h\u1eefu h\u1ea1n \u0111\u01b0\u1ee3c th\u00e0nh l\u1eadp v\u00e0 \u0111\u0103ng k\u00fd theo lu\u1eadt ph\u00e1p c\u1ee7a Seychelles v\u1edbi s\u1ed1 doanh nghi\u1ec7p 8425077-1. V\u0103n ph\u00f2ng \u0111\u0103ng k\u00fd c\u1ee7a c\u00f4ng ty n\u1eb1m t\u1ea1i Suite 3, Global Village, Jivan\u2019s Complex Mont Fleuri, Mahe, Seychelles. C\u00f4ng ty \u0111\u01b0\u1ee3c \u1ee7y quy\u1ec1n b\u1edfi C\u01a1 quan D\u1ecbch [&hellip;]<\/p>\n","protected":false},"author":1,"featured_media":0,"parent":0,"menu_order":0,"comment_status":"closed","ping_status":"closed","template":"page-templates\/StandardPage.php","meta":{"_acf_changed":false,"footnotes":""},"class_list":["post-6363","page","type-page","status-publish","hentry"],"aioseo_notices":[],"acf":[],"_links":{"self":[{"href":"https:\/\/thewallstreetfan.com\/vi\/wp-json\/wp\/v2\/pages\/6363","targetHints":{"allow":["GET"]}}],"collection":[{"href":"https:\/\/thewallstreetfan.com\/vi\/wp-json\/wp\/v2\/pages"}],"about":[{"href":"https:\/\/thewallstreetfan.com\/vi\/wp-json\/wp\/v2\/types\/page"}],"author":[{"embeddable":true,"href":"https:\/\/thewallstreetfan.com\/vi\/wp-json\/wp\/v2\/users\/1"}],"replies":[{"embeddable":true,"href":"https:\/\/thewallstreetfan.com\/vi\/wp-json\/wp\/v2\/comments?post=6363"}],"version-history":[{"count":2,"href":"https:\/\/thewallstreetfan.com\/vi\/wp-json\/wp\/v2\/pages\/6363\/revisions"}],"predecessor-version":[{"id":6850,"href":"https:\/\/thewallstreetfan.com\/vi\/wp-json\/wp\/v2\/pages\/6363\/revisions\/6850"}],"wp:attachment":[{"href":"https:\/\/thewallstreetfan.com\/vi\/wp-json\/wp\/v2\/media?parent=6363"}],"curies":[{"name":"wp","href":"https:\/\/api.w.org\/{rel}","templated":true}]}}