{"id":6361,"date":"2025-01-23T07:59:07","date_gmt":"2025-01-23T07:59:07","guid":{"rendered":"https:\/\/thewallstreetfan.com\/?page_id=6361"},"modified":"2025-02-21T10:09:54","modified_gmt":"2025-02-21T10:09:54","slug":"terms-of-use-2","status":"publish","type":"page","link":"https:\/\/thewallstreetfan.com\/vi\/terms-of-use-2\/","title":{"rendered":"\u0110i\u1ec1u kho\u1ea3n s\u1eed d\u1ee5ng"},"content":{"rendered":"<div class=\"entry-content clearfix\">\n<p>Vi\u1ec7c s\u1eed d\u1ee5ng <span class=\"text-bold\">FXORO<\/span> Global Trading App ph\u1ea3i tu\u00e2n theo m\u1ed9t s\u1ed1 \u0111i\u1ec1u ki\u1ec7n \u0111\u01b0\u1ee3c n\u00eau trong t\u00e0i li\u1ec7u n\u00e0y:<\/p>\n<ol type=\"1\">\n<li>\n<h4>Th\u00f4ng tin tr\u00ean \u1ee9ng d\u1ee5ng<\/h4>\n<ol type=\"a\">\n<li>Th\u00f4ng tin \u0111\u01b0\u1ee3c cung c\u1ea5p tr\u00ean \u1ee9ng d\u1ee5ng n\u00e0y d\u1ef1a tr\u00ean d\u1eef li\u1ec7u nh\u1eadn \u0111\u01b0\u1ee3c t\u1eeb c\u00e1c ngu\u1ed3n c\u00f3 s\u1eb5n v\u00e0 \u0111\u01b0\u1ee3c c\u00f4ng nh\u1eadn, c\u0169ng nh\u01b0 c\u00e1c b\u00e1o c\u00e1o v\u00e0\/ho\u1eb7c c\u00e1c ngu\u1ed3n \u0111\u00e1ng tin c\u1eady kh\u00e1c. Tuy nhi\u00ean, th\u00f4ng tin \u0111\u01b0\u1ee3c cung c\u1ea5p kh\u00f4ng \u0111\u01b0\u1ee3c x\u00e1c minh v\u00e0\/ho\u1eb7c ki\u1ec3m tra b\u1edfi <i class=\"textLogo\">FX<i>ORO<\/i><\/i> Global v\u00e0 <i class=\"textLogo\">FX<i>ORO<\/i><\/i> Global kh\u00f4ng \u0111\u1ea3m b\u1ea3o r\u1eb1ng th\u00f4ng tin \u0111\u01b0\u1ee3c tr\u00ecnh b\u00e0y l\u00e0 \u0111\u1ea7y \u0111\u1ee7, ch\u00ednh x\u00e1c ho\u1eb7c \u0111\u00e1ng tin c\u1eady.<\/li>\n<li>\u0110\u1ec3 s\u1eed d\u1ee5ng \u1ee9ng d\u1ee5ng, Ng\u01b0\u1eddi d\u00f9ng\/Kh\u00e1ch h\u00e0ng ph\u1ea3i \u0111\u1ee7 18 tu\u1ed5i tr\u1edf l\u00ean.<\/li>\n<li>M\u1ed9t s\u1ed1 d\u1eef li\u1ec7u bao g\u1ed3m d\u1eef li\u1ec7u c\u00e1 nh\u00e2n \u0111\u01b0\u1ee3c cung c\u1ea5p trong t\u00e0i li\u1ec7u n\u00e0y \u0111\u01b0\u1ee3c <i class=\"textLogo\">FX<i>ORO<\/i><\/i> Global thu th\u1eadp cho m\u1ee5c \u0111\u00edch ti\u1ebfp th\u1ecb v\u00e0 vi\u1ec7c thi\u1ebft l\u1eadp m\u1ed1i quan h\u1ec7 kinh doanh.<\/li>\n<li>Ng\u01b0\u1eddi d\u00f9ng\/Kh\u00e1ch h\u00e0ng ch\u1ea5p nh\u1eadn r\u1eb1ng <i class=\"textLogo\">FX<i>ORO<\/i><\/i> Global kh\u00f4ng ch\u1ecbu tr\u00e1ch nhi\u1ec7m v\u00e0\/ho\u1eb7c kh\u00f4ng ch\u1ecbu tr\u00e1ch nhi\u1ec7m cho b\u1ea5t k\u1ef3 lo\u1ea1i thi\u1ec7t h\u1ea1i v\u00e0\/ho\u1eb7c m\u1ea5t m\u00e1t n\u00e0o g\u00e2y ra ho\u1eb7c c\u00f3 th\u1ec3 g\u00e2y ra do vi\u1ec7c s\u1eed d\u1ee5ng \u1ee9ng d\u1ee5ng hi\u1ec7n t\u1ea1i v\u00e0\/ho\u1eb7c b\u1ea5t k\u1ef3 th\u00f4ng tin n\u00e0o \u0111\u01b0\u1ee3c tr\u00ecnh b\u00e0y tr\u00ean n\u00f3, do s\u1ef1 c\u1ed1, kh\u00f4ng kh\u1ea3 d\u1ee5ng v\u00e0\/ho\u1eb7c b\u1ea5t k\u1ef3 y\u1ebfu t\u1ed1 n\u00e0o kh\u00e1c c\u00f3 th\u1ec3 l\u00e0m cho \u1ee9ng d\u1ee5ng hi\u1ec7n t\u1ea1i v\u00e0 c\u00e1c d\u1ecbch v\u1ee5 kh\u00e1c nhau c\u1ee7a n\u00f3 kh\u00f4ng ho\u1ea1t \u0111\u1ed9ng \u0111\u00fang c\u00e1ch, do s\u1ef1 c\u1ed1 m\u1ea1ng v\u00e0\/ho\u1eb7c thi\u1ebft b\u1ecb v\u00e0\/ho\u1eb7c c\u00e1c nh\u00e0 cung c\u1ea5p Internet v\u00e0\/ho\u1eb7c m\u00e1y t\u00ednh c\u1ee7a <i class=\"textLogo\">FX<i>ORO<\/i><\/i> Global v\u00e0\/ho\u1eb7c thi\u1ebft b\u1ecb c\u1ee7a Ng\u01b0\u1eddi d\u00f9ng\/Kh\u00e1ch h\u00e0ng.<\/li>\n<li>Khi th\u00f4ng tin xu\u1ea5t hi\u1ec7n tr\u00ean \u1ee9ng d\u1ee5ng v\u00e0 th\u00f4ng tin \u0111\u01b0\u1ee3c ghi trong c\u00e1c cu\u1ed1n s\u00e1ch\/h\u1ed3 s\u01a1 c\u1ee7a <i class=\"textLogo\">FX<i>ORO<\/i><\/i> Global m\u00e2u thu\u1eabn v\u00e0\/ho\u1eb7c kh\u00f4ng t\u01b0\u01a1ng th\u00edch v\u1edbi c\u00e1c cu\u1ed1n s\u00e1ch n\u00f3i tr\u00ean, th\u00f4ng tin \u0111\u01b0\u1ee3c ghi trong c\u00e1c cu\u1ed1n s\u00e1ch\/h\u1ed3 s\u01a1 c\u1ee7a <i class=\"textLogo\">FX<i>ORO<\/i><\/i> Global s\u1ebd \u0111\u01b0\u1ee3c \u01b0u ti\u00ean. <i class=\"textLogo\">FX<i>ORO<\/i><\/i> Global kh\u00f4ng ch\u1ecbu tr\u00e1ch nhi\u1ec7m v\u00e0\/ho\u1eb7c kh\u00f4ng ch\u1ecbu tr\u00e1ch nhi\u1ec7m cho b\u1ea5t k\u1ef3 lo\u1ea1i thi\u1ec7t h\u1ea1i v\u00e0\/ho\u1eb7c m\u1ea5t m\u00e1t n\u00e0o g\u00e2y ra ho\u1eb7c c\u00f3 th\u1ec3 g\u00e2y ra cho Ng\u01b0\u1eddi d\u00f9ng\/Kh\u00e1ch h\u00e0ng do d\u1ef1a v\u00e0o \u1ee9ng d\u1ee5ng hi\u1ec7n t\u1ea1i v\u00e0, c\u1ee5 th\u1ec3 h\u01a1n, v\u00e0o b\u1ea5t k\u1ef3 th\u00f4ng tin n\u00e0o \u0111\u01b0\u1ee3c tr\u00ecnh b\u00e0y tr\u00ean n\u00f3.<\/li>\n<\/ol>\n<\/li>\n<li>\n<h4>B\u1ea3n quy\u1ec1n<\/h4>\n<ol type=\"a\">\n<li>C\u00e1c th\u00f4ng tin \u0111\u01b0\u1ee3c tr\u00ecnh b\u00e0y tr\u00ean \u1ee9ng d\u1ee5ng n\u00e0y (bao g\u1ed3m \u1ee9ng d\u1ee5ng ch\u00ednh), t\u1ea5t c\u1ea3 c\u00e1c ch\u01b0\u01a1ng tr\u00ecnh c\u00f3 trong \u1ee9ng d\u1ee5ng c\u00f3 th\u1ec3 t\u1ea3i xu\u1ed1ng v\u00e0 s\u1eed d\u1ee5ng th\u00f4ng qua n\u00f3, v\u00e0 t\u1ea5t c\u1ea3 c\u00e1c y\u1ebfu t\u1ed1 b\u1ed5 sung \u0111\u01b0\u1ee3c qu\u1ea3ng c\u00e1o tr\u00ean \u1ee9ng d\u1ee5ng, \u0111\u1ec1u tu\u00e2n th\u1ee7 v\u00e0 \u0111\u01b0\u1ee3c b\u1ea3o v\u1ec7 b\u1edfi lu\u1eadt b\u1ea3n quy\u1ec1n qu\u1ed1c t\u1ebf.<\/li>\n<p>S\u1eed d\u1ee5ng \u1ee9ng d\u1ee5ng n\u00e0y \u0111\u01b0\u1ee3c cho ph\u00e9p v\u1edbi \u0111i\u1ec1u ki\u1ec7n s\u1eed d\u1ee5ng h\u1ee3p l\u00fd, ch\u1ec9 khi s\u1eed d\u1ee5ng \u0111\u01b0\u1ee3c th\u1ef1c hi\u1ec7n ph\u00f9 h\u1ee3p v\u1edbi lu\u1eadt b\u1ea3n quy\u1ec1n qu\u1ed1c t\u1ebf. Vi\u1ec7c sao ch\u00e9p, thay \u0111\u1ed5i, ph\u00e2n ph\u1ed1i v\u00e0 s\u1eed d\u1ee5ng th\u01b0\u01a1ng m\u1ea1i c\u00e1c th\u00f4ng tin ch\u1ee9a trong \u1ee9ng d\u1ee5ng n\u00e0y b\u1ecb nghi\u00eam c\u1ea5m, tr\u1eeb khi c\u00f3 s\u1ef1 cho ph\u00e9p b\u1eb1ng v\u0103n b\u1ea3n c\u1ee7a ch\u1ee7 s\u1edf h\u1eefu b\u1ea3n quy\u1ec1n.<\/p>\n<\/ol>\n<\/li>\n<li>\n<h4>Thay \u0111\u1ed5i \u0111i\u1ec1u ki\u1ec7n<\/h4>\n<ol type=\"a\">\n<li><i class=\"textLogo\">FX<i>ORO<\/i><\/i> Global c\u00f3 quy\u1ec1n, theo quy\u1ebft \u0111\u1ecbnh duy nh\u1ea5t c\u1ee7a m\u00ecnh, thay \u0111\u1ed5i b\u1ea5t k\u1ef3 l\u00fac n\u00e0o, b\u1ea5t k\u1ef3 s\u1ef1 thay \u0111\u1ed5i n\u00e0o \u0111\u1ed1i v\u1edbi \u1ee9ng d\u1ee5ng, bao g\u1ed3m vi\u1ec7c th\u00eam, thay \u0111\u1ed5i v\u00e0\/ho\u1eb7c ng\u1eebng cung c\u1ea5p b\u1ea5t k\u1ef3 m\u1ed9t ph\u1ea7n ho\u1eb7c to\u00e0n b\u1ed9 c\u00e1c \u0111i\u1ec1u kho\u1ea3n s\u1eed d\u1ee5ng c\u1ee7a \u1ee9ng d\u1ee5ng v\u00e0\/ho\u1eb7c vi\u1ec7c th\u00eam, thay \u0111\u1ed5i v\u00e0\/ho\u1eb7c ng\u1eebng cung c\u1ea5p, to\u00e0n b\u1ed9 ho\u1eb7c m\u1ed9t ph\u1ea7n, b\u1ea5t k\u1ef3 d\u1ecbch v\u1ee5 n\u00e0o \u0111\u01b0\u1ee3c cung c\u1ea5p b\u1edfi <i class=\"textLogo\">FX<i>ORO<\/i><\/i> Global. Ng\u01b0\u1eddi d\u00f9ng\/Kh\u00e1ch h\u00e0ng kh\u00f4ng c\u00f3 quy\u1ec1n \u0111\u00f2i h\u1ecfi ho\u1eb7c quy\u1ec1n \u0111\u01b0\u1ee3c b\u1ed3i th\u01b0\u1eddng cho b\u1ea5t k\u1ef3 lo\u1ea1i thi\u1ec7t h\u1ea1i v\u00e0\/ho\u1eb7c b\u1ed3i th\u01b0\u1eddng n\u00e0o cho b\u1ea5t k\u1ef3 thi\u1ec7t h\u1ea1i n\u00e0o \u0111\u01b0\u1ee3c cho l\u00e0 ph\u00e1t sinh do c\u00e1c thay \u0111\u1ed5i, s\u1eeda \u0111\u1ed5i, b\u1ed5 sung ho\u1eb7c ng\u1eebng cung c\u1ea5p nh\u01b0 \u0111\u00e3 n\u00eau.<\/li>\n<\/ol>\n<\/li>\n<li>\n<h4>H\u01b0\u1edbng d\u1eabn ch\u1ed1ng r\u1eeda ti\u1ec1n v\u00e0 cung c\u1ea5p t\u00e0i li\u1ec7u<\/h4>\n<ol type=\"a\">\n<li>X\u00e1c minh danh t\u00ednh c\u1ee7a t\u1ea5t c\u1ea3 Ng\u01b0\u1eddi d\u00f9ng\/Kh\u00e1ch h\u00e0ng c\u1ee7a m\u00ecnh l\u00e0 r\u1ea5t quan tr\u1ecdng \u0111\u1ed1i v\u1edbi <i class=\"textLogo\">FX<i>ORO<\/i><\/i> Global, \u0111\u1ec3 lu\u00f4n tu\u00e2n th\u1ee7 c\u00e1c H\u01b0\u1edbng d\u1eabn ch\u1ed1ng r\u1eeda ti\u1ec1n c\u00f3 th\u1ec3 c\u00f3 hi\u1ec7u l\u1ef1c v\u00e0o b\u1ea5t k\u1ef3 th\u1eddi \u0111i\u1ec3m n\u00e0o theo ph\u00e1p lu\u1eadt \u0111\u1ecba ph\u01b0\u01a1ng v\u00e0 qu\u1ed1c t\u1ebf li\u00ean quan. Ng\u01b0\u1eddi d\u00f9ng\/Kh\u00e1ch h\u00e0ng c\u00f3 th\u1ec3 b\u1ecb y\u00eau c\u1ea7u cung c\u1ea5p b\u1ea3n sao c\u00e1c t\u00e0i li\u1ec7u li\u00ean quan \u0111\u1ec3 x\u00e1c \u0111\u1ecbnh danh t\u00ednh.<\/li>\n<\/ol>\n<\/li>\n<li>\n<h4>S\u1eed d\u1ee5ng ch\u01b0\u01a1ng tr\u00ecnh c\u1ee7a b\u00ean th\u1ee9 ba<\/h4>\n<ol type=\"a\">\n<li>\u1ee8ng d\u1ee5ng c\u00f3 th\u1ec3 ch\u1ee9a v\u00e0 cho ph\u00e9p t\u1ea3i xu\u1ed1ng v\u00e0 s\u1eed d\u1ee5ng c\u00e1c ch\u01b0\u01a1ng tr\u00ecnh kh\u00f4ng \u0111\u01b0\u1ee3c s\u1ea3n xu\u1ea5t v\u00e0\/ho\u1eb7c ph\u00e2n ph\u1ed1i b\u1edfi <i class=\"textLogo\">FX<i>ORO<\/i><\/i> Global (\u201cch\u01b0\u01a1ng tr\u00ecnh b\u00ean th\u1ee9 ba\u201d), v\u00e0 c\u00e1c ch\u01b0\u01a1ng tr\u00ecnh \u0111\u01b0\u1ee3c s\u1ea3n xu\u1ea5t v\u00e0\/ho\u1eb7c ph\u00e2n ph\u1ed1i b\u1edfi <i class=\"textLogo\">FX<i>ORO<\/i><\/i> Global. <i class=\"textLogo\">FX<i>ORO<\/i><\/i> Global v\u00e0\/ho\u1eb7c nh\u00e0 s\u1ea3n xu\u1ea5t c\u1ee7a c\u00e1c ch\u01b0\u01a1ng tr\u00ecnh b\u00ean th\u1ee9 ba kh\u00f4ng ch\u1ecbu tr\u00e1ch nhi\u1ec7m trong b\u1ea5t k\u1ef3 tr\u01b0\u1eddng h\u1ee3p n\u00e0o cho thi\u1ec7t h\u1ea1i c\u00f3 th\u1ec3 g\u00e2y ra do vi\u1ec7c t\u1ea3i xu\u1ed1ng v\u00e0\/ho\u1eb7c s\u1eed d\u1ee5ng c\u00e1c ch\u01b0\u01a1ng tr\u00ecnh \u0111\u00e3 n\u00eau c\u00f3 s\u1eb5n \u0111\u1ec3 t\u1ea3i xu\u1ed1ng v\u00e0\/ho\u1eb7c s\u1eed d\u1ee5ng qua \u1ee9ng d\u1ee5ng c\u1ee7a <i class=\"textLogo\">FX<i>ORO<\/i><\/i> Global.<\/li>\n<\/ol>\n<\/li>\n<\/ol><\/div>\n","protected":false},"excerpt":{"rendered":"<p>Vi\u1ec7c s\u1eed d\u1ee5ng FXORO Global Trading App ph\u1ea3i tu\u00e2n theo m\u1ed9t s\u1ed1 \u0111i\u1ec1u ki\u1ec7n \u0111\u01b0\u1ee3c n\u00eau trong t\u00e0i li\u1ec7u n\u00e0y: Th\u00f4ng tin tr\u00ean \u1ee9ng d\u1ee5ng Th\u00f4ng tin \u0111\u01b0\u1ee3c cung c\u1ea5p tr\u00ean \u1ee9ng d\u1ee5ng n\u00e0y d\u1ef1a tr\u00ean d\u1eef li\u1ec7u nh\u1eadn \u0111\u01b0\u1ee3c t\u1eeb c\u00e1c ngu\u1ed3n c\u00f3 s\u1eb5n v\u00e0 \u0111\u01b0\u1ee3c c\u00f4ng nh\u1eadn, c\u0169ng nh\u01b0 c\u00e1c b\u00e1o c\u00e1o v\u00e0\/ho\u1eb7c [&hellip;]<\/p>\n","protected":false},"author":1,"featured_media":0,"parent":0,"menu_order":0,"comment_status":"closed","ping_status":"closed","template":"page-templates\/StandardPage.php","meta":{"_acf_changed":false,"footnotes":""},"class_list":["post-6361","page","type-page","status-publish","hentry"],"aioseo_notices":[],"acf":[],"_links":{"self":[{"href":"https:\/\/thewallstreetfan.com\/vi\/wp-json\/wp\/v2\/pages\/6361","targetHints":{"allow":["GET"]}}],"collection":[{"href":"https:\/\/thewallstreetfan.com\/vi\/wp-json\/wp\/v2\/pages"}],"about":[{"href":"https:\/\/thewallstreetfan.com\/vi\/wp-json\/wp\/v2\/types\/page"}],"author":[{"embeddable":true,"href":"https:\/\/thewallstreetfan.com\/vi\/wp-json\/wp\/v2\/users\/1"}],"replies":[{"embeddable":true,"href":"https:\/\/thewallstreetfan.com\/vi\/wp-json\/wp\/v2\/comments?post=6361"}],"version-history":[{"count":2,"href":"https:\/\/thewallstreetfan.com\/vi\/wp-json\/wp\/v2\/pages\/6361\/revisions"}],"predecessor-version":[{"id":6848,"href":"https:\/\/thewallstreetfan.com\/vi\/wp-json\/wp\/v2\/pages\/6361\/revisions\/6848"}],"wp:attachment":[{"href":"https:\/\/thewallstreetfan.com\/vi\/wp-json\/wp\/v2\/media?parent=6361"}],"curies":[{"name":"wp","href":"https:\/\/api.w.org\/{rel}","templated":true}]}}