{"id":61,"date":"2024-08-22T14:05:11","date_gmt":"2024-08-22T14:05:11","guid":{"rendered":"http:\/\/localhost\/wp-multisite\/?page_id=61"},"modified":"2025-02-05T12:59:40","modified_gmt":"2025-02-05T12:59:40","slug":"hoi-thao-tren-web","status":"publish","type":"page","link":"https:\/\/thewallstreetfan.com\/vi\/hoi-thao-tren-web\/","title":{"rendered":"H\u1ed9i th\u1ea3o tr\u00ean web"},"content":{"rendered":"<div class=\"xxl-box\">\n<h3 class=\"mt-0\">CH\u00daNG T\u00d4I S\u1ebc S\u1edaM C\u00d4NG B\u1ed0 NG\u00c0Y T\u1ed4 CH\u1ee8C WEBINAR TI\u1ebeP THEO. H\u00c3Y THEO D\u00d5I CH\u00daNG T\u00d4I!<\/h3>\n<p>Ki\u1ebfn th\u1ee9c l\u00e0 s\u1ee9c m\u1ea1nh. C\u1ea3i thi\u1ec7n k\u1ef9 n\u0103ng giao d\u1ecbch c\u1ee7a b\u1ea1n v\u00e0 n\u1eafm v\u1eefng c\u00e1c nguy\u00ean t\u1eafc c\u01a1 b\u1ea3n c\u1ee7a th\u1ecb tr\u01b0\u1eddng t\u00e0i ch\u00ednh v\u1edbi c\u00e1c webinar tr\u1ef1c tuy\u1ebfn mi\u1ec5n ph\u00ed t\u1eeb <strong>FXORO<\/strong> Global.<\/p>\n<p>C\u00e1c phi\u00ean tr\u1ef1c tuy\u1ebfn c\u1ee7a ch\u00fang t\u00f4i mang \u0111\u1ebfn c\u01a1 h\u1ed9i \u0111\u1ec3 b\u1ea1n th\u1ea3o lu\u1eadn c\u00e1c ch\u1ee7 \u0111\u1ec1 quan tr\u1ecdng li\u00ean quan \u0111\u1ebfn th\u1ecb tr\u01b0\u1eddng t\u00e0i ch\u00ednh v\u1edbi c\u00e1c chuy\u00ean gia th\u1ef1c s\u1ef1 trong l\u0129nh v\u1ef1c n\u00e0y.<\/p>\n<\/div>\n","protected":false},"excerpt":{"rendered":"<p>CH\u00daNG T\u00d4I S\u1ebc S\u1edaM C\u00d4NG B\u1ed0 NG\u00c0Y T\u1ed4 CH\u1ee8C WEBINAR TI\u1ebeP THEO. H\u00c3Y THEO D\u00d5I CH\u00daNG T\u00d4I! Ki\u1ebfn th\u1ee9c l\u00e0 s\u1ee9c m\u1ea1nh. C\u1ea3i thi\u1ec7n k\u1ef9 n\u0103ng giao d\u1ecbch c\u1ee7a b\u1ea1n v\u00e0 n\u1eafm v\u1eefng c\u00e1c nguy\u00ean t\u1eafc c\u01a1 b\u1ea3n c\u1ee7a th\u1ecb tr\u01b0\u1eddng t\u00e0i ch\u00ednh v\u1edbi c\u00e1c webinar tr\u1ef1c tuy\u1ebfn mi\u1ec5n ph\u00ed t\u1eeb FXORO Global. C\u00e1c phi\u00ean [&hellip;]<\/p>\n","protected":false},"author":1,"featured_media":0,"parent":0,"menu_order":0,"comment_status":"closed","ping_status":"closed","template":"page-templates\/Webinars.php","meta":{"_acf_changed":false,"footnotes":""},"class_list":["post-61","page","type-page","status-publish","hentry"],"aioseo_notices":[],"acf":[],"_links":{"self":[{"href":"https:\/\/thewallstreetfan.com\/vi\/wp-json\/wp\/v2\/pages\/61","targetHints":{"allow":["GET"]}}],"collection":[{"href":"https:\/\/thewallstreetfan.com\/vi\/wp-json\/wp\/v2\/pages"}],"about":[{"href":"https:\/\/thewallstreetfan.com\/vi\/wp-json\/wp\/v2\/types\/page"}],"author":[{"embeddable":true,"href":"https:\/\/thewallstreetfan.com\/vi\/wp-json\/wp\/v2\/users\/1"}],"replies":[{"embeddable":true,"href":"https:\/\/thewallstreetfan.com\/vi\/wp-json\/wp\/v2\/comments?post=61"}],"version-history":[{"count":2,"href":"https:\/\/thewallstreetfan.com\/vi\/wp-json\/wp\/v2\/pages\/61\/revisions"}],"predecessor-version":[{"id":6667,"href":"https:\/\/thewallstreetfan.com\/vi\/wp-json\/wp\/v2\/pages\/61\/revisions\/6667"}],"wp:attachment":[{"href":"https:\/\/thewallstreetfan.com\/vi\/wp-json\/wp\/v2\/media?parent=61"}],"curies":[{"name":"wp","href":"https:\/\/api.w.org\/{rel}","templated":true}]}}