{"id":233,"date":"2024-11-25T10:16:30","date_gmt":"2024-11-25T10:16:30","guid":{"rendered":"https:\/\/thewallstreetfan.com\/?page_id=233"},"modified":"2025-02-21T07:51:43","modified_gmt":"2025-02-21T07:51:43","slug":"alpha-generation","status":"publish","type":"page","link":"https:\/\/thewallstreetfan.com\/vi\/alpha-generation\/","title":{"rendered":"ALPHA GENERATION:\u00a0|C\u00d3 TH\u1ec2 L\u00c0 M\u1ed8T TRONG NH\u1eeeNG PH\u00c2N T\u00cdCH T\u1ed0T NH\u1ea4T C\u00d3 TH\u1ec2 \u0110\u1ec2 T\u1ea0O RA C\u00c1C GIAO D\u1ecaCH C\u1ee6A B\u1ea0N"},"content":{"rendered":"\n<section>\n  <div class=\"normal-container\">\n    <div class=\"container row\">\n      <div class=\"xxl-box\">\n        <p class=\"mt-0\">T\u00ednh n\u0103ng n\u00e0y \u0111\u01b0\u1ee3c trang b\u1ecb <strong>ba ch\u1ec9 b\u00e1o s\u00e1ng t\u1ea1o gi\u00fap c\u1ee7ng c\u1ed1 qu\u00e1 tr\u00ecnh ra quy\u1ebft \u0111\u1ecbnh c\u1ee7a b\u1ea1n b\u1eb1ng c\u00e1ch cung c\u1ea5p th\u00f4ng tin chi ti\u1ebft \n        v\u1ec1 t\u00e2m l\u00fd th\u1ecb tr\u01b0\u1eddng<\/strong> v\u00e0 l\u00e0m n\u1ed5i b\u1eadt c\u00e1c \u0111i\u1ec3m v\u00e0o v\u00e0 ra ti\u1ec1m n\u0103ng. C\u00e1c ch\u1ec9 b\u00e1o n\u00e0y t\u00edch h\u1ee3p li\u1ec1n m\u1ea1ch v\u1edbi bi\u1ec3u \u0111\u1ed3 Meta Trader MT4 quen thu\u1ed9c, \n        gi\u00fap n\u00e2ng cao tr\u1ea3i nghi\u1ec7m giao d\u1ecbch c\u1ee7a b\u1ea1n.<\/p>\n        <p>Plug-in n\u00e0y c\u00f3 s\u1eb5n cho c\u00e1c nh\u00e0 giao d\u1ecbch <span class=\"text-bold\">FXORO<\/span> Global. H\u00e3y \u0111\u1ea3m b\u1ea3o th\u1ea3o lu\u1eadn v\u1edbi \u0111\u1ea1i di\u1ec7n c\u1ee7a <span class=\"text-bold\">FXORO<\/span> Global v\u00e0 \n        s\u1eed d\u1ee5ng n\u00f3 trong c\u00e1c ho\u1ea1t \u0111\u1ed9ng giao d\u1ecbch c\u1ee7a b\u1ea1n.<\/p>\n        <p>\u0110\u0103ng k\u00fd v\u1edbi <span class=\"text-bold\">FXORO<\/span> Global ngay h\u00f4m nay ho\u1eb7c \u0111\u0103ng nh\u1eadp v\u00e0o t\u00e0i kho\u1ea3n c\u1ee7a b\u1ea1n \u0111\u1ec3 truy c\u1eadp plug-in n\u00e0y!<\/p>\n      <\/div>\n    <\/div>\n  <\/div>\n<\/section>\n\n<section>\n  <div class=\"normal-container py-0\">\n    <div class=\"container row\">\n      <div class=\"xxl-box\">\n        <div class=\"second-btn text-center\">\n            <a href=\"https:\/\/my.thewallstreetfan.com\/vi\/register\" target=\"_blank\" class=\"btn\">Register<\/a>\n            <p>Giao d\u1ecbch c\u00f3 r\u1ee7i ro.<\/p>\n        <\/div>\n      <\/div>\n    <\/div>\n  <\/div>\n<\/section>\n\n<section>\n  <div class=\"normal-container\">\n    <div class=\"container row\">\n      <div class=\"xxl-box\">\n        <p class=\"mt-0 text-italic\"><strong>C\u1ea3nh B\u00e1o R\u1ee7i Ro:<\/strong> B\u1ea5t k\u1ef3 d\u1eef li\u1ec7u, t\u00ednh n\u0103ng ho\u1eb7c hi\u1ec7u su\u1ea5t n\u00e0o \u0111\u01b0\u1ee3c cung c\u1ea5p \u1edf \u0111\u00e2y ch\u1ec9 nh\u1eb1m m\u1ee5c \u0111\u00edch th\u00f4ng tin. \n        <span class=\"text-bold\">FXORO<\/span> Global kh\u00f4ng cung c\u1ea5p ho\u1eb7c c\u00f3 \u00fd \u0111\u1ecbnh cung c\u1ea5p l\u1eddi khuy\u00ean \u0111\u1ea7u t\u01b0 v\u00e0\/ho\u1eb7c giao d\u1ecbch, c\u0169ng nh\u01b0 kh\u00f4ng khuy\u1ebfn kh\u00edch ho\u1eb7c \n        l\u00f4i k\u00e9o kh\u00e1ch h\u00e0ng ti\u1ec1m n\u0103ng ho\u1eb7c hi\u1ec7n t\u1ea1i s\u1eed d\u1ee5ng ho\u1eb7c \u0111\u0103ng k\u00fd b\u1ea5t k\u1ef3 d\u1ecbch v\u1ee5\/t\u00ednh n\u0103ng n\u00e0o \u0111\u01b0\u1ee3c m\u00f4 t\u1ea3 \u1edf \u0111\u00e2y. \n        Kh\u00e1ch h\u00e0ng ho\u00e0n to\u00e0n ch\u1ecbu tr\u00e1ch nhi\u1ec7m v\u1ec1 ho\u1ea1t \u0111\u1ed9ng giao d\u1ecbch c\u1ee7a m\u00ecnh, bao g\u1ed3m l\u1ef1a ch\u1ecdn c\u00f4ng c\u1ee5 t\u00e0i ch\u00ednh, nh\u00e0 cung c\u1ea5p t\u00edn hi\u1ec7u v\u00e0 chi\u1ebfn l\u01b0\u1ee3c giao d\u1ecbch. \n        Hi\u1ec7u su\u1ea5t trong qu\u00e1 kh\u1ee9 kh\u00f4ng ph\u1ea3i l\u00e0 ch\u1ec9 b\u00e1o cho k\u1ebft qu\u1ea3 trong t\u01b0\u01a1ng lai.<\/p>\n      <\/div>\n    <\/div>\n  <\/div>\n<\/section>\n\n","protected":false},"excerpt":{"rendered":"<p>T\u00ednh n\u0103ng n\u00e0y \u0111\u01b0\u1ee3c trang b\u1ecb ba ch\u1ec9 b\u00e1o s\u00e1ng t\u1ea1o gi\u00fap c\u1ee7ng c\u1ed1 qu\u00e1 tr\u00ecnh ra quy\u1ebft \u0111\u1ecbnh c\u1ee7a b\u1ea1n b\u1eb1ng c\u00e1ch cung c\u1ea5p th\u00f4ng tin chi ti\u1ebft v\u1ec1 t\u00e2m l\u00fd th\u1ecb tr\u01b0\u1eddng v\u00e0 l\u00e0m n\u1ed5i b\u1eadt c\u00e1c \u0111i\u1ec3m v\u00e0o v\u00e0 ra ti\u1ec1m n\u0103ng. C\u00e1c ch\u1ec9 b\u00e1o n\u00e0y t\u00edch h\u1ee3p li\u1ec1n m\u1ea1ch v\u1edbi bi\u1ec3u [&hellip;]<\/p>\n","protected":false},"author":1,"featured_media":0,"parent":0,"menu_order":0,"comment_status":"closed","ping_status":"closed","template":"page-templates\/AlphaGeneration.php","meta":{"_acf_changed":false,"footnotes":""},"class_list":["post-233","page","type-page","status-publish","hentry"],"aioseo_notices":[],"acf":[],"_links":{"self":[{"href":"https:\/\/thewallstreetfan.com\/vi\/wp-json\/wp\/v2\/pages\/233","targetHints":{"allow":["GET"]}}],"collection":[{"href":"https:\/\/thewallstreetfan.com\/vi\/wp-json\/wp\/v2\/pages"}],"about":[{"href":"https:\/\/thewallstreetfan.com\/vi\/wp-json\/wp\/v2\/types\/page"}],"author":[{"embeddable":true,"href":"https:\/\/thewallstreetfan.com\/vi\/wp-json\/wp\/v2\/users\/1"}],"replies":[{"embeddable":true,"href":"https:\/\/thewallstreetfan.com\/vi\/wp-json\/wp\/v2\/comments?post=233"}],"version-history":[{"count":3,"href":"https:\/\/thewallstreetfan.com\/vi\/wp-json\/wp\/v2\/pages\/233\/revisions"}],"predecessor-version":[{"id":6840,"href":"https:\/\/thewallstreetfan.com\/vi\/wp-json\/wp\/v2\/pages\/233\/revisions\/6840"}],"wp:attachment":[{"href":"https:\/\/thewallstreetfan.com\/vi\/wp-json\/wp\/v2\/media?parent=233"}],"curies":[{"name":"wp","href":"https:\/\/api.w.org\/{rel}","templated":true}]}}