{"id":95,"date":"2024-08-22T14:08:42","date_gmt":"2024-08-22T14:08:42","guid":{"rendered":"http:\/\/localhost\/wp-multisite\/?page_id=95"},"modified":"2025-02-21T10:15:18","modified_gmt":"2025-02-21T10:15:18","slug":"yonetmelikler","status":"publish","type":"page","link":"https:\/\/thewallstreetfan.com\/tr\/yonetmelikler\/","title":{"rendered":"Y\u00f6netmelikler"},"content":{"rendered":"\n<p>ORO FINTECH LTD, Sey\u015feller yasalar\u0131na g\u00f6re 8425077-1 \u015firket numaras\u0131yla kurulmu\u015f ve kay\u0131tl\u0131d\u0131r. \u015eirket, Sey\u015feller Menkul K\u0131ymetler Kanunu 2007 uyar\u0131nca izin verilen yat\u0131r\u0131m hizmetlerinin sa\u011flanmas\u0131 amac\u0131yla Sey\u015feller Finansal Hizmetler Otoritesi (FSA) taraf\u0131ndan SD046 Menkul K\u0131ymetler Bayi Lisans Numaras\u0131 ile yetkilendirilmi\u015ftir.\n <\/p>\n <p>FSA, Sey\u015feller&#8217;de banka d\u0131\u015f\u0131 finansal hizmetlerden sorumlu \u00f6zerk d\u00fczenleyici kurulu\u015ftur. 2013 tarihli Finansal Hizmetler Otoritesi Yasas\u0131 uyar\u0131nca kurulan otorite, Sey\u015feller&#8217;deki banka d\u0131\u015f\u0131 finansal hizmetler sekt\u00f6r\u00fcnde lisanslama, d\u00fczenleme, d\u00fczenleyici ve uyumluluk gerekliliklerini uygulama, i\u015f yapma bi\u00e7imini izleme ve denetlemekten sorumludur.<\/p>\n <p>Kald\u0131ra\u00e7l\u0131 \u00fcr\u00fcnlerin ticareti \u00f6nemli d\u00fczeyde risk ta\u015f\u0131r ve t\u00fcm yat\u0131r\u0131mc\u0131lar i\u00e7in uygun olmayabilir. Bir yat\u0131r\u0131m\u0131n ge\u00e7mi\u015f performans\u0131 gelecekteki performans\u0131n\u0131n g\u00f6stergesi de\u011fildir.<\/p>\n","protected":false},"excerpt":{"rendered":"<p>ORO FINTECH LTD, Sey\u015feller yasalar\u0131na g\u00f6re 8425077-1 \u015firket numaras\u0131yla kurulmu\u015f ve kay\u0131tl\u0131d\u0131r. \u015eirket, Sey\u015feller Menkul K\u0131ymetler Kanunu 2007 uyar\u0131nca izin verilen yat\u0131r\u0131m hizmetlerinin sa\u011flanmas\u0131 amac\u0131yla Sey\u015feller Finansal Hizmetler Otoritesi (FSA) taraf\u0131ndan SD046 Menkul K\u0131ymetler Bayi Lisans Numaras\u0131 ile yetkilendirilmi\u015ftir. FSA, Sey\u015feller&#8217;de banka d\u0131\u015f\u0131 finansal hizmetlerden sorumlu \u00f6zerk d\u00fczenleyici kurulu\u015ftur. 2013 tarihli Finansal Hizmetler Otoritesi Yasas\u0131 [&hellip;]<\/p>\n","protected":false},"author":1,"featured_media":0,"parent":0,"menu_order":0,"comment_status":"closed","ping_status":"closed","template":"page-templates\/Regulations.php","meta":{"_acf_changed":false,"footnotes":""},"class_list":["post-95","page","type-page","status-publish","hentry"],"aioseo_notices":[],"acf":[],"_links":{"self":[{"href":"https:\/\/thewallstreetfan.com\/tr\/wp-json\/wp\/v2\/pages\/95","targetHints":{"allow":["GET"]}}],"collection":[{"href":"https:\/\/thewallstreetfan.com\/tr\/wp-json\/wp\/v2\/pages"}],"about":[{"href":"https:\/\/thewallstreetfan.com\/tr\/wp-json\/wp\/v2\/types\/page"}],"author":[{"embeddable":true,"href":"https:\/\/thewallstreetfan.com\/tr\/wp-json\/wp\/v2\/users\/1"}],"replies":[{"embeddable":true,"href":"https:\/\/thewallstreetfan.com\/tr\/wp-json\/wp\/v2\/comments?post=95"}],"version-history":[{"count":2,"href":"https:\/\/thewallstreetfan.com\/tr\/wp-json\/wp\/v2\/pages\/95\/revisions"}],"predecessor-version":[{"id":6825,"href":"https:\/\/thewallstreetfan.com\/tr\/wp-json\/wp\/v2\/pages\/95\/revisions\/6825"}],"wp:attachment":[{"href":"https:\/\/thewallstreetfan.com\/tr\/wp-json\/wp\/v2\/media?parent=95"}],"curies":[{"name":"wp","href":"https:\/\/api.w.org\/{rel}","templated":true}]}}