{"id":89,"date":"2024-08-22T14:08:12","date_gmt":"2024-08-22T14:08:12","guid":{"rendered":"http:\/\/localhost\/wp-multisite\/?page_id=89"},"modified":"2025-02-05T08:32:03","modified_gmt":"2025-02-05T08:32:03","slug":"gizlilik-ve-guvenlik-politikasi","status":"publish","type":"page","link":"https:\/\/thewallstreetfan.com\/tr\/gizlilik-ve-guvenlik-politikasi\/","title":{"rendered":"Gizlilik ve G\u00fcvenlik Politikas\u0131"},"content":{"rendered":"\n<p>ORO FINTECH LTD (\u2018\u015eirket\u2019), ge\u00e7erli yasal gerekliliklere uygun olarak M\u00fc\u015fteriden elde edilen ki\u015fisel verilerin gizlili\u011fini ve mahremiyetini korumay\u0131 taahh\u00fct eder. \u015eirket, yaln\u0131zca M\u00fc\u015fteri ile i\u015f ili\u015fkisi i\u00e7in gerekli oldu\u011fu \u00f6l\u00e7\u00fcde veri toplayacakt\u0131r.<\/p>\n<p>Bu Gizlilik ve G\u00fcvenlik Politikas\u0131, \u015eirketin M\u00fc\u015fteri hakk\u0131nda ki\u015fisel verileri, M\u00fc\u015fterinin web sitelerimizi ziyaretleri s\u0131ras\u0131nda toplanan veriler dahil olmak \u00fczere nas\u0131l toplad\u0131\u011f\u0131n\u0131, muhafaza etti\u011fini, kulland\u0131\u011f\u0131n\u0131 ve iletti\u011fini a\u00e7\u0131klar.<\/p>\n<h4>M\u00fc\u015fterinin Ki\u015fisel Verilerinin Toplanmas\u0131 ve Kullan\u0131m\u0131<\/h4>\n<p>M\u00fc\u015fterinin, i\u015f ili\u015fkisinin kurulmas\u0131, hizmetlerin sa\u011flanmas\u0131 ve i\u015flem hesab\u0131na\/hesaplar\u0131na ve faaliyete eri\u015fim i\u00e7in gerekli ki\u015fisel verileri \u015eirkete sa\u011flamas\u0131 gerekir. Kay\u0131t i\u015flemi s\u0131ras\u0131nda sa\u011flanan veriler, di\u011ferlerinin yan\u0131 s\u0131ra \u015funlar\u0131 i\u00e7erebilir; M\u00fc\u015fterinin do\u011fum tarihi, tam ad\u0131 ve soyad\u0131, tam ikamet ve\/veya i\u015f adresi, m\u00fc\u015fterinin kimlik belgelerinde bulunan bilgiler (yani Pasaport\/Kimlik Kart\u0131), ileti\u015fim bilgileri (yani cep telefonu numaras\u0131, e-posta adresi). Bu bilgiler, \u015eirketin M\u00fc\u015fteriyi tan\u0131mlamas\u0131n\u0131 ve do\u011frulamas\u0131n\u0131, M\u00fc\u015fteriye bir i\u015flem hesab\u0131 ve eri\u015fim kodu\/\u015fifresi sa\u011flamas\u0131n\u0131 ve M\u00fc\u015fteriyle ileti\u015fim kurmas\u0131n\u0131 ve mevcut hizmetler, \u00fcr\u00fcnler ve promosyonlar hakk\u0131nda bilgi sa\u011flamas\u0131n\u0131 m\u00fcmk\u00fcn k\u0131lar.<\/p>\n<p>\u015eirket ayr\u0131ca M\u00fc\u015fterinin web sitelerini, \u00f6zel aray\u00fczlerini veya ileti\u015fim kanallar\u0131n\u0131, sa\u011flanan i\u015flem yaz\u0131l\u0131mlar\u0131n\u0131 veya platformlar\u0131n\u0131 kullan\u0131m\u0131ndan da bilgi elde eder. Bu bilgiler, ziyaret edilen site alanlar\u0131n\u0131, g\u00f6r\u00fcnt\u00fclenen sayfalar\u0131, ziyaretlerin s\u0131kl\u0131\u011f\u0131n\u0131 ve s\u00fcresini, \u0130nternet Protokol\u00fc (IP) adresini, bilgisayar tan\u0131mlama parametrelerini, ger\u00e7ekle\u015ftirilen i\u015flem t\u00fcrlerini, indirilen belgeleri, fare t\u0131klamalar\u0131n\u0131, fare hareketlerini ve kayd\u0131rma etkinli\u011fini i\u00e7erebilir.<\/p>\n<p>\u015eirket, m\u00fc\u015fterilerinin ihtiya\u00e7lar\u0131n\u0131 kar\u015f\u0131lad\u0131\u011f\u0131ndan emin olmak i\u00e7in anonim istatistiksel bilgiler toplar. Bu t\u00fcr verileri toplayarak \u015eirket, mevcut ve potansiyel m\u00fc\u015fterilere sunulan hizmetleri izleyebilir ve geli\u015ftirebilir. \u015eirket bu bilgileri \u00fc\u00e7\u00fcnc\u00fc taraflarla payla\u015fabilir.<\/p>\n<h4>M\u00fc\u015fterinin bilgilerinin g\u00fcncellenmesi<\/h4>\n<p>M\u00fc\u015fterinin \u015eirket ile ticari ili\u015fkisi s\u0131ras\u0131nda, M\u00fc\u015fteriden bu ili\u015fkinin s\u00fcrd\u00fcr\u00fclmesi i\u00e7in gerekli ki\u015fisel verileri, yenilenen kimlik belgeleri, g\u00fcncellenmi\u015f ileti\u015fim bilgileri dahil olmak \u00fczere sa\u011flamas\u0131 istenebilir.<\/p>\n<p>Ayr\u0131ca, M\u00fc\u015fteri ki\u015fisel bilgilerde herhangi bir de\u011fi\u015fiklik olmas\u0131 durumunda \u015eirketi bilgilendirebilir. \u015eirket, M\u00fc\u015fterinin talimatlar\u0131na uygun olarak M\u00fc\u015fterinin ki\u015fisel bilgilerini de\u011fi\u015ftirecek ve \u015eirketin d\u00fczenleyici veya yasal ama\u00e7larla ilgili ki\u015fisel verileri tutmas\u0131 ve\/veya M\u00fc\u015fteriye talep edilen hizmetleri sa\u011flamas\u0131 veya i\u015f kay\u0131tlar\u0131n\u0131 tutmas\u0131 gerekti\u011fi durumlar haricinde daha \u00f6nce elde edilen bilgileri silecektir.<\/p>\n<h4>Verilerin \u00dc\u00e7\u00fcnc\u00fc Taraflara Aktar\u0131lmas\u0131<\/h4>\n<p>Ki\u015fisel veriler, \u015eirket taraf\u0131ndan yaln\u0131zca bu Politikada a\u00e7\u0131klanan ama\u00e7lar i\u00e7in Avrupa Ekonomik Alan\u0131&#8217;nda bulunan \u00fc\u00e7\u00fcnc\u00fc taraflara ve Avrupa Ekonomik Alan\u0131 d\u0131\u015f\u0131nda bulunanlara aktar\u0131labilir.<\/p>\n<p>\u00dc\u00e7\u00fcnc\u00fc taraflar aras\u0131nda Muhasebeciler, Denet\u00e7iler, Hukuk Dan\u0131\u015fmanlar\u0131, Bankalar ve di\u011fer Kredi Kurulu\u015flar\u0131, \u00d6deme Sistemleri ve \u00d6deme Hizmeti Sa\u011flay\u0131c\u0131lar\u0131, Pazarlama ve M\u00fc\u015fteri Destek Ajanslar\u0131, \u015eirketin s\u00f6zle\u015fmesel ili\u015fki s\u00fcrd\u00fcrd\u00fc\u011f\u00fc Hizmet Sa\u011flay\u0131c\u0131lar\u0131 ve \u015eirket ile ayn\u0131 \u015eirketler grubundaki kurulu\u015flar yer alabilir.<\/p>\n<p>M\u00fc\u015fterinin kimli\u011finin belirlenmesi ve do\u011frulanmas\u0131 amac\u0131yla \u015eirket, ilgili d\u00fczenleyici gerekliliklere uygun olarak M\u00fc\u015fterinin verilerini bu t\u00fcr bir tan\u0131mlamay\u0131 ger\u00e7ekle\u015ftirme yetkisine sahip \u00fc\u00e7\u00fcnc\u00fc taraf bir hizmet sa\u011flay\u0131c\u0131ya iletecektir. \u015eirket, iletilen verilerin gizlili\u011fini ve mahremiyetini sa\u011flayacakt\u0131r.<\/p>\n<p>\u015eirket, herhangi bir d\u00fczenleyici otorite, kamu kurumu, mali istihbarat birimi, polis, h\u00fck\u00fcmet ofisi, vergi dairesi, kolluk kuvvetleri taraf\u0131ndan talimat verilmesi halinde veya kanun taraf\u0131ndan gerekli g\u00f6r\u00fclmesi halinde veya \u015eirket, bilgi payla\u015f\u0131m\u0131n\u0131n mal ve\/veya ki\u015filere y\u00f6nelik yak\u0131n fiziksel zarar\u0131 veya hasar\u0131 \u00f6nlemek i\u00e7in gerekli oldu\u011funu d\u00fc\u015f\u00fcnmesi halinde M\u00fc\u015fterinin ki\u015fisel verilerini \u00fc\u00e7\u00fcnc\u00fc taraflara aktarma hakk\u0131n\u0131 sakl\u0131 tutar.<\/p>\n<p>\u015eirket ile ayn\u0131 \u015eirketler grubundaki kurulu\u015flara veri aktar\u0131m\u0131, yaln\u0131zca M\u00fc\u015fteriye hizmet sa\u011flanmas\u0131 i\u00e7in gerekliyse ve s\u0131n\u0131rl\u0131 olacakt\u0131r.<\/p>\n<p>M\u00fc\u015fteri, bir ticari ili\u015fki kurmaya devam ederek, bu t\u00fcr aktar\u0131mlara a\u00e7\u0131k ve net bir \u015fekilde onay verir.<\/p>\n<h4>\u00c7erezler<\/h4>\n<p>\u00c7erezler, genellikle benzersiz bir tan\u0131mlama numaras\u0131 veya de\u011feri i\u00e7eren ve M\u00fc\u015fterinin \u015eirketin web sitesini\/sitelerini ve\/veya ticaret yaz\u0131l\u0131m\u0131n\u0131 kullanmas\u0131 sonucunda bilgisayar\u0131n sabit s\u00fcr\u00fcc\u00fcs\u00fcnde depolanan k\u00fc\u00e7\u00fck bilgi dosyalar\u0131d\u0131r. \u015eirket, web sitesinin etkili bir \u015fekilde \u00e7al\u0131\u015fmas\u0131 ve bak\u0131m\u0131 i\u00e7in \u00e7erezler kullan\u0131r.<\/p>\n<p>\u015eirket hem oturum kimli\u011fi \u00e7erezlerini hem de kal\u0131c\u0131 \u00e7erezleri kullanabilir. Bir oturum kimli\u011fi \u00e7erezi, M\u00fc\u015fteri taray\u0131c\u0131y\u0131 kapatt\u0131\u011f\u0131nda sona erer. Kal\u0131c\u0131 bir \u00e7erez, M\u00fc\u015fterinin sabit diskinde uzun bir s\u00fcre kal\u0131r.e. Kal\u0131c\u0131 \u00e7erezler, \u015eirketin web sitesi ziyaret\u00e7ilerinin konumunu ve ilgi alanlar\u0131n\u0131 izlemesini ve hedeflemesini ve \u015eirketin web sitesini\/sitelerini ziyaret etme deneyimlerini geli\u015ftirmesini sa\u011flar. Teknolojik destek i\u00e7in \u015eirketin web sitesine\/sitelerine eri\u015fimi olabilecek \u00fc\u00e7\u00fcnc\u00fc taraflar kendi \u00e7erezlerini kullanabilir.<\/p>\n<h4>G\u00fcvenlik<\/h4>\n<p>\u015eirket, M\u00fc\u015fterinin sa\u011flad\u0131\u011f\u0131 verilerin ve ki\u015fisel bilgilerin g\u00fcvenli\u011finin, b\u00fct\u00fcnl\u00fc\u011f\u00fcn\u00fcn ve gizlili\u011finin k\u00f6t\u00fcye kullan\u0131lmamas\u0131n\u0131 sa\u011flamak i\u00e7in uygun g\u00fcvenlik \u00f6nlemlerini s\u00fcrd\u00fcrme \u00e7abas\u0131 g\u00f6sterir. Bu t\u00fcr sistemler ve prosed\u00fcrler g\u00fcvenlik ihlalleri riskini azalt\u0131rken, mutlak g\u00fcvenlik sa\u011flamazlar. Bu nedenle, \u015eirket, hizmetlerin herhangi bir yanl\u0131\u015ftan, ar\u0131zadan, hukuka ayk\u0131r\u0131 m\u00fcdahaleden veya saklanan bilgilere yetkisiz eri\u015fimden ve di\u011fer bilgi g\u00fcvenli\u011fi risklerinden muaf olaca\u011f\u0131n\u0131 veya M\u00fc\u015fterinin \u015eirketin web sitesi\/siteleri (ileti\u015fim aray\u00fczleri dahil) \u00fczerinden veya bunlar arac\u0131l\u0131\u011f\u0131yla yapt\u0131\u011f\u0131 \u00f6zel ileti\u015fimlerin gizli kalaca\u011f\u0131n\u0131 garanti edemez.<\/p>\n<h4>M\u00fc\u015fterinin bilgilerinin g\u00fcncellenmesi<\/h4>\n<p>M\u00fc\u015fteri, ki\u015fisel bilgilerde herhangi bir de\u011fi\u015fiklik olmas\u0131 durumunda \u015eirketi bilgilendirebilir. \u015eirket, M\u00fc\u015fterinin ki\u015fisel bilgilerini, M\u00fc\u015fterinin talimatlar\u0131na uygun olarak de\u011fi\u015ftirecek ve \u015eirketin d\u00fczenleyici veya yasal ama\u00e7larla ilgili ki\u015fisel verileri tutmas\u0131 ve\/veya M\u00fc\u015fteriye talep edilen hizmetleri sa\u011flamas\u0131 veya i\u015f kay\u0131tlar\u0131n\u0131 tutmas\u0131 gerekti\u011fi durumlar haricinde daha \u00f6nce elde edilen bilgileri silecektir.<\/p>\n<h4>Ba\u011flant\u0131lar<\/h4>\n<p>M\u00fc\u015fteri, \u015eirketin web sitesini\/sitelerini kulland\u0131\u011f\u0131nda, di\u011fer web sitelerine ba\u011flant\u0131 verebilir. Bu Gizlilik ve G\u00fcvenlik Politikas\u0131, s\u00f6z konusu di\u011fer siteler i\u00e7in ge\u00e7erli de\u011fildir. \u015eirket, \u00fc\u00e7\u00fcnc\u00fc taraflarca bu di\u011fer siteler arac\u0131l\u0131\u011f\u0131yla toplanan ki\u015fisel bilgilerden sorumlu de\u011fildir.<\/p>\n<h4>Uygulama ve De\u011fi\u015fiklikler<\/h4>\n<p>Kay\u0131t i\u015flemine devam eden M\u00fc\u015fteri, ki\u015fisel verilerin toplanmas\u0131, saklanmas\u0131 ve kullan\u0131m\u0131 ve \u00fc\u00e7\u00fcnc\u00fc taraflara iletilmesi dahil olmak \u00fczere bu Politikada belirtilen t\u00fcm h\u00fck\u00fcmleri kabul eder ve onaylar.<\/p>\n<p>\u015eirket, bu Politikan\u0131n h\u00fck\u00fcmlerini zaman zaman de\u011fi\u015ftirebilir ve g\u00fcncelleyebilir. En son s\u00fcr\u00fcm \u015eirketin web sitesinde mevcut olacakt\u0131r. M\u00fc\u015fterinin, ki\u015fisel verilerle ilgili g\u00fcncellenmi\u015f bilgileri \u00f6\u011frenmek i\u00e7in web sitesini s\u0131k s\u0131k ziyaret etmesi \u00f6nerilir.<\/p>\n<p>M\u00fc\u015fterinin bu Gizlilik ve G\u00fcvenlik Politikas\u0131 ve bunun uygulanmas\u0131yla ilgili herhangi bir sorusu veya endi\u015fesi varsa, bunlar\u0131 \u015fu adrese iletebilir:\u00a0<a href=\"mailto:compliance@fxoroglobal.com\">compliance@fxoroglobal.com<\/a><\/p>\n","protected":false},"excerpt":{"rendered":"<p>ORO FINTECH LTD (\u2018\u015eirket\u2019), ge\u00e7erli yasal gerekliliklere uygun olarak M\u00fc\u015fteriden elde edilen ki\u015fisel verilerin gizlili\u011fini ve mahremiyetini korumay\u0131 taahh\u00fct eder. \u015eirket, yaln\u0131zca M\u00fc\u015fteri ile i\u015f ili\u015fkisi i\u00e7in gerekli oldu\u011fu \u00f6l\u00e7\u00fcde veri toplayacakt\u0131r. Bu Gizlilik ve G\u00fcvenlik Politikas\u0131, \u015eirketin M\u00fc\u015fteri hakk\u0131nda ki\u015fisel verileri, M\u00fc\u015fterinin web sitelerimizi ziyaretleri s\u0131ras\u0131nda toplanan veriler dahil olmak \u00fczere nas\u0131l toplad\u0131\u011f\u0131n\u0131, muhafaza [&hellip;]<\/p>\n","protected":false},"author":1,"featured_media":0,"parent":0,"menu_order":0,"comment_status":"closed","ping_status":"closed","template":"page-templates\/StandardPage.php","meta":{"_acf_changed":false,"footnotes":""},"class_list":["post-89","page","type-page","status-publish","hentry"],"aioseo_notices":[],"acf":[],"_links":{"self":[{"href":"https:\/\/thewallstreetfan.com\/tr\/wp-json\/wp\/v2\/pages\/89","targetHints":{"allow":["GET"]}}],"collection":[{"href":"https:\/\/thewallstreetfan.com\/tr\/wp-json\/wp\/v2\/pages"}],"about":[{"href":"https:\/\/thewallstreetfan.com\/tr\/wp-json\/wp\/v2\/types\/page"}],"author":[{"embeddable":true,"href":"https:\/\/thewallstreetfan.com\/tr\/wp-json\/wp\/v2\/users\/1"}],"replies":[{"embeddable":true,"href":"https:\/\/thewallstreetfan.com\/tr\/wp-json\/wp\/v2\/comments?post=89"}],"version-history":[{"count":1,"href":"https:\/\/thewallstreetfan.com\/tr\/wp-json\/wp\/v2\/pages\/89\/revisions"}],"predecessor-version":[{"id":6571,"href":"https:\/\/thewallstreetfan.com\/tr\/wp-json\/wp\/v2\/pages\/89\/revisions\/6571"}],"wp:attachment":[{"href":"https:\/\/thewallstreetfan.com\/tr\/wp-json\/wp\/v2\/media?parent=89"}],"curies":[{"name":"wp","href":"https:\/\/api.w.org\/{rel}","templated":true}]}}