{"id":73,"date":"2024-08-22T14:06:42","date_gmt":"2024-08-22T14:06:42","guid":{"rendered":"http:\/\/localhost\/wp-multisite\/?page_id=73"},"modified":"2025-02-10T14:31:28","modified_gmt":"2025-02-10T14:31:28","slug":"haberler","status":"publish","type":"page","link":"https:\/\/thewallstreetfan.com\/tr\/haberler\/","title":{"rendered":"Haberler"},"content":{"rendered":"\n<link\n  rel=\"stylesheet\"\n  href=\"https:\/\/cdn.jsdelivr.net\/gh\/fancyapps\/fancybox@3.5.2\/dist\/jquery.fancybox.min.css\"\n  type=\"text\/css\"\n  media=\"screen\"\n\/>\n<script\n  type=\"text\/javascript\"\n  src=\"https:\/\/cdn.jsdelivr.net\/gh\/fancyapps\/fancybox@3.5.2\/dist\/jquery.fancybox.min.js?r=1223\"\n><\/script>\n<script>\n  function detectmob() {\n    if (\n      navigator.userAgent.match(\/Android\/i) ||\n      navigator.userAgent.match(\/webOS\/i) ||\n      navigator.userAgent.match(\/iPhone\/i) ||\n      navigator.userAgent.match(\/iPad\/i) ||\n      navigator.userAgent.match(\/iPod\/i) ||\n      navigator.userAgent.match(\/BlackBerry\/i) ||\n      navigator.userAgent.match(\/Windows Phone\/i)\n    ) {\n      return true;\n    } else {\n      return false;\n    }\n  }\n  var isMobile = detectmob();\n  showDemoMsg = function () {\n    var msg, div;\n    var usersPath = \"\/\/www.mte-media.com\/users\/fxoro\/\";\n    var btn = \"\u015e\u0130MD\u0130 KAYIT OLUN\";\n    var title = \"PREMIUM CONTENT\";\n    var body = \"\u015e\u0130MD\u0130 KAYIT OLUN\";\n    $.event.trigger({ type: \"LOCKED_PRESSED\", message: \"\", time: new Date() });\n    if ($(\"#reg_message\").length > 0) {\n      msg = $(\"#reg_message\").html();\n      if (msg.length == 0) {\n        return;\n      }\n      div = \"#reg_message\";\n    } else {\n      msg = \"<div id='reg_msg2' >\";\n      msg += \"<img src='\" + usersPath + \"\/logo.png'\/>\";\n      msg += \"<br><h2>\" + title + \"<\/h2>\";\n      msg += \"<h4>\" + body + \"<\/h4>\";\n      msg += \"<div class='reg_btn' style='line-height: 3pt' >\" + btn + \"<\/div>\";\n      msg += \"<\/div>\";\n      div = \"#reg_msg2\";\n    }\n    var url = \"https:\/\/www.my.fxoroglobal.com\/register\/\";\n    $.fancybox.open({\n      src: msg,\n      padding: 3,\n      type: \"inline\",\n      afterShow: function () {\n        if (isMobile) {\n          $(\"#reg_msg2 .reg_btn\").on(\"touchstart\", function () {\n            window.open(url, \"_top\");\n          });\n        } else {\n          $(\"#reg_msg2 .reg_btn\").click(function () {\n            window.open(url, \"_top\");\n          });\n        }\n      },\n    });\n  };\n  $(function () {\n    if (isMobile) {\n      $(\".widgetframe\").addClass(\"mobile\");\n    } else {\n    }\n  });\n<\/script>\n<style>\n  body {\n    margin: 0;\n    padding: 0;\n    min-height: 300px;\n  }\n  .briefingslogo {\n    height: 40px;\n    width: auto;\n  }\n  .widgetframe {\n    background: #f2f2f2;\n    position: relative;\n    border: 5px solid rgba(0, 0, 0, 0.3);\n    width: 100%;\n    float: left;\n    border-radius: 3px;\n    margin-bottom: 20px;\n    margin-top: 20px;\n    overflow: auto;\n  }\n  .mobile {\n    width: 100vh !important; \/*margin-left: 2% !important; margin-right: 2% !important;*\/ \/*border: 3px solid red rgba(0, 0, 0, 0.3) !important;*\/\n    border: 0 !important;\n  }\n  .widgettitle {\n    font-family: \"Roboto\";\n    color: #9b9b9b;\n    padding-top: 2px;\n    padding-bottom: 3px;\n    padding-right: 2px;\n    padding-left: 2px;\n    font-size: 16pt;\n    background: rgba(0, 0, 0, 0.2); \/*box-sizing: border-box;*\/\n  }\n  .widgetinfo {\n    height: 50px;\n    font-family: \"Roboto\";\n    color: #9b9b9b;\n    padding-top: 2px;\n    padding-bottom: 10px;\n    padding-right: 2px;\n    padding-left: 2px;\n    font-size: 10pt; \/* background:rgba(0, 0, 0, 0.3);*\/\n    background: #f2f2f2; \/*box-sizing: border-box;*\/\n  }\n  .tradebutton {\n    width: 80px !important ;\n    background: #ef5a28 !important;\n    color: #ffffff !important;\n  }\n  mte-news-charts-landscape {\n    max-width: 1200px !important;\n  }\n  #reg_msg {\n    display: none;\n    padding: 20px;\n    text-align: center;\n    z-index: 1005;\n  }\n  #reg_msg2 {\n    padding: 2vw;\n    text-align: center;\n    background: white;\n  }\n  #reg_msg2 .reg_btn {\n    margin: 0 auto;\n    cursor: pointer;\n    width: 250px;\n    height: 25px;\n    background: green;\n    color: white;\n    padding: 15px;\n    border: 1px solid grey;\n  }\n  #reg_msg2 .reg_btn:hover {\n    background: black;\n    color: white;\n  }\n  #reg_msg2 img {\n    width: 10vw;\n    -webkit-filter: drop-shadow(1px 1px 3px rgba(0, 0, 0, 0.7));\n    filter: url(#drop-shadow);\n    -ms-filter: \"progid:DXImageTransform.Microsoft.Dropshadow(OffX=12, OffY=12, Color='#444')\";\n    filter: \"progid:DXImageTransform.Microsoft.Dropshadow(OffX=12, OffY=12, Color='#444')\";\n  }\n  #reg_msg2:hover {\n    color: #333;\n  }\n<\/style>\n<style is=\"custom-style\">\n  :root {\n    \/* ------------------- news list CSS style --------------------------------------------------*\/\n    --mte-news-list: {\n      -webkit-font-smoothing: antialiased;\n      -moz-osx-font-smoothing: grayscale;\n      -webkit-font-smoothing: antialiased;\n      font-family: \"Roboto\";\n      line-height: 1.5em;\n      max-with: 1000px;\n    }\n  \n    --mte-news-list-item-margin: 1px 1px 1px 1px;\n    --mte-news-list-item-padding: 20px;\n    --mte-news-list-item-border-radius: 5px;\n    --mte-news-list-item-border: 1px solid #dbdbdb;\n    --mte-news-list-background: #ffffff;\n    --mte-news-list-item-background: #ffffff;\n    --mte-news-list-item-hover: #dbdbdb;\n    --mte-news-list-title-color: #fff;\n    --mte-news-list-title-font-size: 18px;\n    --mte-news-list-title-font-weight: 550;\n    --mte-news-list-title-font-family: \"Roboto\";\n    --mte-news-list-description-color: #fff;\n    --mte-news-list-description-font-size: 16px;\n    --mte-news-list-description-font-weight: 300;\n    --mte-news-list-description-font-family: \"Roboto\";\n    --mte-news-list-postedat-font-size: 14px;\n    --mte-news-list-postedat-font-weight: 300;\n    --mte-news-list-postedat-font-family: \"Roboto\";\n    --mte-news-list-postedat-color: #fff;\n    --mte-news-list-toolbar-font-size: 20px;\n    --mte-news-list-toolbar-font-weight: 600;\n    --mte-news-list-toolbar-font-family: \"Roboto\";\n    --mte-news-list-toolbar-color: white;\n    --mte-news-list-toolbar-background: #273773;\n    --mte-news-list-toolbar-height: 0px;\n    --news-item-layout: {\n      \/*layout horizontal *\/\n      display: -ms-flexbox;\n      display: -webkit-flex;\n      display: flex;\n      -ms-flex-direction: row;\n      -webkit-flex-direction: row;\n      flex-direction: row;\n    }\n    --news-image-layout: {\n      \/* flex-4 *\/\n      -ms-flex: 4;\n      -webkit-flex: 4;\n      flex: 4;\n    }\n    --news-pad-layout: {\n      \/* layout vertical flex-8 *\/\n      -ms-flex: 8;\n      -webkit-flex: 8;\n      flex: 8;\n      display: -ms-flexbox;\n      display: -webkit-flex;\n      display: flex;\n      -ms-flex-direction: column;\n      -webkit-flex-direction: column;\n      flex-direction: column;\n    }\n    --news-trade-button: {\n      background: #ef5a28; \/*color: yellow;*\/ \/*text-transform: capitalize;*\/\n      font-size: 12px;\n      font-weight: 400;\n    }\n  }\n<\/style>\n<div class=\"no_frame\" dir=\"ltr\">\n  <mte-news-list\n    data-assets=\"$csi\"\n    clientId=\"7743aa8\"\n    lang=\"en\"\n    height=\"100vh\"\n    detailurl=\"https:\/\/thewallstreetfan.com\/new\/articles\/\"\n    tradelink=\"https:\/\/my.fxoroglobal.com\/private-area\"\n  ><\/mte-news-list>\n<\/div>\n<script src=\"\/\/www.mte-media.com\/slmloaders\/listloadermulty.js\"><\/script>\n<script\n  src=\"\/\/www.mte-media.com\/slmloaders\/loadwebcomponents.js\"\n  data-widgets='[\"mte-news-list\"]'\n  id=\"mtewidgetloader\"\n><\/script>\n<section>\n  <div class=\"normal-container\">\n    <div class=\"container row\">\n      <div class=\"xxl-box\">\n        <p>\n             L\u00fctfen, \u0130\u015flem Sinyallerinde yer alan g\u00f6r\u00fc\u015flerin <strong>FXORO<\/strong> Global taraf\u0131ndan olu\u015fturulmad\u0131\u011f\u0131n\u0131 ve <strong>FXORO<\/strong> Global&#8217;in herhangi bir g\u00f6r\u00fc\u015f\u00fcn\u00fc olu\u015fturmad\u0131\u011f\u0131n\u0131, yaln\u0131zca ba\u011f\u0131ms\u0131z bir \u00fc\u00e7\u00fcnc\u00fc taraf\u0131n mevcut yarg\u0131s\u0131n\u0131 yans\u0131tt\u0131\u011f\u0131n\u0131, \u00f6nceden herhangi bir bildirimde bulunulmaks\u0131z\u0131n de\u011fi\u015febilece\u011fini ve hi\u00e7bir \u015fekilde, a\u00e7\u0131k\u00e7a veya \u00f6rt\u00fck olarak, do\u011frudan veya dolayl\u0131 olarak, bir finansal ara\u00e7la ilgili bir yat\u0131r\u0131m tavsiyesi, \u00f6nerisi veya yat\u0131r\u0131m stratejisi \u00f6nerisi olarak yorumlanmamas\u0131 gerekti\u011fini unutmay\u0131n.\n          <\/p>\n      <\/div>\n    <\/div>\n  <\/div>\n<\/section>\n","protected":false},"excerpt":{"rendered":"<p>L\u00fctfen, \u0130\u015flem Sinyallerinde yer alan g\u00f6r\u00fc\u015flerin FXORO Global taraf\u0131ndan olu\u015fturulmad\u0131\u011f\u0131n\u0131 ve FXORO Global&#8217;in herhangi bir g\u00f6r\u00fc\u015f\u00fcn\u00fc olu\u015fturmad\u0131\u011f\u0131n\u0131, yaln\u0131zca ba\u011f\u0131ms\u0131z bir \u00fc\u00e7\u00fcnc\u00fc taraf\u0131n mevcut yarg\u0131s\u0131n\u0131 yans\u0131tt\u0131\u011f\u0131n\u0131, \u00f6nceden herhangi bir bildirimde bulunulmaks\u0131z\u0131n de\u011fi\u015febilece\u011fini ve hi\u00e7bir \u015fekilde, a\u00e7\u0131k\u00e7a veya \u00f6rt\u00fck olarak, do\u011frudan veya dolayl\u0131 olarak, bir finansal ara\u00e7la ilgili bir yat\u0131r\u0131m tavsiyesi, \u00f6nerisi veya yat\u0131r\u0131m stratejisi \u00f6nerisi olarak [&hellip;]<\/p>\n","protected":false},"author":1,"featured_media":0,"parent":0,"menu_order":0,"comment_status":"closed","ping_status":"closed","template":"page-templates\/News.php","meta":{"_acf_changed":false,"footnotes":""},"class_list":["post-73","page","type-page","status-publish","hentry"],"aioseo_notices":[],"acf":[],"_links":{"self":[{"href":"https:\/\/thewallstreetfan.com\/tr\/wp-json\/wp\/v2\/pages\/73","targetHints":{"allow":["GET"]}}],"collection":[{"href":"https:\/\/thewallstreetfan.com\/tr\/wp-json\/wp\/v2\/pages"}],"about":[{"href":"https:\/\/thewallstreetfan.com\/tr\/wp-json\/wp\/v2\/types\/page"}],"author":[{"embeddable":true,"href":"https:\/\/thewallstreetfan.com\/tr\/wp-json\/wp\/v2\/users\/1"}],"replies":[{"embeddable":true,"href":"https:\/\/thewallstreetfan.com\/tr\/wp-json\/wp\/v2\/comments?post=73"}],"version-history":[{"count":1,"href":"https:\/\/thewallstreetfan.com\/tr\/wp-json\/wp\/v2\/pages\/73\/revisions"}],"predecessor-version":[{"id":6563,"href":"https:\/\/thewallstreetfan.com\/tr\/wp-json\/wp\/v2\/pages\/73\/revisions\/6563"}],"wp:attachment":[{"href":"https:\/\/thewallstreetfan.com\/tr\/wp-json\/wp\/v2\/media?parent=73"}],"curies":[{"name":"wp","href":"https:\/\/api.w.org\/{rel}","templated":true}]}}