{"id":67,"date":"2024-08-22T14:06:09","date_gmt":"2024-08-22T14:06:09","guid":{"rendered":"http:\/\/localhost\/wp-multisite\/?page_id=67"},"modified":"2025-03-14T14:15:12","modified_gmt":"2025-03-14T14:15:12","slug":"trading-central","status":"publish","type":"page","link":"https:\/\/thewallstreetfan.com\/tr\/trading-central\/","title":{"rendered":"Trading central"},"content":{"rendered":"<section>\n<div class=\"normal-container\">\n<div class=\"container row\">\n<div class=\"xxl-box\">\n<p class=\"mt-0\"><strong>FXORO<\/strong> Global, ticaret stratejilerinizi optimize etmek i\u00e7in tasarlanm\u0131\u015f <strong>sofistike ve etkili ticaret ara\u00e7lar\u0131<\/strong> sunmak amac\u0131yla, d\u00fcnya \u00e7ap\u0131nda tan\u0131nan ve \u00f6d\u00fcll\u00fc bir \u015firket olan Trading Central ile i\u015fbirli\u011fi yapt\u0131\u011f\u0131n\u0131 duyurmaktan heyecan duymaktad\u0131r.<\/p>\n<p>Son y\u0131llarda, Trading Central, d\u00fcnya \u00e7ap\u0131nda \u00e7ok say\u0131da t\u00fcccar i\u00e7in tercih edilen platform haline gelmi\u015ftir. Platformun cazibesi, <strong>derinlemesine analizler, bilgilendirici makaleler, web seminerleri ve canl\u0131 bir t\u00fcccar ve yat\u0131r\u0131mc\u0131 toplulu\u011fu<\/strong> dahil olmak \u00fczere geni\u015f bir kaynak ve ticaret arac\u0131 deposuna dayan\u0131r.<\/p>\n<p><strong>FXORO Global&#8217;in sundu\u011fu Trading Central hizmetlerini a\u015fa\u011f\u0131daki simgelere t\u0131klayarak ke\u015ffedin.<\/strong><\/p>\n<\/p><\/div>\n<\/p><\/div>\n<\/p><\/div>\n<\/section>\n<section>\n<div class=\"normal-container\">\n<div class=\"container row flex\">\n<div class=\"round-buttons-wrap\">\n<div class=\"round-dots-button\">\n          <a class=\"round-button\" href=\"https:\/\/thewallstreetfan.com\/tr\/technical-view\/\"><\/p>\n<p class=\"title text-dark-blue\">TEKN\u0130K<br \/>G\u00d6R\u00dc\u015eLER<\/p>\n<p class=\"number text-orange\">1<\/p>\n<p>          <\/a><br \/>\n          <img decoding=\"async\" loading=\"lazy\" class=\"orange-arrow\" src=\"\/wp-content\/themes\/Fxoro-2023\/assets\/imgs\/orange arrow.svg\" alt=\"orange-arrow\">\n        <\/div>\n<\/p><\/div>\n<div class=\"round-buttons-wrap\">\n<div class=\"round-dots-button\">\n          <img decoding=\"async\" loading=\"lazy\" class=\"yellow-arrow\" src=\"\/wp-content\/themes\/Fxoro-2023\/assets\/imgs\/yellow arrow.svg\" alt=\"yellow-arrow\"><br \/>\n          <a class=\"round-button\" href=\"https:\/\/thewallstreetfan.com\/tr\/alpha-generation\/\"><\/p>\n<p class=\"title text-dark-blue\">ALPHA<br \/>GENERATION<\/p>\n<p class=\"number text-yellow\">2<\/p>\n<p>          <\/a>\n        <\/div>\n<\/p><\/div>\n<div class=\"round-buttons-wrap\">\n<div class=\"round-dots-button\">\n          <a class=\"round-button\" href=\"https:\/\/thewallstreetfan.com\/tr\/tc-market-buzz\/\"><\/p>\n<p class=\"title text-dark-blue\">TC MARKET<br \/>BUZZ<\/p>\n<p class=\"number text-black\">3<\/p>\n<p>          <\/a><br \/>\n          <img decoding=\"async\" loading=\"lazy\" class=\"black-arrow\" src=\"\/wp-content\/themes\/Fxoro-2023\/assets\/imgs\/black arrow.svg\" alt=\"black-arrow\">\n        <\/div>\n<\/p><\/div>\n<div class=\"round-buttons-wrap\">\n<div class=\"round-dots-button\">\n          <img decoding=\"async\" loading=\"lazy\" class=\"blue-arrow\" src=\"\/wp-content\/themes\/Fxoro-2023\/assets\/imgs\/blue arrow.svg\" alt=\"blue-arrow\"><br \/>\n          <a class=\"round-button\" href=\"https:\/\/thewallstreetfan.com\/tr\/tc-newsletter\/\"><\/p>\n<p class=\"title text-dark-blue\">TC<br \/>NEWSLETTER<\/p>\n<p class=\"number text-dark-blue\">4<\/p>\n<p>          <\/a>\n        <\/div>\n<\/p><\/div>\n<div class=\"round-buttons-wrap\">\n<div class=\"round-dots-button\">\n          <a class=\"round-button\" href=\"https:\/\/thewallstreetfan.com\/tr\/web-tv\/\"><\/p>\n<p class=\"title text-dark-blue\">WEB<br \/>TV<\/p>\n<p class=\"number text-black\">5<\/p>\n<p>          <\/a><br \/>\n          <img decoding=\"async\" loading=\"lazy\" class=\"black-line\" src=\"\/wp-content\/themes\/Fxoro-2023\/assets\/imgs\/black closed line.svg\" alt=\"black-line\">\n        <\/div>\n<\/p><\/div>\n<\/p><\/div>\n<\/p><\/div>\n<\/section>\n<section>\n<div class=\"normal-container\">\n<div class=\"container\">\n<div class=\"xxl-box\">\n<p class=\"mt-0 text-italic\"><strong>Risk Uyar\u0131s\u0131:<\/strong> Burada sunulan herhangi bir veri, \u00f6zellik, performans yaln\u0131zca bilgilendirme amac\u0131yla olup, FXORO Global herhangi bir \u015fekilde yat\u0131r\u0131m ve\/veya ticaret tavsiyesi sa\u011flamaz ve\/veya sa\u011flamay\u0131 ama\u00e7lamaz ve\/veya mevcut ya da potansiyel m\u00fc\u015fterileri herhangi bir hizmeti\/\u00f6zelli\u011fi kullanmaya veya abone olmaya te\u015fvik etmez. M\u00fc\u015fteri, kendi ticaret faaliyetlerinden yaln\u0131zca sorumlu olup, finansal ara\u00e7, sinyal sa\u011flay\u0131c\u0131 ve ticaret stratejisi se\u00e7iminden yaln\u0131zca kendisi sorumludur. Ge\u00e7mi\u015f performans, gelecekteki sonu\u00e7lar\u0131n bir g\u00f6stergesi de\u011fildir.<\/p>\n<\/p><\/div>\n<\/p><\/div>\n<\/p><\/div>\n<\/section>\n","protected":false},"excerpt":{"rendered":"<p>FXORO Global, ticaret stratejilerinizi optimize etmek i\u00e7in tasarlanm\u0131\u015f sofistike ve etkili ticaret ara\u00e7lar\u0131 sunmak amac\u0131yla, d\u00fcnya \u00e7ap\u0131nda tan\u0131nan ve \u00f6d\u00fcll\u00fc bir \u015firket olan Trading Central ile i\u015fbirli\u011fi yapt\u0131\u011f\u0131n\u0131 duyurmaktan heyecan duymaktad\u0131r. Son y\u0131llarda, Trading Central, d\u00fcnya \u00e7ap\u0131nda \u00e7ok say\u0131da t\u00fcccar i\u00e7in tercih edilen platform haline gelmi\u015ftir. Platformun cazibesi, derinlemesine analizler, bilgilendirici makaleler, web seminerleri ve [&hellip;]<\/p>\n","protected":false},"author":1,"featured_media":0,"parent":0,"menu_order":0,"comment_status":"closed","ping_status":"closed","template":"page-templates\/TradingCentral.php","meta":{"_acf_changed":false,"footnotes":""},"class_list":["post-67","page","type-page","status-publish","hentry"],"aioseo_notices":[],"acf":[],"_links":{"self":[{"href":"https:\/\/thewallstreetfan.com\/tr\/wp-json\/wp\/v2\/pages\/67","targetHints":{"allow":["GET"]}}],"collection":[{"href":"https:\/\/thewallstreetfan.com\/tr\/wp-json\/wp\/v2\/pages"}],"about":[{"href":"https:\/\/thewallstreetfan.com\/tr\/wp-json\/wp\/v2\/types\/page"}],"author":[{"embeddable":true,"href":"https:\/\/thewallstreetfan.com\/tr\/wp-json\/wp\/v2\/users\/1"}],"replies":[{"embeddable":true,"href":"https:\/\/thewallstreetfan.com\/tr\/wp-json\/wp\/v2\/comments?post=67"}],"version-history":[{"count":3,"href":"https:\/\/thewallstreetfan.com\/tr\/wp-json\/wp\/v2\/pages\/67\/revisions"}],"predecessor-version":[{"id":6879,"href":"https:\/\/thewallstreetfan.com\/tr\/wp-json\/wp\/v2\/pages\/67\/revisions\/6879"}],"wp:attachment":[{"href":"https:\/\/thewallstreetfan.com\/tr\/wp-json\/wp\/v2\/media?parent=67"}],"curies":[{"name":"wp","href":"https:\/\/api.w.org\/{rel}","templated":true}]}}