{"id":6363,"date":"2025-01-23T07:59:27","date_gmt":"2025-01-23T07:59:27","guid":{"rendered":"https:\/\/thewallstreetfan.com\/?page_id=6363"},"modified":"2025-03-14T15:26:36","modified_gmt":"2025-03-14T15:26:36","slug":"risk-uyari-bildirimi","status":"publish","type":"page","link":"https:\/\/thewallstreetfan.com\/tr\/risk-uyari-bildirimi\/","title":{"rendered":"Risk uyar\u0131 bildirimi"},"content":{"rendered":"<p class=\"mt-0\">ORO Fintech Limited Sey\u015feller yasalar\u0131na g\u00f6re kurulmu\u015f ve tescil edilmi\u015f bir limited \u015firkettir. numaras\u0131 8425077-1. \u015eirketin kay\u0131tl\u0131 ofisi Suite 3, Global Village, Jivan&#8217;s Complex Mont adresinde bulunmaktad\u0131r.<br \/>\nFleuri, Mahe, Sey\u015feller. \u015eirket, Sey\u015feller Finansal Hizmetler Otoritesi taraf\u0131ndan Menkul K\u0131ymetler ile yetkilendirilmi\u015ftir Bayi Lisans Numaras\u0131 SD046<\/p>\n<ol>\n<li>\n        R\u0130SK UYARISI<\/p>\n<p>M\u00fc\u015fteri, Web Sitesini kendi riski alt\u0131nda kullanmay\u0131 kabul eder.<\/p>\n<p>M\u00fc\u015fterinin ba\u015flang\u0131\u00e7taki yat\u0131r\u0131m\u0131n\u0131n tamam\u0131n\u0131 veya bir k\u0131sm\u0131n\u0131 kaybetme olas\u0131l\u0131\u011f\u0131 vard\u0131r. ve bu nedenle M\u00fc\u015fteri kaybetmeyi g\u00f6ze alamayaca\u011f\u0131 paray\u0131 yat\u0131rmamal\u0131d\u0131r. M\u00fc\u015fterinin bilmesi gerekenler:<br \/>\n t\u00fcm dijital opsiyon ticaretiyle ili\u015fkili riskleri g\u00f6z \u00f6n\u00fcnde bulundurun ve ba\u011f\u0131ms\u0131z bir mali dan\u0131\u015fmandan tavsiye al\u0131n.<br \/>\n  M\u00fc\u015fterinin herhangi bir \u015f\u00fcphesi veya sorusu varsa.<\/p>\n<ol type=\"a\">\n<li>\n<p>Bu Bildirim t\u00fcm potansiyel M\u00fc\u015fterilere y\u00f6neliktir ve t\u00fcm ilgili taraflarca dikkatlice okunmal\u0131d\u0131r.<br \/>\nY\u00f6neltildi\u011fi taraflar. Uyar\u0131n\u0131n amac\u0131, adil, a\u00e7\u0131k ve genel olarak a\u00e7\u0131klamakt\u0131r.<br \/>\nFinansal Ara\u00e7lar ile i\u015flem yaparken s\u00f6z konusu olan risklerin niteli\u011fi. M\u00fc\u015fteri \u015funu anlamal\u0131d\u0131r:<br \/>\nBu riskler i\u015flem yaparken para kaybetme riskini de beraberinde getiriyor. Bu a\u00e7\u0131klama bilgilendirme ama\u00e7l\u0131d\u0131r ve a\u015fa\u011f\u0131daki \u015fekilde olmamal\u0131d\u0131r: T\u00fcm olas\u0131 risklerin bir listesini ele ald\u0131k.\n            <\/li>\n<\/ol>\n<\/li>\n<li>\n        GENEL R\u0130SKLER<\/p>\n<p>ORO FINTECH LTD. M\u00fc\u015fteriyi a\u015fa\u011f\u0131daki, kapsaml\u0131 olmayan risk listesi hakk\u0131nda bilgilendirir ve uyar\u0131r:\n        <\/p>\n<ol type=\"a\">\n<li>\n<p>M\u00fc\u015fterinin portf\u00f6y\u00fcn\u00fcn Ba\u015flang\u0131\u00e7 \u200b\u200bSermayesi ve\/veya de\u011feri ve\/veya M\u00fc\u015fteri taraf\u0131ndan herhangi bir<br \/>\nyat\u0131r\u0131ma yat\u0131r\u0131lan para Finansal Ara\u00e7lar ORO FINTECH LTD taraf\u0131ndan garanti edilemez ve garanti edilmez.\n                <\/p>\n<\/li>\n<li>\n<p>M\u00fc\u015fteri, Finansal Ara\u00e7lara yap\u0131lan herhangi bir yat\u0131r\u0131m\u0131n de\u011ferinin a\u015fa\u011f\u0131 y\u00f6nl\u00fc veya yukar\u0131 do\u011fru ve ayr\u0131ca herhangi bir yat\u0131r\u0131m\u0131n herhangi bir zamanda de\u011fersiz hale gelme olas\u0131l\u0131\u011f\u0131n\u0131 da kabul eder ORO FINTECH LTD. taraf\u0131ndan sunulabilecek herhangi bir bilgiye (aksini veya ba\u015fka t\u00fcrl\u00fc) ra\u011fmen;<br \/>\nHerhangi bir zamanda.\n                <\/p>\n<\/li>\n<li>\n<p>M\u00fc\u015fteri, bir Finansal Arac\u0131n \u00f6nceki performans\u0131na ili\u015fkin bilinen bilgilerin, herhangi bir \u015fekilde mevcut ve\/veya gelecekteki performans\u0131n\u0131 garanti etmez. Tarihsel verilerin kullan\u0131lmas\u0131 ba\u011flay\u0131c\u0131 veya ba\u011flay\u0131c\u0131 bir etki olu\u015fturmaz.<br \/>\nFinansal Ara\u00e7lar\u0131n cari ve\/veya gelecekteki performans\u0131na ili\u015fkin g\u00fcvenli tahmin. S\u00f6z konusu bilgiler at\u0131fta bulunmaktad\u0131r. <\/p>\n<\/li>\n<li>\n<p>ORO FINTECH LTD. M\u00fc\u015fteriye, i\u015flem hizmetleri arac\u0131l\u0131\u011f\u0131yla ger\u00e7ekle\u015febilecek herhangi bir i\u015flemin<br \/>\nspek\u00fclatif nitelikte. M\u00fc\u015fteriye k\u0131sa bir zaman diliminde b\u00fcy\u00fck zararlar\u0131n olu\u015fabilece\u011fi bildirilir.\n                <\/p>\n<\/li>\n<li>\n<p>M\u00fc\u015fteri, Finansal Ara\u00e7lar\u0131n an\u0131nda likit hale gelmeyebilece\u011fi durumlar\u0131n olabilece\u011fini kabul eder.<br \/>\n(\u00f6rne\u011fin, azalan talep sonucu). M\u00fc\u015fteri ayr\u0131ca bu durumlarda M\u00fc\u015fterinin s\u00f6z konusu Finansal Ara\u00e7lar\u0131 satma veya bunlar hakk\u0131nda kolayca bilgi edinme konumunda olmayabilirler. de\u011ferleri ve\/veya ili\u015fkili risklerin kapsam\u0131.\n                <\/p>\n<\/li>\n<li>\n<p>Finansal Ara\u00e7lar, M\u00fc\u015fterinin \u00fclkesinin para birimi d\u0131\u015f\u0131ndaki bir para biriminde i\u015flem g\u00f6r\u00fcyorsa,<br \/>\n ikametgah, d\u00f6viz kurlar\u0131nda meydana gelebilecek herhangi bir de\u011fi\u015fiklik Finansal Ara\u00e7lar\u0131n de\u011ferini olumsuz etkileyebilir, fiyat ve performans. <\/p>\n<\/li>\n<li>\n<p>M\u00fc\u015fteriye, belirli piyasa ko\u015fullar\u0131nda bir emrin yerine getirilmesinin zor veya imkans\u0131z olabilece\u011fi<br \/>\nbildirilir. ko\u015fullar. Ayr\u0131ca ORO FINTECH LTD. M\u00fc\u015fteriye ORO FINTECH LTD.&#8217;nin tavsiyesinde bulunur. Bankalar<br \/>\narac\u0131l\u0131\u011f\u0131yla i\u015flem yap\u0131labilir ve M\u00fc\u015fterinin \u00e7\u0131karlar\u0131na ayk\u0131r\u0131 \u00e7\u0131karlar\u0131 olabilecek Brokerlar. <\/p>\n<\/li>\n<\/ol>\n<\/li>\n<li>\n        <strong>\u00dcCRETLER VE VERG\u0130LER<\/strong><\/p>\n<ol type=\"a\">\n<li>\n<p>M\u00fc\u015fteriye, ki\u015fisel ko\u015fullar\u0131ndaki de\u011fi\u015fiklikler, mevzuattaki de\u011fi\u015fiklikler ve di\u011fer t\u00fcm de\u011fi\u015fiklikler hakk\u0131nda bilgi verilir.<br \/>\nMay\u0131s fakt\u00f6r\u00fcM\u00fc\u015fterinin Finansal Ara\u00e7lardaki i\u015flemlerinin vergiye tabi olabilece\u011fi veya vergiye tabi hale gelebilece\u011fi riskini olu\u015fturur ve\/veya herhangi bir di\u011fer g\u00f6rev. ORO F\u0130NTEK LTD. M\u00fc\u015fterinin vergi ve\/veya masraf \u00f6demeyece\u011fini<br \/>\ngaranti edemez ve etmez ba\u015fka bir g\u00f6rev. M\u00fc\u015fteriye, kendisine ili\u015fkin olarak tahakkuk edebilecek herhangi bir vergi ve\/veya di\u011fer har\u00e7lar\u0131n, \u0130\u015flemler M\u00fc\u015fterinin kendi sorumlulu\u011fundad\u0131r. <\/p>\n<\/li>\n<li>\n<p>ORO FINTECH LTD. M\u00fc\u015fteriye, t\u00fcm komisyonlar\u0131n ve di\u011fer \u00fccretlerin ayr\u0131nt\u0131lar\u0131n\u0131 edinmesini \u015fiddetle tavsiye eder.<br \/>\n M\u00fc\u015fteri, i\u015flem yapmaya ba\u015flamadan \u00f6nce sorumlu olacakt\u0131r. \u00dccretlendirilmeyen masraflar durumunda para cinsinden ifade edildi\u011finde (\u00f6rne\u011fin i\u015flem spread&#8217;i olarak ifade edildi\u011finde), M\u00fc\u015fteri yaz\u0131l\u0131 bir a\u00e7\u0131klama talep etmelidir, uygun \u00f6rnekler de dahil olmak \u00fczere, bu t\u00fcr su\u00e7lamalar\u0131n ne olabilece\u011fi konusunda tam olarak bilgilendirildi\u011finden emin olmak i\u00e7in belirli para terimleriyle ifade etmek. <\/p>\n<\/li>\n<\/ol>\n<p>Mevcut d\u00fczenlemelere uygun olarak ORO FINTECH LTD. M\u00fc\u015fterinin paras\u0131n\u0131 bir hesapta tutmas\u0131 gerekebilir<br \/>\nBu, di\u011fer M\u00fc\u015fterilerden ve ORO FINTECH LTD.\u2019nin kendi hesaplar\u0131ndan ayr\u0131 tutulur. M\u00fc\u015fteri a\u00e7\u0131k\u00e7a uyar\u0131lm\u0131\u015ft\u0131r bunun M\u00fc\u015fteriye tam koruma sa\u011flamayabilece\u011fi. <\/p>\n<\/li>\n<li>\n        <strong>TEKN\u0130K R\u0130SKLER<\/strong><\/p>\n<ol type=\"a\">\n<li>\n<p>M\u00fc\u015fteri elektronik bir sistem \u00fczerinden i\u015flem yapt\u0131\u011f\u0131nda, M\u00fc\u015fteri, bu sistemin kullan\u0131m\u0131 s\u0131ras\u0131nda<br \/>\nortaya \u00e7\u0131kabilecek risklere maruz kalabilir. sistemle ili\u015fkili olmas\u0131 (donan\u0131m ve yaz\u0131l\u0131m ar\u0131zalar\u0131 dahil (\u0130nternet\/Sunucular)). The Herhangi bir sistem ar\u0131zas\u0131n\u0131n sonucu, emrinin talimatlar\u0131na g\u00f6re yerine getirilmemesi veya<br \/>\nhi\u00e7 bir \u015fekilde y\u00fcr\u00fct\u00fclmez. ORO F\u0130NTEK LTD. b\u00f6yle bir durumda herhangi bir sorumluluk \u00fcstlenemez ve \u00fcstlenmeyecektir.<br \/>\n ar\u0131za. <\/p>\n<\/li>\n<li>\n<p>M\u00fc\u015fteriye, a\u015fa\u011f\u0131daki hususlarda sorumluluk kabul edilir: bilgi, ileti\u015fim, elektronik veya di\u011fer sistemler. <\/p>\n<\/li>\n<li>\n<p>Yetkili \u00fc\u00e7\u00fcnc\u00fc taraflar\u0131n elektronik adresler, elektronik postalar gibi bilgilere eri\u015fimi oldu\u011funda,<br \/>\n ileti\u015fim ve ki\u015fisel veriler, ORO FINTECH LTD. hi\u00e7bir sorumlulu\u011fu olmayacakt\u0131r <\/p>\n<p>Yukar\u0131dakiler ORO FINTECH LTD. ile aras\u0131nda iletildi\u011finde; veya internet veya di\u011fer ara\u00e7lar\u0131 kullanan herhangi bir \u00fc\u00e7\u00fcnc\u00fc taraf a\u011f ileti\u015fim tesisleri, telefon veya di\u011fer elektronik ara\u00e7lar. <\/p>\n<\/li>\n<li>\n<p>M\u00fc\u015fteri, e-posta yoluyla iletilen \u015fifrelenmemi\u015f bilgilerin herhangi bir sald\u0131r\u0131ya kar\u015f\u0131 korunmad\u0131\u011f\u0131n\u0131 kabul eder. yetkisiz eri\u015fim. <\/p>\n<\/li>\n<li>\n<p>M\u00fc\u015fterinin dikkati, M\u00fc\u015fterinin a\u015f\u0131r\u0131 i\u015flem ak\u0131\u015f\u0131 oldu\u011fu zamanlarda \u00f6zellikle \u00e7ekilir; bu durumlarda M\u00fc\u015fteri, Telefon veya \u0130\u015flem Platformu \u00fczerinden ba\u011flant\u0131 kurmada zorluklar. <\/p>\n<\/li>\n<li>\n<p>M\u00fc\u015fteri, internetin ORO FINTECH&#8217;e eri\u015fimini etkileyebilecek olaylara maruz kalabilece\u011fini kabul eder. LTD.&#8217;nin Web Sitesi ve\/veya Ticaret Sistemi, kesintiler veya iletim kesintileri dahil ancak bunlarla s\u0131n\u0131rl\u0131 olmamak \u00fczere, yaz\u0131l\u0131m ve donan\u0131m ar\u0131zas\u0131 ve internet kopmas\u0131. ORO F\u0130NTEK LTD. herhangi bir hasardan sorumlu de\u011fildir<br \/>\nveya kontrol\u00fc d\u0131\u015f\u0131nda olan bu t\u00fcr olaylardan kaynaklanan kay\u0131plar veya di\u011fer kay\u0131plar, maliyetler, y\u00fck\u00fcml\u00fcl\u00fckler,<br \/>\nveya M\u00fc\u015fterinin bunu yapamamas\u0131 nedeniyle ortaya \u00e7\u0131kabilecek masraflar (kar kayb\u0131 dahil ancak bununla s\u0131n\u0131rl\u0131 olmamak \u00fczere) ORO FINTECH LTD.\u2019nin Web Sitesine ve\/veya \u0130\u015flem Sistemine eri\u015fim veya Emir veya \u0130\u015flemlerin g\u00f6nderilmesinde gecikme veya ba\u015far\u0131s\u0131zl\u0131k.\n                <\/p>\n<\/li>\n<li>\n<p>ORO FINTECH LTD. \u0130nternet Servis Sa\u011flay\u0131c\u0131s\u0131 de\u011fildir ve herhangi bir y\u00fck\u00fcml\u00fcl\u00fc\u011f\u00fc yerine getirmemekten sorumlu tutulamaz. \u0130nternet ba\u011flant\u0131s\u0131 ar\u0131zalar\u0131 veya kamu elektrik \u015febekesi ar\u0131zalar\u0131 nedeniyle M\u00fc\u015fterilerine kar\u015f\u0131 y\u00fck\u00fcml\u00fcl\u00fckleri veya hacker sald\u0131r\u0131lar\u0131. <\/p>\n<\/li>\n<li>\n<p>M\u00fc\u015fteri, elektronik bir platformda i\u015flem yapt\u0131\u011f\u0131nda, finansal kay\u0131p riskini \u00fcstlendi\u011fi konusunda<br \/>\nuyar\u0131l\u0131r; bu da di\u011fer \u015feylerin yan\u0131 s\u0131ra \u015funlardan da kaynaklanabilir: <\/p>\n<ul class=\"list-style-big-bullets liste-stili-t\u00fcr\u00fc-disk\">\n<li>\n<p>M\u00fc\u015fterinin cihazlar\u0131n\u0131n, yaz\u0131l\u0131mlar\u0131n\u0131n ar\u0131zalanmas\u0131 ve ba\u011flant\u0131 kalitesinin d\u00fc\u015f\u00fck olmas\u0131;\n                        <\/p>\n<\/li>\n<li>\n<p>ORO FINTECH LTD.&#8217;nin veya M\u00fc\u015fterinin donan\u0131m veya yaz\u0131l\u0131m\u0131n\u0131n ar\u0131zalanmas\u0131, bozulmas\u0131 veya<br \/>\nk\u00f6t\u00fcye kullan\u0131lmas\u0131;<\/p>\n<\/li>\n<li>\n<p>M\u00fc\u015fterinin ekipman\u0131n\u0131n uygunsuz \u015fekilde \u00e7al\u0131\u015ft\u0131r\u0131lmas\u0131;<\/p>\n<\/li>\n<li>\n<p>\u0130stemci terminalinin yanl\u0131\u015f ayarlanmas\u0131; <\/p>\n<\/li>\n<li>\n<p>\u0130stemcinin terminalinin gecikmeli g\u00fcncellemeleri.<\/p>\n<\/li>\n<\/ul>\n<\/li>\n<\/ol>\n<\/li>\n<li>\n        KALDIRA\u00c7<\/p>\n<p>M\u00fc\u015fteri, marj ticaretindeki kald\u0131rac\u0131n, kendi ticareti \u00fczerinde \u00f6nemli bir etkiye sahip olabilece\u011fini<br \/>\nanlamal\u0131d\u0131r. hesap. D\u00f6viz kurlar\u0131nda ve enstr\u00fcman fiyatlar\u0131nda k\u00fc\u00e7\u00fck de\u011fi\u015fiklikler olsa bile, M\u00fc\u015fteri i\u00e7in bir olas\u0131l\u0131k<br \/>\nvard\u0131r. ilk yat\u0131r\u0131m\u0131n\u0131 kaybetmek. M\u00fc\u015fteri, kendisine ait olan\u0131n kullan\u0131m\u0131ndan tamamen sorumlu oldu\u011funu kabul eder.<br \/>\n\u00f6z kaynaklar ve risklerin muhasebele\u015ftirilmesi. <\/p>\n<\/li>\n<li>\n        <strong>KAYMA<\/strong><\/p>\n<p>Piyasadaki oynakl\u0131k, fiyat\u0131n de\u011fi\u015fmesi nedeniyle emirlerin y\u00fcr\u00fct\u00fclmesinin zor oldu\u011fu ko\u015fullar yaratabilir.<br \/>\n a\u015f\u0131r\u0131 piyasa hareketi nedeniyle bir\u00e7ok pip uzakta olabilir. T\u00fcccar belirli bir oranda i\u015flem yapmay\u0131 ama\u00e7lasa da fiyat, piyasa \u00f6nemli \u00f6l\u00e7\u00fcde hareket etmi\u015f olabilir ve emir bir sonraki en iyi fiyattan veya adil fiyattan<br \/>\ndoldurulabilir piyasa de\u011feri. Benzer \u015fekilde, yeterli likidite yoksa artan hacim de kaymaya neden olabilir.T\u00fcm i\u015flemleri talep edilen oranda ger\u00e7ekle\u015ftirin. <\/p>\n<p>Bir durdurma tetiklendi\u011finde, bu En \u0130yi Piyasa emri haline gelir ve herhangi bir zamanda yerine getirilece\u011finin garantisi yoktur.belirli verilen fiyat. Bu nedenle piyasa ko\u015fullar\u0131na ba\u011fl\u0131 olarak stop emirlerinde kayma ya\u015fanabilir. <\/p>\n<\/li>\n<li>\n        T\u0130CARET PLATFORMU<\/p>\n<p>M\u00fc\u015fteri, Tekliflerin tek g\u00fcvenilir kayna\u011f\u0131n\u0131n canl\u0131 Sunucu yay\u0131n\u0131 oldu\u011funu kabul eder. M\u00fc\u015fteri \u0130stemci terminalindeki al\u0131nt\u0131lar\u0131n g\u00fcvenilir bir bilgi kayna\u011f\u0131 olmad\u0131\u011f\u0131 konusunda uyar\u0131ld\u0131, \u00e7\u00fcnk\u00fc ba\u011flant\u0131 aras\u0131ndaki \u0130stemcinin terminali ve sunucusu bir noktada kesintiye u\u011frayabilir ve baz\u0131 teklifler ula\u015famayabilir M\u00fc\u015fterinin terminali. <\/p>\n<p>M\u00fc\u015fteri, emir verme\/de\u011fi\u015ftirme\/silme penceresini veya pozisyonu kapatt\u0131\u011f\u0131nda, A\u00e7\u0131l\u0131\u015f\/kapan\u0131\u015f penceresi, Sunucuya g\u00f6nderilen talimat iptal edilmeyecektir.<\/p>\n<\/li>\n<\/ol>\n","protected":false},"excerpt":{"rendered":"<p>ORO Fintech Limited Sey\u015feller yasalar\u0131na g\u00f6re kurulmu\u015f ve tescil edilmi\u015f bir limited \u015firkettir. numaras\u0131 8425077-1. \u015eirketin kay\u0131tl\u0131 ofisi Suite 3, Global Village, Jivan&#8217;s Complex Mont adresinde bulunmaktad\u0131r. Fleuri, Mahe, Sey\u015feller. \u015eirket, Sey\u015feller Finansal Hizmetler Otoritesi taraf\u0131ndan Menkul K\u0131ymetler ile yetkilendirilmi\u015ftir Bayi Lisans Numaras\u0131 SD046 R\u0130SK UYARISI M\u00fc\u015fteri, Web Sitesini kendi riski alt\u0131nda kullanmay\u0131 kabul eder. [&hellip;]<\/p>\n","protected":false},"author":1,"featured_media":0,"parent":0,"menu_order":0,"comment_status":"closed","ping_status":"closed","template":"page-templates\/StandardPage.php","meta":{"_acf_changed":false,"footnotes":""},"class_list":["post-6363","page","type-page","status-publish","hentry"],"aioseo_notices":[],"acf":[],"_links":{"self":[{"href":"https:\/\/thewallstreetfan.com\/tr\/wp-json\/wp\/v2\/pages\/6363","targetHints":{"allow":["GET"]}}],"collection":[{"href":"https:\/\/thewallstreetfan.com\/tr\/wp-json\/wp\/v2\/pages"}],"about":[{"href":"https:\/\/thewallstreetfan.com\/tr\/wp-json\/wp\/v2\/types\/page"}],"author":[{"embeddable":true,"href":"https:\/\/thewallstreetfan.com\/tr\/wp-json\/wp\/v2\/users\/1"}],"replies":[{"embeddable":true,"href":"https:\/\/thewallstreetfan.com\/tr\/wp-json\/wp\/v2\/comments?post=6363"}],"version-history":[{"count":6,"href":"https:\/\/thewallstreetfan.com\/tr\/wp-json\/wp\/v2\/pages\/6363\/revisions"}],"predecessor-version":[{"id":6883,"href":"https:\/\/thewallstreetfan.com\/tr\/wp-json\/wp\/v2\/pages\/6363\/revisions\/6883"}],"wp:attachment":[{"href":"https:\/\/thewallstreetfan.com\/tr\/wp-json\/wp\/v2\/media?parent=6363"}],"curies":[{"name":"wp","href":"https:\/\/api.w.org\/{rel}","templated":true}]}}