{"id":6361,"date":"2025-01-23T07:59:07","date_gmt":"2025-01-23T07:59:07","guid":{"rendered":"https:\/\/thewallstreetfan.com\/?page_id=6361"},"modified":"2025-03-14T11:25:35","modified_gmt":"2025-03-14T11:25:35","slug":"kullanim-sartlari","status":"publish","type":"page","link":"https:\/\/thewallstreetfan.com\/tr\/kullanim-sartlari\/","title":{"rendered":"Kullan\u0131m \u015eartlar\u0131"},"content":{"rendered":"<div class=\"entry-content\">\n<p><span class=\"text-bold\">FXORO<\/span> Global Trading Uygulamas\u0131n\u0131n kullan\u0131m\u0131 bu belgede belirtilen belirli ko\u015fullara tabidir: <\/p>\n<ol type=\"1\">\n<li>\n<h4>Uygulamada Sunulan Bilgiler<\/h4>\n<ol type=\"a\">\n<li>Bu uygulamada sa\u011flanan bilgiler, mevcut ve tan\u0131nm\u0131\u015f kaynaklardan al\u0131nan verilere, raporlara ve\/veya di\u011fer g\u00fcvenilir kaynaklara dayanmaktad\u0131r. Ancak, sa\u011flanan bilgiler <span class=\"text-bold\">FXORO<\/span> Global taraf\u0131ndan do\u011frulanmam\u0131\u015f ve\/veya kontrol edilmemi\u015ftir ve <span class=\"text-bold\">FXORO<\/span> Global, sunulan bilgilerin eksiksiz, do\u011fru veya g\u00fcvenilir oldu\u011fu konusunda herhangi bir garanti vermez.<\/li>\n<li>Uygulamay\u0131 kullanabilmek i\u00e7in Kullan\u0131c\u0131\/M\u00fc\u015fteri en az 18 ya\u015f\u0131nda olmal\u0131d\u0131r.<\/li>\n<li>Burada sa\u011flanan belirli veriler, ki\u015fisel veriler de dahil olmak \u00fczere, <span class=\"text-bold\">FXORO<\/span> Global taraf\u0131ndan pazarlama ama\u00e7lar\u0131 ve i\u015f ili\u015fkisi kurma amac\u0131yla toplanmaktad\u0131r.<\/li>\n<li>Kullan\u0131c\u0131\/M\u00fc\u015fteri, <span class=\"text-bold\">FXORO<\/span> Global\u2019in bu uygulaman\u0131n kullan\u0131m\u0131ndan ve\/veya burada sunulan herhangi bir bilgiden kaynaklanan veya kaynaklanabilecek herhangi bir zarar ve\/veya kay\u0131ptan hi\u00e7bir \u015fekilde sorumlu tutulamayaca\u011f\u0131n\u0131 kabul eder. Bu, internet veya cihaz ar\u0131zalar\u0131, internet sa\u011flay\u0131c\u0131lar\u0131n\u0131n hatalar\u0131 ve\/veya <span class=\"text-bold\">FXORO<\/span> Global\u2019in sunucular\u0131nda veya Kullan\u0131c\u0131\/M\u00fc\u015fteri\u2019nin cihaz\u0131nda meydana gelen sorunlar nedeniyle uygulaman\u0131n d\u00fczg\u00fcn \u00e7al\u0131\u015fmamas\u0131 durumlar\u0131n\u0131 da i\u00e7erir.<\/li>\n<li>E\u011fer Uygulamada g\u00f6r\u00fcnen bilgiler ile <span class=\"text-bold\">FXORO<\/span> Global\u2019in resmi kay\u0131tlar\u0131nda yer alan bilgiler \u00e7eli\u015fiyorsa veya uyumsuzsa, <span class=\"text-bold\">FXORO<\/span> Global\u2019in kay\u0131tlar\u0131 ge\u00e7erli olacakt\u0131r.<br \/>\nKullan\u0131c\u0131\/M\u00fc\u015fteri, \u00f6zellikle uygulamada sunulan bilgilere dayanarak ya\u015fad\u0131\u011f\u0131 herhangi bir zarar veya kay\u0131p nedeniyle<br \/>\n        <span class=\"text-bold\">FXORO<\/span> Global\u2019i sorumlu tutamayacakt\u0131r.<\/li>\n<\/ol>\n<\/li>\n<li>\n<h4>Telif Hakk\u0131<\/h4>\n<ol type=\"a\">\n<li>Bu uygulamada sunulan bilgiler (uygulaman\u0131n kendisi dahil), uygulamada bulunan ve indirilebilen t\u00fcm yaz\u0131l\u0131mlar ve uygulamada tan\u0131t\u0131lan t\u00fcm ek unsurlar uluslararas\u0131 telif hakk\u0131 yasalar\u0131yla korunmaktad\u0131r.<\/li>\n<p>Bu uygulaman\u0131n kullan\u0131m\u0131, yaln\u0131zca uluslararas\u0131 telif hakk\u0131 yasalar\u0131na uygun \u015fekilde ger\u00e7ekle\u015fti\u011fi s\u00fcrece adil kullan\u0131m kapsam\u0131nda izin verilmektedir. Bu uygulamada yer alan bilgilerin kopyalanmas\u0131, de\u011fi\u015ftirilmesi, da\u011f\u0131t\u0131lmas\u0131 ve ticari ama\u00e7larla kullan\u0131lmas\u0131, telif hakk\u0131 sahibinin yaz\u0131l\u0131 izni olmadan kesinlikle yasakt\u0131r.<\/p>\n<\/ol>\n<\/li>\n<li>\n<h4>Ko\u015fullarda De\u011fi\u015fiklik<\/h4>\n<ol type=\"a\">\n<li><span class=\"text-bold\">FXORO<\/span> Global, tamamen kendi takdirine ba\u011fl\u0131 olarak, herhangi bir zamanda uygulama ile ilgili de\u011fi\u015fiklikler yapma, kullan\u0131m ko\u015fullar\u0131n\u0131 de\u011fi\u015ftirme ve\/veya belirli hizmetleri k\u0131smen veya tamamen kald\u0131rma hakk\u0131n\u0131 sakl\u0131 tutar. Kullan\u0131c\u0131\/M\u00fc\u015fteri, bu t\u00fcr de\u011fi\u015fikliklerden kaynaklanan zarar veya kay\u0131plar i\u00e7in herhangi bir hak talebinde bulunamaz.<\/li>\n<\/ol>\n<\/li>\n<li>\n<h4>Kara Para Aklama ile M\u00fccadele Y\u00f6nergeleri ve Belge Temini<\/h4>\n<ol type=\"a\">\n<li><span class=\"text-bold\">FXORO<\/span> Global, Kullan\u0131c\u0131\/M\u00fc\u015fterilerinin kimlik do\u011frulamas\u0131na b\u00fcy\u00fck \u00f6nem vermektedir. Bu, her zaman y\u00fcr\u00fcrl\u00fckte olan yerel ve uluslararas\u0131 d\u00fczenlemelere uygun olarak Kara Para Aklama ile M\u00fccadele Y\u00f6nergelerine uyum sa\u011flamak amac\u0131yla yap\u0131lmaktad\u0131r. Kullan\u0131c\u0131\/M\u00fc\u015fteriler, kimlik do\u011frulamas\u0131 amac\u0131yla \u00e7e\u015fitli belgelerin kopyalar\u0131n\u0131 sunmalar\u0131 i\u00e7in talep edilebilir.<\/li>\n<\/ol>\n<\/li>\n<li>\n<h4>\u00dc\u00e7\u00fcnc\u00fc Taraf Programlar\u0131n\u0131n Kullan\u0131m\u0131<\/h4>\n<ol type=\"a\">\n<li>Bu uygulama, <span class=\"text-bold\">FXORO<\/span> Global taraf\u0131ndan \u00fcretilmeyen ve\/veya da\u011f\u0131t\u0131lmayan yaz\u0131l\u0131mlar\u0131n (\u201c\u00fc\u00e7\u00fcnc\u00fc taraf programlar\u201d) indirilmesine ve kullan\u0131lmas\u0131na izin verebilir.<br \/>\n        <span class=\"text-bold\">FXORO<\/span> Global ve\/veya \u00fc\u00e7\u00fcnc\u00fc taraf program \u00fcreticileri, bu uygulamada indirilebilen ve\/veya kullan\u0131labilen programlar\u0131n indirilmesi ve\/veya kullan\u0131m\u0131 sonucunda ortaya \u00e7\u0131kabilecek herhangi bir zarar veya kay\u0131ptan sorumlu de\u011fildir.<\/li>\n<\/ol>\n<\/li>\n<\/ol>\n<\/div>\n","protected":false},"excerpt":{"rendered":"<p>FXORO Global Trading Uygulamas\u0131n\u0131n kullan\u0131m\u0131 bu belgede belirtilen belirli ko\u015fullara tabidir: Uygulamada Sunulan Bilgiler Bu uygulamada sa\u011flanan bilgiler, mevcut ve tan\u0131nm\u0131\u015f kaynaklardan al\u0131nan verilere, raporlara ve\/veya di\u011fer g\u00fcvenilir kaynaklara dayanmaktad\u0131r. Ancak, sa\u011flanan bilgiler FXORO Global taraf\u0131ndan do\u011frulanmam\u0131\u015f ve\/veya kontrol edilmemi\u015ftir ve FXORO Global, sunulan bilgilerin eksiksiz, do\u011fru veya g\u00fcvenilir oldu\u011fu konusunda herhangi bir garanti vermez. [&hellip;]<\/p>\n","protected":false},"author":1,"featured_media":0,"parent":0,"menu_order":0,"comment_status":"closed","ping_status":"closed","template":"page-templates\/StandardPage.php","meta":{"_acf_changed":false,"footnotes":""},"class_list":["post-6361","page","type-page","status-publish","hentry"],"aioseo_notices":[],"acf":[],"_links":{"self":[{"href":"https:\/\/thewallstreetfan.com\/tr\/wp-json\/wp\/v2\/pages\/6361","targetHints":{"allow":["GET"]}}],"collection":[{"href":"https:\/\/thewallstreetfan.com\/tr\/wp-json\/wp\/v2\/pages"}],"about":[{"href":"https:\/\/thewallstreetfan.com\/tr\/wp-json\/wp\/v2\/types\/page"}],"author":[{"embeddable":true,"href":"https:\/\/thewallstreetfan.com\/tr\/wp-json\/wp\/v2\/users\/1"}],"replies":[{"embeddable":true,"href":"https:\/\/thewallstreetfan.com\/tr\/wp-json\/wp\/v2\/comments?post=6361"}],"version-history":[{"count":3,"href":"https:\/\/thewallstreetfan.com\/tr\/wp-json\/wp\/v2\/pages\/6361\/revisions"}],"predecessor-version":[{"id":6876,"href":"https:\/\/thewallstreetfan.com\/tr\/wp-json\/wp\/v2\/pages\/6361\/revisions\/6876"}],"wp:attachment":[{"href":"https:\/\/thewallstreetfan.com\/tr\/wp-json\/wp\/v2\/media?parent=6361"}],"curies":[{"name":"wp","href":"https:\/\/api.w.org\/{rel}","templated":true}]}}