{"id":61,"date":"2024-08-22T14:05:11","date_gmt":"2024-08-22T14:05:11","guid":{"rendered":"http:\/\/localhost\/wp-multisite\/?page_id=61"},"modified":"2025-02-05T13:01:02","modified_gmt":"2025-02-05T13:01:02","slug":"webinarlar","status":"publish","type":"page","link":"https:\/\/thewallstreetfan.com\/tr\/webinarlar\/","title":{"rendered":"Webinarlar"},"content":{"rendered":"<div class=\"xxl-box\">\n<h3 class=\"mt-0\">YAKINDA B\u0130R SONRAK\u0130 WEB\u0130NARIMIZIN TAR\u0130H\u0130N\u0130 DUYURACA\u011eIZ. B\u0130Z\u0130 TAK\u0130PTE KALIN!<\/h3>\n<p>Bilgi g\u00fc\u00e7t\u00fcr. Ticaret becerilerinizi geli\u015ftirin ve finansal piyasalar\u0131n temellerini \u00fccretsiz <strong>FXORO<\/strong> Global canl\u0131 webinarlar\u0131yla \u00f6\u011frenin.<\/p>\n<p>\u00c7evrimi\u00e7i oturumlar\u0131m\u0131z, finansal piyasalarla ilgili en \u00f6nemli konular\u0131 ger\u00e7ek uzmanlarla tart\u0131\u015fma f\u0131rsat\u0131 sunar.<\/p>\n<\/div>\n","protected":false},"excerpt":{"rendered":"<p>YAKINDA B\u0130R SONRAK\u0130 WEB\u0130NARIMIZIN TAR\u0130H\u0130N\u0130 DUYURACA\u011eIZ. B\u0130Z\u0130 TAK\u0130PTE KALIN! Bilgi g\u00fc\u00e7t\u00fcr. Ticaret becerilerinizi geli\u015ftirin ve finansal piyasalar\u0131n temellerini \u00fccretsiz FXORO Global canl\u0131 webinarlar\u0131yla \u00f6\u011frenin. \u00c7evrimi\u00e7i oturumlar\u0131m\u0131z, finansal piyasalarla ilgili en \u00f6nemli konular\u0131 ger\u00e7ek uzmanlarla tart\u0131\u015fma f\u0131rsat\u0131 sunar.<\/p>\n","protected":false},"author":1,"featured_media":0,"parent":0,"menu_order":0,"comment_status":"closed","ping_status":"closed","template":"page-templates\/Webinars.php","meta":{"_acf_changed":false,"footnotes":""},"class_list":["post-61","page","type-page","status-publish","hentry"],"aioseo_notices":[],"acf":[],"_links":{"self":[{"href":"https:\/\/thewallstreetfan.com\/tr\/wp-json\/wp\/v2\/pages\/61","targetHints":{"allow":["GET"]}}],"collection":[{"href":"https:\/\/thewallstreetfan.com\/tr\/wp-json\/wp\/v2\/pages"}],"about":[{"href":"https:\/\/thewallstreetfan.com\/tr\/wp-json\/wp\/v2\/types\/page"}],"author":[{"embeddable":true,"href":"https:\/\/thewallstreetfan.com\/tr\/wp-json\/wp\/v2\/users\/1"}],"replies":[{"embeddable":true,"href":"https:\/\/thewallstreetfan.com\/tr\/wp-json\/wp\/v2\/comments?post=61"}],"version-history":[{"count":1,"href":"https:\/\/thewallstreetfan.com\/tr\/wp-json\/wp\/v2\/pages\/61\/revisions"}],"predecessor-version":[{"id":6623,"href":"https:\/\/thewallstreetfan.com\/tr\/wp-json\/wp\/v2\/pages\/61\/revisions\/6623"}],"wp:attachment":[{"href":"https:\/\/thewallstreetfan.com\/tr\/wp-json\/wp\/v2\/media?parent=61"}],"curies":[{"name":"wp","href":"https:\/\/api.w.org\/{rel}","templated":true}]}}