{"id":58,"date":"2024-08-22T14:04:53","date_gmt":"2024-08-22T14:04:53","guid":{"rendered":"http:\/\/localhost\/wp-multisite\/?page_id=57"},"modified":"2025-02-04T11:34:41","modified_gmt":"2025-02-04T11:34:41","slug":"e-book","status":"publish","type":"page","link":"https:\/\/thewallstreetfan.com\/tr\/e-book\/","title":{"rendered":"E-book"},"content":{"rendered":"\n<div class=\"xxl-box\">\n  <h3>\u00c7EVR\u0130M\u0130\u00c7\u0130 YATIRIM T\u0130CARET\u0130NE G\u0130R\u0130\u015e REHBER\u0130<\/h3>\n  <p class=\"mt-0\">Yat\u0131r\u0131m d\u00fcnyas\u0131na ad\u0131m atan her yat\u0131r\u0131mc\u0131, kendi ticaret stratejisini \u00f6\u011frenir ve olu\u015fturur. Bunu en bilin\u00e7li \u015fekilde yapmak i\u00e7in,\n    ticaretin dinamiklerini, kavramlar\u0131n\u0131 ve ara\u00e7lar\u0131n\u0131 anlamalar\u0131 gerekir. Do\u011fru bilgi ve beceri olmadan, tatmin edici bir strateji olu\u015fturmak\n    olduk\u00e7a zordur. \u0130\u015fte bu y\u00fczden <span class=\"text-bold\">FXORO<\/span> Global, m\u00fc\u015fterilerine kapsaml\u0131 bir rehber sunarak, piyasalarda yat\u0131r\u0131m yapman\u0131n temel kurallar\u0131n\u0131\n    ve en \u00f6nemli stratejileri \u00f6\u011frenmelerini sa\u011fl\u0131yor.<\/p>\n<\/div>\n<div class=\"accordion-wrap\">\n  <div class=\"accordion\">\n    <span class=\"icon\"><\/span><h4>FXORO GLOBAL T\u0130CARET REHBER\u0130: NED\u0130R?<\/h4>\n  <\/div>\n  <div class=\"panel\">\n    <p><strong>FXORO Global Ticaret Rehberi<\/strong>, yat\u0131r\u0131mc\u0131lar\u0131n ticaretin dinamiklerini daha iyi anlamalar\u0131na ve <strong>yetkinlik seviyelerini geli\u015ftirmelerine<\/strong> yard\u0131mc\u0131 olmay\u0131 ama\u00e7lamaktad\u0131r. Bu rehber, yat\u0131r\u0131mc\u0131lara piyasalar hakk\u0131nda temel bilgileri \u00f6\u011frenmelerine yard\u0131mc\u0131 olur ve\n    ka\u00e7\u0131n\u0131lmas\u0131 gereken riskleri a\u00e7\u0131klar.<\/p>\n  <\/div>\n  <div class=\"accordion\">\n    <span class=\"icon\"><\/span><h4>FXORO GLOBAL T\u0130CARET REHBER\u0130NDE NELER VAR?<\/h4>\n  <\/div>\n  <div class=\"panel\">\n    <p><strong>FXORO Global Ticaret Rehberi<\/strong>, 11 farkl\u0131 b\u00f6l\u00fcmden olu\u015fmaktad\u0131r. \u0130lk \u00fc\u00e7 b\u00f6l\u00fcm, d\u00f6viz piyasas\u0131na genel bir giri\u015f, <strong>temel ve teknik analiz aras\u0131ndaki fark<\/strong>, ve yat\u0131r\u0131mc\u0131lar\u0131n do\u011fru ticaret yapmay\u0131 \u00f6\u011frenmeleri i\u00e7in gerekli olan mum grafikleri hakk\u0131nda a\u00e7\u0131klamalar i\u00e7ermektedir.<\/p>\n    <p>Daha sonra, trendler, destek ve diren\u00e7 seviyeleri, zaman dilimleri ve teknik g\u00f6stergeler gibi \u00e7ok \u00f6nemli kavramlar ele al\u0131nmaktad\u0131r.\n    Ayr\u0131ca, <strong>farkl\u0131 ticaret stratejileri<\/strong> ve <strong>para y\u00f6netiminin psikolojik y\u00f6nleri<\/strong> \u00fczerine detayl\u0131 bilgiler sunulmaktad\u0131r.<\/p>\n  <\/div>\n  <div class=\"accordion\">\n    <span class=\"icon\"><\/span><h4>FXORO GLOBAL REHBER\u0130N\u0130 E-K\u0130TAP FORMATINDA NASIL \u0130ND\u0130REB\u0130L\u0130R\u0130M?<\/h4>\n  <\/div>\n  <div class=\"panel\">\n    <p><strong>FXORO Global Ticaret Rehberi e-kitab\u0131n\u0131<\/strong> indirmek ger\u00e7ekten \u00e7ok kolayd\u0131r. Sadece &#8220;\u00c7evrimi\u00e7i Yat\u0131r\u0131m Ticaretine Giri\u015f Rehberi&#8221; ba\u015fl\u0131kl\u0131 g\u00f6rsele t\u0131klaman\u0131z yeterlidir. <strong>PDF format\u0131ndaki e-kitap<\/strong>, yat\u0131r\u0131m ticareti hakk\u0131nda detayl\u0131 bilgi edinmek isteyen yat\u0131r\u0131mc\u0131lar i\u00e7in \u00f6nemli bir kaynak olacakt\u0131r.<\/p>\n  <\/div>\n<\/div>\n\n","protected":false},"excerpt":{"rendered":"<p>\u00c7EVR\u0130M\u0130\u00c7\u0130 YATIRIM T\u0130CARET\u0130NE G\u0130R\u0130\u015e REHBER\u0130 Yat\u0131r\u0131m d\u00fcnyas\u0131na ad\u0131m atan her yat\u0131r\u0131mc\u0131, kendi ticaret stratejisini \u00f6\u011frenir ve olu\u015fturur. Bunu en bilin\u00e7li \u015fekilde yapmak i\u00e7in, ticaretin dinamiklerini, kavramlar\u0131n\u0131 ve ara\u00e7lar\u0131n\u0131 anlamalar\u0131 gerekir. Do\u011fru bilgi ve beceri olmadan, tatmin edici bir strateji olu\u015fturmak olduk\u00e7a zordur. \u0130\u015fte bu y\u00fczden FXORO Global, m\u00fc\u015fterilerine kapsaml\u0131 bir rehber sunarak, piyasalarda yat\u0131r\u0131m yapman\u0131n [&hellip;]<\/p>\n","protected":false},"author":1,"featured_media":0,"parent":0,"menu_order":0,"comment_status":"closed","ping_status":"closed","template":"page-templates\/E-book.php","meta":{"_acf_changed":false,"footnotes":""},"class_list":["post-58","page","type-page","status-publish","hentry"],"aioseo_notices":[],"acf":[],"_links":{"self":[{"href":"https:\/\/thewallstreetfan.com\/tr\/wp-json\/wp\/v2\/pages\/58","targetHints":{"allow":["GET"]}}],"collection":[{"href":"https:\/\/thewallstreetfan.com\/tr\/wp-json\/wp\/v2\/pages"}],"about":[{"href":"https:\/\/thewallstreetfan.com\/tr\/wp-json\/wp\/v2\/types\/page"}],"author":[{"embeddable":true,"href":"https:\/\/thewallstreetfan.com\/tr\/wp-json\/wp\/v2\/users\/1"}],"replies":[{"embeddable":true,"href":"https:\/\/thewallstreetfan.com\/tr\/wp-json\/wp\/v2\/comments?post=58"}],"version-history":[{"count":1,"href":"https:\/\/thewallstreetfan.com\/tr\/wp-json\/wp\/v2\/pages\/58\/revisions"}],"predecessor-version":[{"id":6535,"href":"https:\/\/thewallstreetfan.com\/tr\/wp-json\/wp\/v2\/pages\/58\/revisions\/6535"}],"wp:attachment":[{"href":"https:\/\/thewallstreetfan.com\/tr\/wp-json\/wp\/v2\/media?parent=58"}],"curies":[{"name":"wp","href":"https:\/\/api.w.org\/{rel}","templated":true}]}}