{"id":54,"date":"2024-08-22T14:04:09","date_gmt":"2024-08-22T14:04:09","guid":{"rendered":"http:\/\/localhost\/wp-multisite\/?page_id=49"},"modified":"2025-02-10T13:50:40","modified_gmt":"2025-02-10T13:50:40","slug":"islami-hesap","status":"publish","type":"page","link":"https:\/\/thewallstreetfan.com\/tr\/islami-hesap\/","title":{"rendered":"\u0130slami hesap"},"content":{"rendered":"\n<div class=\"xxl-box\">\n                <p class=\"mt-0\">Forex \u0130slami hesaplar\u0131, swap veya gecelik pozisyonlar i\u00e7in rollover faizi uygulanmad\u0131\u011f\u0131 i\u00e7in swap-free (faizsiz) hesaplar olarak da bilinir. Bu durum, \u0130slam inanc\u0131na ayk\u0131r\u0131d\u0131r. Ticaret hesab\u0131, t\u00fcccarlar\u0131n <span class=\"text-bold\">FXORO<\/span> Global&#8217;in son teknoloji ticaret teknolojisi ve derin likiditesinden faydalanmalar\u0131n\u0131 sa\u011flayacak \u015fekilde \u015eeriat yasas\u0131na uygundur.<\/p>\n                <h3>Forex \u0130slami Hesab\u0131 Nas\u0131l A\u00e7\u0131l\u0131r:<\/h3>\n                <ul class=\"list-style-big-bullets\">\n                  <li>Bizimle bir ticaret hesab\u0131 a\u00e7\u0131n.<\/li>\n                  <li>\u0130slami Hesap talep edin.<\/li>\n                  <li>\u00dcye Alan\u0131na giri\u015f yap\u0131n ve hesab\u0131n\u0131z\u0131 do\u011frulay\u0131n.<\/li>\n                  <li>\u0130lgili departman\u0131m\u0131z talebinizi ald\u0131\u011f\u0131nda, ticaret hesab\u0131n\u0131z swap-free stat\u00fcs\u00fcn\u00fc alacak ve size e-posta ile bildirilecektir.<\/li>\n                <\/ul>\n                  <h3>Bilmeniz Gerekenler<\/h3>\n                <ul class=\"list-style-big-bullets\">\n                  <li>\u0130slami hesap yaln\u0131zca USD baz para birimi i\u00e7in ge\u00e7erlidir.<\/li>\n                  <li>Hesap t\u00fcr\u00fcn\u00fcz\u00fc Swap-Free olarak de\u011fi\u015ftirirken, Y\u00f6netim \u00dccretleri yaln\u0131zca ara\u00e7 ve a\u00e7\u0131k lot say\u0131s\u0131na ba\u011fl\u0131d\u0131r.<\/li>\n                  <li>Gecelik pozisyonlarda faiz\/swap \u00fccreti yoktur.<\/li>\n                  <li>Spread geni\u015flemesi yoktur.<\/li>\n                  <li>Hesap t\u00fcr\u00fcn\u00fcz\u00fc Swap-Free olarak de\u011fi\u015ftirdi\u011finizde swap \u00fccreti al\u0131nmaz; ancak, a\u00e7\u0131k pozisyonlar i\u00e7in sabit bir gecelik Y\u00f6netim \u00dccreti \u00f6dersiniz.<\/li>\n                  <li><span class=\"text-bold\">FXORO<\/span> Global, herhangi bir ger\u00e7ek ticaret hesab\u0131na verilen swap-free stat\u00fcs\u00fcn\u00fc herhangi bir zamanda gerek\u00e7e g\u00f6stermeksizin ve\/veya \u00f6nceden haber vermeksizin iptal etme hakk\u0131n\u0131 sakl\u0131 tutar. \u015eirket hizmeti devre d\u0131\u015f\u0131 b\u0131rak\u0131rsa, resmi web sitesinde belirtilen ko\u015fullara g\u00f6re swap \u00fccreti al\u0131nacakt\u0131r.<\/li>\n                <\/ul>\n              <\/div>\n              <h3 class=\"mt-1\">\u0130SLAM\u0130 HESABIN \u00d6ZELL\u0130KLER\u0130<\/h3>\n              <div>\n                <div class=\"table-wrap table-custom-col-wrap\">\n                  <table class=\"lg-box\">\n                    <tr>\n                      <th>Enstr\u00fcman<\/th>\n                      <th>Lot ba\u015f\u0131na Y\u00f6netim \u00dccreti (USD)<\/th>\n                    <\/tr>\n                    <tr>\n                      <td>AUDNZD, CADCHF, CADJPY, CHFJPY, EURCAD, EURCHF, EURGBP, EURJPY, EURUSD, GBPCAD, GBPCHF, GBPJPY, GBPUSD, NZDCAD, USDCAD,\n                      USDCHF, USDJPY<\/td>\n                      <td>10<\/td>\n                    <\/tr>\n                        <tr>\n                          <td>KAHVE, \u015eEKER, BU\u011eDAY, SOYA, MISIR, KAKAO, PAMUK<\/td>\n                          <td>15<\/td>\n                        <\/tr>\n                      <tr>\n                        <td>AUDCAD, AUDCHF, AUDJPY, AUDUSD, EURAUD, EURNZD, GBPNZD, NZDCHF, NZDJPY, NZDUSD, USDDKK, NGAS<\/td>\n                        <td>20<\/td>\n                      <\/tr>\n                      <tr>\n                        <td>EURNOK, EURPLN, GBPAUD, USDNOK, USDPLN, USDSGD, ALTIN, G\u00dcM\u00dc\u015e, PLAT\u0130N, D\u00d6K\u00dcM<\/td>\n                        <td>30<\/td>\n                      <\/tr>\n                      <tr>\n                        <td>EURHUF, EURSEK, USDHUF, USDSEK, EURZAR, USDZAR, EURILS, USDILS, USDMXN, USDRUB, PETROL, BRENT<\/td>\n                        <td>40<\/td>\n                      <\/tr>\n                      <tr>\n                        <td>POL20, FRA40, GER40, US30, EUR50, UK100, IT40, SPA35, NAS100, JPN225, US2000, US500, SWI20, USDX, AUS200, ABD H\u0130SSELER\u0130,\n                        AVRUPA H\u0130SSELER\u0130, CANNABISDX, GAMINGDX, AIIDX, MAGSIDX, LATAMIDX<\/td>\n                        <td>50<\/td>\n                      <\/tr>\n                        <tr>\n                          <td>EURTRY, USDTRY<\/td>\n                          <td>100<\/td>\n                        <\/tr>\n            \n                  <\/table>\n                <\/div>\n              <\/div>\n\n","protected":false},"excerpt":{"rendered":"<p>Forex \u0130slami hesaplar\u0131, swap veya gecelik pozisyonlar i\u00e7in rollover faizi uygulanmad\u0131\u011f\u0131 i\u00e7in swap-free (faizsiz) hesaplar olarak da bilinir. Bu durum, \u0130slam inanc\u0131na ayk\u0131r\u0131d\u0131r. Ticaret hesab\u0131, t\u00fcccarlar\u0131n FXORO Global&#8217;in son teknoloji ticaret teknolojisi ve derin likiditesinden faydalanmalar\u0131n\u0131 sa\u011flayacak \u015fekilde \u015eeriat yasas\u0131na uygundur. Forex \u0130slami Hesab\u0131 Nas\u0131l A\u00e7\u0131l\u0131r: Bizimle bir ticaret hesab\u0131 a\u00e7\u0131n. \u0130slami Hesap talep edin. [&hellip;]<\/p>\n","protected":false},"author":1,"featured_media":0,"parent":0,"menu_order":0,"comment_status":"closed","ping_status":"closed","template":"page-templates\/IslamicAccount.php","meta":{"_acf_changed":false,"footnotes":""},"class_list":["post-54","page","type-page","status-publish","hentry"],"aioseo_notices":[],"acf":[],"_links":{"self":[{"href":"https:\/\/thewallstreetfan.com\/tr\/wp-json\/wp\/v2\/pages\/54","targetHints":{"allow":["GET"]}}],"collection":[{"href":"https:\/\/thewallstreetfan.com\/tr\/wp-json\/wp\/v2\/pages"}],"about":[{"href":"https:\/\/thewallstreetfan.com\/tr\/wp-json\/wp\/v2\/types\/page"}],"author":[{"embeddable":true,"href":"https:\/\/thewallstreetfan.com\/tr\/wp-json\/wp\/v2\/users\/1"}],"replies":[{"embeddable":true,"href":"https:\/\/thewallstreetfan.com\/tr\/wp-json\/wp\/v2\/comments?post=54"}],"version-history":[{"count":1,"href":"https:\/\/thewallstreetfan.com\/tr\/wp-json\/wp\/v2\/pages\/54\/revisions"}],"predecessor-version":[{"id":6558,"href":"https:\/\/thewallstreetfan.com\/tr\/wp-json\/wp\/v2\/pages\/54\/revisions\/6558"}],"wp:attachment":[{"href":"https:\/\/thewallstreetfan.com\/tr\/wp-json\/wp\/v2\/media?parent=54"}],"curies":[{"name":"wp","href":"https:\/\/api.w.org\/{rel}","templated":true}]}}