{"id":241,"date":"2024-11-25T10:20:08","date_gmt":"2024-11-25T10:20:08","guid":{"rendered":"https:\/\/thewallstreetfan.com\/?page_id=241"},"modified":"2025-02-21T07:49:34","modified_gmt":"2025-02-21T07:49:34","slug":"web-tv","status":"publish","type":"page","link":"https:\/\/thewallstreetfan.com\/tr\/web-tv\/","title":{"rendered":"WEB TV:\u00a0|T\u0130CARET D\u00dcNYASINDA BENZERS\u0130Z B\u0130R H\u0130ZMET!"},"content":{"rendered":"\n        <section>\n          <div class=\"normal-container\">\n            <div class=\"container row\">\n              <div class=\"xxl-box\">\n                <p class=\"mt-0\">E\u011fer haber de\u011feri ta\u015f\u0131yan bir \u015feyse, muhtemelen <strong>TC Web TV&#8217;de<\/strong> bulabilirsiniz.\n                  Profesyonel muhabirler, New York Borsas\u0131&#8217;ndan canl\u0131 olarak kaydediyor ve size ger\u00e7ek zamanl\u0131 piyasa dalgalanmalar\u0131n\u0131, i\u015flem durumlar\u0131n\u0131 sunuyor ve uygun ve profesyonel finansal yorumlar yap\u0131yorlar. T\u00fcm pop\u00fcler ticaret varl\u0131klar\u0131 analiz edilir, ba\u011flama yerle\u015ftirilir ve en son g\u00fcncellemelerle fark\u0131nda olman\u0131z ve bunlar\u0131 uygun \u015fekilde kullanman\u0131z sa\u011flan\u0131r.<\/p>\n                <p>Bug\u00fcn <span class=\"text-bold\">FXORO<\/span> Global ile kaydolun veya bu \u00f6zelli\u011fe eri\u015fmek i\u00e7in hesab\u0131n\u0131za giri\u015f yap\u0131n!<\/p>\n              <\/div>\n            <\/div>\n          <\/div>\n        <\/section>\n\n        <section>\n          <div class=\"normal-container py-0\">\n            <div class=\"container row\">\n              <div class=\"xxl-box\">\n                <div class=\"second-btn text-center\">\n            <a href=\"https:\/\/my.thewallstreetfan.com\/tr\/kayit-ol\" target=\"_blank\" class=\"btn\">Kay\u0131t Ol<\/a>\n            <p>Ticaret risklidir.<\/p>\n        <\/div>\n              <\/div>\n            <\/div>\n          <\/div>\n        <\/section>\n\n        <section>\n          <div class=\"normal-container\">\n            <div class=\"container row\">\n              <div class=\"xxl-box\">\n                <p class=\"mt-0 text-italic\"><strong>Risk Feragati:<\/strong> Burada sa\u011flanan herhangi bir veri, \u00f6zellik, performans\n                  yaln\u0131zca bilgilendirme ama\u00e7l\u0131d\u0131r ve FXORO Global, yat\u0131r\u0131m ve\/veya ticaret tavsiyesi verme veya mevcut veya potansiyel\n                  m\u00fc\u015fterilerden burada a\u00e7\u0131klanan herhangi bir hizmeti\/\u00f6zelli\u011fi kullanmalar\u0131n\u0131 te\u015fvik etme veya isteme amac\u0131 ta\u015f\u0131maz. \n                  M\u00fc\u015fteri, ticaret faaliyetlerinden yaln\u0131zca kendisi sorumludur, finansal arac\u0131n se\u00e7imi, sinyal sa\u011flay\u0131c\u0131 ve ticaret\n                  stratejisi dahil. Ge\u00e7mi\u015f performans, gelecekteki sonu\u00e7lar\u0131n bir g\u00f6stergesi de\u011fildir.<\/p>\n              <\/div>\n            <\/div>\n          <\/div>\n        <\/section>\n\n","protected":false},"excerpt":{"rendered":"<p>E\u011fer haber de\u011feri ta\u015f\u0131yan bir \u015feyse, muhtemelen TC Web TV&#8217;de bulabilirsiniz. Profesyonel muhabirler, New York Borsas\u0131&#8217;ndan canl\u0131 olarak kaydediyor ve size ger\u00e7ek zamanl\u0131 piyasa dalgalanmalar\u0131n\u0131, i\u015flem durumlar\u0131n\u0131 sunuyor ve uygun ve profesyonel finansal yorumlar yap\u0131yorlar. T\u00fcm pop\u00fcler ticaret varl\u0131klar\u0131 analiz edilir, ba\u011flama yerle\u015ftirilir ve en son g\u00fcncellemelerle fark\u0131nda olman\u0131z ve bunlar\u0131 uygun \u015fekilde kullanman\u0131z sa\u011flan\u0131r. [&hellip;]<\/p>\n","protected":false},"author":1,"featured_media":0,"parent":0,"menu_order":0,"comment_status":"closed","ping_status":"closed","template":"page-templates\/WebTV.php","meta":{"_acf_changed":false,"footnotes":""},"class_list":["post-241","page","type-page","status-publish","hentry"],"aioseo_notices":[],"acf":[],"_links":{"self":[{"href":"https:\/\/thewallstreetfan.com\/tr\/wp-json\/wp\/v2\/pages\/241","targetHints":{"allow":["GET"]}}],"collection":[{"href":"https:\/\/thewallstreetfan.com\/tr\/wp-json\/wp\/v2\/pages"}],"about":[{"href":"https:\/\/thewallstreetfan.com\/tr\/wp-json\/wp\/v2\/types\/page"}],"author":[{"embeddable":true,"href":"https:\/\/thewallstreetfan.com\/tr\/wp-json\/wp\/v2\/users\/1"}],"replies":[{"embeddable":true,"href":"https:\/\/thewallstreetfan.com\/tr\/wp-json\/wp\/v2\/comments?post=241"}],"version-history":[{"count":2,"href":"https:\/\/thewallstreetfan.com\/tr\/wp-json\/wp\/v2\/pages\/241\/revisions"}],"predecessor-version":[{"id":6818,"href":"https:\/\/thewallstreetfan.com\/tr\/wp-json\/wp\/v2\/pages\/241\/revisions\/6818"}],"wp:attachment":[{"href":"https:\/\/thewallstreetfan.com\/tr\/wp-json\/wp\/v2\/media?parent=241"}],"curies":[{"name":"wp","href":"https:\/\/api.w.org\/{rel}","templated":true}]}}