{"id":239,"date":"2024-11-25T10:19:34","date_gmt":"2024-11-25T10:19:34","guid":{"rendered":"https:\/\/thewallstreetfan.com\/?page_id=239"},"modified":"2025-02-21T07:48:30","modified_gmt":"2025-02-21T07:48:30","slug":"technical-view","status":"publish","type":"page","link":"https:\/\/thewallstreetfan.com\/tr\/technical-view\/","title":{"rendered":"TECHNICAL VIEW:\u00a0|T\u0130CARET\u0130N\u0130Z\u0130N KARMA\u015eIKLI\u011eINA DA\u0130R DER\u0130N BAKI\u015e A\u00c7ILARI"},"content":{"rendered":"\n<section>\n  <div class=\"normal-container\">\n    <div class=\"container row\">\n      <div class=\"xxl-box\">\n        <p class=\"mt-0\"><strong>TC Technical View, deneyimli analistlerin uzmanl\u0131\u011f\u0131n\u0131 son teknoloji otomatik algoritmalarla birle\u015ftirir<\/strong>, \n        bu da onu kendi t\u00fcr\u00fcnde tek k\u00fcresel finansal piyasa ara\u015ft\u0131rma \u00e7\u00f6z\u00fcm\u00fc yapar. Patentli desen tan\u0131ma teknolojisi, piyasay\u0131 s\u00fcrekli tarayarak \n        \u00f6d\u00fcll\u00fc metodolojilere dayal\u0131 uygulanabilir ticaret planlar\u0131 olu\u015fturur. Trading Central&#8217;\u0131n deneyimli piyasa uzmanlar\u0131 analizleri do\u011frular \n        ve yaln\u0131zca en y\u00fcksek kalitedeki bilgilerin yay\u0131nlanmas\u0131n\u0131 sa\u011flar.<\/p>\n        <p>Technical View, teknik analiz a\u00e7\u0131s\u0131ndan net bir piyasa g\u00f6r\u00fcn\u00fcm\u00fc sunarak gelecekteki piyasa trendlerini tahmin etmenize yard\u0131mc\u0131 olur. \n        Patentli desen tan\u0131ma teknolojisi, piyasay\u0131 s\u00fcrekli tarayarak <strong>8.000&#8217;den fazla finansal enstr\u00fcmanda kapsaml\u0131 pozisyon y\u00f6netimi sa\u011flar.<\/strong><\/p>\n        <p>Bug\u00fcn <span class=\"text-bold\">FXORO<\/span> Global&#8217;e kaydolun veya hesab\u0131n\u0131za giri\u015f yaparak bu \u00f6zelli\u011fe eri\u015fin!<\/p>\n      <\/div>\n    <\/div>\n  <\/div>\n<\/section>\n\n<section>\n  <div class=\"normal-container py-0\">\n    <div class=\"container row\">\n      <div class=\"xxl-box\">\n        <div class=\"second-btn text-center\">\n            <a href=\"https:\/\/my.thewallstreetfan.com\/tr\/kayit-ol\" target=\"_blank\" class=\"btn\">Kay\u0131t Ol<\/a>\n            <p>Ticaret risklidir.<\/p>\n        <\/div>\n      <\/div>\n    <\/div>\n  <\/div>\n<\/section>\n\n<section>\n  <div class=\"normal-container\">\n    <div class=\"container row\">\n      <div class=\"xxl-box\">\n      <p class=\"mt-0 text-italic\"><strong>Risk Uyar\u0131s\u0131:<\/strong> Burada sa\u011flanan herhangi bir veri, \u00f6zellik veya performans yaln\u0131zca bilgilendirme ama\u00e7l\u0131d\u0131r ve hi\u00e7bir \u015fekilde \n      <span class=\"text-bold\">FXORO<\/span> Global yat\u0131r\u0131m ve\/veya ticaret tavsiyesi sa\u011flamaz veya sa\u011flamay\u0131 ama\u00e7lamaz. M\u00fc\u015fteri, finansal enstr\u00fcman se\u00e7imi, \n      sinyal sa\u011flay\u0131c\u0131 ve ticaret stratejisi dahil olmak \u00fczere t\u00fcm ticaret faaliyetlerinden tek ba\u015f\u0131na sorumludur. \n      Ge\u00e7mi\u015f performans, gelecekteki sonu\u00e7lar\u0131n bir g\u00f6stergesi de\u011fildir.<\/p>\n      <\/div>\n    <\/div>\n  <\/div>\n<\/section>\n\n","protected":false},"excerpt":{"rendered":"<p>TC Technical View, deneyimli analistlerin uzmanl\u0131\u011f\u0131n\u0131 son teknoloji otomatik algoritmalarla birle\u015ftirir, bu da onu kendi t\u00fcr\u00fcnde tek k\u00fcresel finansal piyasa ara\u015ft\u0131rma \u00e7\u00f6z\u00fcm\u00fc yapar. Patentli desen tan\u0131ma teknolojisi, piyasay\u0131 s\u00fcrekli tarayarak \u00f6d\u00fcll\u00fc metodolojilere dayal\u0131 uygulanabilir ticaret planlar\u0131 olu\u015fturur. Trading Central&#8217;\u0131n deneyimli piyasa uzmanlar\u0131 analizleri do\u011frular ve yaln\u0131zca en y\u00fcksek kalitedeki bilgilerin yay\u0131nlanmas\u0131n\u0131 sa\u011flar. Technical View, teknik [&hellip;]<\/p>\n","protected":false},"author":1,"featured_media":0,"parent":0,"menu_order":0,"comment_status":"closed","ping_status":"closed","template":"page-templates\/TehnicalView.php","meta":{"_acf_changed":false,"footnotes":""},"class_list":["post-239","page","type-page","status-publish","hentry"],"aioseo_notices":[],"acf":[],"_links":{"self":[{"href":"https:\/\/thewallstreetfan.com\/tr\/wp-json\/wp\/v2\/pages\/239","targetHints":{"allow":["GET"]}}],"collection":[{"href":"https:\/\/thewallstreetfan.com\/tr\/wp-json\/wp\/v2\/pages"}],"about":[{"href":"https:\/\/thewallstreetfan.com\/tr\/wp-json\/wp\/v2\/types\/page"}],"author":[{"embeddable":true,"href":"https:\/\/thewallstreetfan.com\/tr\/wp-json\/wp\/v2\/users\/1"}],"replies":[{"embeddable":true,"href":"https:\/\/thewallstreetfan.com\/tr\/wp-json\/wp\/v2\/comments?post=239"}],"version-history":[{"count":2,"href":"https:\/\/thewallstreetfan.com\/tr\/wp-json\/wp\/v2\/pages\/239\/revisions"}],"predecessor-version":[{"id":6815,"href":"https:\/\/thewallstreetfan.com\/tr\/wp-json\/wp\/v2\/pages\/239\/revisions\/6815"}],"wp:attachment":[{"href":"https:\/\/thewallstreetfan.com\/tr\/wp-json\/wp\/v2\/media?parent=239"}],"curies":[{"name":"wp","href":"https:\/\/api.w.org\/{rel}","templated":true}]}}