{"id":237,"date":"2024-11-25T10:18:51","date_gmt":"2024-11-25T10:18:51","guid":{"rendered":"https:\/\/thewallstreetfan.com\/?page_id=237"},"modified":"2025-02-21T07:49:22","modified_gmt":"2025-02-21T07:49:22","slug":"tc-newsletter","status":"publish","type":"page","link":"https:\/\/thewallstreetfan.com\/tr\/tc-newsletter\/","title":{"rendered":"TC NEWSLETTER:\u00a0|B\u0130LMEN\u0130Z GEREKEN SON VE \u00d6NEML\u0130 HABERLER"},"content":{"rendered":"\n<section>\n  <div class=\"normal-container\">\n    <div class=\"container row\">\n      <div class=\"xxl-box\">\n        <p class=\"mt-0\">Finansal piyasalar\u0131n d\u00fcnyas\u0131na dal\u0131n ve okuma deneyiminizi ki\u015fisel ilgi alanlar\u0131n\u0131za g\u00f6re \u015fekillendirin.\n        En g\u00fcncel geli\u015fmeleri e-postan\u0131zda, bilgisayar\u0131n\u0131zda veya mobil cihaz\u0131n\u0131zda alarak piyasalar\u0131n bir ad\u0131m \u00f6n\u00fcnde olun.\n        <strong>TC B\u00fclteni<\/strong> ile <strong>en son finans haberlerini, uygulanabilir ticaret planlar\u0131n\u0131 \u00f6\u011frenin ve uzman piyasa analizlerine eri\u015fin.<\/strong><\/p>\n        <p>Bug\u00fcn <span class=\"text-bold\">FXORO<\/span> Global&#8217;e kaydolun veya hesab\u0131n\u0131za giri\u015f yaparak bu \u00f6zelli\u011fe eri\u015fin!<\/p>\n      <\/div>\n    <\/div>\n  <\/div>\n<\/section>\n\n<section>\n  <div class=\"normal-container py-0\">\n    <div class=\"container row\">\n      <div class=\"xxl-box\">\n      <div class=\"second-btn text-center\">\n            <a href=\"https:\/\/my.thewallstreetfan.com\/tr\/kayit-ol\" target=\"_blank\" class=\"btn\">Kay\u0131t Ol<\/a>\n            <p>Ticaret risklidir.<\/p>\n        <\/div>\n      <\/div>\n    <\/div>\n  <\/div>\n<\/section>\n\n<section>\n  <div class=\"normal-container\">\n    <div class=\"container row\">\n      <div class=\"xxl-box\">\n      <p class=\"mt-0 text-italic\"><strong>Risk Uyar\u0131s\u0131:<\/strong> Burada sa\u011flanan herhangi bir veri, \u00f6zellik veya performans yaln\u0131zca bilgilendirme ama\u00e7l\u0131d\u0131r ve hi\u00e7bir \u015fekilde\n      <span class=\"text-bold\">FXORO<\/span> Global yat\u0131r\u0131m ve\/veya ticaret tavsiyesi sa\u011flamaz veya sa\u011flamay\u0131 ama\u00e7lamaz, ayr\u0131ca potansiyel veya mevcut m\u00fc\u015fterileri herhangi bir hizmete\/\u00f6zelli\u011fe abone olmaya te\u015fvik etmez.\n      M\u00fc\u015fteri, finansal enstr\u00fcman, sinyal sa\u011flay\u0131c\u0131 ve ticaret stratejisi se\u00e7imi dahil olmak \u00fczere t\u00fcm ticaret faaliyetlerinden tek ba\u015f\u0131na sorumludur.\n      Ge\u00e7mi\u015f performans, gelecekteki sonu\u00e7lar\u0131n bir g\u00f6stergesi de\u011fildir.<\/p>\n      <\/div>\n    <\/div>\n  <\/div>\n<\/section>\n\n","protected":false},"excerpt":{"rendered":"<p>Finansal piyasalar\u0131n d\u00fcnyas\u0131na dal\u0131n ve okuma deneyiminizi ki\u015fisel ilgi alanlar\u0131n\u0131za g\u00f6re \u015fekillendirin. En g\u00fcncel geli\u015fmeleri e-postan\u0131zda, bilgisayar\u0131n\u0131zda veya mobil cihaz\u0131n\u0131zda alarak piyasalar\u0131n bir ad\u0131m \u00f6n\u00fcnde olun. TC B\u00fclteni ile en son finans haberlerini, uygulanabilir ticaret planlar\u0131n\u0131 \u00f6\u011frenin ve uzman piyasa analizlerine eri\u015fin. Bug\u00fcn FXORO Global&#8217;e kaydolun veya hesab\u0131n\u0131za giri\u015f yaparak bu \u00f6zelli\u011fe eri\u015fin! Risk Uyar\u0131s\u0131: [&hellip;]<\/p>\n","protected":false},"author":1,"featured_media":0,"parent":0,"menu_order":0,"comment_status":"closed","ping_status":"closed","template":"page-templates\/TCNewsletter.php","meta":{"_acf_changed":false,"footnotes":""},"class_list":["post-237","page","type-page","status-publish","hentry"],"aioseo_notices":[],"acf":[],"_links":{"self":[{"href":"https:\/\/thewallstreetfan.com\/tr\/wp-json\/wp\/v2\/pages\/237","targetHints":{"allow":["GET"]}}],"collection":[{"href":"https:\/\/thewallstreetfan.com\/tr\/wp-json\/wp\/v2\/pages"}],"about":[{"href":"https:\/\/thewallstreetfan.com\/tr\/wp-json\/wp\/v2\/types\/page"}],"author":[{"embeddable":true,"href":"https:\/\/thewallstreetfan.com\/tr\/wp-json\/wp\/v2\/users\/1"}],"replies":[{"embeddable":true,"href":"https:\/\/thewallstreetfan.com\/tr\/wp-json\/wp\/v2\/comments?post=237"}],"version-history":[{"count":2,"href":"https:\/\/thewallstreetfan.com\/tr\/wp-json\/wp\/v2\/pages\/237\/revisions"}],"predecessor-version":[{"id":6817,"href":"https:\/\/thewallstreetfan.com\/tr\/wp-json\/wp\/v2\/pages\/237\/revisions\/6817"}],"wp:attachment":[{"href":"https:\/\/thewallstreetfan.com\/tr\/wp-json\/wp\/v2\/media?parent=237"}],"curies":[{"name":"wp","href":"https:\/\/api.w.org\/{rel}","templated":true}]}}