{"id":235,"date":"2024-11-25T10:17:41","date_gmt":"2024-11-25T10:17:41","guid":{"rendered":"https:\/\/thewallstreetfan.com\/?page_id=235"},"modified":"2025-02-05T11:53:23","modified_gmt":"2025-02-05T11:53:23","slug":"tc-market-buzz","status":"publish","type":"page","link":"https:\/\/thewallstreetfan.com\/tr\/tc-market-buzz\/","title":{"rendered":"TC MARKET BUZZ:\u00a0|HANG\u0130 H\u0130SSE SENETLER\u0130N\u0130N VE KONULARIN GER\u00c7EKTEN &#8220;G\u00d6R\u00dcNT\u00dcL\u00dc&#8221; OLDU\u011eUNU KONTROL ED\u0130N"},"content":{"rendered":"\n<section>\n  <div class=\"normal-container\">\n    <div class=\"container row\">\n      <div class=\"xxl-box\">\n        <p class=\"mt-0\">Yat\u0131r\u0131mc\u0131lar\u0131n genellikle yo\u011fun programlar aras\u0131nda vakit bulmakta zorland\u0131\u011f\u0131n\u0131 anlad\u0131\u011f\u0131m\u0131z i\u00e7in, <strong>TC Market Buzz<\/strong>&#8216;\u0131 yat\u0131r\u0131m hedeflerinize uygun haberleri \u00f6ne \u00e7\u0131karmak \u00fczere tasarlad\u0131k.<\/p>\n        <p>TC Market Buzz, her g\u00fcn on binlerce g\u00fcvenilir sosyal medya kanal\u0131, blog ve haber sitesini analiz ederek belirli bir hisse senedi, d\u00f6viz \u00e7ifti veya emtia hakk\u0131ndaki en son piyasa s\u00f6ylentilerinin \u00f6zl\u00fc bir \u00f6zetini sunar.<\/p>\n        <p>Birka\u00e7 saniye i\u00e7inde <strong>topluluk hissiyat\u0131n\u0131n bir yat\u0131r\u0131m fikri \u00fczerindeki potansiyel etkisini net bir \u015fekilde anlayabilirsiniz<\/strong> ve piyasan\u0131n \u00f6n\u00fcnde kalabilirsiniz.<\/p>\n        <p>Bug\u00fcn <span class=\"text-bold\">FXORO<\/span> Global&#8217;e kaydolun veya hesab\u0131n\u0131za giri\u015f yaparak bu \u00f6zelli\u011fe eri\u015fin!<\/p>\n      <\/div>\n    <\/div>\n  <\/div>\n<\/section>\n\n<section>\n  <div class=\"normal-container py-0\">\n    <div class=\"container row\">\n      <div class=\"xxl-box\">\n      <div class=\"second-btn text-center\">\n            <a href=\"https:\/\/my.thewallstreetfan.com\/tr\/kayit-ol\" target=\"_blank\" class=\"btn\">Kay\u0131t Ol<\/a>\n            <p>Ticaret risklidir.<\/p>\n        <\/div>\n      <\/div>\n    <\/div>\n  <\/div>\n<\/section>\n\n","protected":false},"excerpt":{"rendered":"<p>Yat\u0131r\u0131mc\u0131lar\u0131n genellikle yo\u011fun programlar aras\u0131nda vakit bulmakta zorland\u0131\u011f\u0131n\u0131 anlad\u0131\u011f\u0131m\u0131z i\u00e7in, TC Market Buzz&#8216;\u0131 yat\u0131r\u0131m hedeflerinize uygun haberleri \u00f6ne \u00e7\u0131karmak \u00fczere tasarlad\u0131k. TC Market Buzz, her g\u00fcn on binlerce g\u00fcvenilir sosyal medya kanal\u0131, blog ve haber sitesini analiz ederek belirli bir hisse senedi, d\u00f6viz \u00e7ifti veya emtia hakk\u0131ndaki en son piyasa s\u00f6ylentilerinin \u00f6zl\u00fc bir \u00f6zetini sunar. [&hellip;]<\/p>\n","protected":false},"author":1,"featured_media":0,"parent":0,"menu_order":0,"comment_status":"closed","ping_status":"closed","template":"page-templates\/TCMarketBuzz.php","meta":{"_acf_changed":false,"footnotes":""},"class_list":["post-235","page","type-page","status-publish","hentry"],"aioseo_notices":[],"acf":[],"_links":{"self":[{"href":"https:\/\/thewallstreetfan.com\/tr\/wp-json\/wp\/v2\/pages\/235","targetHints":{"allow":["GET"]}}],"collection":[{"href":"https:\/\/thewallstreetfan.com\/tr\/wp-json\/wp\/v2\/pages"}],"about":[{"href":"https:\/\/thewallstreetfan.com\/tr\/wp-json\/wp\/v2\/types\/page"}],"author":[{"embeddable":true,"href":"https:\/\/thewallstreetfan.com\/tr\/wp-json\/wp\/v2\/users\/1"}],"replies":[{"embeddable":true,"href":"https:\/\/thewallstreetfan.com\/tr\/wp-json\/wp\/v2\/comments?post=235"}],"version-history":[{"count":1,"href":"https:\/\/thewallstreetfan.com\/tr\/wp-json\/wp\/v2\/pages\/235\/revisions"}],"predecessor-version":[{"id":6600,"href":"https:\/\/thewallstreetfan.com\/tr\/wp-json\/wp\/v2\/pages\/235\/revisions\/6600"}],"wp:attachment":[{"href":"https:\/\/thewallstreetfan.com\/tr\/wp-json\/wp\/v2\/media?parent=235"}],"curies":[{"name":"wp","href":"https:\/\/api.w.org\/{rel}","templated":true}]}}