{"id":233,"date":"2024-11-25T10:16:30","date_gmt":"2024-11-25T10:16:30","guid":{"rendered":"https:\/\/thewallstreetfan.com\/?page_id=233"},"modified":"2025-02-21T07:48:44","modified_gmt":"2025-02-21T07:48:44","slug":"alpha-generation","status":"publish","type":"page","link":"https:\/\/thewallstreetfan.com\/tr\/alpha-generation\/","title":{"rendered":"ALPHA GENERATION:\u00a0|Muhtemelen i\u015flemlerinizi tasarlamak i\u00e7in m\u00fcmk\u00fcn olan en iyi analizlerden biri"},"content":{"rendered":"\n<section>\n  <div class=\"normal-container\">\n    <div class=\"container row\">\n      <div class=\"xxl-box\">\n        <p class=\"mt-0\">Bu \u00f6zellik, <strong>piyasa psikolojisine dair i\u00e7g\u00f6r\u00fcler sunarak karar verme s\u00fcrecinizi g\u00fc\u00e7lendiren \u00fc\u00e7 yenilik\u00e7i g\u00f6stergeyle donat\u0131lm\u0131\u015ft\u0131r<\/strong> \n        ve potansiyel giri\u015f ve \u00e7\u0131k\u0131\u015f noktalar\u0131n\u0131 vurgular. Bu g\u00f6stergeler, tan\u0131d\u0131k Meta Trader MT4 grafiklerine sorunsuz bir \u015fekilde entegre edilerek \n        ticaret deneyiminizi daha da geli\u015ftirir.<\/p>\n        <p>Bu eklenti, <span class=\"text-bold\">FXORO<\/span> Global yat\u0131r\u0131mc\u0131lar\u0131 i\u00e7in mevcuttur. Bir <span class=\"text-bold\">FXORO<\/span> Global temsilcisiyle g\u00f6r\u00fc\u015fmeyi unutmay\u0131n ve \n        ticaret faaliyetlerinizde kullan\u0131n.<\/p>\n        <p>Bug\u00fcn <span class=\"text-bold\">FXORO<\/span> Global\u2019e kaydolun veya hesab\u0131n\u0131za giri\u015f yaparak bu eklentiye eri\u015fin!<\/p>\n      <\/div>\n    <\/div>\n  <\/div>\n<\/section>\n\n<section>\n  <div class=\"normal-container py-0\">\n    <div class=\"container row\">\n      <div class=\"xxl-box\">\n        <div class=\"second-btn text-center\">\n            <a href=\"https:\/\/my.thewallstreetfan.com\/tr\/kayit-ol\" target=\"_blank\" class=\"btn\">Kay\u0131t Ol<\/a>\n            <p>Ticaret risklidir.<\/p>\n        <\/div>\n      <\/div>\n    <\/div>\n  <\/div>\n<\/section>\n\n<section>\n  <div class=\"normal-container\">\n    <div class=\"container row\">\n      <div class=\"xxl-box\">\n        <p class=\"mt-0 text-italic\"><strong>Risk Uyar\u0131s\u0131:<\/strong> Burada sa\u011flanan herhangi bir veri, \u00f6zellik veya performans yaln\u0131zca bilgilendirme ama\u00e7l\u0131d\u0131r. \n        <span class=\"text-bold\">FXORO<\/span> Global, yat\u0131r\u0131m ve\/veya ticaret tavsiyesi sa\u011flamak veya potansiyel ya da mevcut m\u00fc\u015fterileri herhangi bir hizmete veya \n        \u00f6zelli\u011fe abone olmaya te\u015fvik etmek niyetinde de\u011fildir. M\u00fc\u015fteri, finansal enstr\u00fcman, sinyal sa\u011flay\u0131c\u0131 ve ticaret stratejisi se\u00e7imleri de dahil \n        olmak \u00fczere ticaret faaliyetlerinden tamamen sorumludur. Ge\u00e7mi\u015f performans, gelecekteki sonu\u00e7lar\u0131n g\u00f6stergesi de\u011fildir.<\/p>\n      <\/div>\n    <\/div>\n  <\/div>\n<\/section>\n\n","protected":false},"excerpt":{"rendered":"<p>Bu \u00f6zellik, piyasa psikolojisine dair i\u00e7g\u00f6r\u00fcler sunarak karar verme s\u00fcrecinizi g\u00fc\u00e7lendiren \u00fc\u00e7 yenilik\u00e7i g\u00f6stergeyle donat\u0131lm\u0131\u015ft\u0131r ve potansiyel giri\u015f ve \u00e7\u0131k\u0131\u015f noktalar\u0131n\u0131 vurgular. Bu g\u00f6stergeler, tan\u0131d\u0131k Meta Trader MT4 grafiklerine sorunsuz bir \u015fekilde entegre edilerek ticaret deneyiminizi daha da geli\u015ftirir. Bu eklenti, FXORO Global yat\u0131r\u0131mc\u0131lar\u0131 i\u00e7in mevcuttur. Bir FXORO Global temsilcisiyle g\u00f6r\u00fc\u015fmeyi unutmay\u0131n ve ticaret faaliyetlerinizde [&hellip;]<\/p>\n","protected":false},"author":1,"featured_media":0,"parent":0,"menu_order":0,"comment_status":"closed","ping_status":"closed","template":"page-templates\/AlphaGeneration.php","meta":{"_acf_changed":false,"footnotes":""},"class_list":["post-233","page","type-page","status-publish","hentry"],"aioseo_notices":[],"acf":[],"_links":{"self":[{"href":"https:\/\/thewallstreetfan.com\/tr\/wp-json\/wp\/v2\/pages\/233","targetHints":{"allow":["GET"]}}],"collection":[{"href":"https:\/\/thewallstreetfan.com\/tr\/wp-json\/wp\/v2\/pages"}],"about":[{"href":"https:\/\/thewallstreetfan.com\/tr\/wp-json\/wp\/v2\/types\/page"}],"author":[{"embeddable":true,"href":"https:\/\/thewallstreetfan.com\/tr\/wp-json\/wp\/v2\/users\/1"}],"replies":[{"embeddable":true,"href":"https:\/\/thewallstreetfan.com\/tr\/wp-json\/wp\/v2\/comments?post=233"}],"version-history":[{"count":2,"href":"https:\/\/thewallstreetfan.com\/tr\/wp-json\/wp\/v2\/pages\/233\/revisions"}],"predecessor-version":[{"id":6816,"href":"https:\/\/thewallstreetfan.com\/tr\/wp-json\/wp\/v2\/pages\/233\/revisions\/6816"}],"wp:attachment":[{"href":"https:\/\/thewallstreetfan.com\/tr\/wp-json\/wp\/v2\/media?parent=233"}],"curies":[{"name":"wp","href":"https:\/\/api.w.org\/{rel}","templated":true}]}}