{"id":6363,"date":"2025-01-23T07:59:27","date_gmt":"2025-01-23T07:59:27","guid":{"rendered":"https:\/\/thewallstreetfan.com\/?page_id=6363"},"modified":"2025-02-05T09:39:23","modified_gmt":"2025-02-05T09:39:23","slug":"avertisment-de-risc","status":"publish","type":"page","link":"https:\/\/thewallstreetfan.com\/ro\/avertisment-de-risc\/","title":{"rendered":"Avertisment de risc"},"content":{"rendered":"<p>ORO Fintech Limited este o companie financiar\u0103 constituit\u0103 \u0219i \u00eenregistrat\u0103 \u00een conformitate cu legile Republicii Seychelles cu num\u0103r de \u00eenregistrare 8425077-1 \u0219i autorizat\u0103 de Autoritatea pentru servicii financiare (FSA) cu num\u0103r de licen\u021b\u0103 SD046. Adresa: Apartament 3, Satul Global, Complexul Jivan Mont Fleuri, Mahe, Seychelles.<\/p>\n<ol>\n<li>\n        <strong>AVERTISMENT DE RISC<\/strong><\/p>\n<p>Prin prezenta, Clientul este de acord s\u0103 utilizeze site-ul web pe propriul risc. Posibilitatea existent\u0103 este ca Clientul s\u0103 poat\u0103 suferi o pierdere a tuturor sau a unei investi\u021bii ini\u021biale \u0219i, prin urmare, Clientul s\u0103 nu investeasc\u0103 bani pe care nu-\u0219i poate permite s\u0103 \u00eei piard\u0103. Clientul ar trebui s\u0103 fie con\u0219tient de riscurile asociate cu toate tranzac\u021biile digitale de op\u021biuni \u0219i s\u0103 solicite consiliere de la un consilier financiar independent dac\u0103 Clientul are \u00eentreb\u0103ri sau \u00eendoieli.<\/p>\n<ol type=\"a\">\n<li>\n<p>Aceast\u0103 Notificare este direc\u021bionat\u0103 c\u0103tre to\u021bi clien\u021bii poten\u021biali \u0219i trebuie citit\u0103 cu aten\u021bie de c\u0103tre toate p\u0103r\u021bile interesate c\u0103tre care este direc\u021bionat\u0103. Scopul avertismentului este de a explica, \u00een mod corect, clar \u0219i \u00een general, natura riscurilor implicate \u00een tratarea instrumentelor financiare. Clientul trebuie s\u0103 \u00een\u021beleag\u0103 c\u0103 aceste riscuri implic\u0103 o \u0219ans\u0103 de a pierde bani \u00een timpul tranzac\u021bion\u0103rii. Aceast\u0103 dezv\u0103luire este informativ\u0103 \u0219i nu trebuie considerat\u0103 o list\u0103 a tuturor riscurilor posibile.<\/p>\n<\/li>\n<\/ol>\n<\/li>\n<li>\n        <strong>RISCURI GENERALE <\/strong><\/p>\n<p>ORO FINTECH LTD \u00eei face cunoscute \u0219i \u00een acela\u0219i timp avertizeaz\u0103 Clientul cu privire la urm\u0103toarele riscuri din lista de mai jos :<\/p>\n<ol type=\"a\">\n<li>\n<p>Capitalul ini\u021bial al Clientului \u0219i \/ sau orice suma de bani investit\u0103 de c\u0103tre Client \u00een orice instrument financiar nu este si nu poate fi garantat\u0103 de c\u0103tre&nbsp;ORO FINTECH LTD.<\/p>\n<\/li>\n<li>\n<p>Clientul este con\u0219tient de faptul c\u0103 valoarea oric\u0103rei investi\u021bii \u00een instrumente financiare poate fluctua \u00een jos sau \u00een sus, \u0219i de asemenea, accept\u0103 c\u0103 exist\u0103 probabilitatea ca orice investitie facut\u0103, poate \u00een orice moment s\u0103 atinga valoare zero \u00een ciuda oric\u0103rei informa\u021bii ( contrare sau altfel ) ce poate fi oferit\u0103 de c\u0103tre ORO FINTECH LTD la un moment dat.<\/p>\n<\/li>\n<li>\n<p>Clientul trebuie s\u0103 \u0219tie c\u0103 informa\u021biile despre performan\u021ba anterioar\u0103 a unui instrument financiar nu garanteaz\u0103 \u00een nici un fel performan\u021ba sa actual\u0103 \u0219i \/ sau viitoare. Utilizarea datelor istorice nu reprezint\u0103 o garan\u021bie c\u0103 se poate lua o decizie \u00een condi\u021bii de siguran\u021b\u0103 \u00een ceea ce prive\u0219te nivelul curent \u0219i \/ sau performan\u021bele viitoare ale instrumentelor financiare la care se refer\u0103 datele istorice respective.<\/p>\n<\/li>\n<li>\n<p>ORO FINTECH LTD&nbsp;atrage aten\u021bia Clientului c\u0103 orice tranzac\u021bie, care ar putea avea loc prin intermediul serviciilor de tranzac\u021bionare furnizate lui de catre&nbsp;ORO FINTECH LTD, este de natur\u0103 speculativ\u0103. Clientul este informat c\u0103 pot ap\u0103rea pierderi mari \u00eentr-o perioad\u0103 scurt\u0103 de timp.<\/p>\n<\/li>\n<li>\n<p>Clientul trebuie s\u0103 \u0219tie c\u0103 exist\u0103 cazuri \u00een care instrumentele financiare ar putea deveni imediat lichide ( de exemplu: ca urmare a cererii reduse ). Clientul ia la cuno\u0219tin\u021ba de asemenea, c\u0103 \u00een aceste cazuri poate s\u0103 se afle \u00eentr-o situatie de a nu putea vinde instrumentele financiare men\u021bionate anterior \u0219i nici s\u0103 ob\u021bin\u0103 u\u0219or informa\u021bii cu privire la valoarea lor \u0219i \/ sau amploarea riscurilor asociate acestora.<\/p>\n<\/li>\n<li>\n<p>\u00cen cazul \u00een care instrumentele financiare sunt tranzac\u021bionate \u00eentr-o alt\u0103 moned\u0103 dec\u00e2t moneda \u021b\u0103rii de re\u0219edin\u021b\u0103 a Clientului, orice modific\u0103ri ale cursurilor de schimb valutar pot avea un efect negativ asupra instrumentelor financiare cu impact \u00een valoare, pre\u021b \u0219i performan\u021b\u0103.<\/p>\n<\/li>\n<li>\n<p>Clientul este informat c\u0103 executarea unui ordin poate fi dificil sau imposibil de realizat \u00een anumite condi\u021bii de pia\u021b\u0103. Mai mult,&nbsp;ORO FINTECH LTD &nbsp;aten\u021bioneaz\u0103 Clientul c\u0103&nbsp;ORO FINTECH LTD&nbsp;ar putea opera \u00een pie\u021bele financiare prin intermediul b\u0103ncilor \u0219i brokerilor care pot avea interese contrare intereselor Clientului.<\/p>\n<\/li>\n<\/ol>\n<\/li>\n<li>\n        <strong>TAXE SI COMISIOANE<\/strong><\/p>\n<ol type=\"a\">\n<li>\n<p>Clientul este in\u0219tiintat de eventuale schimb\u0103ri ale condi\u021biilor de cont, modific\u0103ri ale legisla\u021biei, precum \u0219i orice alt factor care poate reprezenta un risc in tranzac\u021biile clientului pe instrumente financiare si care poate fi sau va deveni supus impozitului \u0219i \/ sau oric\u0103rei alte taxe legale.&nbsp;ORO FINTECH LTD nu poate \u0219i nu garanteaz\u0103 Clientului c\u0103 nu va suporta taxe fiscale \u0219i \/ sau orice alte obliga\u021bii. Clientul este informat c\u0103 toate taxele \u0219i \/ sau orice alte obliga\u021bii fiscale care s-ar putea acumula \u00een urma tranzac\u021biilorsale sunt propria r\u0103spundere a Clientului.<\/p>\n<\/li>\n<li>\n<p>ORO FINTECH LTD &nbsp;recomand\u0103 cu fermitate Clientului s\u0103 ob\u021bin\u0103 detalii suplimentare cu privire la toate comisioanele \u0219i alte taxe pentru care Clientul va fi r\u0103spunz\u0103tor, \u00eenainte de a \u00eencepe tranzac\u021bionarea. \u00cen cazul \u00een care unele taxe si comisioane care nu sunt exprimate explicit ( de exemplu, un spread abuziv ), Clientul trebuie s\u0103 solicite o explica\u021bie \u00een scris, inclusiv exemple adecvate, pentru a se asigura c\u0103 el este pe deplin informat cu privire la taxele si comisioanele specifice.<\/p>\n<\/li>\n<\/ol>\n<p>\u00cen conformitate cu reglement\u0103rile \u00een vigoare, brokerului&nbsp;ORO FINTECH LTD&nbsp;i se poate solicita s\u0103 tina banii unui client \u00eentr-un cont care este separat de ceilal\u021bi Clien\u021bi, precum \u0219i separat de conturile&nbsp;ORO FINTECH LTD. Clientul va fi \u00eens\u0103 avertizat \u00een mod expres c\u0103 acest lucru nu contribuie la o protec\u021bie complet\u0103 pentru el<\/p>\n<\/li>\n<li>\n        <strong>RISCURI TEHNICE<\/strong><\/p>\n<ol type=\"a\">\n<li>\n<p>\u00cen cazul \u00een care Clientul face tranzactii pe un sistem electronic, Clientul poate fi expus la riscuri care pot fi asociate cu sistemul ( inclusiv defec\u021biuni de hardware ( Internet \/ servere) \u0219i software)) Rezultatul oric\u0103rei defec\u021biuni de sistem poate fi faptul c\u0103 ordinul s\u0103u fie nu poate fi executat \u00een conformitate cu instruc\u021biunile sale sau s\u0103 nu fie executat deloc.&nbsp;ORO FINTECH nu poate \u0219i nu trebuie s\u0103 poarte nici o r\u0103spundere \u00een cazul unei astfel de situa\u021bii.<\/p>\n<\/li>\n<li>\n<p>Clientul este informat c\u0103 el este responsabil pentru gestionarea riscurilor care pot duce la pierderi financiare cauzate din lipsa de informare, comunicare, defec\u021biuni electronice sau ale altor sisteme.<\/p>\n<\/li>\n<li>\n<p>\u00cen cazul \u00een care p\u0103r\u021bi ter\u021be autorizate s\u0103 aib\u0103 acces la informa\u021bii, cum ar fi adresele electronice, comunica\u021bii electronice \u0219i datele cu caracter personal,&nbsp;ORO FINTECH LTD nu va avea nici o responsabilitate \u00een cazul \u00een care date prezentate mai sus sunt transmise \u00eentre&nbsp;ORO FINTECH LTD&nbsp;sau orice alt\u0103 parte, prin facilit\u0103\u021bile de internet sau alt mijloc de comunicare \u00een re\u021bea, telefon, sau orice alte mijloace.<\/p>\n<\/li>\n<li>\n<p>Clientul trebuie sa stie c\u0103 informa\u021biile necriptate si transmise prin e-mail nu sunt protejate de orice eventual acces neautorizat.<\/p>\n<\/li>\n<li>\n<p>Aten\u021bia Clientului este distras\u0103 \u00een mod expres \u00een momentele de flux maxim de tranzac\u021bionare, atunci c\u00e2nd Clientul poate avea dificult\u0103\u021bi cu conectarea la telefon sau Platforma de Tranzac\u021bionare.<\/p>\n<\/li>\n<li>\n<p>Clientul trebuie s\u0103 stie c\u0103 internetul ar putea fi supus unor evenimente ce pot afecta accesul la pagina web&nbsp;ORO FINTECH LTD&nbsp;sau la sistemul de tranzac\u021bionare, inclusiv, dar nu limitat la \u00eentreruperi sau penele de curent, defectiuni software \u0219i hardware sau deconectare de la internet.&nbsp;ORO FINTECH LTD&nbsp;nu este responsabil pentru daunele sau pierderile rezultate din astfel de evenimente si care sunt independente de controlul s\u0103u sau pentru alte pierderi, costuri, datorii, sau cheltuieli (inclusiv , f\u0103r\u0103 limitare, pierderi de profit ), ce pot rezulta din incapacitatea Clientului de a accesa pagina web&nbsp;ORO FINTECH LTD sau sistemul de tranzac\u021bionare sau \u00eent\u00e2rzierea sau e\u0219ecul \u00een trimiterea ordinelor pentru tranzac\u021bionare.<\/p>\n<\/li>\n<li>\n<p>ORO FINTECH LTD nu este un furnizor de servicii de Internet \u0219i nu poate fi responsabil pentru ne\u00eendeplinirea obliga\u021biilor cu clien\u021bii s\u0103i din cauza defec\u021biunilor de conexiune la internet sau defec\u021biuni in re\u021beaua public\u0103 de electricitate sau atacurile hackerilor.<\/p>\n<\/li>\n<li>\n<p>Clientul este avertizat c\u0103, atunci c\u00e2nd tranzac\u021bioneaz\u0103 \u00eentr-o platform\u0103 de tranzac\u021bionare electronic\u0103 \u00ee\u0219i asum\u0103 riscul de pierderi financiare, pierderi care ar putea fi cauzate de mai mul\u021bi factori externi dintre care amintim :<\/p>\n<ul>\n<li>\n<p>Func\u021bionare necorespunz\u0103toare a dispozitivelor electronice ale Clientului , software-ul \u0219i calitatea slab\u0103 a conexiunii;<\/p>\n<\/li>\n<li>\n<p>Func\u021bionare necorespunz\u0103toare hardware sau software ale&nbsp;ORO FINTECH LTD sau ale clientului, defec\u021biuni sau utilizare necorespunz\u0103toare a echipamentelor;<\/p>\n<\/li>\n<li>\n<p>Func\u021bionare improprie a echipamentelor Clientului<\/p>\n<\/li>\n<li>\n<p>Setare gre\u0219ita a terminalului Clientului<\/p>\n<\/li>\n<li>\n<p>Actualiz\u0103ri \u00eent\u00e2rziate ale terminalului Clientului.<\/p>\n<\/li>\n<\/ul>\n<\/li>\n<\/ol>\n<\/li>\n<li>\n        <strong>LEVIER<\/strong><\/p>\n<p>Clientul trebuie s\u0103 \u00een\u021beleag\u0103 c\u0103 levierul \u00een tranzac\u021bionarea cu marj\u0103 poate avea un impact semnificativ asupra contului s\u0103u de tranzac\u021bionare. Chiar \u0219i \u00een cazul modific\u0103rilor minore ale cursului de schimb \u0219i a pre\u021burilor instrumentelor, exist\u0103 posibilitatea ca Clientul s\u0103 \u00ee\u0219i piard\u0103 depozitul ini\u021bial. Prin prezenta, Clientul \u00een\u021belege c\u0103 este pe deplin responsabil de utilizarea fondurilor proprii \u0219i contabilizarea riscurilor.<\/p>\n<\/li>\n<li>\n        <strong>ABATEREA COTA\u021aIILOR (SLIPPAGE)<\/strong><\/p>\n<p>Volatilitatea de pe pia\u021ba poate crea condi\u021bii improprii \u00een care ordinele sunt greu de executat deoarece pre\u021bul ar putea fi cu mai multe puncte mai departe dec\u00e2t cel dorit datorit\u0103 mi\u0219c\u0103rii extreme de pia\u021b\u0103. De\u0219i traderul este \u00een c\u0103utarea unui anumit pre\u021b, pia\u021ba se poate muta \u00een mod semnificativ \u0219i ordinul va fi executat la cel mai bun pre\u021b sau valoarea de pia\u021b\u0103 just\u0103. \u00cen mod similar, cre\u0219terea volumului poate conduce, de asemenea, la abaterea cota\u021biilor, deoarece nu exist\u0103 suficient\u0103 lichiditate pentru a executa toate tranzac\u021biile la cota\u021biile solicitate.<\/p>\n<p>Odat\u0103 ce un ordin de stopare este declan\u0219at, acesta devine un ordin la cel mai bun pre\u021b din pia\u021b\u0103 \u0219i nu exist\u0103 nici o garan\u021bie c\u0103 va fi executat la pre\u021bul dorit ini\u021bial. Prin urmare, ordinele \u00een a\u0219teptare pot avea abateri \u00een func\u021bie de condi\u021biile de pia\u021b\u0103.<\/p>\n<\/li>\n<li>\n        <strong>PLATFORMA DE TRANZAC\u021aIONARE<\/strong><\/p>\n<p>Clientul ia la cuno\u0219tin\u021b\u0103 c\u0103 singura surs\u0103 sigur\u0103 de Cota\u021bii \u00een timp real este cea furnizat\u0103 de Serverul on line. Clientul este avertizat c\u0103 aceste cota\u021bii din terminalul s\u0103u nu sunt o surs\u0103 sigur\u0103 de informa\u021bii, deoarece leg\u0103tura \u00eentre terminalul Clientului \u0219i server poate fi perturbat\u0103 la un moment dat, iar unele dintre cota\u021bii pur \u0219i simplu nu poate ajunge pe terminalul clientului.<\/p>\n<p>Clientul ia la cuno\u0219tin\u021b\u0103 c\u0103, atunci c\u00e2nd Clientul \u00eenchide ordinul plasat \/ modifica\/ \u0219terge sau modific\u0103 fereastra de \u00eenchidere sau deschidere a unei pozi\u021bii, ultima instruc\u021biune care a fost trimis\u0103 c\u0103tre Server nu mai poate fi anulat\u0103.<\/p>\n<\/li>\n<\/ol>\n","protected":false},"excerpt":{"rendered":"<p>ORO Fintech Limited este o companie financiar\u0103 constituit\u0103 \u0219i \u00eenregistrat\u0103 \u00een conformitate cu legile Republicii Seychelles cu num\u0103r de \u00eenregistrare 8425077-1 \u0219i autorizat\u0103 de Autoritatea pentru servicii financiare (FSA) cu num\u0103r de licen\u021b\u0103 SD046. Adresa: Apartament 3, Satul Global, Complexul Jivan Mont Fleuri, Mahe, Seychelles. AVERTISMENT DE RISC Prin prezenta, Clientul este de acord s\u0103 [&hellip;]<\/p>\n","protected":false},"author":1,"featured_media":0,"parent":0,"menu_order":0,"comment_status":"closed","ping_status":"closed","template":"page-templates\/StandardPage.php","meta":{"_acf_changed":false,"footnotes":""},"class_list":["post-6363","page","type-page","status-publish","hentry"],"aioseo_notices":[],"acf":[],"_links":{"self":[{"href":"https:\/\/thewallstreetfan.com\/ro\/wp-json\/wp\/v2\/pages\/6363","targetHints":{"allow":["GET"]}}],"collection":[{"href":"https:\/\/thewallstreetfan.com\/ro\/wp-json\/wp\/v2\/pages"}],"about":[{"href":"https:\/\/thewallstreetfan.com\/ro\/wp-json\/wp\/v2\/types\/page"}],"author":[{"embeddable":true,"href":"https:\/\/thewallstreetfan.com\/ro\/wp-json\/wp\/v2\/users\/1"}],"replies":[{"embeddable":true,"href":"https:\/\/thewallstreetfan.com\/ro\/wp-json\/wp\/v2\/comments?post=6363"}],"version-history":[{"count":1,"href":"https:\/\/thewallstreetfan.com\/ro\/wp-json\/wp\/v2\/pages\/6363\/revisions"}],"predecessor-version":[{"id":6624,"href":"https:\/\/thewallstreetfan.com\/ro\/wp-json\/wp\/v2\/pages\/6363\/revisions\/6624"}],"wp:attachment":[{"href":"https:\/\/thewallstreetfan.com\/ro\/wp-json\/wp\/v2\/media?parent=6363"}],"curies":[{"name":"wp","href":"https:\/\/api.w.org\/{rel}","templated":true}]}}