{"id":6361,"date":"2025-01-23T07:59:07","date_gmt":"2025-01-23T07:59:07","guid":{"rendered":"https:\/\/thewallstreetfan.com\/?page_id=6361"},"modified":"2025-02-21T10:05:37","modified_gmt":"2025-02-21T10:05:37","slug":"termeni-de-utilizare","status":"publish","type":"page","link":"https:\/\/thewallstreetfan.com\/ro\/termeni-de-utilizare\/","title":{"rendered":"Termeni de utilizare"},"content":{"rendered":"<div class=\"entry-content clearfix\">\n<p>Utilizarea aplica\u021biei de trading <i class=\"textLogo\">FX<i>ORO<\/i><\/i> Global este supus\u0103 anumitor condi\u021bii men\u021bionate \u00een acest document: <\/p>\n<ol type=\"1\">\n<li>\n<h4>Informa\u021bii prezentate \u00een aplica\u021bie<\/h4>\n<ol type=\"a\">\n<li>Informa\u021biile furnizate \u00een aceast\u0103 aplica\u021bie se bazeaz\u0103 pe datele primite din surse disponibile \u0219i recunoscute, precum \u0219i pe rapoarte \u0219i \/ sau alte surse fiabile. Cu toate acestea, informa\u021biile furnizate nu sunt verificate \u0219i \/ sau verificate de <i class=\"textLogo\">FX<i>ORO<\/i><\/i> Global, iar <i class=\"textLogo\">FX<i>ORO<\/i><\/i> Global nu face calificarea c\u0103 informa\u021biile prezentate sunt complete, precise sau fiabile.<\/li>\n<li>Pentru a utiliza aplica\u021bia, utilizatorul \/ clientul trebuie s\u0103 aibe peste 18 ani.<\/li>\n<li>Anumite date, inclusiv datele personale furnizate aici, sunt colectate de <i class=\"textLogo\">FX<i>ORO<\/i><\/i> Global \u00een scopuri de marketing \u0219i pentru stabilirea unei rela\u021bii de afaceri.<\/li>\n<li>Utilizatorul \/ Clientul accept\u0103 c\u0103 <i class=\"textLogo\">FX<i>ORO<\/i><\/i> Global nu va fi, \u00een niciun fel, responsabil \u0219i \/ sau r\u0103spunz\u0103tor pentru orice fel de daune \u0219i \/ sau pierderi cauzate sau care ar putea fi cauzate de utilizarea prezentei aplica\u021bii \u0219i \/ sau a oric\u0103rei informa\u021bii. care este prezentat pe acesta, fie din cauza defec\u021biunilor, indisponibilit\u0103\u021bii \u0219i \/ sau a oric\u0103ror al\u021bi factori care pot determina ca aceast\u0103 aplica\u021bie \u0219i diferitele sale servicii s\u0103 nu func\u021bioneze corect, din cauza e\u0219ecului internetului \u0219i \/ sau al dispozitivului \u0219i \/ sau al furnizoriilor de internet \u0219i \/ sau computerele <i class=\"textLogo\">FX<i>ORO<\/i><\/i> Global \u0219i \/ sau dispozitivul utilizatorului \/ clientului.<\/li>\n<li>\u00cen cazul \u00een care informa\u021biile care apar \u00een aplica\u021bie \u0219i informa\u021biile \u00eenregistrate \u00een c\u0103r\u021bile \/ \u00eenregistr\u0103rile <i class=\"textLogo\">FX<i>ORO<\/i><\/i> Global sunt \u00een contradic\u021bie \u0219i \/ sau sunt incompatibile cu c\u0103r\u021bile men\u021bionate, informa\u021biile \u00eenregistrate \u00een c\u0103r\u021bile \/ \u00eenregistr\u0103rile <i class=\"textLogo\">FX<i>ORO<\/i><\/i> Global vor avea prioritate. <i class=\"textLogo\">FX<i>ORO<\/i><\/i> Global nu va fi, \u00een nici un fel, r\u0103spunz\u0103tor \u0219i \/ sau r\u0103spunz\u0103tor pentru orice fel de daune \u0219i \/ sau pierderi cauzate sau care ar putea fi cauzate utilizatorului \/ clientului din cauza dependen\u021bei utilizatorului \/ clientului de prezenta aplica\u021bie \u0219i, mai precis, cu privire la oricare dintre informa\u021biile care sunt prezentate pe acesta.<\/li>\n<\/ol>\n<\/li>\n<li>\n<h4>Drepturi de ajutor<\/h4>\n<ol type=\"a\">\n<li>Informa\u021biile prezentate \u00een aceast\u0103 aplica\u021bie (inclusiv aplica\u021bia \u00een sine), toate programele con\u021binute \u00een aplica\u021bie care pot fi desc\u0103rcate \u0219i utilizate prin intermediul acesteia, precum \u0219i toate elementele suplimentare care sunt publicitate \u00een aplica\u021bie, sunt supuse \u0219i protejate de drepturile de autor interna\u021bionale legile. <\/li>\n<p>Utilizarea acestei aplica\u021bii este permis\u0103 sub rezerva utiliz\u0103rii sale corecte, care are loc numai atunci c\u00e2nd utilizarea este efectuat\u0103 \u00een conformitate cu legile interna\u021bionale privind drepturile de autor. Copierea, schimbarea, distribuirea \u0219i utilizarea comercial\u0103 a informa\u021biilor con\u021binute \u00een aceast\u0103 aplica\u021bie sunt strict interzise, cu excep\u021bia cazului \u00een care de\u021bin\u0103torul (autorii) drepturilor de autor acord\u0103 \u00een mod expres permisiunea \u00een scris.<\/p>\n<\/ol>\n<\/li>\n<li>\n<h4>Modificarea condi\u021biilor<\/h4>\n<ol type=\"a\">\n<li><i class=\"textLogo\">FX<i>ORO<\/i><\/i> Global \u00ee\u0219i rezerv\u0103 dreptul, la discre\u021bia sa, de a face, la un moment dat, orice modificare a aplica\u021biei, cu ad\u0103ugarea, modificarea \u0219i \/ sau \u00eentreruperea oric\u0103ruia dintre condi\u021biile de utilizare a aplica\u021biei \u0219i \/ sau ad\u0103ugarea, modificarea \u0219i \/ sau sau \u00eentreruperea, total\u0103 sau par\u021bial\u0103, a oric\u0103ruia dintre serviciile furnizate de <i class=\"textLogo\">FX<i>ORO<\/i><\/i> Global. Utilizatorul \/ Clientul nu va avea nicio preten\u021bie sau dreptul la desp\u0103gubiri \u0219i \/ sau desp\u0103gubiri pentru orice fel de daune presupuse suferite din cauza modific\u0103rilor, modific\u0103rilor, complet\u0103rilor sau \u00eentreruperilor men\u021bionate anterior.<\/li>\n<\/ol>\n<\/li>\n<li>\n<h4>Liniile directoare \u00eempotriva sp\u0103l\u0103rii banilor \u0219i furnizarea de documente<\/h4>\n<ol type=\"a\">\n<li>Verificarea identit\u0103\u021bii tuturor utilizatorilor \/ clien\u021bilor s\u0103i este de cea mai mare importan\u021b\u0103 pentru <i class=\"textLogo\">FX<i>ORO<\/i><\/i> Global, pentru a ac\u021biona \u00eentotdeauna \u00een conformitate cu liniile directoare \u00eempotriva sp\u0103l\u0103rii banilor care pot fi \u00een vigoare \u00een orice moment \u00een temeiul legisla\u021biei locale \u0219i interna\u021bionale relevante. Utilizatorului \/ Clientului i se poate solicita s\u0103 furnizeze copii relevante ale diferitelor documente \u00een scopul identific\u0103rii.<\/li>\n<\/ol>\n<\/li>\n<li>\n<h4>Utilizarea programelor de la ter\u021bi<\/h4>\n<ol type=\"a\">\n<li>Aplica\u021bia poate con\u021bine \u0219i permite desc\u0103rcarea \u0219i utilizarea programelor care nu sunt fabricate \u0219i \/ sau distribuite de <i class=\"textLogo\">FX<i>ORO<\/i><\/i> Global (\u201eprograme ter\u021b\u0103 parte\u201d) \u0219i programe care sunt fabricate \u0219i \/ sau distribuite de <i class=\"textLogo\">FX<i>ORO<\/i><\/i> Global. <i class=\"textLogo\">FX<i>ORO<\/i><\/i> Global \u0219i \/ sau produc\u0103torii de programe ter\u021be nu sunt \u00een niciun fel responsabili pentru daunele care pot fi cauzate ca urmare a desc\u0103rc\u0103rii \u0219i \/ sau utiliz\u0103rii respectivelor programe care sunt disponibile pentru desc\u0103rcare \u0219i \/ sau utilizare prin intermediul aplica\u021biei <i class=\"textLogo\">FX<i>ORO<\/i><\/i> Global.<\/li>\n<\/ol>\n<\/li>\n<\/ol>\n<\/div>\n","protected":false},"excerpt":{"rendered":"<p>Utilizarea aplica\u021biei de trading FXORO Global este supus\u0103 anumitor condi\u021bii men\u021bionate \u00een acest document: Informa\u021bii prezentate \u00een aplica\u021bie Informa\u021biile furnizate \u00een aceast\u0103 aplica\u021bie se bazeaz\u0103 pe datele primite din surse disponibile \u0219i recunoscute, precum \u0219i pe rapoarte \u0219i \/ sau alte surse fiabile. Cu toate acestea, informa\u021biile furnizate nu sunt verificate \u0219i \/ sau verificate [&hellip;]<\/p>\n","protected":false},"author":1,"featured_media":0,"parent":0,"menu_order":0,"comment_status":"closed","ping_status":"closed","template":"page-templates\/StandardPage.php","meta":{"_acf_changed":false,"footnotes":""},"class_list":["post-6361","page","type-page","status-publish","hentry"],"aioseo_notices":[],"acf":[],"_links":{"self":[{"href":"https:\/\/thewallstreetfan.com\/ro\/wp-json\/wp\/v2\/pages\/6361","targetHints":{"allow":["GET"]}}],"collection":[{"href":"https:\/\/thewallstreetfan.com\/ro\/wp-json\/wp\/v2\/pages"}],"about":[{"href":"https:\/\/thewallstreetfan.com\/ro\/wp-json\/wp\/v2\/types\/page"}],"author":[{"embeddable":true,"href":"https:\/\/thewallstreetfan.com\/ro\/wp-json\/wp\/v2\/users\/1"}],"replies":[{"embeddable":true,"href":"https:\/\/thewallstreetfan.com\/ro\/wp-json\/wp\/v2\/comments?post=6361"}],"version-history":[{"count":2,"href":"https:\/\/thewallstreetfan.com\/ro\/wp-json\/wp\/v2\/pages\/6361\/revisions"}],"predecessor-version":[{"id":6874,"href":"https:\/\/thewallstreetfan.com\/ro\/wp-json\/wp\/v2\/pages\/6361\/revisions\/6874"}],"wp:attachment":[{"href":"https:\/\/thewallstreetfan.com\/ro\/wp-json\/wp\/v2\/media?parent=6361"}],"curies":[{"name":"wp","href":"https:\/\/api.w.org\/{rel}","templated":true}]}}