{"id":241,"date":"2024-11-25T10:20:08","date_gmt":"2024-11-25T10:20:08","guid":{"rendered":"https:\/\/thewallstreetfan.com\/?page_id=241"},"modified":"2025-02-20T14:33:47","modified_gmt":"2025-02-20T14:33:47","slug":"web-tv","status":"publish","type":"page","link":"https:\/\/thewallstreetfan.com\/ro\/web-tv\/","title":{"rendered":"Web TV:|Un serviciu unic \u00een lumea tranzac\u021bion\u0103rii!"},"content":{"rendered":"\n        <section>\n          <div class=\"normal-container\">\n            <div class=\"container row\">\n              <div class=\"xxl-box\">\n                <p class=\"mt-0\">Dac\u0103 este demn de men\u021bionat, atunci probabil \u00eel vei g\u0103si pe <strong>TC Web TV.<\/strong>\n                  Reporteri profesioni\u0219ti \u00eenregistreaz\u0103 live de pe podea sau de la Bursa de Valori din New York \u0219i \u00ee\u021bi prezint\u0103 fluctua\u021biile pie\u021bei \u00een timp real, situa\u021biile de tranzac\u021bionare \u0219i ofer\u0103 comentarii financiare corespunz\u0103toare \u0219i profesionale. Toate activele populare de tranzac\u021bionare sunt analizate, puse \u00een context \u0219i urmate pentru ca tu s\u0103 fii la curent cu ultimele actualiz\u0103ri \u0219i s\u0103 le utilizezi corespunz\u0103tor.<\/p>\n                <p>\u00cenregistreaz\u0103-te cu <span class=\"text-bold\">FXORO<\/span> Global ast\u0103zi sau conecteaz\u0103-te la contul t\u0103u pentru a accesa aceast\u0103 func\u021bie!<\/p>\n              <\/div>\n            <\/div>\n          <\/div>\n        <\/section>\n\n        <section>\n          <div class=\"normal-container py-0\">\n            <div class=\"container row\">\n              <div class=\"xxl-box\">\n                <div class=\"second-btn text-center\">\n            <a href=\"https:\/\/my.thewallstreetfan.com\/ro\/inregistrare\" target=\"_blank\" class=\"btn\">\u00cenregistrare<\/a>\n            <p>Tranzac\u021bionarea CFD-urilor este riscant\u0103.<\/p>\n        <\/div>\n              <\/div>\n            <\/div>\n          <\/div>\n        <\/section>\n\n        <section>\n          <div class=\"normal-container\">\n            <div class=\"container row\">\n              <div class=\"xxl-box\">\n                <p class=\"mt-0 text-italic\"><strong>Declinarea riscurilor:<\/strong> Orice date, func\u021bii sau performan\u021be furnizate\n                  aici sunt doar pentru scopuri informative \u0219i pentru niciun motiv FXORO Global nu ofer\u0103 \u0219i nici nu inten\u021bioneaz\u0103 s\u0103 ofere sfaturi de investi\u021bii \u0219i\/sau tranzac\u021bionare sau s\u0103 \u00eencurajeze \u0219i\/sau s\u0103 solicite clien\u021bilor poten\u021biali sau existen\u021bi s\u0103 utilizeze \u0219i\/sau s\u0103 se aboneze la orice dintre serviciile\/func\u021biile descrise aici. Clientul este singura persoan\u0103 responsabil\u0103 pentru activitatea sa de tranzac\u021bionare, inclusiv alegerea instrumentului financiar, furnizorul de semnale \u0219i strategia de tranzac\u021bionare. Performan\u021bele anterioare nu sunt un indicator al rezultatelor viitoare.<\/p>\n              <\/div>\n            <\/div>\n          <\/div>\n        <\/section>\n\n","protected":false},"excerpt":{"rendered":"<p>Dac\u0103 este demn de men\u021bionat, atunci probabil \u00eel vei g\u0103si pe TC Web TV. Reporteri profesioni\u0219ti \u00eenregistreaz\u0103 live de pe podea sau de la Bursa de Valori din New York \u0219i \u00ee\u021bi prezint\u0103 fluctua\u021biile pie\u021bei \u00een timp real, situa\u021biile de tranzac\u021bionare \u0219i ofer\u0103 comentarii financiare corespunz\u0103toare \u0219i profesionale. Toate activele populare de tranzac\u021bionare sunt analizate, [&hellip;]<\/p>\n","protected":false},"author":1,"featured_media":0,"parent":0,"menu_order":0,"comment_status":"closed","ping_status":"closed","template":"page-templates\/WebTV.php","meta":{"_acf_changed":false,"footnotes":""},"class_list":["post-241","page","type-page","status-publish","hentry"],"aioseo_notices":[],"acf":[],"_links":{"self":[{"href":"https:\/\/thewallstreetfan.com\/ro\/wp-json\/wp\/v2\/pages\/241","targetHints":{"allow":["GET"]}}],"collection":[{"href":"https:\/\/thewallstreetfan.com\/ro\/wp-json\/wp\/v2\/pages"}],"about":[{"href":"https:\/\/thewallstreetfan.com\/ro\/wp-json\/wp\/v2\/types\/page"}],"author":[{"embeddable":true,"href":"https:\/\/thewallstreetfan.com\/ro\/wp-json\/wp\/v2\/users\/1"}],"replies":[{"embeddable":true,"href":"https:\/\/thewallstreetfan.com\/ro\/wp-json\/wp\/v2\/comments?post=241"}],"version-history":[{"count":2,"href":"https:\/\/thewallstreetfan.com\/ro\/wp-json\/wp\/v2\/pages\/241\/revisions"}],"predecessor-version":[{"id":6868,"href":"https:\/\/thewallstreetfan.com\/ro\/wp-json\/wp\/v2\/pages\/241\/revisions\/6868"}],"wp:attachment":[{"href":"https:\/\/thewallstreetfan.com\/ro\/wp-json\/wp\/v2\/media?parent=241"}],"curies":[{"name":"wp","href":"https:\/\/api.w.org\/{rel}","templated":true}]}}