{"id":239,"date":"2024-11-25T10:19:34","date_gmt":"2024-11-25T10:19:34","guid":{"rendered":"https:\/\/thewallstreetfan.com\/?page_id=239"},"modified":"2025-02-20T14:32:53","modified_gmt":"2025-02-20T14:32:53","slug":"technical-view","status":"publish","type":"page","link":"https:\/\/thewallstreetfan.com\/ro\/technical-view\/","title":{"rendered":"TECHNICAL VIEW:\u00a0|Perspective tehnice asupra complexit\u0103\u021bii tranzac\u021bion\u0103rii dvs."},"content":{"rendered":"\n<section>\n  <div class=\"normal-container\">\n    <div class=\"container row\">\n      <div class=\"xxl-box\">\n        <p class=\"mt-0\"><strong>TC Technical View combin\u0103 expertiza anali\u0219tilor experimenta\u021bi cu algoritmi automatiza\u021bi de ultim\u0103 genera\u021bie<\/strong>, \n        f\u0103c\u00e2ndu-l singura solu\u021bie global\u0103 de cercetare a pie\u021belor financiare de acest fel. Tehnologia sa de recunoa\u0219tere a modelelor analizeaz\u0103 constant pia\u021ba, \n        dezvolt\u00e2nd planuri de tranzac\u021bionare bazate pe metodologii premiate. Anali\u0219tii experimenta\u021bi ai Trading Central valideaz\u0103 aceast\u0103 analiz\u0103, \n        asigur\u00e2nd publicarea doar a celor mai relevante informa\u021bii.<\/p>\n        <p>Technical View ofer\u0103 o perspectiv\u0103 clar\u0103 asupra pie\u021bei, ajut\u00e2ndu-v\u0103 s\u0103 anticipa\u021bi tendin\u021bele viitoare. \n        Tehnologia sa brevetat\u0103 de recunoa\u0219tere a modelelor scaneaz\u0103 pia\u021ba \u00een mod continuu, oferind <strong>gestionare cuprinz\u0103toare a pozi\u021biilor pentru peste 8.000 de instrumente financiare.<\/strong><\/p>\n        <p>\u00cenregistra\u021bi-v\u0103 ast\u0103zi la <span class=\"text-bold\">FXORO<\/span> Global sau conecta\u021bi-v\u0103 la contul dumneavoastr\u0103 pentru a accesa aceast\u0103 func\u021bie!<\/p>\n      <\/div>\n    <\/div>\n  <\/div>\n<\/section>\n\n<section>\n  <div class=\"normal-container py-0\">\n    <div class=\"container row\">\n      <div class=\"xxl-box\">\n        <div class=\"second-btn text-center\">\n            <a href=\"https:\/\/my.thewallstreetfan.com\/ro\/inregistrare\" target=\"_blank\" class=\"btn\">\u00cenregistrare<\/a>\n            <p>Tranzac\u021bionarea CFD-urilor este riscant\u0103.<\/p>\n        <\/div>\n      <\/div>\n    <\/div>\n  <\/div>\n<\/section>\n\n<section>\n  <div class=\"normal-container\">\n    <div class=\"container row\">\n      <div class=\"xxl-box\">\n      <p class=\"mt-0 text-italic\"><strong>Avertisment de risc:<\/strong> Orice date, caracteristici sau performan\u021be furnizate aici sunt doar \u00een scop informativ \u0219i, sub nicio form\u0103, \n      <span class=\"text-bold\">FXORO<\/span> Global nu ofer\u0103 \u0219i nu inten\u021bioneaz\u0103 s\u0103 ofere consultan\u021b\u0103 \u00een investi\u021bii \u0219i\/sau tranzac\u021bionare, nici s\u0103 \u00eencurajeze \u0219i\/sau s\u0103 solicite \n      clien\u021bi poten\u021biali sau existen\u021bi s\u0103 utilizeze \u0219i\/sau s\u0103 se aboneze la vreunul dintre serviciile\/caracteristicile descrise aici. \n      Clientul este singurul responsabil pentru activitatea sa de tranzac\u021bionare, inclusiv alegerea instrumentului financiar, a furnizorului de semnale \u0219i a strategiei de tranzac\u021bionare. \n      Performan\u021bele trecute nu sunt un indicator al rezultatelor viitoare.<\/p>\n      <\/div>\n    <\/div>\n  <\/div>\n<\/section>\n\n","protected":false},"excerpt":{"rendered":"<p>TC Technical View combin\u0103 expertiza anali\u0219tilor experimenta\u021bi cu algoritmi automatiza\u021bi de ultim\u0103 genera\u021bie, f\u0103c\u00e2ndu-l singura solu\u021bie global\u0103 de cercetare a pie\u021belor financiare de acest fel. Tehnologia sa de recunoa\u0219tere a modelelor analizeaz\u0103 constant pia\u021ba, dezvolt\u00e2nd planuri de tranzac\u021bionare bazate pe metodologii premiate. Anali\u0219tii experimenta\u021bi ai Trading Central valideaz\u0103 aceast\u0103 analiz\u0103, asigur\u00e2nd publicarea doar a celor [&hellip;]<\/p>\n","protected":false},"author":1,"featured_media":0,"parent":0,"menu_order":0,"comment_status":"closed","ping_status":"closed","template":"page-templates\/TehnicalView.php","meta":{"_acf_changed":false,"footnotes":""},"class_list":["post-239","page","type-page","status-publish","hentry"],"aioseo_notices":[],"acf":[],"_links":{"self":[{"href":"https:\/\/thewallstreetfan.com\/ro\/wp-json\/wp\/v2\/pages\/239","targetHints":{"allow":["GET"]}}],"collection":[{"href":"https:\/\/thewallstreetfan.com\/ro\/wp-json\/wp\/v2\/pages"}],"about":[{"href":"https:\/\/thewallstreetfan.com\/ro\/wp-json\/wp\/v2\/types\/page"}],"author":[{"embeddable":true,"href":"https:\/\/thewallstreetfan.com\/ro\/wp-json\/wp\/v2\/users\/1"}],"replies":[{"embeddable":true,"href":"https:\/\/thewallstreetfan.com\/ro\/wp-json\/wp\/v2\/comments?post=239"}],"version-history":[{"count":2,"href":"https:\/\/thewallstreetfan.com\/ro\/wp-json\/wp\/v2\/pages\/239\/revisions"}],"predecessor-version":[{"id":6865,"href":"https:\/\/thewallstreetfan.com\/ro\/wp-json\/wp\/v2\/pages\/239\/revisions\/6865"}],"wp:attachment":[{"href":"https:\/\/thewallstreetfan.com\/ro\/wp-json\/wp\/v2\/media?parent=239"}],"curies":[{"name":"wp","href":"https:\/\/api.w.org\/{rel}","templated":true}]}}