{"id":237,"date":"2024-11-25T10:18:51","date_gmt":"2024-11-25T10:18:51","guid":{"rendered":"https:\/\/thewallstreetfan.com\/?page_id=237"},"modified":"2025-02-20T14:33:33","modified_gmt":"2025-02-20T14:33:33","slug":"tc-newsletter","status":"publish","type":"page","link":"https:\/\/thewallstreetfan.com\/ro\/tc-newsletter\/","title":{"rendered":"TC Newsletter: |\u0218tiri recente \u0219i importante pe care trebuie s\u0103 le \u0219ti\u021bi"},"content":{"rendered":"\n<section>\n  <div class=\"normal-container\">\n    <div class=\"container row\">\n      <div class=\"xxl-box\">\n        <p class=\"mt-0\">Explora\u021bi universul pie\u021belor financiare \u0219i personaliza\u021bi-v\u0103 experien\u021ba de lectur\u0103 \u00een func\u021bie de interesele personale. \n        Fi\u021bi mereu cu un pas \u00eenainte, primind cele mai recente evenimente direct \u00een c\u0103su\u021ba de e-mail, pe computer sau pe dispozitivul mobil.\n        Folosi\u021bi buletinul informativ TC pentru a afla despre <strong>cele mai noi \u0219tiri financiare, planuri de tranzac\u021bionare aplicabile \u0219i perspective de pia\u021b\u0103 de la exper\u021bi.<\/strong><\/p>\n        <p>\u00cenregistra\u021bi-v\u0103 ast\u0103zi la <span class=\"text-bold\">FXORO<\/span> Global sau conecta\u021bi-v\u0103 la contul dumneavoastr\u0103 pentru a accesa aceast\u0103 func\u021bie!<\/p>\n      <\/div>\n    <\/div>\n  <\/div>\n<\/section>\n\n<section>\n  <div class=\"normal-container py-0\">\n    <div class=\"container row\">\n      <div class=\"xxl-box\">\n      <div class=\"second-btn text-center\">\n            <a href=\"https:\/\/my.thewallstreetfan.com\/ro\/inregistrare\" target=\"_blank\" class=\"btn\">\u00cenregistrare<\/a>\n            <p>Tranzac\u021bionarea CFD-urilor este riscant\u0103.<\/p>\n        <\/div>\n      <\/div>\n    <\/div>\n  <\/div>\n<\/section>\n\n<section>\n  <div class=\"normal-container\">\n    <div class=\"container row\">\n      <div class=\"xxl-box\">\n      <p class=\"mt-0 text-italic\"><strong>Avertisment de risc:<\/strong> Orice date, caracteristici sau performan\u021be furnizate aici sunt doar \u00een scop informativ \u0219i, sub nicio form\u0103,\n      <span class=\"text-bold\">FXORO<\/span> Global nu ofer\u0103 \u0219i nu inten\u021bioneaz\u0103 s\u0103 ofere consultan\u021b\u0103 \u00een investi\u021bii \u0219i\/sau tranzac\u021bionare, nici s\u0103 \u00eencurajeze \u0219i\/sau s\u0103 solicite \n      clien\u021bi poten\u021biali sau existen\u021bi s\u0103 utilizeze \u0219i\/sau s\u0103 se aboneze la vreunul dintre serviciile \/ caracteristicile descrise aici. \n      Clientul este singurul responsabil pentru activitatea sa de tranzac\u021bionare, inclusiv alegerea instrumentului financiar, a furnizorului de semnale \u0219i a strategiei de tranzac\u021bionare. \n      Performan\u021bele trecute nu sunt un indicator al rezultatelor viitoare.<\/p>\n      <\/div>\n    <\/div>\n  <\/div>\n<\/section>\n\n","protected":false},"excerpt":{"rendered":"<p>Explora\u021bi universul pie\u021belor financiare \u0219i personaliza\u021bi-v\u0103 experien\u021ba de lectur\u0103 \u00een func\u021bie de interesele personale. Fi\u021bi mereu cu un pas \u00eenainte, primind cele mai recente evenimente direct \u00een c\u0103su\u021ba de e-mail, pe computer sau pe dispozitivul mobil. Folosi\u021bi buletinul informativ TC pentru a afla despre cele mai noi \u0219tiri financiare, planuri de tranzac\u021bionare aplicabile \u0219i perspective [&hellip;]<\/p>\n","protected":false},"author":1,"featured_media":0,"parent":0,"menu_order":0,"comment_status":"closed","ping_status":"closed","template":"page-templates\/TCNewsletter.php","meta":{"_acf_changed":false,"footnotes":""},"class_list":["post-237","page","type-page","status-publish","hentry"],"aioseo_notices":[],"acf":[],"_links":{"self":[{"href":"https:\/\/thewallstreetfan.com\/ro\/wp-json\/wp\/v2\/pages\/237","targetHints":{"allow":["GET"]}}],"collection":[{"href":"https:\/\/thewallstreetfan.com\/ro\/wp-json\/wp\/v2\/pages"}],"about":[{"href":"https:\/\/thewallstreetfan.com\/ro\/wp-json\/wp\/v2\/types\/page"}],"author":[{"embeddable":true,"href":"https:\/\/thewallstreetfan.com\/ro\/wp-json\/wp\/v2\/users\/1"}],"replies":[{"embeddable":true,"href":"https:\/\/thewallstreetfan.com\/ro\/wp-json\/wp\/v2\/comments?post=237"}],"version-history":[{"count":2,"href":"https:\/\/thewallstreetfan.com\/ro\/wp-json\/wp\/v2\/pages\/237\/revisions"}],"predecessor-version":[{"id":6867,"href":"https:\/\/thewallstreetfan.com\/ro\/wp-json\/wp\/v2\/pages\/237\/revisions\/6867"}],"wp:attachment":[{"href":"https:\/\/thewallstreetfan.com\/ro\/wp-json\/wp\/v2\/media?parent=237"}],"curies":[{"name":"wp","href":"https:\/\/api.w.org\/{rel}","templated":true}]}}