{"id":235,"date":"2024-11-25T10:17:41","date_gmt":"2024-11-25T10:17:41","guid":{"rendered":"https:\/\/thewallstreetfan.com\/?page_id=235"},"modified":"2025-02-05T11:43:04","modified_gmt":"2025-02-05T11:43:04","slug":"tc-market-buzz","status":"publish","type":"page","link":"https:\/\/thewallstreetfan.com\/ro\/tc-market-buzz\/","title":{"rendered":"TC MARKET BUZZ:\u00a0|Vezi ce produse \u201eb\u00e2z\u00e2ie\u201d la propriu"},"content":{"rendered":"\n<section>\n  <div class=\"normal-container\">\n    <div class=\"container row\">\n      <div class=\"xxl-box\">\n        <p class=\"mt-0\">\u00cen\u021beleg\u00e2nd c\u0103 investitorii jongleaz\u0103 adesea cu programe \u00eenc\u0103rcate \u0219i timp limitat pentru lectur\u0103, am conceput <strong>TC Market Buzz<\/strong> pentru a v\u0103 concentra aten\u021bia asupra \u0219tirilor care se aliniaz\u0103 obiectivelor dumneavoastr\u0103 investi\u021bionale.<\/p>\n        <p>TC Market Buzz analizeaz\u0103 zilnic zeci de mii de canale de social media de \u00eencredere, bloguri \u0219i site-uri de \u0219tiri, oferind o prezentare concis\u0103 a celor mai recente discu\u021bii de pia\u021b\u0103 despre orice ac\u021biune, pereche valutar\u0103 sau marf\u0103.<\/p>\n        <p>\u00cen doar c\u00e2teva momente, pute\u021bi ob\u021bine <strong>o \u00een\u021belegere clar\u0103 a influen\u021bei poten\u021biale a sentimentului colectiv asupra unei idei de investi\u021bie<\/strong>, r\u0103m\u00e2n\u00e2nd informat \u0219i cu un pas \u00eenainte.<\/p>\n        <p>\u00cenregistra\u021bi-v\u0103 ast\u0103zi la <span class=\"text-bold\">FXORO<\/span> Global sau conecta\u021bi-v\u0103 la contul dumneavoastr\u0103 pentru a accesa aceast\u0103 func\u021bie!<\/p>\n      <\/div>\n    <\/div>\n  <\/div>\n<\/section>\n\n<section>\n  <div class=\"normal-container py-0\">\n    <div class=\"container row\">\n      <div class=\"xxl-box\">\n      <div class=\"second-btn text-center\">\n            <a href=\"https:\/\/my.thewallstreetfan.com\/ro\/inregistrare\" target=\"_blank\" class=\"btn\">\u00cenregistrare<\/a>\n            <p>Tranzac\u021bionarea CFD-urilor este riscant\u0103.<\/p>\n        <\/div>\n      <\/div>\n    <\/div>\n  <\/div>\n<\/section>\n\n","protected":false},"excerpt":{"rendered":"<p>\u00cen\u021beleg\u00e2nd c\u0103 investitorii jongleaz\u0103 adesea cu programe \u00eenc\u0103rcate \u0219i timp limitat pentru lectur\u0103, am conceput TC Market Buzz pentru a v\u0103 concentra aten\u021bia asupra \u0219tirilor care se aliniaz\u0103 obiectivelor dumneavoastr\u0103 investi\u021bionale. TC Market Buzz analizeaz\u0103 zilnic zeci de mii de canale de social media de \u00eencredere, bloguri \u0219i site-uri de \u0219tiri, oferind o prezentare concis\u0103 [&hellip;]<\/p>\n","protected":false},"author":1,"featured_media":0,"parent":0,"menu_order":0,"comment_status":"closed","ping_status":"closed","template":"page-templates\/TCMarketBuzz.php","meta":{"_acf_changed":false,"footnotes":""},"class_list":["post-235","page","type-page","status-publish","hentry"],"aioseo_notices":[],"acf":[],"_links":{"self":[{"href":"https:\/\/thewallstreetfan.com\/ro\/wp-json\/wp\/v2\/pages\/235","targetHints":{"allow":["GET"]}}],"collection":[{"href":"https:\/\/thewallstreetfan.com\/ro\/wp-json\/wp\/v2\/pages"}],"about":[{"href":"https:\/\/thewallstreetfan.com\/ro\/wp-json\/wp\/v2\/types\/page"}],"author":[{"embeddable":true,"href":"https:\/\/thewallstreetfan.com\/ro\/wp-json\/wp\/v2\/users\/1"}],"replies":[{"embeddable":true,"href":"https:\/\/thewallstreetfan.com\/ro\/wp-json\/wp\/v2\/comments?post=235"}],"version-history":[{"count":1,"href":"https:\/\/thewallstreetfan.com\/ro\/wp-json\/wp\/v2\/pages\/235\/revisions"}],"predecessor-version":[{"id":6631,"href":"https:\/\/thewallstreetfan.com\/ro\/wp-json\/wp\/v2\/pages\/235\/revisions\/6631"}],"wp:attachment":[{"href":"https:\/\/thewallstreetfan.com\/ro\/wp-json\/wp\/v2\/media?parent=235"}],"curies":[{"name":"wp","href":"https:\/\/api.w.org\/{rel}","templated":true}]}}