{"id":233,"date":"2024-11-25T10:16:30","date_gmt":"2024-11-25T10:16:30","guid":{"rendered":"https:\/\/thewallstreetfan.com\/?page_id=233"},"modified":"2025-02-20T14:33:07","modified_gmt":"2025-02-20T14:33:07","slug":"alpha-generation","status":"publish","type":"page","link":"https:\/\/thewallstreetfan.com\/ro\/alpha-generation\/","title":{"rendered":"ALPHA GENERATION:\u00a0|PROBABIL UNA DINTRE CELE CELE MAI BUNE ANALIZE POSIBILE PENTRU A VOI CREA MERCATIILE"},"content":{"rendered":"\n<sec\u021biune>\n <div class=\"normal-container\">\n <div class=\"row container\">\n <div class=\"xxl-box\">\n <p class=\"mt-0\">Aceast\u0103 func\u021bie este echipat\u0103 cu <strong>trei indicatori inovatori men\u021biona\u021bi s\u0103 v\u0103 sus\u021bin\u0103 procesul de luare a deciziilor, oferind o perspectiv\u0103 asupra psihologiei pie\u021bei<\/strong> \u0219i eviden\u021biind punctele poten\u021biale de intrare \u0219i ie\u0219ire. Ace\u0219ti indicatori se integreaz\u0103 perfect cu familiarul Meta Trader\n Grafice MT4, \u00eembun\u0103t\u0103\u021bindu-v\u0103 \u0219i mai mult experien\u021ba de tranzac\u021bionare.<\/p>\n <p>Acest plug-in este disponibil pentru <span class=\"text-bold\">FXORO<\/span> Comercian\u021bii Globali. Asigura\u021bi-v\u0103 c\u0103 discuta\u021bi despre asta cu un reprezentant global <span class=\"text-bold\">FXORO<\/span> \u0219i folosi\u021bi\n \u00een activitatea dvs. de tranzac\u021bionare.<\/p>\n <p>\u00cenregistra\u021bi-v\u0103 la <span class=\"text-bold\">FXORO<\/span> Global ast\u0103zi sau conecta\u021bi-v\u0103 la contul dvs. pentru a accesa acest plug-in!<\/p>\n <\/div>\n <\/div>\n <\/div>\n <\/section>\n\n <sec\u021biune>\n <div class=\"normal-container py-0\">\n <div class=\"row container\">\n <div class=\"xxl-box\">\n <div class=\"second-btn text-center\">\n            <a href=\"https:\/\/my.thewallstreetfan.com\/ro\/inregistrare\" target=\"_blank\" class=\"btn\">\u00cenregistrare<\/a>\n            <p>Tranzac\u021bionarea CFD-urilor este riscant\u0103.<\/p>\n        <\/div>\n <\/div>\n <\/div>\n <\/div>\n <\/section>\n\n <sec\u021biune>\n <div class=\"normal-container\">\n <div class=\"row container\">\n <div class=\"xxl-box\">\n <p class=\"mt-0 text-italic\"><strong>Declinarea r\u0103spunderii privind riscurile:<\/strong> orice date, caracteristici, performan\u021be furnizate aici sunt doar \u00een scop informativ \u0219i f\u0103r\u0103 niciun motiv\n FXORO Global ofer\u0103 \u0219i nici nu inten\u021bioneaz\u0103 s\u0103 ofere consiliere privind investi\u021biile \u0219i\/sau tranzac\u021bionarea \u0219i nici s\u0103 stimuleze \u0219i\/sau s\u0103 solicite poten\u021biale sau\n clien\u021bii existen\u021bi s\u0103 utilizeze \u0219i\/sau s\u0103 se aboneze la oricare dintre serviciile\/func\u021biile descrise aici. Clientul este singurul\n persoan\u0103 responsabil\u0103 pentru activitatea sa de tranzac\u021bionare, inclusiv pentru alegerea instrumentului financiar, a furnizorului de semnal \u0219i\n strategie de tranzac\u021bionare. Performan\u021ba trecut\u0103 nu este un indicator al rezultatelor viitoare.<\/p>\n <\/div>\n <\/div>\n <\/div>\n <\/section>\n","protected":false},"excerpt":{"rendered":"<p>Aceast\u0103 func\u021bie este echipat\u0103 cu trei indicatori inovatori men\u021biona\u021bi s\u0103 v\u0103 sus\u021bin\u0103 procesul de luare a deciziilor, oferind o perspectiv\u0103 asupra psihologiei pie\u021bei \u0219i eviden\u021biind punctele poten\u021biale de intrare \u0219i ie\u0219ire. Ace\u0219ti indicatori se integreaz\u0103 perfect cu familiarul Meta Trader Grafice MT4, \u00eembun\u0103t\u0103\u021bindu-v\u0103 \u0219i mai mult experien\u021ba de tranzac\u021bionare. Acest plug-in este disponibil pentru FXORO [&hellip;]<\/p>\n","protected":false},"author":1,"featured_media":0,"parent":0,"menu_order":0,"comment_status":"closed","ping_status":"closed","template":"page-templates\/AlphaGeneration.php","meta":{"_acf_changed":false,"footnotes":""},"class_list":["post-233","page","type-page","status-publish","hentry"],"aioseo_notices":[],"acf":[],"_links":{"self":[{"href":"https:\/\/thewallstreetfan.com\/ro\/wp-json\/wp\/v2\/pages\/233","targetHints":{"allow":["GET"]}}],"collection":[{"href":"https:\/\/thewallstreetfan.com\/ro\/wp-json\/wp\/v2\/pages"}],"about":[{"href":"https:\/\/thewallstreetfan.com\/ro\/wp-json\/wp\/v2\/types\/page"}],"author":[{"embeddable":true,"href":"https:\/\/thewallstreetfan.com\/ro\/wp-json\/wp\/v2\/users\/1"}],"replies":[{"embeddable":true,"href":"https:\/\/thewallstreetfan.com\/ro\/wp-json\/wp\/v2\/comments?post=233"}],"version-history":[{"count":3,"href":"https:\/\/thewallstreetfan.com\/ro\/wp-json\/wp\/v2\/pages\/233\/revisions"}],"predecessor-version":[{"id":6866,"href":"https:\/\/thewallstreetfan.com\/ro\/wp-json\/wp\/v2\/pages\/233\/revisions\/6866"}],"wp:attachment":[{"href":"https:\/\/thewallstreetfan.com\/ro\/wp-json\/wp\/v2\/media?parent=233"}],"curies":[{"name":"wp","href":"https:\/\/api.w.org\/{rel}","templated":true}]}}