{"id":205,"date":"2024-11-20T09:58:45","date_gmt":"2024-11-20T09:58:45","guid":{"rendered":"https:\/\/thewallstreetfan.com\/?page_id=205"},"modified":"2025-03-13T14:58:02","modified_gmt":"2025-03-13T14:58:02","slug":"obtine-cu-pana-la-50-mai-multa-putere-de-tranzactionare","status":"publish","type":"page","link":"https:\/\/thewallstreetfan.com\/ro\/obtine-cu-pana-la-50-mai-multa-putere-de-tranzactionare\/","title":{"rendered":"Ob\u021bine cu p\u00e2n\u0103 la 50% mai mult\u0103 putere de tranzac\u021bionare"},"content":{"rendered":"","protected":false},"excerpt":{"rendered":"","protected":false},"author":1,"featured_media":0,"parent":0,"menu_order":0,"comment_status":"closed","ping_status":"closed","template":"page-templates\/50_MoreTradingPower.php","meta":{"_acf_changed":false,"footnotes":""},"class_list":["post-205","page","type-page","status-publish","hentry"],"aioseo_notices":[],"acf":[],"_links":{"self":[{"href":"https:\/\/thewallstreetfan.com\/ro\/wp-json\/wp\/v2\/pages\/205","targetHints":{"allow":["GET"]}}],"collection":[{"href":"https:\/\/thewallstreetfan.com\/ro\/wp-json\/wp\/v2\/pages"}],"about":[{"href":"https:\/\/thewallstreetfan.com\/ro\/wp-json\/wp\/v2\/types\/page"}],"author":[{"embeddable":true,"href":"https:\/\/thewallstreetfan.com\/ro\/wp-json\/wp\/v2\/users\/1"}],"replies":[{"embeddable":true,"href":"https:\/\/thewallstreetfan.com\/ro\/wp-json\/wp\/v2\/comments?post=205"}],"version-history":[{"count":3,"href":"https:\/\/thewallstreetfan.com\/ro\/wp-json\/wp\/v2\/pages\/205\/revisions"}],"predecessor-version":[{"id":6902,"href":"https:\/\/thewallstreetfan.com\/ro\/wp-json\/wp\/v2\/pages\/205\/revisions\/6902"}],"wp:attachment":[{"href":"https:\/\/thewallstreetfan.com\/ro\/wp-json\/wp\/v2\/media?parent=205"}],"curies":[{"name":"wp","href":"https:\/\/api.w.org\/{rel}","templated":true}]}}