{"id":139,"date":"2024-08-22T14:08:42","date_gmt":"2024-08-22T14:08:42","guid":{"rendered":"http:\/\/localhost\/wp-multisite\/?page_id=95"},"modified":"2025-02-21T10:12:17","modified_gmt":"2025-02-21T10:12:17","slug":"reglementari","status":"publish","type":"page","link":"https:\/\/thewallstreetfan.com\/ro\/reglementari\/","title":{"rendered":"Reglement\u0103ri"},"content":{"rendered":"\n<p>ORO FINTECH LTD este \u00eencorporat\u0103 \u0219i \u00eenregistrat\u0103 \u00een conformitate cu legile Seychelles cu num\u0103rul companiei 8425077-1. Compania este autorizat\u0103 de Autoritatea pentru Servicii Financiare din Seychelles (FSA) cu Num\u0103rul de licen\u021b\u0103 al comerciantului de valori mobiliare SD046, pentru furnizarea serviciilor de investi\u021bii, conform permisiunii din Legea Securit\u0103\u021bi din 2007.\n<\/p>\n            <pFSA este organismul autonom de reglementare responsabil pentru serviciile financiare non-bancare din Seychelles. \u00cenfiin\u021bat\u0103 \u00een conformitate cu Legea Autorit\u0103\u021bii pentru Servicii Financiare din 2013, autoritatea este responsabil\u0103 pentru licen\u021barea, reglementarea, aplicarea cerin\u021belor de reglementare \u0219i conformitate, monitorizarea \u0219i supravegherea desf\u0103\u0219ur\u0103rii activit\u0103\u021bii \u00een sectorul serviciilor financiare non-bancare din Seychelles.<\/p>\n            <p>Tranzac\u021bionarea produselor de levier prezint\u0103 un nivel de risc considerabil \u0219i s-ar putea s\u0103 nu fie adecvate pentru to\u021bi investitorii. Performan\u021ba anterioar\u0103 a unei investi\u021bii nu este un ghid pentru performan\u021bele acesteia \u00een viitor.<\/p>\n","protected":false},"excerpt":{"rendered":"<p>ORO FINTECH LTD este \u00eencorporat\u0103 \u0219i \u00eenregistrat\u0103 \u00een conformitate cu legile Seychelles cu num\u0103rul companiei 8425077-1. Compania este autorizat\u0103 de Autoritatea pentru Servicii Financiare din Seychelles (FSA) cu Num\u0103rul de licen\u021b\u0103 al comerciantului de valori mobiliare SD046, pentru furnizarea serviciilor de investi\u021bii, conform permisiunii din Legea Securit\u0103\u021bi din 2007.<\/p>\n","protected":false},"author":1,"featured_media":0,"parent":0,"menu_order":0,"comment_status":"closed","ping_status":"closed","template":"page-templates\/Regulations.php","meta":{"_acf_changed":false,"footnotes":""},"class_list":["post-139","page","type-page","status-publish","hentry"],"aioseo_notices":[],"acf":[],"_links":{"self":[{"href":"https:\/\/thewallstreetfan.com\/ro\/wp-json\/wp\/v2\/pages\/139","targetHints":{"allow":["GET"]}}],"collection":[{"href":"https:\/\/thewallstreetfan.com\/ro\/wp-json\/wp\/v2\/pages"}],"about":[{"href":"https:\/\/thewallstreetfan.com\/ro\/wp-json\/wp\/v2\/types\/page"}],"author":[{"embeddable":true,"href":"https:\/\/thewallstreetfan.com\/ro\/wp-json\/wp\/v2\/users\/1"}],"replies":[{"embeddable":true,"href":"https:\/\/thewallstreetfan.com\/ro\/wp-json\/wp\/v2\/comments?post=139"}],"version-history":[{"count":2,"href":"https:\/\/thewallstreetfan.com\/ro\/wp-json\/wp\/v2\/pages\/139\/revisions"}],"predecessor-version":[{"id":6876,"href":"https:\/\/thewallstreetfan.com\/ro\/wp-json\/wp\/v2\/pages\/139\/revisions\/6876"}],"wp:attachment":[{"href":"https:\/\/thewallstreetfan.com\/ro\/wp-json\/wp\/v2\/media?parent=139"}],"curies":[{"name":"wp","href":"https:\/\/api.w.org\/{rel}","templated":true}]}}