{"id":137,"date":"2024-08-22T14:08:12","date_gmt":"2024-08-22T14:08:12","guid":{"rendered":"http:\/\/localhost\/wp-multisite\/?page_id=89"},"modified":"2025-02-05T08:27:31","modified_gmt":"2025-02-05T08:27:31","slug":"politica-de-securitate","status":"publish","type":"page","link":"https:\/\/thewallstreetfan.com\/ro\/politica-de-securitate\/","title":{"rendered":"Politica de securitate"},"content":{"rendered":"\n<p>ORO FINTECH LTD (\u201eCompania\u201d) se angajeaz\u0103 s\u0103 protejeze confiden\u021bialitatea \u0219i confiden\u021bialitatea datelor cu caracter personal ob\u021binute de la Client, \u00een conformitate cu cerin\u021bele legale aplicabile. Compania va colecta date numai \u00een m\u0103sura \u00een care acestea sunt necesare pentru rela\u021bia cu Clientul.<\/p>\n<p>Aceast\u0103 Politic\u0103 de confiden\u021bialitate \u0219i securitate explic\u0103 modul \u00een care Compania colecteaz\u0103, \u00eentre\u021bine, folose\u0219te \u0219i transmite date personale despre Client, inclusiv datele colectate \u00een timpul vizitelor Clientului pe site-urile noastre web.<\/p>\n<h4>Colectarea \u0219i utilizarea datelor personale ale clientului<\/h4>\n<p>Clientul este obligat s\u0103 furnizeze Companiei datele cu caracter personal necesare pentru stabilirea rela\u021biei de afaceri, furnizarea de servicii \u0219i accesul la contul \/ conturile \u0219i activitatea de tranzac\u021bionare. Datele furnizate \u00een timpul procesului de \u00eenregistrare pot include, printre altele: data na\u0219terii clientului, numele \u0219i prenumele complet, adresa reziden\u021bial\u0103 complet\u0103 \u0219i \/ sau de afaceri, informa\u021bii disponibile pe documentele de identificare ale clientului (adic\u0103 pa\u0219aport \/ card de identitate), informa\u021bii de contact (adic\u0103 num\u0103r de telefon mobil, adres\u0103 de e-mail). Aceste informa\u021bii permit Companiei s\u0103 identifice \u0219i s\u0103 verifice Clientul, s\u0103 activeze \u0219i s\u0103 ofere Clientului un cont de tranzac\u021bionare \u0219i un cod de acces \/ parol\u0103 \u0219i s\u0103 contacteze Clientul \u0219i s\u0103 ofere informa\u021bii despre serviciile, produsele \u0219i promo\u021biile disponibile.<\/p>\n<p>Compania ob\u021bine, de asemenea, informa\u021bii din utilizarea de c\u0103tre Client a site-urilor sale web, a interfe\u021belor dedicate sau a canalelor de comunicare, a software-ului de tranzac\u021bionare sau a platformelor furnizate. Aceste informa\u021bii pot include zonele vizitate ale site-ului, paginile vizualizate, frecven\u021ba \u0219i durata vizitelor, adresa Internet Protocol (IP), parametrii de identificare a computerului, tipurile de tranzac\u021bii efectuate, documentele desc\u0103rcate, clicurile mouse-ului, mi\u0219c\u0103rile mouse-ului \u0219i activitatea de derulare.<\/p>\n<p>Compania colecteaz\u0103 informa\u021bii statistice anonime pentru a se asigura c\u0103 \u00eendepline\u0219te nevoile clien\u021bilor s\u0103i. Prin colectarea acestor date, Compania este capabil\u0103 s\u0103 monitorizeze \u0219i s\u0103 \u00eembun\u0103t\u0103\u021beasc\u0103 serviciile oferite clien\u021bilor existen\u021bi \u0219i poten\u021biali. Compania poate partaja aceste informa\u021bii cu ter\u021bi.<\/p>\n<h4>Actualizarea informa\u021biilor clientului<\/h4>\n<p>\u00cen timpul rela\u021biei Clientului cu Compania, Clientului i se poate solicita s\u0103 furnizeze datele cu caracter personal necesare pentru men\u021binerea acestei rela\u021bii, inclusiv orice document de identificare re\u00eennoit, informa\u021bii de contact actualizate.<\/p>\n<p>\u00cen plus, Clientul poate informa Compania pentru orice modificare a detaliilor personale. Compania va modifica informa\u021biile personale ale Clientului \u00een conformitate cu instruc\u021biunile Clientului \u0219i va \u0219terge informa\u021biile ob\u021binute anterior, cu excep\u021bia m\u0103surii \u00een care Compania este obligat\u0103 s\u0103 de\u021bin\u0103 datele personale relevante \u00een scopuri de reglementare sau legale \u0219i \/ sau s\u0103 furnizeze Clientului serviciile solicitate sau s\u0103 p\u0103streze \u00eenregistr\u0103ri comerciale.<\/p>\n<h4>Transferul de date c\u0103tre ter\u021bi<\/h4>\n<p>Datele cu caracter personal pot fi transferate de c\u0103tre Companie c\u0103tre ter\u021bi afla\u021bi \u00een Spa\u021biul Economic European, precum \u0219i c\u0103tre Spa\u021biul Economic non-European numai \u00een scopurile descrise \u00een prezenta Politic\u0103.<\/p>\n<p>P\u0103r\u021bile ter\u021be pot include contabili, auditori, consultan\u021bi legali, b\u0103nci \u0219i alte institu\u021bii de credit, sisteme de pl\u0103\u021bi \u0219i furnizori de servicii de plat\u0103, agen\u021bii de marketing \u0219i asisten\u021b\u0103 pentru clien\u021bi, furnizori de servicii cu care Compania men\u021bine o rela\u021bie contractual\u0103 \u0219i entit\u0103\u021bi din cadrul aceluia\u0219i grup de companii ca \u0219i Companie.<\/p>\n<p>\u00cen scopul identific\u0103rii \u0219i verific\u0103rii identit\u0103\u021bii Clientului, Compania va transmite datele Clientului c\u0103tre un furnizor ter\u021b de servicii autorizat s\u0103 efectueze o astfel de identificare, \u00een conformitate cu cerin\u021bele de reglementare relevante. Compania va asigura confiden\u021bialitatea datelor transmise.<\/p>\n<p>Compania \u00ee\u0219i rezerv\u0103 dreptul de a transfera datele personale ale Clientului c\u0103tre ter\u021be p\u0103r\u021bi, dac\u0103 este instruit de orice autoritate de reglementare, agen\u021bie public\u0103, unitate de informa\u021bii financiare, poli\u021bie, birou guvernamental, autoritate fiscal\u0103, organe de aplicare a legii sau, dac\u0103 este solicitat de lege, sau \u00een cazul \u00een care Compania consider\u0103 c\u0103 schimbul de informa\u021bii este necesar pentru a preveni v\u0103t\u0103marea fizic\u0103 iminent\u0103 sau deteriorarea bunurilor \u0219i \/ sau a persoanelor.<\/p>\n<p>Transferul de date c\u0103tre entit\u0103\u021bi din acela\u0219i grup de companii ca \u0219i compania va fi limitat \u0219i numai dac\u0103 este necesar, pentru furnizarea de servicii c\u0103tre client.<\/p>\n<p>Prin continuarea stabilirii unei rela\u021bii de afaceri, Clientul \u00ee\u0219i d\u0103 consim\u021b\u0103m\u00e2ntul expres \u0219i f\u0103r\u0103 echivoc pentru un astfel de transfer.<\/p>\n<h4>Cookie-uri<\/h4>\n<p>Cookie-urile sunt fi\u0219iere mici de informa\u021bii, care adesea includ un num\u0103r sau o valoare de identificare unic\u0103, care sunt stocate pe hard diskul computerului ca urmare a utiliz\u0103rii de c\u0103tre Client a site-urilor web \/ site-urilor Companiei \u0219i \/ sau a software-ului de tranzac\u021bionare. Compania folose\u0219te cookie-uri pentru func\u021bionarea \u0219i \u00eentre\u021binerea eficient\u0103 a site-ului s\u0103u web.<\/p>\n<p>Compania ar putea utiliza at\u00e2t cookie-uri de sesiune ID, c\u00e2t \u0219i cookie-uri persistente. Un cookie ID sesiune expir\u0103 c\u00e2nd Clientul \u00eenchide browserul. Un cookie persistent r\u0103m\u00e2ne pe hard diskul Clientului pentru o perioad\u0103 lung\u0103 de timp. Cookie-urile persistente permit Companiei s\u0103 urm\u0103reasc\u0103 \u0219i s\u0103 vizeze loca\u021bia \u0219i interesele vizitatorilor site-ului web \u0219i s\u0103 le \u00eembun\u0103t\u0103\u021beasc\u0103 experien\u021ba de la vizitarea site-urilor web ale Companiei. Ter\u021be p\u0103r\u021bi care ar putea avea acces la site-urile web ale Companiei pentru asisten\u021b\u0103 tehnologic\u0103, pot folosi propriile cookie-uri.<\/p>\n<h4>Securitate<\/h4>\n<p>Compania depune eforturi pentru a men\u021bine garan\u021biile adecvate pentru a se asigura c\u0103 securitatea, integritatea \u0219i confiden\u021bialitatea datelor \u0219i informa\u021biilor personale pe care Clientul le-a furnizat nu sunt utilizate \u00een mod abuziv. \u00cen timp ce astfel de sisteme \u0219i proceduri reduc riscul \u00eenc\u0103lc\u0103rii securit\u0103\u021bii, acestea nu ofer\u0103 securitate absolut\u0103. Prin urmare, Compania nu poate garanta c\u0103 serviciile vor fi imune la orice ac\u021biuni gre\u0219ite, disfunc\u021bionalit\u0103\u021bi, intercept\u0103ri ilegale sau acces neautorizat la informa\u021biile stocate \u00een acestea \u0219i la alte riscuri de securitate a informa\u021biilor, sau c\u0103 comunic\u0103rile private ale Clientului pe sau prin intermediul site-urilor web ale Companiei (inclusiv interfe\u021be de comunica\u021bie) vor r\u0103m\u00e2ne private.<\/p>\n<h4>Actualizarea informa\u021biilor clientului<\/h4>\n<p>Clientul poate informa Compania pentru orice modificare a detaliilor personale. Compania va modifica informa\u021biile personale ale Clientului \u00een conformitate cu instruc\u021biunile Clientului \u0219i va \u0219terge informa\u021biile ob\u021binute anterior, cu excep\u021bia m\u0103surii \u00een care Compania este obligat\u0103 s\u0103 de\u021bin\u0103 datele personale relevante \u00een scopuri de reglementare sau legale \u0219i \/ sau s\u0103 furnizeze Clientului serviciile solicitate sau s\u0103 p\u0103streze \u00eenregistr\u0103ri comerciale.<\/p>\n<h4>Link-uri<\/h4>\n<p>C\u00e2nd Clientul folose\u0219te site-urile web ale Companiei, el \/ ea poate fi capabil s\u0103 fac\u0103 leg\u0103turi c\u0103tre alte site-uri web. Aceast\u0103 politic\u0103 de confiden\u021bialitate \u0219i securitate nu se aplic\u0103 celorlalte site-uri. Compania nu este responsabil\u0103 pentru orice informa\u021bii personale colectate de ter\u021bi prin intermediul celorlalte site-uri.<\/p>\n<h4>Aplicare \u0219i modific\u0103ri<\/h4>\n<p>Clientul, prin continuarea procesului de \u00eenregistrare, este de acord \u0219i consimte la toate prevederile men\u021bionate \u00een aceast\u0103 politic\u0103, inclusiv colectarea, p\u0103strarea \u0219i utilizarea datelor cu caracter personal \u0219i transmiterea c\u0103tre ter\u021bi.<\/p>\n<p>Compania poate modifica \u0219i actualiza din c\u00e2nd \u00een c\u00e2nd termenii acestei politici. Cea mai recent\u0103 versiune va fi disponibil\u0103 pe site-ul web al companiei. Clientul este sf\u0103tuit s\u0103 viziteze frecvent site-ul web pentru a se familiariza cu informa\u021biile actualizate cu privire la datele personale.<\/p>\n<p>Dac\u0103 Clientul are \u00eentreb\u0103ri sau nel\u0103muriri cu privire la aceast\u0103 Politic\u0103 de confiden\u021bialitate \u0219i securitate \u0219i la aplicarea acesteia, el \/ ea le poate trimite la: <a href=\"mailto:compliance@fxoroglobal.com\">compliance@fxoroglobal.com<\/a><\/p>\n","protected":false},"excerpt":{"rendered":"<p>ORO FINTECH LTD (\u201eCompania\u201d) se angajeaz\u0103 s\u0103 protejeze confiden\u021bialitatea \u0219i confiden\u021bialitatea datelor cu caracter personal ob\u021binute de la Client, \u00een conformitate cu cerin\u021bele legale aplicabile. Compania va colecta date numai \u00een m\u0103sura \u00een care acestea sunt necesare pentru rela\u021bia cu Clientul. Aceast\u0103 Politic\u0103 de confiden\u021bialitate \u0219i securitate explic\u0103 modul \u00een care Compania colecteaz\u0103, \u00eentre\u021bine, folose\u0219te [&hellip;]<\/p>\n","protected":false},"author":1,"featured_media":0,"parent":0,"menu_order":0,"comment_status":"closed","ping_status":"closed","template":"page-templates\/StandardPage.php","meta":{"_acf_changed":false,"footnotes":""},"class_list":["post-137","page","type-page","status-publish","hentry"],"aioseo_notices":[],"acf":[],"_links":{"self":[{"href":"https:\/\/thewallstreetfan.com\/ro\/wp-json\/wp\/v2\/pages\/137","targetHints":{"allow":["GET"]}}],"collection":[{"href":"https:\/\/thewallstreetfan.com\/ro\/wp-json\/wp\/v2\/pages"}],"about":[{"href":"https:\/\/thewallstreetfan.com\/ro\/wp-json\/wp\/v2\/types\/page"}],"author":[{"embeddable":true,"href":"https:\/\/thewallstreetfan.com\/ro\/wp-json\/wp\/v2\/users\/1"}],"replies":[{"embeddable":true,"href":"https:\/\/thewallstreetfan.com\/ro\/wp-json\/wp\/v2\/comments?post=137"}],"version-history":[{"count":1,"href":"https:\/\/thewallstreetfan.com\/ro\/wp-json\/wp\/v2\/pages\/137\/revisions"}],"predecessor-version":[{"id":6607,"href":"https:\/\/thewallstreetfan.com\/ro\/wp-json\/wp\/v2\/pages\/137\/revisions\/6607"}],"wp:attachment":[{"href":"https:\/\/thewallstreetfan.com\/ro\/wp-json\/wp\/v2\/media?parent=137"}],"curies":[{"name":"wp","href":"https:\/\/api.w.org\/{rel}","templated":true}]}}