{"id":126,"date":"2024-08-22T14:06:09","date_gmt":"2024-08-22T14:06:09","guid":{"rendered":"http:\/\/localhost\/wp-multisite\/?page_id=67"},"modified":"2025-03-14T14:03:54","modified_gmt":"2025-03-14T14:03:54","slug":"trading-central","status":"publish","type":"page","link":"https:\/\/thewallstreetfan.com\/ro\/trading-central\/","title":{"rendered":"Trading central"},"content":{"rendered":"<section>\n<div class=\"normal-container\">\n<div class=\"container row\">\n<div class=\"xxl-box\">\n<p class=\"mt-0\"><strong>FXORO<\/strong> Global este \u00eenc\u00e2ntat s\u0103 anun\u021be colaborarea cu Trading Central, o companie premiat\u0103 \u0219i recunoscut\u0103 la nivel global, pentru a v\u0103 oferi <strong>instrumente de tranzac\u021bionare sofisticate \u0219i eficiente<\/strong> adaptate pentru a optimiza strategiile de tranzac\u021bionare.<\/p>\n<p>Trading Central a devenit \u00een ultimii ani platforma preferat\u0103 a multor traderi din \u00eentreaga lume. Atrac\u021bia platformei const\u0103 \u00een depozitul s\u0103u vast de resurse \u0219i instrumente de tranzac\u021bionare, inclusiv <strong>analize detaliate, articole informative, seminarii web \u0219i o comunitate activ\u0103<\/strong> de traderi \u0219i investitori.<\/p>\n<p><strong>Explora\u021bi gama de servicii Trading Central oferite de FXORO Global f\u0103c\u00e2nd clic pe pictogramele de mai jos.<\/strong><\/p>\n<\/p><\/div>\n<\/p><\/div>\n<\/p><\/div>\n<\/section>\n<section>\n<div class=\"normal-container\">\n<div class=\"container row flex\">\n<div class=\"round-buttons-wrap\">\n<div class=\"round-dots-button\">\n          <a class=\"round-button\" href=\"https:\/\/thewallstreetfan.com\/ro\/technical-view\/\"><\/p>\n<p class=\"title text-dark-blue\">VIZUALIZ\u0102RI<br \/>TEHNICE<\/p>\n<p class=\"number text-orange\">1<\/p>\n<p>          <\/a><br \/>\n          <img decoding=\"async\" loading=\"lazy\" class=\"orange-arrow\" src=\"\/wp-content\/themes\/Fxoro-2023\/assets\/imgs\/orange arrow.svg\" alt=\"orange-arrow\">\n        <\/div>\n<\/p><\/div>\n<div class=\"round-buttons-wrap\">\n<div class=\"round-dots-button\">\n          <img decoding=\"async\" loading=\"lazy\" class=\"yellow-arrow\" src=\"\/wp-content\/themes\/Fxoro-2023\/assets\/imgs\/yellow arrow.svg\" alt=\"yellow-arrow\"><br \/>\n          <a class=\"round-button\" href=\"https:\/\/thewallstreetfan.com\/ro\/alpha-generation\/\"><\/p>\n<p class=\"title text-dark-blue\">ALPHA<br \/>GENERATION<\/p>\n<p class=\"number text-yellow\">2<\/p>\n<p>          <\/a>\n        <\/div>\n<\/p><\/div>\n<div class=\"round-buttons-wrap\">\n<div class=\"round-dots-button\">\n          <a class=\"round-button\" href=\"https:\/\/thewallstreetfan.com\/ro\/tc-market-buzz\/\"><\/p>\n<p class=\"title text-dark-blue\">TC MARKET<br \/>BUZZ<\/p>\n<p class=\"number text-black\">3<\/p>\n<p>          <\/a><br \/>\n          <img decoding=\"async\" loading=\"lazy\" class=\"black-arrow\" src=\"\/wp-content\/themes\/Fxoro-2023\/assets\/imgs\/black arrow.svg\" alt=\"black-arrow\">\n        <\/div>\n<\/p><\/div>\n<div class=\"round-buttons-wrap\">\n<div class=\"round-dots-button\">\n          <img decoding=\"async\" loading=\"lazy\" class=\"blue-arrow\" src=\"\/wp-content\/themes\/Fxoro-2023\/assets\/imgs\/blue arrow.svg\" alt=\"blue-arrow\"><br \/>\n          <a class=\"round-button\" href=\"https:\/\/thewallstreetfan.com\/ro\/tc-newsletter\/\"><\/p>\n<p class=\"title text-dark-blue\">TC<br \/>NEWSLETTER<\/p>\n<p class=\"number text-dark-blue\">4<\/p>\n<p>          <\/a>\n        <\/div>\n<\/p><\/div>\n<div class=\"round-buttons-wrap\">\n<div class=\"round-dots-button\">\n          <a class=\"round-button\" href=\"https:\/\/thewallstreetfan.com\/ro\/web-tv\/\"><\/p>\n<p class=\"title text-dark-blue\">WEB<br \/>TV<\/p>\n<p class=\"number text-black\">5<\/p>\n<p>          <\/a><br \/>\n          <img decoding=\"async\" loading=\"lazy\" class=\"black-line\" src=\"\/wp-content\/themes\/Fxoro-2023\/assets\/imgs\/black closed line.svg\" alt=\"black-line\">\n        <\/div>\n<\/p><\/div>\n<\/p><\/div>\n<\/p><\/div>\n<\/section>\n<section>\n<div class=\"normal-container\">\n<div class=\"container\">\n<div class=\"xxl-box\">\n<p class=\"mt-0 text-italic\"><strong>Avertisment de risc:<\/strong> Oricare date, caracteristic\u0103, performan\u021b\u0103 prezentat\u0103 aici sunt doar pentru scopuri informative \u0219i \u00een niciun caz FXORO Global nu furnizeaz\u0103 \u0219i nici nu inten\u021bioneaz\u0103 s\u0103 furnizeze sfaturi de investi\u021bii \u0219i\/sau tranzac\u021bionare \u0219i nici s\u0103 \u00eencurajeze \u0219i\/sau s\u0103 solicite clien\u021bilor poten\u021biali sau existen\u021bi s\u0103 utilizeze \u0219i\/sau s\u0103 se aboneze la oricare dintre serviciile\/func\u021bionalit\u0103\u021bile descrise aici. Clientul este persoana unic\u0103 responsabil\u0103 pentru activitatea sa de tranzac\u021bionare, inclusiv alegerea instrumentului financiar, furnizorului de semnale \u0219i strategia de tranzac\u021bionare. Performan\u021bele anterioare nu sunt un indicator al rezultatelor viitoare.<\/p>\n<\/p><\/div>\n<\/p><\/div>\n<\/p><\/div>\n<\/section>\n","protected":false},"excerpt":{"rendered":"<p>FXORO Global este \u00eenc\u00e2ntat s\u0103 anun\u021be colaborarea cu Trading Central, o companie premiat\u0103 \u0219i recunoscut\u0103 la nivel global, pentru a v\u0103 oferi instrumente de tranzac\u021bionare sofisticate \u0219i eficiente adaptate pentru a optimiza strategiile de tranzac\u021bionare. Trading Central a devenit \u00een ultimii ani platforma preferat\u0103 a multor traderi din \u00eentreaga lume. Atrac\u021bia platformei const\u0103 \u00een depozitul [&hellip;]<\/p>\n","protected":false},"author":1,"featured_media":0,"parent":0,"menu_order":0,"comment_status":"closed","ping_status":"closed","template":"page-templates\/TradingCentral.php","meta":{"_acf_changed":false,"footnotes":""},"class_list":["post-126","page","type-page","status-publish","hentry"],"aioseo_notices":[],"acf":[],"_links":{"self":[{"href":"https:\/\/thewallstreetfan.com\/ro\/wp-json\/wp\/v2\/pages\/126","targetHints":{"allow":["GET"]}}],"collection":[{"href":"https:\/\/thewallstreetfan.com\/ro\/wp-json\/wp\/v2\/pages"}],"about":[{"href":"https:\/\/thewallstreetfan.com\/ro\/wp-json\/wp\/v2\/types\/page"}],"author":[{"embeddable":true,"href":"https:\/\/thewallstreetfan.com\/ro\/wp-json\/wp\/v2\/users\/1"}],"replies":[{"embeddable":true,"href":"https:\/\/thewallstreetfan.com\/ro\/wp-json\/wp\/v2\/comments?post=126"}],"version-history":[{"count":4,"href":"https:\/\/thewallstreetfan.com\/ro\/wp-json\/wp\/v2\/pages\/126\/revisions"}],"predecessor-version":[{"id":6914,"href":"https:\/\/thewallstreetfan.com\/ro\/wp-json\/wp\/v2\/pages\/126\/revisions\/6914"}],"wp:attachment":[{"href":"https:\/\/thewallstreetfan.com\/ro\/wp-json\/wp\/v2\/media?parent=126"}],"curies":[{"name":"wp","href":"https:\/\/api.w.org\/{rel}","templated":true}]}}