{"id":123,"date":"2024-08-22T14:05:11","date_gmt":"2024-08-22T14:05:11","guid":{"rendered":"http:\/\/localhost\/wp-multisite\/?page_id=61"},"modified":"2025-02-05T12:59:01","modified_gmt":"2025-02-05T12:59:01","slug":"webinarii","status":"publish","type":"page","link":"https:\/\/thewallstreetfan.com\/ro\/webinarii\/","title":{"rendered":"Webinarii"},"content":{"rendered":"<div class=\"xxl-box\">\n<h3 class=\"mt-0\">VOM ANUN\u021aA CUR\u00c2ND DATA URM\u0102TORULUI WEBINAR. R\u0102M\u00c2NE\u021aI PE FIR!<\/h3>\n<p>Cunoa\u0219terea este putere. \u00cembun\u0103t\u0103\u021be\u0219te-\u021bi abilit\u0103\u021bile de tranzac\u021bionare \u0219i st\u0103p\u00e2ne\u0219te fundamentele pie\u021belor financiare cu webinarele live gratuite de la <strong>FXORO<\/strong> Global.<\/p>\n<p>Sesiunile noastre online \u00ee\u021bi ofer\u0103 oportunitatea de a discuta cele mai importante subiecte legate de pie\u021bele financiare cu adev\u0103ra\u021bi exper\u021bi \u00een domeniu.<\/p>\n<\/div>\n","protected":false},"excerpt":{"rendered":"<p>VOM ANUN\u021aA CUR\u00c2ND DATA URM\u0102TORULUI WEBINAR. R\u0102M\u00c2NE\u021aI PE FIR! Cunoa\u0219terea este putere. \u00cembun\u0103t\u0103\u021be\u0219te-\u021bi abilit\u0103\u021bile de tranzac\u021bionare \u0219i st\u0103p\u00e2ne\u0219te fundamentele pie\u021belor financiare cu webinarele live gratuite de la FXORO Global. Sesiunile noastre online \u00ee\u021bi ofer\u0103 oportunitatea de a discuta cele mai importante subiecte legate de pie\u021bele financiare cu adev\u0103ra\u021bi exper\u021bi \u00een domeniu.<\/p>\n","protected":false},"author":1,"featured_media":0,"parent":0,"menu_order":0,"comment_status":"closed","ping_status":"closed","template":"page-templates\/Webinars.php","meta":{"_acf_changed":false,"footnotes":""},"class_list":["post-123","page","type-page","status-publish","hentry"],"aioseo_notices":[],"acf":[],"_links":{"self":[{"href":"https:\/\/thewallstreetfan.com\/ro\/wp-json\/wp\/v2\/pages\/123","targetHints":{"allow":["GET"]}}],"collection":[{"href":"https:\/\/thewallstreetfan.com\/ro\/wp-json\/wp\/v2\/pages"}],"about":[{"href":"https:\/\/thewallstreetfan.com\/ro\/wp-json\/wp\/v2\/types\/page"}],"author":[{"embeddable":true,"href":"https:\/\/thewallstreetfan.com\/ro\/wp-json\/wp\/v2\/users\/1"}],"replies":[{"embeddable":true,"href":"https:\/\/thewallstreetfan.com\/ro\/wp-json\/wp\/v2\/comments?post=123"}],"version-history":[{"count":2,"href":"https:\/\/thewallstreetfan.com\/ro\/wp-json\/wp\/v2\/pages\/123\/revisions"}],"predecessor-version":[{"id":6656,"href":"https:\/\/thewallstreetfan.com\/ro\/wp-json\/wp\/v2\/pages\/123\/revisions\/6656"}],"wp:attachment":[{"href":"https:\/\/thewallstreetfan.com\/ro\/wp-json\/wp\/v2\/media?parent=123"}],"curies":[{"name":"wp","href":"https:\/\/api.w.org\/{rel}","templated":true}]}}