{"id":120,"date":"2024-08-22T14:04:53","date_gmt":"2024-08-22T14:04:53","guid":{"rendered":"http:\/\/localhost\/wp-multisite\/?page_id=57"},"modified":"2025-02-04T11:36:51","modified_gmt":"2025-02-04T11:36:51","slug":"e-book","status":"publish","type":"page","link":"https:\/\/thewallstreetfan.com\/ro\/e-book\/","title":{"rendered":"E-book"},"content":{"rendered":"\n<div class=\"xxl-box\">\n  <h3>GHID INTRODUCTIV PENTRU AFACEREA DE TRADING ONLINE<\/h3>\n  <p class=\"mt-0\">Fiecare trader care p\u0103trunde \u00een lumea tradingului \u00eenva\u021b\u0103 \u0219i \u00ee\u0219i structureaz\u0103 propria strategie de trading. Pentru a face acest lucru\n    cu cea mai mare con\u0219tientizare, este necesar s\u0103 \u00een\u021beleag\u0103 dinamica, conceptele \u0219i instrumentele tradingului. F\u0103r\u0103\n    cuno\u0219tin\u021bele \u0219i abilit\u0103\u021bile corecte, este foarte dificil s\u0103 activezi o strategie satisf\u0103c\u0103toare. De aceea, <span class=\"text-bold\">FXORO<\/span> Global a ales\n    s\u0103 ofere clien\u021bilor s\u0103i un ghid detaliat, \u00een care ace\u0219tia pot \u00eenv\u0103\u021ba regulile principale \u0219i ideile cele mai importante de\n    investi\u021bii pe pie\u021bele financiare.<\/p>\n<\/div>\n<div class=\"accordion-wrap\">\n  <div class=\"accordion\">\n    <span class=\"icon\"><\/span><h4>GHIDUL DE TRADING FXORO GLOBAL: CE ESTE?<\/h4>\n  <\/div>\n  <div class=\"panel\">\n    <p><strong>Ghidul de Trading FXORO Global<\/strong> \u00ee\u0219i propune s\u0103 \u00eenso\u021beasc\u0103 traderul \u00een dob\u00e2ndirea unui nivel bun de <strong>competen\u021b\u0103 \u0219i \u00een\u021belegere a dinamicii tradingului<\/strong>. \u00cen detaliu, acest ghid ajut\u0103 investitorul s\u0103 \u00een\u021beleag\u0103 no\u021biunile fundamentale despre pie\u021be \u0219i care\n    sunt riscurile care trebuie evitate cu orice pre\u021b.<\/p>\n  <\/div>\n  <div class=\"accordion\">\n    <span class=\"icon\"><\/span><h4>CE CON\u021aINE GHIDUL DE TRADING FXORO GLOBAL?<\/h4>\n  <\/div>\n  <div class=\"panel\">\n    <p><strong>Ghidul de Trading FXORO Global<\/strong> cuprinde 11 sec\u021biuni diferite. Primele trei sunt dedicate unei introduceri generale \u00een pia\u021ba valutar\u0103, <strong>diferen\u021bei dintre tradingul fundamental \u0219i tehnic<\/strong>, \u0219i explic\u0103rii graficelor cu lum\u00e2n\u0103ri, care sunt esen\u021biale\n    pentru a \u00eenv\u0103\u021ba cum s\u0103 tranzac\u021bionezi corect.<\/p>\n    <p>Apoi sunt explicate concepte foarte importante, cum ar fi tendin\u021bele, suportul, rezisten\u021ba, intervalele de timp \u0219i indicatorii\n    tehnici. O importan\u021b\u0103 deosebit\u0103 este acordat\u0103 <strong>diferitelor strategii de trading<\/strong> \u0219i componentelor <strong>psihologice<\/strong> ale gestion\u0103rii banilor.<\/p>\n  <\/div>\n  <div class=\"accordion\">\n    <span class=\"icon\"><\/span><h4>CUM S\u0102 DESC\u0102RCI GHIDUL DE TRADING FXORO GLOBAL \u00ceN FORMAT E-BOOK<\/h4>\n  <\/div>\n  <div class=\"panel\">\n    <p><strong>Desc\u0103rcarea e-book-ului Ghidiului de Trading FXORO Global<\/strong> este foarte simpl\u0103, tot ce trebuie s\u0103 faci este s\u0103 dai clic pe imaginea intitulat\u0103 \u201eGhidul Introductiv pentru Afacerea de Trading Online\u201d. <strong>PDF-ul e-book-ului<\/strong> poate deveni imediat un suport esen\u021bial\n    pentru traderii care doresc s\u0103 aib\u0103 informa\u021bii detaliate despre activitatea de trading.<\/p>\n  <\/div>\n<\/div>\n\n","protected":false},"excerpt":{"rendered":"<p>GHID INTRODUCTIV PENTRU AFACEREA DE TRADING ONLINE Fiecare trader care p\u0103trunde \u00een lumea tradingului \u00eenva\u021b\u0103 \u0219i \u00ee\u0219i structureaz\u0103 propria strategie de trading. Pentru a face acest lucru cu cea mai mare con\u0219tientizare, este necesar s\u0103 \u00een\u021beleag\u0103 dinamica, conceptele \u0219i instrumentele tradingului. F\u0103r\u0103 cuno\u0219tin\u021bele \u0219i abilit\u0103\u021bile corecte, este foarte dificil s\u0103 activezi o strategie satisf\u0103c\u0103toare. De [&hellip;]<\/p>\n","protected":false},"author":1,"featured_media":0,"parent":0,"menu_order":0,"comment_status":"closed","ping_status":"closed","template":"page-templates\/E-book.php","meta":{"_acf_changed":false,"footnotes":""},"class_list":["post-120","page","type-page","status-publish","hentry"],"aioseo_notices":[],"acf":[],"_links":{"self":[{"href":"https:\/\/thewallstreetfan.com\/ro\/wp-json\/wp\/v2\/pages\/120","targetHints":{"allow":["GET"]}}],"collection":[{"href":"https:\/\/thewallstreetfan.com\/ro\/wp-json\/wp\/v2\/pages"}],"about":[{"href":"https:\/\/thewallstreetfan.com\/ro\/wp-json\/wp\/v2\/types\/page"}],"author":[{"embeddable":true,"href":"https:\/\/thewallstreetfan.com\/ro\/wp-json\/wp\/v2\/users\/1"}],"replies":[{"embeddable":true,"href":"https:\/\/thewallstreetfan.com\/ro\/wp-json\/wp\/v2\/comments?post=120"}],"version-history":[{"count":1,"href":"https:\/\/thewallstreetfan.com\/ro\/wp-json\/wp\/v2\/pages\/120\/revisions"}],"predecessor-version":[{"id":6570,"href":"https:\/\/thewallstreetfan.com\/ro\/wp-json\/wp\/v2\/pages\/120\/revisions\/6570"}],"wp:attachment":[{"href":"https:\/\/thewallstreetfan.com\/ro\/wp-json\/wp\/v2\/media?parent=120"}],"curies":[{"name":"wp","href":"https:\/\/api.w.org\/{rel}","templated":true}]}}