{"id":116,"date":"2024-08-22T14:04:09","date_gmt":"2024-08-22T14:04:09","guid":{"rendered":"http:\/\/localhost\/wp-multisite\/?page_id=49"},"modified":"2025-02-10T13:49:15","modified_gmt":"2025-02-10T13:49:15","slug":"cont-islamic","status":"publish","type":"page","link":"https:\/\/thewallstreetfan.com\/ro\/cont-islamic\/","title":{"rendered":"Cont islamic"},"content":{"rendered":"\n<div class=\"xxl-box\">\n    <p class=\"mt-0\">Conturile Forex Islamice sunt cunoscute \u0219i sub denumirea de conturi f\u0103r\u0103 swap, deoarece nu implic\u0103 swap sau dob\u00e2nd\u0103 de rulaj pentru pozi\u021biile peste noapte, ceea ce este \u00eempotriva credin\u021bei islamice. Contul de tranzac\u021bionare este conform cu legea Sharia, permi\u021b\u00e2nd traderilor s\u0103 beneficieze de tehnologia avansat\u0103 de tranzac\u021bionare \u0219i de lichiditatea profund\u0103 a <span class=\"text-bold\">FXORO<\/span> Global.<\/p>\n    <h3>Cum s\u0103 deschide\u021bi un cont Forex Islamic:<\/h3>\n    <ul class=\"list-style-big-bullets\">\n      <li>Deschide\u021bi un cont de tranzac\u021bionare la noi.<\/li>\n      <li>Solicita\u021bi un Cont Islamic.<\/li>\n      <li>Autentifica\u021bi-v\u0103 \u00een Zona pentru Membri \u0219i valida\u021bi contul.<\/li>\n      <li>De \u00eendat\u0103 ce departamentul nostru relevant prime\u0219te cererea dvs., contul dvs. de tranzac\u021bionare va primi statutul f\u0103r\u0103 swap \u0219i ve\u021bi fi notificat prin e-mail.<\/li>\n    <\/ul>\n      <h3>Ceea ce trebuie s\u0103 \u0219ti\u021bi<\/h3>\n    <ul class=\"list-style-big-bullets\">\n      <li>Contul islamic este disponibil doar pentru moneda de baz\u0103 USD.<\/li>\n      <li>C\u00e2nd schimba\u021bi tipul contului \u00een Swap-Free, Taxele Administrative depind doar de instrument \u0219i de num\u0103rul de loturi deschise.<\/li>\n      <li>F\u0103r\u0103 dob\u00e2nd\u0103\/tax\u0103 de swap pentru pozi\u021biile peste noapte.<\/li>\n      <li>F\u0103r\u0103 cre\u0219tere a spread-ului.<\/li>\n      <li>C\u00e2nd schimba\u021bi tipul contului \u00een Swap-Free, nu vi se percep swap-uri; totu\u0219i, pl\u0103ti\u021bi o Tax\u0103 Administrativ\u0103 fix\u0103 peste noapte pentru pozi\u021biile deschise.<\/li>\n      <li><span class=\"text-bold\">FXORO<\/span> Global \u00ee\u0219i rezerv\u0103 dreptul de a revoca statutul f\u0103r\u0103 swap acordat oric\u0103rui cont real de tranzac\u021bionare \u00een orice moment, f\u0103r\u0103 a oferi motive \u0219i\/sau notificare prealabil\u0103. \u00cen cazul \u00een care serviciul este dezactivat de c\u0103tre companie, vi se vor percepe swap-uri conform condi\u021biilor specificate pe site-ul oficial.<\/li>\n    <\/ul>\n  <\/div>\n  <h3 class=\"mt-1\">CARACTERISTICILE CONTULUI ISLAMIC<\/h3>\n  <div>\n    <div class=\"table-wrap table-custom-col-wrap\">\n      <table class=\"lg-box\">\n        <tr>\n          <th>Instrument<\/th>\n          <th>Tax\u0103 Administrativ\u0103 per lot (USD)<\/th>\n        <\/tr>\n        <tr>\n          <td>AUDNZD, CADCHF, CADJPY, CHFJPY, EURCAD, EURCHF, EURGBP, EURJPY, EURUSD, GBPCAD, GBPCHF, GBPJPY, GBPUSD, NZDCAD, USDCAD,\n          USDCHF, USDJPY<\/td>\n          <td>10<\/td>\n        <\/tr>\n            <tr>\n              <td>CAFEA, ZAH\u0102R, GR\u00c2U, SOIA, PORUMB, CACAO, BUMBAC<\/td>\n              <td>15<\/td>\n            <\/tr>\n          <tr>\n            <td>AUDCAD, AUDCHF, AUDJPY, AUDUSD, EURAUD, EURNZD, GBPNZD, NZDCHF, NZDJPY, NZDUSD, USDDKK, NGAS<\/td>\n            <td>20<\/td>\n          <\/tr>\n          <tr>\n            <td>EURNOK, EURPLN, GBPAUD, USDNOK, USDPLN, USDSGD, AUR, ARGINT, PLATINA, CUPRU<\/td>\n            <td>30<\/td>\n          <\/tr>\n          <tr>\n            <td>EURHUF, EURSEK, USDHUF, USDSEK, EURZAR, USDZAR, EURILS, USDILS, USDMXN, USDRUB, PETROL, BRENT<\/td>\n            <td>40<\/td>\n          <\/tr>\n          <tr>\n            <td>POL20, FRA40, GER40, US30, EUR50, UK100, IT40, SPA35, NAS100, JPN225, US2000, US500, SWI20, USDX, AUS200, STOCKS SUA,\n            EUROPE STOCKS, CANNABISDX, GAMINGDX, AIIDX, MAGSIDX, LATAMIDX<\/td>\n            <td>50<\/td>\n          <\/tr>\n            <tr>\n              <td>EURTRY, USDTRY<\/td>\n              <td>100<\/td>\n            <\/tr>\n\n      <\/table>\n    <\/div>\n  <\/div>\n\n","protected":false},"excerpt":{"rendered":"<p>Conturile Forex Islamice sunt cunoscute \u0219i sub denumirea de conturi f\u0103r\u0103 swap, deoarece nu implic\u0103 swap sau dob\u00e2nd\u0103 de rulaj pentru pozi\u021biile peste noapte, ceea ce este \u00eempotriva credin\u021bei islamice. Contul de tranzac\u021bionare este conform cu legea Sharia, permi\u021b\u00e2nd traderilor s\u0103 beneficieze de tehnologia avansat\u0103 de tranzac\u021bionare \u0219i de lichiditatea profund\u0103 a FXORO Global. Cum [&hellip;]<\/p>\n","protected":false},"author":1,"featured_media":0,"parent":0,"menu_order":0,"comment_status":"closed","ping_status":"closed","template":"page-templates\/IslamicAccount.php","meta":{"_acf_changed":false,"footnotes":""},"class_list":["post-116","page","type-page","status-publish","hentry"],"aioseo_notices":[],"acf":[],"_links":{"self":[{"href":"https:\/\/thewallstreetfan.com\/ro\/wp-json\/wp\/v2\/pages\/116","targetHints":{"allow":["GET"]}}],"collection":[{"href":"https:\/\/thewallstreetfan.com\/ro\/wp-json\/wp\/v2\/pages"}],"about":[{"href":"https:\/\/thewallstreetfan.com\/ro\/wp-json\/wp\/v2\/types\/page"}],"author":[{"embeddable":true,"href":"https:\/\/thewallstreetfan.com\/ro\/wp-json\/wp\/v2\/users\/1"}],"replies":[{"embeddable":true,"href":"https:\/\/thewallstreetfan.com\/ro\/wp-json\/wp\/v2\/comments?post=116"}],"version-history":[{"count":2,"href":"https:\/\/thewallstreetfan.com\/ro\/wp-json\/wp\/v2\/pages\/116\/revisions"}],"predecessor-version":[{"id":6592,"href":"https:\/\/thewallstreetfan.com\/ro\/wp-json\/wp\/v2\/pages\/116\/revisions\/6592"}],"wp:attachment":[{"href":"https:\/\/thewallstreetfan.com\/ro\/wp-json\/wp\/v2\/media?parent=116"}],"curies":[{"name":"wp","href":"https:\/\/api.w.org\/{rel}","templated":true}]}}