{"id":95,"date":"2024-08-22T14:08:42","date_gmt":"2024-08-22T14:08:42","guid":{"rendered":"http:\/\/localhost\/wp-multisite\/?page_id=95"},"modified":"2025-02-21T10:14:23","modified_gmt":"2025-02-21T10:14:23","slug":"regulamentos","status":"publish","type":"page","link":"https:\/\/thewallstreetfan.com\/pt\/regulamentos\/","title":{"rendered":"Regulamentos"},"content":{"rendered":"\n<p>A ORO FINTECH LTD \u00e9 incorporada e registada de acordo com as leis das Seychelles com o n\u00famero da empresa 8425077-1. A Empresa \u00e9 autorizada pela Autoridade de Servi\u00e7os Financeiros das Seychelles (FSA) com o N\u00famero de Licen\u00e7a do Concession\u00e1rio de Valores Mobili\u00e1rios SD046, para a presta\u00e7\u00e3o dos servi\u00e7os de investimento, conforme permitido pela Lei dos Valores Mobili\u00e1rios de 2007. <\/p>\n            <p>A FSA \u00e9 o organismo regulador aut\u00f3nomo respons\u00e1vel pelos servi\u00e7os financeiros n\u00e3o banc\u00e1rios nas Seychelles. Criada ao abrigo da Lei da Autoridade de Servi\u00e7os Financeiros, de 2013, a autoridade \u00e9 respons\u00e1vel por licenciar, regular, impor requisitos regulamentares e de conformidade, monitorizar e supervisionar a conduta de neg\u00f3cios no sector dos servi\u00e7os financeiros n\u00e3o banc\u00e1rios nas Seychelles.<\/p>\n            <p>Os produtos de alavancagem comercial t\u00eam n\u00edveis de risco consider\u00e1veis e podem n\u00e3o ser adequados para todos os investidores. O desempenho passado de um investimento n\u00e3o \u00e9 um guia para o seu desempenho no futuro.<\/p>\n","protected":false},"excerpt":{"rendered":"<p>A ORO FINTECH LTD \u00e9 incorporada e registada de acordo com as leis das Seychelles com o n\u00famero da empresa 8425077-1. A Empresa \u00e9 autorizada pela Autoridade de Servi\u00e7os Financeiros das Seychelles (FSA) com o N\u00famero de Licen\u00e7a do Concession\u00e1rio de Valores Mobili\u00e1rios SD046, para a presta\u00e7\u00e3o dos servi\u00e7os de investimento, conforme permitido pela Lei [&hellip;]<\/p>\n","protected":false},"author":1,"featured_media":0,"parent":0,"menu_order":0,"comment_status":"closed","ping_status":"closed","template":"page-templates\/Regulations.php","meta":{"_acf_changed":false,"footnotes":""},"class_list":["post-95","page","type-page","status-publish","hentry"],"aioseo_notices":[],"acf":[],"_links":{"self":[{"href":"https:\/\/thewallstreetfan.com\/pt\/wp-json\/wp\/v2\/pages\/95","targetHints":{"allow":["GET"]}}],"collection":[{"href":"https:\/\/thewallstreetfan.com\/pt\/wp-json\/wp\/v2\/pages"}],"about":[{"href":"https:\/\/thewallstreetfan.com\/pt\/wp-json\/wp\/v2\/types\/page"}],"author":[{"embeddable":true,"href":"https:\/\/thewallstreetfan.com\/pt\/wp-json\/wp\/v2\/users\/1"}],"replies":[{"embeddable":true,"href":"https:\/\/thewallstreetfan.com\/pt\/wp-json\/wp\/v2\/comments?post=95"}],"version-history":[{"count":2,"href":"https:\/\/thewallstreetfan.com\/pt\/wp-json\/wp\/v2\/pages\/95\/revisions"}],"predecessor-version":[{"id":6802,"href":"https:\/\/thewallstreetfan.com\/pt\/wp-json\/wp\/v2\/pages\/95\/revisions\/6802"}],"wp:attachment":[{"href":"https:\/\/thewallstreetfan.com\/pt\/wp-json\/wp\/v2\/media?parent=95"}],"curies":[{"name":"wp","href":"https:\/\/api.w.org\/{rel}","templated":true}]}}