{"id":89,"date":"2024-08-22T14:08:12","date_gmt":"2024-08-22T14:08:12","guid":{"rendered":"http:\/\/localhost\/wp-multisite\/?page_id=89"},"modified":"2025-02-05T08:28:38","modified_gmt":"2025-02-05T08:28:38","slug":"politica-de-privacidade-e-seguranca","status":"publish","type":"page","link":"https:\/\/thewallstreetfan.com\/pt\/politica-de-privacidade-e-seguranca\/","title":{"rendered":"Pol\u00edtica de Privacidade e Seguran\u00e7a"},"content":{"rendered":"\n<p>A ORO FINTECH LTD (&#8220;a Empresa&#8221;) est\u00e1 empenhada em proteger a privacidade e confidencialidade dos dados pessoais obtidos do Cliente, em conformidade com os requisitos legais aplic\u00e1veis. A Empresa recolhe dados apenas na medida em que tal seja necess\u00e1rio para a rela\u00e7\u00e3o comercial com o Cliente.<\/p>\n<p>Esta Pol\u00edtica de Privacidade e Seguran\u00e7a explica como a Empresa recolhe, mant\u00e9m, utiliza e transmite dados pessoais sobre o Cliente, incluindo dados recolhidos durante as visitas do Cliente aos nossos sites.<\/p>\n<h4>Recolha e Utiliza\u00e7\u00e3o dos Dados Pessoais do Cliente<\/h4>\n<p>O cliente deve fornecer \u00e0 Empresa os dados pessoais necess\u00e1rios para o estabelecimento da rela\u00e7\u00e3o comercial, a presta\u00e7\u00e3o de servi\u00e7os e o acesso \u00e0(s) conta(s) de negocia\u00e7\u00e3o e atividade(s). Os dados fornecidos durante o processo de registo podem incluir, entre outros; data de nascimento do cliente, nome completo e apelido, morada de resid\u00eancia e\/ou comercial completa, informa\u00e7\u00f5es dispon\u00edveis nos documentos de identifica\u00e7\u00e3o do cliente (ou seja, passaporte \/ cart\u00e3o de cidad\u00e3o), informa\u00e7\u00f5es de contacto (ou seja, n\u00famero de telem\u00f3vel, endere\u00e7o de e-mail). Estas informa\u00e7\u00f5es permitem \u00e0 Empresa identificar e verificar o Cliente, ativar e fornecer ao Cliente uma conta de negocia\u00e7\u00e3o e um c\u00f3digo de acesso\/palavra-passe e contactar o Cliente para fornecer informa\u00e7\u00f5es sobre os servi\u00e7os, produtos e promo\u00e7\u00f5es dispon\u00edveis.<\/p>\n<p>A Empresa tamb\u00e9m pode obter informa\u00e7\u00f5es a partir da utiliza\u00e7\u00e3o por parte do Cliente atrav\u00e9s dos seus sites, interfaces ou canais de comunica\u00e7\u00e3o dedicados, software de negocia\u00e7\u00e3o ou plataformas fornecidas. Esta informa\u00e7\u00e3o pode incluir \u00e1reas do site visitadas, p\u00e1ginas visitadas, frequ\u00eancia e dura\u00e7\u00e3o das visitas, endere\u00e7o do Protocolo Internet (IP), par\u00e2metros de identifica\u00e7\u00e3o do computador, tipos de transa\u00e7\u00f5es efetuadas, documentos descarregados, cliques do rato, movimentos do rato e atividade de rolagem.<\/p>\n<p>A Empresa recolhe informa\u00e7\u00f5es estat\u00edsticas an\u00f3nimas para garantir que estas satisfazem as necessidades dos seus clientes. Ao recolher tais dados, a Empresa \u00e9 capaz de monitorizar e melhorar os servi\u00e7os oferecidos aos clientes existentes e a potenciais clientes. A Empresa pode partilhar tais informa\u00e7\u00f5es com terceiros.<\/p>\n<h4>Atualiza\u00e7\u00e3o das Informa\u00e7\u00f5es do Cliente<\/h4>\n<p>Durante a rela\u00e7\u00e3o comercial do Cliente com a Empresa, poder\u00e1 ser solicitado ao Cliente o fornecimento de dados pessoais necess\u00e1rios para a manuten\u00e7\u00e3o de tal rela\u00e7\u00e3o, incluindo qualquer documento de identifica\u00e7\u00e3o renovado e informa\u00e7\u00f5es de contacto atualizadas.<\/p>\n<p>Al\u00e9m disso, o Cliente pode informar a Empresa de qualquer altera\u00e7\u00e3o de dados pessoais. A Empresa ir\u00e1 alterar as informa\u00e7\u00f5es pessoais do Cliente de acordo com as instru\u00e7\u00f5es do Cliente e apagar\u00e1 as informa\u00e7\u00f5es previamente obtidas, exceto na medida em que a Empresa seja obrigada a conservar os dados pessoais relevantes para fins regulamentares ou legais e\/ou a fornecer ao Cliente os servi\u00e7os solicitados ou a conservar registos comerciais.<\/p>\n<h4>Transfer\u00eancia de Dados para Terceiros<\/h4>\n<p>Os dados pessoais podem ser transferidos pela Empresa a terceiros que perten\u00e7am ao Espa\u00e7o Econ\u00f3mico Europeu, bem como n\u00e3o pertencentes ao Espa\u00e7o Econ\u00f3mico Europeu, para os fins descritos na presente pol\u00edtica. <\/p>\n<p>Como terceiros, podemos incluir Contabilistas, Auditores, Consultores Jur\u00eddicos, Bancos e outras Institui\u00e7\u00f5es de Cr\u00e9dito, Sistemas de Pagamento e Prestadores de Servi\u00e7os de Pagamento, Ag\u00eancias de Marketing e Apoio ao Cliente, Prestadores de Servi\u00e7os com quem a Empresa mant\u00e9m uma rela\u00e7\u00e3o contratual e entidades dentro do mesmo grupo de Empresas que a Empresa.<\/p>\n<p>Para efeitos de identifica\u00e7\u00e3o e verifica\u00e7\u00e3o da identidade do Cliente, a Empresa ir\u00e1 transmitir os dados do Cliente a um terceiro prestador de servi\u00e7os autorizado a efetuar tal identifica\u00e7\u00e3o, em conformidade com os requisitos regulamentares relevantes. A Empresa deve assegurar a privacidade e confidencialidade dos dados transmitidos.<\/p>\n<p>A Empresa reserva-se o direito de transferir os dados pessoais do Cliente a terceiros caso seja instru\u00edda por qualquer autoridade reguladora, ag\u00eancia p\u00fablica, unidade de informa\u00e7\u00e3o financeira, pol\u00edcia, escrit\u00f3rio governamental, autoridade fiscal, \u00f3rg\u00e3os de aplica\u00e7\u00e3o da lei, ou se exigido por lei, ou caso a Empresa considere que a partilha de informa\u00e7\u00e3o \u00e9 necess\u00e1ria para evitar danos f\u00edsicos iminentes ou danos a bens e\/ou pessoas.<\/p>\n<p>A transfer\u00eancia de dados entre entidades do mesmo grupo de empresas da Empresa ser\u00e1 limitada apenas ser\u00e1 feito caso seja necess\u00e1rio, para a presta\u00e7\u00e3o de servi\u00e7os ao Cliente.<\/p>\n<p>Ao proceder ao estabelecimento de uma rela\u00e7\u00e3o comercial, o Cliente d\u00e1 o consentimento expresso e inequ\u00edvoco a essa(s) transfer\u00eancia(s).<\/p>\n<h4>Cookies<\/h4>\n<p>Os cookies s\u00e3o pequenos ficheiros de informa\u00e7\u00e3o, que incluem um n\u00famero ou valor de identifica\u00e7\u00e3o \u00fanico, que s\u00e3o armazenados no disco r\u00edgido do computador como resultado da utiliza\u00e7\u00e3o pelo Cliente do(s) site(s) da Empresa e\/ou do software de negocia\u00e7\u00e3o. A Empresa utiliza cookies para o funcionamento e manuten\u00e7\u00e3o eficazes do seu site.<\/p>\n<p>A Empresa poder\u00e1 utilizar cookies de identifica\u00e7\u00e3o de sess\u00e3o e cookies persistentes. Um cookie de identifica\u00e7\u00e3o de sess\u00e3o expira quando o Cliente fecha o navegador. Um cookie persistente permanece no disco r\u00edgido do Cliente durante um per\u00edodo de tempo prolongado. Os cookies persistentes permitem \u00e0 Empresa rastrear e direcionar a localiza\u00e7\u00e3o e os interesses dos visitantes do site e melhorar a sua experi\u00eancia ao visitar o(s) site(s) da Empresa. Terceiros que possam ter acesso ao(s) site(s) da Empresa para apoio tecnol\u00f3gico, poder\u00e3o utilizar os seus pr\u00f3prios cookies.<\/p>\n<h4>Seguran\u00e7a<\/h4>\n<p>A Empresa esfor\u00e7a-se por manter as salvaguardas apropriadas para garantir que a seguran\u00e7a, integridade e privacidade dos dados e informa\u00e7\u00f5es pessoais que o Cliente forneceu n\u00e3o sejam indevidamente utilizados. Embora tais sistemas e procedimentos reduzam o risco de viola\u00e7\u00f5es de seguran\u00e7a, n\u00e3o oferecem seguran\u00e7a absoluta. Por isso, a Empresa n\u00e3o pode garantir que os servi\u00e7os ser\u00e3o imunes a quaisquer atos il\u00edcitos, mau funcionamento, interce\u00e7\u00f5es ilegais ou acesso n\u00e3o autorizado \u00e0 informa\u00e7\u00e3o a\u00ed armazenada e a outros riscos de seguran\u00e7a da informa\u00e7\u00e3o, ou que as comunica\u00e7\u00f5es privadas do Cliente no(s) site(s) da Empresa ou atrav\u00e9s dele (incluindo interfaces de comunica\u00e7\u00e3o) permanecer\u00e3o privadas.<\/p>\n<h4>Atualiza\u00e7\u00e3o das Informa\u00e7\u00f5es do Cliente<\/h4>\n<p>O Cliente pode informar a Empresa de qualquer altera\u00e7\u00e3o dos seus dados pessoais. A Empresa ir\u00e1 alterar as informa\u00e7\u00f5es pessoais do Cliente de acordo com as suas instru\u00e7\u00f5es e apagar\u00e1 as informa\u00e7\u00f5es previamente obtidas, exceto na medida em que a Empresa seja obrigada a conservar os dados pessoais relevantes para fins regulamentares ou legais e\/ou a fornecer ao Cliente os servi\u00e7os solicitados ou a conservar registos comerciais.<\/p>\n<h4>Links\/Liga\u00e7\u00f5es<\/h4>\n<p>Quando o Cliente utiliza o(s) site(s) da Empresa, poder\u00e1 ser capaz de criar uma liga\u00e7\u00e3o para outros sites. Esta Pol\u00edtica de Privacidade e Seguran\u00e7a n\u00e3o se aplica a esses outros sites. A Empresa n\u00e3o \u00e9 respons\u00e1vel por qualquer informa\u00e7\u00e3o pessoal recolhida por terceiros atrav\u00e9s de outros sites.<\/p>\n<h4>Aplica\u00e7\u00e3o e Emendas<\/h4>\n<p>O Cliente ao prosseguir com o processo de registo concorda e consente com todas as disposi\u00e7\u00f5es declaradas nesta Pol\u00edtica incluindo a recolha, reten\u00e7\u00e3o, e utiliza\u00e7\u00e3o de dados pessoais e transmiss\u00e3o a terceiros.<\/p>\n<p>A Empresa pode alterar e atualizar os termos da presente Pol\u00edtica de tempos a tempos. A vers\u00e3o mais recente estar\u00e1 dispon\u00edvel no website da Empresa. Aconselha-se o cliente a visitar frequentemente o site para se familiarizar com as informa\u00e7\u00f5es atualizadas no que diz respeito a dados pessoais.<\/p>\n<p>Se o Cliente tiver quaisquer perguntas ou preocupa\u00e7\u00f5es relativas a esta Pol\u00edtica de Privacidade e Seguran\u00e7a e \u00e0 sua aplica\u00e7\u00e3o, pode enviar um e-mail para o endere\u00e7o: <a href=\"mailto:compliance@fxoroglobal.com\">compliance@fxoroglobal.com<\/a>.\n<\/p>\n\n","protected":false},"excerpt":{"rendered":"<p>A ORO FINTECH LTD (&#8220;a Empresa&#8221;) est\u00e1 empenhada em proteger a privacidade e confidencialidade dos dados pessoais obtidos do Cliente, em conformidade com os requisitos legais aplic\u00e1veis. A Empresa recolhe dados apenas na medida em que tal seja necess\u00e1rio para a rela\u00e7\u00e3o comercial com o Cliente. Esta Pol\u00edtica de Privacidade e Seguran\u00e7a explica como a [&hellip;]<\/p>\n","protected":false},"author":1,"featured_media":0,"parent":0,"menu_order":0,"comment_status":"closed","ping_status":"closed","template":"page-templates\/StandardPage.php","meta":{"_acf_changed":false,"footnotes":""},"class_list":["post-89","page","type-page","status-publish","hentry"],"aioseo_notices":[],"acf":[],"_links":{"self":[{"href":"https:\/\/thewallstreetfan.com\/pt\/wp-json\/wp\/v2\/pages\/89","targetHints":{"allow":["GET"]}}],"collection":[{"href":"https:\/\/thewallstreetfan.com\/pt\/wp-json\/wp\/v2\/pages"}],"about":[{"href":"https:\/\/thewallstreetfan.com\/pt\/wp-json\/wp\/v2\/types\/page"}],"author":[{"embeddable":true,"href":"https:\/\/thewallstreetfan.com\/pt\/wp-json\/wp\/v2\/users\/1"}],"replies":[{"embeddable":true,"href":"https:\/\/thewallstreetfan.com\/pt\/wp-json\/wp\/v2\/comments?post=89"}],"version-history":[{"count":1,"href":"https:\/\/thewallstreetfan.com\/pt\/wp-json\/wp\/v2\/pages\/89\/revisions"}],"predecessor-version":[{"id":6576,"href":"https:\/\/thewallstreetfan.com\/pt\/wp-json\/wp\/v2\/pages\/89\/revisions\/6576"}],"wp:attachment":[{"href":"https:\/\/thewallstreetfan.com\/pt\/wp-json\/wp\/v2\/media?parent=89"}],"curies":[{"name":"wp","href":"https:\/\/api.w.org\/{rel}","templated":true}]}}