{"id":75,"date":"2024-08-22T14:06:50","date_gmt":"2024-08-22T14:06:50","guid":{"rendered":"http:\/\/localhost\/wp-multisite\/?page_id=75"},"modified":"2025-02-10T14:36:23","modified_gmt":"2025-02-10T14:36:23","slug":"sinais","status":"publish","type":"page","link":"https:\/\/thewallstreetfan.com\/pt\/sinais\/","title":{"rendered":"SINAIS"},"content":{"rendered":"\n<link\n  rel=\"stylesheet\"\n  href=\"\/\/fonts.googleapis.com\/css?family=Roboto:400,300,300italic,400italic,500,500italic,700,700italic\"\n\/><link\n  rel=\"stylesheet\"\n  href=\"https:\/\/cdn.jsdelivr.net\/gh\/fancyapps\/fancybox@3.5.2\/dist\/jquery.fancybox.min.css\"\n  type=\"text\/css\"\n  media=\"screen\"\n\/>\n<script\n  type=\"text\/javascript\"\n  src=\"https:\/\/cdn.jsdelivr.net\/gh\/fancyapps\/fancybox@3.5.2\/dist\/jquery.fancybox.min.js?r=1223\"\n><\/script>\n<script>\n  function detectmob() {\n    if (\n      navigator.userAgent.match(\/Android\/i) ||\n      navigator.userAgent.match(\/webOS\/i) ||\n      navigator.userAgent.match(\/iPhone\/i) ||\n      navigator.userAgent.match(\/iPad\/i) ||\n      navigator.userAgent.match(\/iPod\/i) ||\n      navigator.userAgent.match(\/BlackBerry\/i) ||\n      navigator.userAgent.match(\/Windows Phone\/i)\n    ) {\n      return true;\n    } else {\n      return false;\n    }\n  }\n  var isMobile = detectmob();\n  showDemoMsg = function () {\n    var msg, div;\n    var usersPath = \"\/\/www.mte-media.com\/users\/fxoro\/\";\nvar btn = \"REGISTRE-SE AGORA\";\n var title = \"CONTE\u00daDO PREMIUM\";\n var body = \"REGISTRE-SE AGORA\";    $.event.trigger({ type: \"LOCKED_PRESSED\", message: \"\", time: new Date() });\n    if ($(\"#reg_message\").length > 0) {\n      msg = $(\"#reg_message\").html();\n      if (msg.length == 0) {\n        return;\n      }\n      div = \"#reg_message\";\n    } else {\n      msg = \"<div id='reg_msg2' >\";\n      msg += \"<img src='\" + usersPath + \"\/logo.png'\/>\";\n      msg += \"<br><h2>\" + title + \"<\/h2>\";\n      msg += \"<h4>\" + body + \"<\/h4>\";\n      msg += \"<div class='reg_btn' style='line-height: 3pt' >\" + btn + \"<\/div>\";\n      msg += \"<\/div>\";\n      div = \"#reg_msg2\";\n    }\n    var url = \"https:\/\/www.my.fxoroglobal.com\/register\/\";\n    $.fancybox.open({\n      src: msg,\n      padding: 3,\n      type: \"inline\",\n      afterShow: function () {\n        if (isMobile) {\n          $(\"#reg_msg2 .reg_btn\").on(\"touchstart\", function () {\n            window.open(url, \"_top\");\n          });\n        } else {\n          $(\"#reg_msg2 .reg_btn\").click(function () {\n            window.open(url, \"_top\");\n          });\n        }\n      },\n    });\n  };\n  $(function () {\n    if (isMobile) {\n      $(\".widgetframe\").addClass(\"mobile\");\n    } else {\n    }\n  });\n<\/script>\n<style>\n  body {\n    margin: 0;\n    padding: 0;\n    min-height: 300px;\n  }\n  .briefingslogo {\n    height: 40px;\n    width: auto;\n  }\n  .widgetframe {\n    background: #f2f2f2;\n    position: relative;\n    border: 5px solid rgba(0, 0, 0, 0.3);\n    width: 100%;\n    float: left;\n    border-radius: 3px;\n    margin-bottom: 20px;\n    margin-top: 20px;\n    overflow: auto;\n  }\n  .mobile {\n    width: 100vh !important; \/*margin-left: 2% !important; margin-right: 2% !important;*\/ \/*border: 3px solid red rgba(0, 0, 0, 0.3) !important;*\/\n    border: 0 !important;\n  }\n  .widgettitle {\n    font-family: \"Roboto\";\n    color: #9b9b9b;\n    padding-top: 2px;\n    padding-bottom: 3px;\n    padding-right: 2px;\n    padding-left: 2px;\n    font-size: 16pt;\n    background: rgba(0, 0, 0, 0.2); \/*box-sizing: border-box;*\/\n  }\n  .widgetinfo {\n    height: 50px;\n    font-family: \"Roboto\";\n    color: #9b9b9b;\n    padding-top: 2px;\n    padding-bottom: 10px;\n    padding-right: 2px;\n    padding-left: 2px;\n    font-size: 10pt; \/* background:rgba(0, 0, 0, 0.3);*\/\n    background: #f2f2f2; \/*box-sizing: border-box;*\/\n  }\n .tradebutton {\n    width: 133px !important;\n    background: #ffb401 !important;\n    color: #273773 !important;\n    \/* padding: 60px 0; *\/\n    display: flex;\n    justify-content: center;\n    align-items: center;\n    font-size: 16px;\n    font-family: 'Montserrat';\n    padding: 1rem 0px !important;\n    font-weight: bold;\n    text-transform: uppercase!important;\n    border-radius: 11px;\n}\n  mte-news-charts-landscape {\n    max-width: 1200px !important;\n  }\n  #reg_msg {\n    display: none;\n    padding: 20px;\n    text-align: center;\n    z-index: 1005;\n  }\n  #reg_msg2 {\n    padding: 2vw;\n    text-align: center;\n    background: white;\n  }\n  #reg_msg2 .reg_btn {\n    margin: 0 auto;\n    cursor: pointer;\n    width: 250px;\n    height: 25px;\n    background: green;\n    color: white;\n    padding: 15px;\n    border: 1px solid grey;\n  }\n  #reg_msg2 .reg_btn:hover {\n    background: black;\n    color: white;\n  }\n  #reg_msg2 img {\n    width: 10vw;\n    -webkit-filter: drop-shadow(1px 1px 3px rgba(0, 0, 0, 0.7));\n    filter: url(#drop-shadow);\n    -ms-filter: \"progid:DXImageTransform.Microsoft.Dropshadow(OffX=12, OffY=12, Color='#444')\";\n    filter: \"progid:DXImageTransform.Microsoft.Dropshadow(OffX=12, OffY=12, Color='#444')\";\n  }\n  #reg_msg2:hover {\n    color: #333;\n  }\n<\/style>\n<style is=\"custom-style\">\n  :root {\n    \/* ----------- daily briefings CSS style -------------------------------------------------------------------*\/\n    --mte-daily-briefings: {\n      font-family: \"Roboto\";\n      -webkit-font-smoothing: antialiased;\n      -moz-osx-font-smoothing: grayscale;\n    }\n    --mte-daily-briefings-toolbar-color: #ffffff;\n    --mte-daily-briefings-toolbar-background: #273773;\n    --mte-briefings-toolbar-color: #ffffff;\n    --mte-briefings-toolbar-background: #273773;\n    --trade-button-theme: {\n      width: 45px;\n      height: 20px;\n      background-color: #000;\n      color: #ffffff;\n      text-align: center;\n      padding-top: 3px;\n    }\n    --mte-briefings-toolbar-height: 56px;\n    --mte-brief-row: {\n      border: none;\n      border-bottom: 1px solid #dbdbdb;\n      background: #ffffff;\n      font-weight: 400;\n      color: #000;\n      text-transform: none !important;\n    }\n    --mte-brief-col: {\n      font-size: 0.7em;\n      padding: 2px;\n      text-align: center;\n      vertical-align: center;\n      -webkit-user-select: none;\n      -moz-user-select: none;\n      -ms-user-select: none;\n      user-select: none;\n    }\n    --mte-briefings-header: {\n      border: none;\n      border-bottom: 1px solid #dbdbdb;\n      background: #ffffff;\n      color: #000;\n      font-weight: 500;\n      font-size: 1em;\n      padding: 4px;\n    }\n    --mte-briefings-section-header: {\n      border: none;\n      border-bottom: 1px solid #dbdbdb;\n      background: #ffffff;\n      color: #000;\n      font-weight: 500;\n      font-size: 1em;\n      padding: 4px;\n    }\n    --mte-daily-briefings-item-hover: itm_hv_clr;\n    --mte-briefings-item-hover: #dbdbdb;\n    --briefings-disclaimer: {\n      padding: 20px;\n      color: rgba(1, 1, 1, 0.6);\n      background: #eee;\n    }\n    --briefings-disclaimer-title: {\n      color: white;\n    }\n    --briefings-disclaimer-more-color: white;\n  }\n<\/style>\n<div class=\"no_frame\" dir=\"ltr\">\n  <mte-daily-briefings\n    data-assets=\"$csi\"\n    clientId=\"7743aa8\"\n    lang=\"pt\"\n    height=\"100vh\"\n    tradelink=\"https:\/\/my.fxoroglobal.com\/\/private-area\"\n    dir=\"ltr\"\n  ><\/mte-daily-briefings>\n<\/div>\n<script src=\"\/\/www.mte-media.com\/slmloaders\/briefingsloadermulty.js\"><\/script>\n<script\n  src=\"\/\/www.mte-media.com\/slmloaders\/loadwebcomponents.js\"\n  data-widgets='[\"mte-daily-briefings\"]'\n  id=\"mtewidgetloader\"\n><\/script>\n\n          <p>Por favor, tenha em conta que as opini\u00f5es nos Sinais de Negocia\u00e7\u00e3o n\u00e3o s\u00e3o feitas pela fxoro Global e n\u00e3o constituem qualquer opini\u00e3o da FXORO Global e refletem apenas o julgamento atual de uma terceira entidade independente, que pode mudar sem qualquer aviso pr\u00e9vio e n\u00e3o deve de modo algum ser interpretado, expl\u00edcita ou implicitamente, direta ou indiretamente, como aconselhamento, recomenda\u00e7\u00e3o ou sugest\u00e3o de estrat\u00e9gia de investimento relativamente a um instrumento financeiro.\n\n<\/p>\n\n","protected":false},"excerpt":{"rendered":"<p>Por favor, tenha em conta que as opini\u00f5es nos Sinais de Negocia\u00e7\u00e3o n\u00e3o s\u00e3o feitas pela fxoro Global e n\u00e3o constituem qualquer opini\u00e3o da FXORO Global e refletem apenas o julgamento atual de uma terceira entidade independente, que pode mudar sem qualquer aviso pr\u00e9vio e n\u00e3o deve de modo algum ser interpretado, expl\u00edcita ou implicitamente, [&hellip;]<\/p>\n","protected":false},"author":1,"featured_media":0,"parent":0,"menu_order":0,"comment_status":"closed","ping_status":"closed","template":"page-templates\/Signals.php","meta":{"_acf_changed":false,"footnotes":""},"class_list":["post-75","page","type-page","status-publish","hentry"],"aioseo_notices":[],"acf":[],"_links":{"self":[{"href":"https:\/\/thewallstreetfan.com\/pt\/wp-json\/wp\/v2\/pages\/75","targetHints":{"allow":["GET"]}}],"collection":[{"href":"https:\/\/thewallstreetfan.com\/pt\/wp-json\/wp\/v2\/pages"}],"about":[{"href":"https:\/\/thewallstreetfan.com\/pt\/wp-json\/wp\/v2\/types\/page"}],"author":[{"embeddable":true,"href":"https:\/\/thewallstreetfan.com\/pt\/wp-json\/wp\/v2\/users\/1"}],"replies":[{"embeddable":true,"href":"https:\/\/thewallstreetfan.com\/pt\/wp-json\/wp\/v2\/comments?post=75"}],"version-history":[{"count":1,"href":"https:\/\/thewallstreetfan.com\/pt\/wp-json\/wp\/v2\/pages\/75\/revisions"}],"predecessor-version":[{"id":6597,"href":"https:\/\/thewallstreetfan.com\/pt\/wp-json\/wp\/v2\/pages\/75\/revisions\/6597"}],"wp:attachment":[{"href":"https:\/\/thewallstreetfan.com\/pt\/wp-json\/wp\/v2\/media?parent=75"}],"curies":[{"name":"wp","href":"https:\/\/api.w.org\/{rel}","templated":true}]}}