{"id":67,"date":"2024-08-22T14:06:09","date_gmt":"2024-08-22T14:06:09","guid":{"rendered":"http:\/\/localhost\/wp-multisite\/?page_id=67"},"modified":"2025-03-14T14:14:40","modified_gmt":"2025-03-14T14:14:40","slug":"trading-central","status":"publish","type":"page","link":"https:\/\/thewallstreetfan.com\/pt\/trading-central\/","title":{"rendered":"Trading central"},"content":{"rendered":"<section>\n<div class=\"normal-container\">\n<div class=\"container row\">\n<div class=\"xxl-box\">\n<p class=\"mt-0\"><strong>FXORO<\/strong> Global tem o prazer de anunciar sua colabora\u00e7\u00e3o com a Trading Central, uma empresa premiada e reconhecida globalmente, para fornecer <strong>ferramentas de negocia\u00e7\u00e3o sofisticadas e eficazes<\/strong> personalizadas para otimizar suas estrat\u00e9gias de negocia\u00e7\u00e3o.<\/p>\n<p>A Trading Central tornou-se, nos \u00faltimos anos, a plataforma preferida de muitos traders em todo o mundo. O apelo da plataforma est\u00e1 em seu extenso reposit\u00f3rio de recursos e ferramentas de negocia\u00e7\u00e3o, incluindo <strong>an\u00e1lises detalhadas, artigos informativos, webinars e uma comunidade ativa<\/strong> de traders e investidores.<\/p>\n<p><strong>Explore a gama de servi\u00e7os da Trading Central oferecidos pela FXORO Global clicando nos \u00edcones abaixo.<\/strong><\/p>\n<\/p><\/div>\n<\/p><\/div>\n<\/p><\/div>\n<\/section>\n<section>\n<div class=\"normal-container\">\n<div class=\"container row flex\">\n<div class=\"round-buttons-wrap\">\n<div class=\"round-dots-button\">\n          <a class=\"round-button\" href=\"https:\/\/thewallstreetfan.com\/pt\/technical-view\/\"><\/p>\n<p class=\"title text-dark-blue\">VIS\u00d5ES<br \/>T\u00c9CNICAS<\/p>\n<p class=\"number text-orange\">1<\/p>\n<p>          <\/a><br \/>\n          <img decoding=\"async\" loading=\"lazy\" class=\"orange-arrow\" src=\"\/wp-content\/themes\/Fxoro-2023\/assets\/imgs\/orange arrow.svg\" alt=\"orange-arrow\">\n        <\/div>\n<\/p><\/div>\n<div class=\"round-buttons-wrap\">\n<div class=\"round-dots-button\">\n          <img decoding=\"async\" loading=\"lazy\" class=\"yellow-arrow\" src=\"\/wp-content\/themes\/Fxoro-2023\/assets\/imgs\/yellow arrow.svg\" alt=\"yellow-arrow\"><br \/>\n          <a class=\"round-button\" href=\"https:\/\/thewallstreetfan.com\/pt\/alpha-generation\/\"><\/p>\n<p class=\"title text-dark-blue\">ALPHA<br \/>GENERATION<\/p>\n<p class=\"number text-yellow\">2<\/p>\n<p>          <\/a>\n        <\/div>\n<\/p><\/div>\n<div class=\"round-buttons-wrap\">\n<div class=\"round-dots-button\">\n          <a class=\"round-button\" href=\"https:\/\/thewallstreetfan.com\/pt\/tc-market-buzz\/\"><\/p>\n<p class=\"title text-dark-blue\">TC MARKET<br \/>BUZZ<\/p>\n<p class=\"number text-black\">3<\/p>\n<p>          <\/a><br \/>\n          <img decoding=\"async\" loading=\"lazy\" class=\"black-arrow\" src=\"\/wp-content\/themes\/Fxoro-2023\/assets\/imgs\/black arrow.svg\" alt=\"black-arrow\">\n        <\/div>\n<\/p><\/div>\n<div class=\"round-buttons-wrap\">\n<div class=\"round-dots-button\">\n          <img decoding=\"async\" loading=\"lazy\" class=\"blue-arrow\" src=\"\/wp-content\/themes\/Fxoro-2023\/assets\/imgs\/blue arrow.svg\" alt=\"blue-arrow\"><br \/>\n          <a class=\"round-button\" href=\"https:\/\/thewallstreetfan.com\/pt\/tc-newsletter\/\"><\/p>\n<p class=\"title text-dark-blue\">TC<br \/>NEWSLETTER<\/p>\n<p class=\"number text-dark-blue\">4<\/p>\n<p>          <\/a>\n        <\/div>\n<\/p><\/div>\n<div class=\"round-buttons-wrap\">\n<div class=\"round-dots-button\">\n          <a class=\"round-button\" href=\"https:\/\/thewallstreetfan.com\/pt\/web-tv\/\"><\/p>\n<p class=\"title text-dark-blue\">WEB<br \/>TV<\/p>\n<p class=\"number text-black\">5<\/p>\n<p>          <\/a><br \/>\n          <img decoding=\"async\" loading=\"lazy\" class=\"black-line\" src=\"\/wp-content\/themes\/Fxoro-2023\/assets\/imgs\/black closed line.svg\" alt=\"black-line\">\n        <\/div>\n<\/p><\/div>\n<\/p><\/div>\n<\/p><\/div>\n<\/section>\n<section>\n<div class=\"normal-container\">\n<div class=\"container\">\n<div class=\"xxl-box\">\n<p class=\"mt-0 text-italic\"><strong>Isen\u00e7\u00e3o de Responsabilidade sobre Riscos:<\/strong> Quaisquer dados, caracter\u00edsticas ou desempenho fornecidos aqui s\u00e3o apenas para fins informativos e, de forma alguma, a FXORO Global fornece ou pretende fornecer conselhos de investimento e\/ou negocia\u00e7\u00e3o ou incentivar e\/ou solicitar aos clientes potenciais ou existentes o uso e\/ou assinatura de qualquer um dos servi\u00e7os\/recursos descritos aqui. O Cliente \u00e9 a \u00fanica pessoa respons\u00e1vel por sua atividade de negocia\u00e7\u00e3o, incluindo a escolha do instrumento financeiro, do provedor de sinais e da estrat\u00e9gia de negocia\u00e7\u00e3o. O desempenho passado n\u00e3o \u00e9 um indicador dos resultados futuros.<\/p>\n<\/p><\/div>\n<\/p><\/div>\n<\/p><\/div>\n<\/section>\n","protected":false},"excerpt":{"rendered":"<p>FXORO Global tem o prazer de anunciar sua colabora\u00e7\u00e3o com a Trading Central, uma empresa premiada e reconhecida globalmente, para fornecer ferramentas de negocia\u00e7\u00e3o sofisticadas e eficazes personalizadas para otimizar suas estrat\u00e9gias de negocia\u00e7\u00e3o. A Trading Central tornou-se, nos \u00faltimos anos, a plataforma preferida de muitos traders em todo o mundo. O apelo da plataforma [&hellip;]<\/p>\n","protected":false},"author":1,"featured_media":0,"parent":0,"menu_order":0,"comment_status":"closed","ping_status":"closed","template":"page-templates\/TradingCentral.php","meta":{"_acf_changed":false,"footnotes":""},"class_list":["post-67","page","type-page","status-publish","hentry"],"aioseo_notices":[],"acf":[],"_links":{"self":[{"href":"https:\/\/thewallstreetfan.com\/pt\/wp-json\/wp\/v2\/pages\/67","targetHints":{"allow":["GET"]}}],"collection":[{"href":"https:\/\/thewallstreetfan.com\/pt\/wp-json\/wp\/v2\/pages"}],"about":[{"href":"https:\/\/thewallstreetfan.com\/pt\/wp-json\/wp\/v2\/types\/page"}],"author":[{"embeddable":true,"href":"https:\/\/thewallstreetfan.com\/pt\/wp-json\/wp\/v2\/users\/1"}],"replies":[{"embeddable":true,"href":"https:\/\/thewallstreetfan.com\/pt\/wp-json\/wp\/v2\/comments?post=67"}],"version-history":[{"count":4,"href":"https:\/\/thewallstreetfan.com\/pt\/wp-json\/wp\/v2\/pages\/67\/revisions"}],"predecessor-version":[{"id":6849,"href":"https:\/\/thewallstreetfan.com\/pt\/wp-json\/wp\/v2\/pages\/67\/revisions\/6849"}],"wp:attachment":[{"href":"https:\/\/thewallstreetfan.com\/pt\/wp-json\/wp\/v2\/media?parent=67"}],"curies":[{"name":"wp","href":"https:\/\/api.w.org\/{rel}","templated":true}]}}