{"id":6363,"date":"2025-01-23T07:59:27","date_gmt":"2025-01-23T07:59:27","guid":{"rendered":"https:\/\/thewallstreetfan.com\/?page_id=6363"},"modified":"2025-02-21T10:16:47","modified_gmt":"2025-02-21T10:16:47","slug":"aviso-de-risco","status":"publish","type":"page","link":"https:\/\/thewallstreetfan.com\/pt\/aviso-de-risco\/","title":{"rendered":"Aviso de Risco"},"content":{"rendered":"<p>A ORO Fintech Limited \u00e9 uma sociedade de responsabilidade limitada constitu\u00edda e registada ao abrigo das leis das Seicheles com o n\u00famero de sociedade 8425077-1. A sede social da empresa est\u00e1 localizada em Suite 3, Global Village, Jivan\u2019s Complex Mont Fleuri, Mahe, Seychelles. A empresa est\u00e1 autorizada pela Autoridade de Servi\u00e7os Financeiros das Seicheles com o N\u00famero de Licen\u00e7a de Negociante de T\u00edtulos SD046<\/p>\n<ol>\n<li>\n    <strong>AVISO DE RISCO<\/strong><\/p>\n<p>O Cliente concorda em utilizar o Site por sua pr\u00f3pria conta e risco.<\/p>\n<p>Existe a possibilidade de que o Cliente possa sofrer uma perda de todo ou parte do seu investimento inicial e, portanto, o Cliente n\u00e3o deve investir dinheiro que n\u00e3o pode perder. O Cliente deve estar ciente dos riscos associados a todas as transa\u00e7\u00f5es de op\u00e7\u00f5es digitais e procurar aconselhamento de um consultor financeiro independente se o Cliente tiver quaisquer d\u00favidas ou quest\u00f5es.<\/p>\n<ol type=\"a\">\n<li>\n<p>Este Aviso \u00e9 dirigido a todos os potenciais Clientes e deve ser lido cuidadosamente por todas as partes interessadas para as quais \u00e9 dirigido. O objetivo do aviso \u00e9 explicar, de forma justa, clara e em termos gerais, a natureza dos riscos envolvidos quando se negocia em Instrumentos Financeiros. O Cliente deve compreender que esses riscos implicam uma hip\u00f3tese de perda de dinheiro durante a negocia\u00e7\u00e3o. Esta divulga\u00e7\u00e3o \u00e9 informativa e n\u00e3o deve ser considerada como uma lista de todos os riscos poss\u00edveis.<\/p>\n<\/li>\n<\/ol>\n<\/li>\n<li>\n    <strong>RISCOS GERAIS<\/strong><\/p>\n<p>A ORO FINTECH LTD d\u00e1 a conhecer e avisa o Cliente da seguinte lista, n\u00e3o exaustiva de riscos:<\/p>\n<ol type=\"a\">\n<li>\n<p>O Capital Inicial do portfolio do Cliente e\/ou o seu valor e ou qualquer dinheiro investido pelo Cliente em qualquer Instrumento Financeiro n\u00e3o pode ser, e n\u00e3o ser\u00e1 garantido pela ORO FINTECH LTD. <\/p>\n<\/li>\n<li>\n<p>O Cliente aceita que, o valor de qualquer investimento em Instrumentos Financeiros pode flutuar para baixo ou para cima e tamb\u00e9m aceita a probabilidade de que qualquer investimento possa, a qualquer momento, ficar sem valor apesar de qualquer informa\u00e7\u00e3o (em contr\u00e1rio ou n\u00e3o) que possa ser oferecida pela ORO FINTECH LTD em qualquer altura.<\/p>\n<\/li>\n<li>\n<p>O Cliente reconhece que a informa\u00e7\u00e3o conhecida do desempenho anterior de um Instrumento Financeiro n\u00e3o garante, de forma alguma, o seu desempenho atual e\/ou futuro. A utiliza\u00e7\u00e3o de dados hist\u00f3ricos n\u00e3o constitui uma previs\u00e3o vinculativa ou segura em rela\u00e7\u00e3o ao desempenho atual e\/ou futuro dos Instrumentos Financeiros a que a referida informa\u00e7\u00e3o se refere.<\/p>\n<\/li>\n<li>\n<p>A ORO FINTECH LTD adverte o Cliente de que, quaisquer transa\u00e7\u00f5es que possam ocorrer atrav\u00e9s dos servi\u00e7os de negocia\u00e7\u00e3o da ORO FINTECH LTD possam ser de natureza especulativa. O Cliente \u00e9 avisado de que podem ocorrer grandes perdas num curto per\u00edodo de tempo.<\/p>\n<\/li>\n<li>\n<p>O Cliente reconhece que existem casos em que os Instrumentos Financeiros podem n\u00e3o se tornar imediatamente l\u00edquidos (por exemplo, sendo o resultado de uma procura reduzida). O Cliente reconhece que nestes casos o Cliente pode n\u00e3o estar em posi\u00e7\u00e3o de vender os referidos Instrumentos Financeiros nem de obter facilmente informa\u00e7\u00f5es sobre o seu valor e\/ou da extens\u00e3o dos riscos associados.<\/p>\n<\/li>\n<li>\n<p>Quando os Instrumentos Financeiros s\u00e3o negociados numa moeda diferente da moeda do pa\u00eds de resid\u00eancia do Cliente, quaisquer altera\u00e7\u00f5es nas taxas de c\u00e2mbio podem ter um efeito negativo sobre o valor, pre\u00e7o e desempenho dos Instrumentos Financeiros.<\/p>\n<\/li>\n<li>\n<p>O Cliente \u00e9 avisado para o facto de que a execu\u00e7\u00e3o de uma ordem possa ser dif\u00edcil ou imposs\u00edvel sob certas condi\u00e7\u00f5es de mercado. Al\u00e9m disso, a ORO FINTECH LTD avisa o Cliente de que a ORO FINTECH LTD pode estar a negociar atrav\u00e9s de Bancos e Corretores que possam ter interesses contr\u00e1rios aos interesses do Cliente.<\/p>\n<\/li>\n<\/ol>\n<\/li>\n<li>\n    <strong>ENCARGOS E IMPOSTOS<\/strong><\/p>\n<ol type=\"a\">\n<li>\n<p>O Cliente \u00e9 informado de que as altera\u00e7\u00f5es das suas circunst\u00e2ncias pessoais, altera\u00e7\u00f5es na legisla\u00e7\u00e3o e qualquer outro fator possa representar um risco de que as transa\u00e7\u00f5es do Cliente em Instrumentos Financeiros possam ser ou passem a estar sujeitas a impostos e\/ou qualquer outro dever. A ORO FINTECH LTD n\u00e3o pode e n\u00e3o garante que o Cliente n\u00e3o incorra em impostos e\/ou qualquer outro dever. O Cliente \u00e9 informado de que quaisquer impostos e\/ou qualquer outro dever que possa acumular em rela\u00e7\u00e3o \u00e0s suas opera\u00e7\u00f5es s\u00e3o da sua responsabilidade.<\/p>\n<\/li>\n<li>\n<p>A ORO FINTECH LTD aconselha vivamente o Cliente a obter detalhes de todas as comiss\u00f5es e outros encargos pelos quais o Cliente ser\u00e1 respons\u00e1vel antes de come\u00e7ar a negociar. No caso de encargos que n\u00e3o sejam expressos em termos monet\u00e1rios (por exemplo, um spread de negocia\u00e7\u00e3o), o Cliente deve solicitar uma explica\u00e7\u00e3o por escrito, com exemplos apropriados, para garantir que est\u00e1 plenamente informado sobre tais encargos e o que significam em termos monet\u00e1rios.<\/p>\n<\/li>\n<\/ol>\n<p>Em conformidade com os regulamentos atuais, a ORO FINTECH LTD pode ser obrigada a manter o dinheiro do Cliente numa conta segregada de outros Clientes, bem como das pr\u00f3prias contas da ORO FINTECH LTD. O Cliente \u00e9 avisado de que isto pode n\u00e3o proporcionar prote\u00e7\u00e3o completa.<\/p>\n<\/li>\n<li>\n    <strong>RISCOS T\u00c9CNICOS<\/strong><\/p>\n<ol type=\"a\">\n<li>\n<p>Quando o Cliente faz transa\u00e7\u00f5es num sistema eletr\u00f3nico, pode ser exposto aos riscos que podem estar associados ao sistema (incluindo a falha de hardware e software (Internet \/ Servidores)). O resultado de qualquer falha do sistema pode levar a que a sua ordem n\u00e3o seja executada de acordo com as suas instru\u00e7\u00f5es ou que n\u00e3o seja executada de todo. A ORO FINTECH LTD n\u00e3o pode e n\u00e3o deve assumir qualquer responsabilidade em caso de tal falha.<\/p>\n<\/li>\n<li>\n<p>O Cliente est\u00e1 avisado de que \u00e9 respons\u00e1vel pelos riscos de perdas financeiras causadas por falha de sistemas de informa\u00e7\u00e3o, comunica\u00e7\u00e3o, eletr\u00f3nicos ou outros.<\/p>\n<\/li>\n<li>\n<p>Quando terceiros autorizados tiverem acesso \u00e0 informa\u00e7\u00e3o, tais como endere\u00e7os eletr\u00f3nicos, comunica\u00e7\u00e3o eletr\u00f3nica e dados pessoais, a ORO FINTECH LTD n\u00e3o ter\u00e1 qualquer responsabilidade quando os acima mencionados forem transmitidos entre a ORO FINTECH LTD ou qualquer outra parte, utilizando a Internet ou outros meios de comunica\u00e7\u00e3o em rede, telefone ou outro meio eletr\u00f3nico.<\/p>\n<\/li>\n<li>\n<p>O Cliente reconhece que a informa\u00e7\u00e3o n\u00e3o encriptada transmitida por correio eletr\u00f3nico n\u00e3o est\u00e1 protegida de qualquer acesso n\u00e3o autorizado.<\/p>\n<\/li>\n<li>\n<p>O Cliente \u00e9 avisado para a exist\u00eancia de determinados momentos de fluxo de transa\u00e7\u00f5es excessivo, quando o Cliente est\u00e1 a ter dificuldades em conectar-se por telefone ou pela Plataforma de Negocia\u00e7\u00e3o.<\/p>\n<\/li>\n<li>\n<p>O Cliente reconhece que a Internet pode estar sujeita a eventos que possam afetar o acesso ao Site e\/ou Sistema de Negocia\u00e7\u00e3o da ORO FINTECH LTD, incluindo, mas n\u00e3o se limitando a interrup\u00e7\u00f5es ou blackouts de transmiss\u00e3o, falha de software e hardware e desconex\u00e3o da Internet. A ORO FINTECH LTD n\u00e3o \u00e9 respons\u00e1vel por quaisquer danos ou perdas resultantes de tais eventos que est\u00e3o fora do seu controlo ou por quaisquer perdas, custos, responsabilidades ou despesas (incluindo, sem limita\u00e7\u00e3o, lucros cessantes) que possam resultar da impossibilidade do Cliente de aceder ao Site e\/ou Sistema de Negocia\u00e7\u00e3o ORO FINTECH LTD ou atraso ou falha no envio de Ordens ou Transa\u00e7\u00f5es.<\/p>\n<\/li>\n<li>\n<p>A ORO FINTECH LTD n\u00e3o \u00e9 um Provedor de Servi\u00e7os de Internet e n\u00e3o pode ser respons\u00e1vel por n\u00e3o cumprir quaisquer obriga\u00e7\u00f5es com os seus Clientes devido a falhas na liga\u00e7\u00e3o \u00e0 Internet ou falhas na rede p\u00fablica de eletricidade ou ataques de hackers.<\/p>\n<\/li>\n<li>\n<p>O Cliente est\u00e1 informado para o facto de que ao negociar numa plataforma eletr\u00f3nica deve assumir o risco de perdas financeiras que podem ser consequ\u00eancia de:<\/p>\n<ul>\n<li>\n<p>Falha dos dispositivos do Cliente, software e m\u00e1 qualidade da liga\u00e7\u00e3o;<\/p>\n<\/li>\n<li>\n<p>Falha, mau funcionamento ou m\u00e1 utiliza\u00e7\u00e3o do hardware ou software da ORO FINTECH LTD ou do Cliente;<\/p>\n<\/li>\n<li>\n<p>Funcionamento inadequado do equipamento do Cliente;<\/p>\n<\/li>\n<li>\n<p>Configura\u00e7\u00e3o errada do terminal do Cliente;<\/p>\n<\/li>\n<li>\n<p>Atualiza\u00e7\u00f5es atrasadas do terminal do Cliente.<\/p>\n<\/li>\n<\/ul>\n<\/li>\n<\/ol>\n<\/li>\n<li>\n    <strong>ALAVANCAGEM<\/strong><\/p>\n<p>O Cliente deve compreender que a alavancagem na negocia\u00e7\u00e3o de margens, pode ter um impacto significativo na sua conta de negocia\u00e7\u00e3o. Mesmo com pequenas altera\u00e7\u00f5es nas taxas de c\u00e2mbio e pre\u00e7os de instrumentos, existe a possibilidade de o Cliente perder o seu dep\u00f3sito inicial. O Cliente compreende que \u00e9 totalmente respons\u00e1vel pela utiliza\u00e7\u00e3o dos seus pr\u00f3prios fundos e pela contabiliza\u00e7\u00e3o dos riscos.<\/p>\n<\/li>\n<li>\n    <strong>DERRAPAGEM<\/strong><\/p>\n<p>A volatilidade do mercado pode criar condi\u00e7\u00f5es onde as ordens s\u00e3o dif\u00edceis de executar, uma vez que o pre\u00e7o pode estar a muitos pips de dist\u00e2ncia devido ao movimento extremo do mercado. Embora o negociador esteja a procurar executar a um determinado pre\u00e7o, o mercado pode ter-se movimentado significativamente e a ordem ser\u00e1 preenchida ao melhor pre\u00e7o ou ao valor justo de mercado. Da mesma forma, o aumento do volume tamb\u00e9m pode resultar em derrapagem caso n\u00e3o haja liquidez suficiente para executar todas as opera\u00e7\u00f5es \u00e0 taxa solicitada.<\/p>\n<p>Depois de se ativar uma ordem de paragem, esta torna-se uma ordem \u201cAo Melhor Mercado\u201d e n\u00e3o h\u00e1 garantia de que seja preenchida a um pre\u00e7o em particular. E por isso, dependendo das condi\u00e7\u00f5es de mercado, as ordens de paragem podem incorrer em derrapagens.<\/p>\n<\/li>\n<li>\n    <strong>PLATAFORMA DE NEGOCIA\u00c7\u00c3O<\/strong><\/p>\n<p>O Cliente reconhece que a \u00fanica fonte fi\u00e1vel de Cota\u00e7\u00f5es \u00e9 o live feed do Servidor. O Cliente \u00e9 avisado para o facto de que as cota\u00e7\u00f5es no terminal do Cliente n\u00e3o s\u00e3o uma fonte de informa\u00e7\u00e3o fi\u00e1vel, uma vez que a liga\u00e7\u00e3o entre o terminal do Cliente e o servidor pode ser interrompida e algumas das cota\u00e7\u00f5es podem n\u00e3o chegar ao terminal do Cliente.<\/p>\n<p>O Cliente reconhece que quando fecha a janela de coloca\u00e7\u00e3o\/modifica\u00e7\u00e3o\/remo\u00e7\u00e3o da ordem ou a janela de abertura\/fecho da posi\u00e7\u00e3o, a instru\u00e7\u00e3o, que foi enviada para o Servidor, n\u00e3o ser\u00e1 cancelada.<\/p>\n<\/li>\n<\/ol>\n","protected":false},"excerpt":{"rendered":"<p>A ORO Fintech Limited \u00e9 uma sociedade de responsabilidade limitada constitu\u00edda e registada ao abrigo das leis das Seicheles com o n\u00famero de sociedade 8425077-1. A sede social da empresa est\u00e1 localizada em Suite 3, Global Village, Jivan\u2019s Complex Mont Fleuri, Mahe, Seychelles. A empresa est\u00e1 autorizada pela Autoridade de Servi\u00e7os Financeiros das Seicheles com [&hellip;]<\/p>\n","protected":false},"author":1,"featured_media":0,"parent":0,"menu_order":0,"comment_status":"closed","ping_status":"closed","template":"page-templates\/StandardPage.php","meta":{"_acf_changed":false,"footnotes":""},"class_list":["post-6363","page","type-page","status-publish","hentry"],"aioseo_notices":[],"acf":[],"_links":{"self":[{"href":"https:\/\/thewallstreetfan.com\/pt\/wp-json\/wp\/v2\/pages\/6363","targetHints":{"allow":["GET"]}}],"collection":[{"href":"https:\/\/thewallstreetfan.com\/pt\/wp-json\/wp\/v2\/pages"}],"about":[{"href":"https:\/\/thewallstreetfan.com\/pt\/wp-json\/wp\/v2\/types\/page"}],"author":[{"embeddable":true,"href":"https:\/\/thewallstreetfan.com\/pt\/wp-json\/wp\/v2\/users\/1"}],"replies":[{"embeddable":true,"href":"https:\/\/thewallstreetfan.com\/pt\/wp-json\/wp\/v2\/comments?post=6363"}],"version-history":[{"count":2,"href":"https:\/\/thewallstreetfan.com\/pt\/wp-json\/wp\/v2\/pages\/6363\/revisions"}],"predecessor-version":[{"id":6803,"href":"https:\/\/thewallstreetfan.com\/pt\/wp-json\/wp\/v2\/pages\/6363\/revisions\/6803"}],"wp:attachment":[{"href":"https:\/\/thewallstreetfan.com\/pt\/wp-json\/wp\/v2\/media?parent=6363"}],"curies":[{"name":"wp","href":"https:\/\/api.w.org\/{rel}","templated":true}]}}