{"id":61,"date":"2024-08-22T14:05:11","date_gmt":"2024-08-22T14:05:11","guid":{"rendered":"http:\/\/localhost\/wp-multisite\/?page_id=61"},"modified":"2025-02-05T13:00:13","modified_gmt":"2025-02-05T13:00:13","slug":"webinarios","status":"publish","type":"page","link":"https:\/\/thewallstreetfan.com\/pt\/webinarios\/","title":{"rendered":"Webinarios"},"content":{"rendered":"<div class=\"xxl-box\">\n<h3 class=\"mt-0\">EM BREVE ANUNCIAREMOS A DATA DO NOSSO PR\u00d3XIMO WEBINAR. FIQUE ATENTO!<\/h3>\n<p>Conhecimento \u00e9 poder. Melhore suas habilidades de negocia\u00e7\u00e3o e domine os fundamentos dos mercados financeiros com os webinars ao vivo gratuitos da <strong>FXORO<\/strong> Global.<\/p>\n<p>As nossas sess\u00f5es online oferecem-lhe a oportunidade de discutir os t\u00f3picos mais importantes relacionados com os mercados financeiros com especialistas reais da \u00e1rea.<\/p>\n<\/div>\n","protected":false},"excerpt":{"rendered":"<p>EM BREVE ANUNCIAREMOS A DATA DO NOSSO PR\u00d3XIMO WEBINAR. FIQUE ATENTO! Conhecimento \u00e9 poder. Melhore suas habilidades de negocia\u00e7\u00e3o e domine os fundamentos dos mercados financeiros com os webinars ao vivo gratuitos da FXORO Global. As nossas sess\u00f5es online oferecem-lhe a oportunidade de discutir os t\u00f3picos mais importantes relacionados com os mercados financeiros com especialistas [&hellip;]<\/p>\n","protected":false},"author":1,"featured_media":0,"parent":0,"menu_order":0,"comment_status":"closed","ping_status":"closed","template":"page-templates\/Webinars.php","meta":{"_acf_changed":false,"footnotes":""},"class_list":["post-61","page","type-page","status-publish","hentry"],"aioseo_notices":[],"acf":[],"_links":{"self":[{"href":"https:\/\/thewallstreetfan.com\/pt\/wp-json\/wp\/v2\/pages\/61","targetHints":{"allow":["GET"]}}],"collection":[{"href":"https:\/\/thewallstreetfan.com\/pt\/wp-json\/wp\/v2\/pages"}],"about":[{"href":"https:\/\/thewallstreetfan.com\/pt\/wp-json\/wp\/v2\/types\/page"}],"author":[{"embeddable":true,"href":"https:\/\/thewallstreetfan.com\/pt\/wp-json\/wp\/v2\/users\/1"}],"replies":[{"embeddable":true,"href":"https:\/\/thewallstreetfan.com\/pt\/wp-json\/wp\/v2\/comments?post=61"}],"version-history":[{"count":1,"href":"https:\/\/thewallstreetfan.com\/pt\/wp-json\/wp\/v2\/pages\/61\/revisions"}],"predecessor-version":[{"id":6619,"href":"https:\/\/thewallstreetfan.com\/pt\/wp-json\/wp\/v2\/pages\/61\/revisions\/6619"}],"wp:attachment":[{"href":"https:\/\/thewallstreetfan.com\/pt\/wp-json\/wp\/v2\/media?parent=61"}],"curies":[{"name":"wp","href":"https:\/\/api.w.org\/{rel}","templated":true}]}}