{"id":58,"date":"2024-08-22T14:04:53","date_gmt":"2024-08-22T14:04:53","guid":{"rendered":"http:\/\/localhost\/wp-multisite\/?page_id=57"},"modified":"2025-02-04T11:36:59","modified_gmt":"2025-02-04T11:36:59","slug":"e-book","status":"publish","type":"page","link":"https:\/\/thewallstreetfan.com\/pt\/e-book\/","title":{"rendered":"E-book"},"content":{"rendered":"\n<div class=\"xxl-box\">\n  <h3>GUIA INTRODUT\u00d3RIA PARA O NEG\u00d3CIO DE TRADING ONLINE<\/h3>\n  <p class=\"mt-0\">Cada trader que entra no mundo do trading aprende e estrutura a sua pr\u00f3pria estrat\u00e9gia de trading. Para faz\u00ea-lo\n    com a m\u00e1xima consci\u00eancia, \u00e9 necess\u00e1rio compreender as din\u00e2micas, conceitos e ferramentas do trading. Sem o\n    conhecimento e habilidades adequadas, \u00e9 muito dif\u00edcil ativar uma estrat\u00e9gia satisfat\u00f3ria. \u00c9 por isso que a <span class=\"text-bold\">FXORO<\/span> Global escolheu\n    oferecer aos seus clientes um guia aprofundado, onde eles podem aprender as principais regras e as ideias mais importantes de\n    investimento nos mercados.<\/p>\n<\/div>\n<div class=\"accordion-wrap\">\n  <div class=\"accordion\">\n    <span class=\"icon\"><\/span><h4>GUIA DE TRADING FXORO GLOBAL: O QUE \u00c9?<\/h4>\n  <\/div>\n  <div class=\"panel\">\n    <p><strong>O Guia de Trading FXORO Global<\/strong> tem como objetivo acompanhar o trader para atingir um bom n\u00edvel de <strong>compet\u00eancia e entendimento das din\u00e2micas do trading<\/strong>. Em detalhes, este guia ajuda o investidor a compreender as principais no\u00e7\u00f5es sobre os mercados e quais\n    s\u00e3o os riscos a serem absolutamente evitados.<\/p>\n  <\/div>\n  <div class=\"accordion\">\n    <span class=\"icon\"><\/span><h4>O QUE EST\u00c1 NO GUIA DE TRADING FXORO GLOBAL?<\/h4>\n  <\/div>\n  <div class=\"panel\">\n    <p><strong>O Guia de Trading FXORO Global<\/strong> tem 11 se\u00e7\u00f5es diferentes. As tr\u00eas primeiras s\u00e3o dedicadas a uma introdu\u00e7\u00e3o geral sobre o mercado de c\u00e2mbio, a <strong>diferen\u00e7a entre trading fundamental e t\u00e9cnico<\/strong>, e a explica\u00e7\u00e3o dos gr\u00e1ficos de velas, que s\u00e3o essenciais\n    para aprender a operar corretamente.<\/p>\n    <p>Em seguida, s\u00e3o explicados conceitos muito importantes, como tend\u00eancias, suporte, resist\u00eancia, per\u00edodos de tempo e indicadores\n    t\u00e9cnicos. A devida import\u00e2ncia \u00e9 dada \u00e0s <strong>diferentes estrat\u00e9gias de trading<\/strong> e aos <strong>componentes psicol\u00f3gicos<\/strong> da gest\u00e3o de dinheiro.<\/p>\n  <\/div>\n  <div class=\"accordion\">\n    <span class=\"icon\"><\/span><h4>COMO BAIXAR O GUIA DE TRADING FXORO GLOBAL EM FORMATO E-BOOK<\/h4>\n  <\/div>\n  <div class=\"panel\">\n    <p><strong>Baixar o e-book do Guia de Trading FXORO Global<\/strong> \u00e9 realmente muito simples, basta clicar na imagem intitulada \u201cGuia Introdut\u00f3rio para o Neg\u00f3cio de Trading Online\u201d. O <strong>PDF do e-book<\/strong> pode imediatamente se provar um suporte fundamental para\n    traders que desejam ter informa\u00e7\u00f5es detalhadas sobre a atividade de trading.<\/p>\n  <\/div>\n<\/div>\n\n","protected":false},"excerpt":{"rendered":"<p>GUIA INTRODUT\u00d3RIA PARA O NEG\u00d3CIO DE TRADING ONLINE Cada trader que entra no mundo do trading aprende e estrutura a sua pr\u00f3pria estrat\u00e9gia de trading. Para faz\u00ea-lo com a m\u00e1xima consci\u00eancia, \u00e9 necess\u00e1rio compreender as din\u00e2micas, conceitos e ferramentas do trading. Sem o conhecimento e habilidades adequadas, \u00e9 muito dif\u00edcil ativar uma estrat\u00e9gia satisfat\u00f3ria. \u00c9 [&hellip;]<\/p>\n","protected":false},"author":1,"featured_media":0,"parent":0,"menu_order":0,"comment_status":"closed","ping_status":"closed","template":"page-templates\/E-book.php","meta":{"_acf_changed":false,"footnotes":""},"class_list":["post-58","page","type-page","status-publish","hentry"],"aioseo_notices":[],"acf":[],"_links":{"self":[{"href":"https:\/\/thewallstreetfan.com\/pt\/wp-json\/wp\/v2\/pages\/58","targetHints":{"allow":["GET"]}}],"collection":[{"href":"https:\/\/thewallstreetfan.com\/pt\/wp-json\/wp\/v2\/pages"}],"about":[{"href":"https:\/\/thewallstreetfan.com\/pt\/wp-json\/wp\/v2\/types\/page"}],"author":[{"embeddable":true,"href":"https:\/\/thewallstreetfan.com\/pt\/wp-json\/wp\/v2\/users\/1"}],"replies":[{"embeddable":true,"href":"https:\/\/thewallstreetfan.com\/pt\/wp-json\/wp\/v2\/comments?post=58"}],"version-history":[{"count":1,"href":"https:\/\/thewallstreetfan.com\/pt\/wp-json\/wp\/v2\/pages\/58\/revisions"}],"predecessor-version":[{"id":6540,"href":"https:\/\/thewallstreetfan.com\/pt\/wp-json\/wp\/v2\/pages\/58\/revisions\/6540"}],"wp:attachment":[{"href":"https:\/\/thewallstreetfan.com\/pt\/wp-json\/wp\/v2\/media?parent=58"}],"curies":[{"name":"wp","href":"https:\/\/api.w.org\/{rel}","templated":true}]}}