{"id":54,"date":"2024-08-22T14:04:09","date_gmt":"2024-08-22T14:04:09","guid":{"rendered":"http:\/\/localhost\/wp-multisite\/?page_id=49"},"modified":"2025-02-10T13:49:57","modified_gmt":"2025-02-10T13:49:57","slug":"conta-islamica","status":"publish","type":"page","link":"https:\/\/thewallstreetfan.com\/pt\/conta-islamica\/","title":{"rendered":"Conta Isl\u00e2mica"},"content":{"rendered":"\n<div class=\"xxl-box\">\n                <p class=\"mt-0\">As contas Isl\u00e2micas Forex tamb\u00e9m s\u00e3o conhecidas como contas sem swap, pois n\u00e3o implicam em swap ou juros de rolagem sobre posi\u00e7\u00f5es mantidas durante a noite, o que \u00e9 contra a f\u00e9 isl\u00e2mica. A conta de negocia\u00e7\u00e3o est\u00e1 em conformidade com a lei Sharia, permitindo que os traders aproveitem a tecnologia de negocia\u00e7\u00e3o avan\u00e7ada e a profunda liquidez da <span class=\"text-bold\">FXORO<\/span> Global.<\/p>\n                <h3>Como Abrir uma Conta Isl\u00e2mica Forex:<\/h3>\n                <ul class=\"list-style-big-bullets\">\n                  <li>Abra uma conta de negocia\u00e7\u00e3o conosco.<\/li>\n                  <li>Solicite uma Conta Isl\u00e2mica.<\/li>\n                  <li>Fa\u00e7a login na \u00c1rea de Membros e valide sua conta.<\/li>\n                  <li>Assim que nosso departamento respons\u00e1vel receber sua solicita\u00e7\u00e3o, sua conta de negocia\u00e7\u00e3o receber\u00e1 o status sem swap e voc\u00ea ser\u00e1 notificado por e-mail.<\/li>\n                <\/ul>\n                  <h3>O que voc\u00ea precisa saber<\/h3>\n                <ul class=\"list-style-big-bullets\">\n                  <li>A conta isl\u00e2mica est\u00e1 dispon\u00edvel apenas para a moeda base USD.<\/li>\n                  <li>Ao mudar o tipo da sua conta para Swap-Free, as Taxas Administrativas dependem apenas do instrumento e do n\u00famero de lotes abertos.<\/li>\n                  <li>Sem juros\/taxas de swap sobre posi\u00e7\u00f5es mantidas durante a noite.<\/li>\n                  <li>Sem aumento de spread.<\/li>\n                  <li>Ao mudar sua conta para Swap-Free, voc\u00ea n\u00e3o ser\u00e1 cobrado swaps; no entanto, pagar\u00e1 uma Taxa Administrativa fixa durante a noite para posi\u00e7\u00f5es abertas.<\/li>\n                  <li><span class=\"text-bold\">FXORO<\/span> Global reserva-se o direito de revogar o status sem swap concedido a qualquer conta de negocia\u00e7\u00e3o real a qualquer momento, sem fornecer raz\u00f5es e\/ou aviso pr\u00e9vio. Caso o servi\u00e7o seja desativado pela Empresa, voc\u00ea ser\u00e1 cobrado pelos swaps conforme as condi\u00e7\u00f5es especificadas em seu site oficial.<\/li>\n                <\/ul>\n              <\/div>\n              <h3 class=\"mt-1\">CARACTER\u00cdSTICAS DA CONTA ISL\u00c2MICA<\/h3>\n              <div>\n                <div class=\"table-wrap table-custom-col-wrap\">\n                  <table class=\"lg-box\">\n                    <tr>\n                      <th>Instrumento<\/th>\n                      <th>Taxa Administrativa por lote (USD)<\/th>\n                    <\/tr>\n                    <tr>\n                      <td>AUDNZD, CADCHF, CADJPY, CHFJPY, EURCAD, EURCHF, EURGBP, EURJPY, EURUSD, GBPCAD, GBPCHF, GBPJPY, GBPUSD, NZDCAD, USDCAD,\n                      USDCHF, USDJPY<\/td>\n                      <td>10<\/td>\n                    <\/tr>\n                        <tr>\n                          <td>CAF\u00c9, A\u00c7\u00daCAR, TRIGO, SOJA, MILHO, CACAU, ALGOD\u00c3O<\/td>\n                          <td>15<\/td>\n                        <\/tr>\n                      <tr>\n                        <td>AUDCAD, AUDCHF, AUDJPY, AUDUSD, EURAUD, EURNZD, GBPNZD, NZDCHF, NZDJPY, NZDUSD, USDDKK, NGAS<\/td>\n                        <td>20<\/td>\n                      <\/tr>\n                      <tr>\n                        <td>EURNOK, EURPLN, GBPAUD, USDNOK, USDPLN, USDSGD, OURO, PRATA, PLATINA, COBRE<\/td>\n                        <td>30<\/td>\n                      <\/tr>\n                      <tr>\n                        <td>EURHUF, EURSEK, USDHUF, USDSEK, EURZAR, USDZAR, EURILS, USDILS, USDMXN, USDRUB, PETR\u00d3LEO, BRENT<\/td>\n                        <td>40<\/td>\n                      <\/tr>\n                      <tr>\n                        <td>POL20, FRA40, GER40, US30, EUR50, UK100, IT40, SPA35, NAS100, JPN225, US2000, US500, SWI20, USDX, AUS200, A\u00c7\u00d5ES DOS EUA,\n                        A\u00c7\u00d5ES EUROPEIAS, CANNABISDX, GAMINGDX, AIIDX, MAGSIDX, LATAMIDX<\/td>\n                        <td>50<\/td>\n                      <\/tr>\n                        <tr>\n                          <td>EURTRY, USDTRY<\/td>\n                          <td>100<\/td>\n                        <\/tr>\n            \n                  <\/table>\n                <\/div>\n              <\/div>\n\n","protected":false},"excerpt":{"rendered":"<p>As contas Isl\u00e2micas Forex tamb\u00e9m s\u00e3o conhecidas como contas sem swap, pois n\u00e3o implicam em swap ou juros de rolagem sobre posi\u00e7\u00f5es mantidas durante a noite, o que \u00e9 contra a f\u00e9 isl\u00e2mica. A conta de negocia\u00e7\u00e3o est\u00e1 em conformidade com a lei Sharia, permitindo que os traders aproveitem a tecnologia de negocia\u00e7\u00e3o avan\u00e7ada e [&hellip;]<\/p>\n","protected":false},"author":1,"featured_media":0,"parent":0,"menu_order":0,"comment_status":"closed","ping_status":"closed","template":"page-templates\/IslamicAccount.php","meta":{"_acf_changed":false,"footnotes":""},"class_list":["post-54","page","type-page","status-publish","hentry"],"aioseo_notices":[],"acf":[],"_links":{"self":[{"href":"https:\/\/thewallstreetfan.com\/pt\/wp-json\/wp\/v2\/pages\/54","targetHints":{"allow":["GET"]}}],"collection":[{"href":"https:\/\/thewallstreetfan.com\/pt\/wp-json\/wp\/v2\/pages"}],"about":[{"href":"https:\/\/thewallstreetfan.com\/pt\/wp-json\/wp\/v2\/types\/page"}],"author":[{"embeddable":true,"href":"https:\/\/thewallstreetfan.com\/pt\/wp-json\/wp\/v2\/users\/1"}],"replies":[{"embeddable":true,"href":"https:\/\/thewallstreetfan.com\/pt\/wp-json\/wp\/v2\/comments?post=54"}],"version-history":[{"count":1,"href":"https:\/\/thewallstreetfan.com\/pt\/wp-json\/wp\/v2\/pages\/54\/revisions"}],"predecessor-version":[{"id":6563,"href":"https:\/\/thewallstreetfan.com\/pt\/wp-json\/wp\/v2\/pages\/54\/revisions\/6563"}],"wp:attachment":[{"href":"https:\/\/thewallstreetfan.com\/pt\/wp-json\/wp\/v2\/media?parent=54"}],"curies":[{"name":"wp","href":"https:\/\/api.w.org\/{rel}","templated":true}]}}